{"id":5060,"date":"2025-06-17T20:16:07","date_gmt":"2025-06-17T18:16:07","guid":{"rendered":"https:\/\/visitpalma.com\/?page_id=5060"},"modified":"2025-06-20T18:54:11","modified_gmt":"2025-06-20T16:54:11","slug":"creditos","status":"publish","type":"page","link":"https:\/\/visitpalma.com\/es\/creditos\/","title":{"rendered":"Cr\u00e9ditos"},"content":{"rendered":"\t\t<div data-elementor-type=\"wp-page\" data-elementor-id=\"5060\" class=\"elementor elementor-5060\" data-elementor-post-type=\"page\">\n\t\t\t\t<div class=\"elementor-element elementor-element-0a02ff4 e-flex e-con-boxed e-con e-parent\" data-id=\"0a02ff4\" data-element_type=\"container\" data-e-type=\"container\" id=\"paginaestatica\">\n\t\t\t\t\t<div class=\"e-con-inner\">\n\t\t\t\t<div class=\"elementor-element elementor-element-6d90b138 elementor-widget elementor-widget-text-editor\" data-id=\"6d90b138\" data-element_type=\"widget\" data-e-type=\"widget\" data-settings=\"{&quot;wdt_animation_effect&quot;:&quot;none&quot;}\" data-widget_type=\"text-editor.default\">\n\t\t\t\t<div class=\"elementor-widget-container\">\n\t\t\t\t\t\t\t\t\t<h2>Contenidos y texto<\/h2><p>Fundaci\u00f3n Turismo Palma de Mallorca 365<br \/>Direcci\u00f3n: C\/ Socors, 22A<br \/>Tel.\u00a0+34 971 225 986<br \/>Palma<\/p><h2>Dise\u00f1o y programaci\u00f3n<\/h2><p>IDISC Information Technologies<br \/>Pg. del Progr\u00e8s, 96<br \/>Tel. +34 937 787 300<br \/>08640 Olesa de Montserrat<br \/><a href=\"mailto:info@idisc.es\" target=\"_blank\" rel=\"noopener\">info@idisc.es<\/a><br \/><a class=\"link\" href=\"http:\/\/www.idisc.es\/\">www.idisc.es<\/a><\/p><h2>Atribuci\u00f3n de fotograf\u00edas<\/h2><p>Rafael Balaguer<br \/>j4um3<br \/>leonardo serrat<br \/>Pedro Rodriguez Garcias<br \/>Adri\u00e0 Goula<br \/>Jaume Gual<br \/>Paco Ancell<br \/>Bisbat Mallorca<br \/>Jose Taltavull<br \/>Elena Martinez Lersch<br \/>Rafael Galvez Sanchez<br \/>Irene Dauden<br \/>Vicente Sapi\u00f1a<br \/>Rafael Andr\u00e9s G\u00f3mez<br \/>Raquel Ojaos<br \/>Virginia Leal<br \/>Creative common<br \/>Joana Bibiloni<br \/>Alejandro Maestro Riera<br \/>Oscar Sanchez<br \/>Victor Gonza\u0301lez<br \/>Chispa24<br \/>Hostal Cuba<br \/>Pedro Serra Chumillas<br \/>Sebastian Aggero<br \/>H\u00e9ctor Garc\u00eda<br \/>Juan Saez<br \/>Almudena Mart\u00ednez<br \/>Txema Garc\u00eda<br \/>Andresnb77<br \/>Gloria Mar\u00eda Serna Zuluaga<br \/>Julia Kochina<\/p>\t\t\t\t\t\t\t\t<\/div>\n\t\t\t\t<\/div>\n\t\t\t\t\t<\/div>\n\t\t\t\t<\/div>\n\t\t\t\t<\/div>\n\t\t","protected":false},"excerpt":{"rendered":"<p>Contenidos y texto Fundaci\u00f3n Turismo Palma de Mallorca 365Direcci\u00f3n: C\/ Socors, 22ATel.\u00a0+34 971 225 986Palma Dise\u00f1o y programaci\u00f3n IDISC Information TechnologiesPg. del Progr\u00e8s, 96Tel. +34 937 787 30008640 Olesa de [&hellip;]<\/p>\n","protected":false},"author":4,"featured_media":0,"parent":0,"menu_order":0,"comment_status":"closed","ping_status":"closed","template":"","meta":{"_monsterinsights_skip_tracking":false,"_monsterinsights_sitenote_active":false,"_monsterinsights_sitenote_note":"","_monsterinsights_sitenote_category":0,"footnotes":""},"class_list":["post-5060","page","type-page","status-publish","hentry"],"yoast_head":"<!-- This site is optimized with the Yoast SEO plugin v27.3 - https:\/\/yoast.com\/product\/yoast-seo-wordpress\/ -->\n<title>Cr\u00e9ditos - Visit Palma<\/title>\n<meta name=\"robots\" content=\"index, follow, max-snippet:-1, max-image-preview:large, max-video-preview:-1\" \/>\n<link rel=\"canonical\" href=\"https:\/\/visitpalma.com\/es\/creditos\/\" \/>\n<meta property=\"og:locale\" content=\"es_ES\" \/>\n<meta property=\"og:type\" content=\"article\" \/>\n<meta property=\"og:title\" content=\"Cr\u00e9ditos - Visit Palma\" \/>\n<meta property=\"og:description\" content=\"Contenidos y texto Fundaci\u00f3n Turismo Palma de Mallorca 365Direcci\u00f3n: C\/ Socors, 22ATel.\u00a0+34 971 225 986Palma Dise\u00f1o y programaci\u00f3n IDISC Information TechnologiesPg. del Progr\u00e8s, 96Tel. +34 937 787 30008640 Olesa de [&hellip;]\" \/>\n<meta property=\"og:url\" content=\"https:\/\/visitpalma.com\/es\/creditos\/\" \/>\n<meta property=\"og:site_name\" content=\"Visit Palma\" \/>\n<meta property=\"article:publisher\" content=\"https:\/\/www.facebook.com\/passionforpalma\" \/>\n<meta property=\"article:modified_time\" content=\"2025-06-20T16:54:11+00:00\" \/>\n<meta name=\"twitter:card\" content=\"summary_large_image\" \/>\n<meta name=\"twitter:site\" content=\"@passionforpalma\" \/>\n<meta name=\"twitter:label1\" content=\"Tiempo de lectura\" \/>\n\t<meta name=\"twitter:data1\" content=\"1 minuto\" \/>\n<script type=\"application\/ld+json\" class=\"yoast-schema-graph\">{\"@context\":\"https:\\\/\\\/schema.org\",\"@graph\":[{\"@type\":\"WebPage\",\"@id\":\"https:\\\/\\\/visitpalma.com\\\/es\\\/creditos\\\/\",\"url\":\"https:\\\/\\\/visitpalma.com\\\/es\\\/creditos\\\/\",\"name\":\"Cr\u00e9ditos - Visit Palma\",\"isPartOf\":{\"@id\":\"https:\\\/\\\/visitpalma.com\\\/es\\\/#website\"},\"datePublished\":\"2025-06-17T18:16:07+00:00\",\"dateModified\":\"2025-06-20T16:54:11+00:00\",\"breadcrumb\":{\"@id\":\"https:\\\/\\\/visitpalma.com\\\/es\\\/creditos\\\/#breadcrumb\"},\"inLanguage\":\"es\",\"potentialAction\":[{\"@type\":\"ReadAction\",\"target\":[\"https:\\\/\\\/visitpalma.com\\\/es\\\/creditos\\\/\"]}]},{\"@type\":\"BreadcrumbList\",\"@id\":\"https:\\\/\\\/visitpalma.com\\\/es\\\/creditos\\\/#breadcrumb\",\"itemListElement\":[{\"@type\":\"ListItem\",\"position\":1,\"name\":\"Inicio\",\"item\":\"https:\\\/\\\/visitpalma.com\\\/es\\\/\"},{\"@type\":\"ListItem\",\"position\":2,\"name\":\"Cr\u00e9ditos\"}]},{\"@type\":\"WebSite\",\"@id\":\"https:\\\/\\\/visitpalma.com\\\/es\\\/#website\",\"url\":\"https:\\\/\\\/visitpalma.com\\\/es\\\/\",\"name\":\"Visit Palma\",\"description\":\"\",\"publisher\":{\"@id\":\"https:\\\/\\\/visitpalma.com\\\/es\\\/#organization\"},\"potentialAction\":[{\"@type\":\"SearchAction\",\"target\":{\"@type\":\"EntryPoint\",\"urlTemplate\":\"https:\\\/\\\/visitpalma.com\\\/es\\\/?s={search_term_string}\"},\"query-input\":{\"@type\":\"PropertyValueSpecification\",\"valueRequired\":true,\"valueName\":\"search_term_string\"}}],\"inLanguage\":\"es\"},{\"@type\":\"Organization\",\"@id\":\"https:\\\/\\\/visitpalma.com\\\/es\\\/#organization\",\"name\":\"Fundaci\u00f3n Turismo Palma de Mallorca 365\",\"url\":\"https:\\\/\\\/visitpalma.com\\\/es\\\/\",\"logo\":{\"@type\":\"ImageObject\",\"inLanguage\":\"es\",\"@id\":\"https:\\\/\\\/visitpalma.com\\\/es\\\/#\\\/schema\\\/logo\\\/image\\\/\",\"url\":\"https:\\\/\\\/visitpalma.com\\\/wp-content\\\/uploads\\\/2025\\\/05\\\/Logo-Passion-for-Palma-de-Mallorca.svg\",\"contentUrl\":\"https:\\\/\\\/visitpalma.com\\\/wp-content\\\/uploads\\\/2025\\\/05\\\/Logo-Passion-for-Palma-de-Mallorca.svg\",\"width\":377,\"height\":377,\"caption\":\"Fundaci\u00f3n Turismo Palma de Mallorca 365\"},\"image\":{\"@id\":\"https:\\\/\\\/visitpalma.com\\\/es\\\/#\\\/schema\\\/logo\\\/image\\\/\"},\"sameAs\":[\"https:\\\/\\\/www.facebook.com\\\/passionforpalma\",\"https:\\\/\\\/x.com\\\/passionforpalma\",\"https:\\\/\\\/www.instagram.com\\\/passionforpalma_\\\/\",\"https:\\\/\\\/www.youtube.com\\\/channel\\\/UCALF2N1FRnmAZYBttkQjedA\"]}]}<\/script>\n<!-- \/ Yoast SEO plugin. -->","yoast_head_json":{"title":"Cr\u00e9ditos - Visit Palma","robots":{"index":"index","follow":"follow","max-snippet":"max-snippet:-1","max-image-preview":"max-image-preview:large","max-video-preview":"max-video-preview:-1"},"canonical":"https:\/\/visitpalma.com\/es\/creditos\/","og_locale":"es_ES","og_type":"article","og_title":"Cr\u00e9ditos - Visit Palma","og_description":"Contenidos y texto Fundaci\u00f3n Turismo Palma de Mallorca 365Direcci\u00f3n: C\/ Socors, 22ATel.\u00a0+34 971 225 986Palma Dise\u00f1o y programaci\u00f3n IDISC Information TechnologiesPg. del Progr\u00e8s, 96Tel. +34 937 787 30008640 Olesa de [&hellip;]","og_url":"https:\/\/visitpalma.com\/es\/creditos\/","og_site_name":"Visit Palma","article_publisher":"https:\/\/www.facebook.com\/passionforpalma","article_modified_time":"2025-06-20T16:54:11+00:00","twitter_card":"summary_large_image","twitter_site":"@passionforpalma","twitter_misc":{"Tiempo de lectura":"1 minuto"},"schema":{"@context":"https:\/\/schema.org","@graph":[{"@type":"WebPage","@id":"https:\/\/visitpalma.com\/es\/creditos\/","url":"https:\/\/visitpalma.com\/es\/creditos\/","name":"Cr\u00e9ditos - Visit Palma","isPartOf":{"@id":"https:\/\/visitpalma.com\/es\/#website"},"datePublished":"2025-06-17T18:16:07+00:00","dateModified":"2025-06-20T16:54:11+00:00","breadcrumb":{"@id":"https:\/\/visitpalma.com\/es\/creditos\/#breadcrumb"},"inLanguage":"es","potentialAction":[{"@type":"ReadAction","target":["https:\/\/visitpalma.com\/es\/creditos\/"]}]},{"@type":"BreadcrumbList","@id":"https:\/\/visitpalma.com\/es\/creditos\/#breadcrumb","itemListElement":[{"@type":"ListItem","position":1,"name":"Inicio","item":"https:\/\/visitpalma.com\/es\/"},{"@type":"ListItem","position":2,"name":"Cr\u00e9ditos"}]},{"@type":"WebSite","@id":"https:\/\/visitpalma.com\/es\/#website","url":"https:\/\/visitpalma.com\/es\/","name":"Visit Palma","description":"","publisher":{"@id":"https:\/\/visitpalma.com\/es\/#organization"},"potentialAction":[{"@type":"SearchAction","target":{"@type":"EntryPoint","urlTemplate":"https:\/\/visitpalma.com\/es\/?s={search_term_string}"},"query-input":{"@type":"PropertyValueSpecification","valueRequired":true,"valueName":"search_term_string"}}],"inLanguage":"es"},{"@type":"Organization","@id":"https:\/\/visitpalma.com\/es\/#organization","name":"Fundaci\u00f3n Turismo Palma de Mallorca 365","url":"https:\/\/visitpalma.com\/es\/","logo":{"@type":"ImageObject","inLanguage":"es","@id":"https:\/\/visitpalma.com\/es\/#\/schema\/logo\/image\/","url":"https:\/\/visitpalma.com\/wp-content\/uploads\/2025\/05\/Logo-Passion-for-Palma-de-Mallorca.svg","contentUrl":"https:\/\/visitpalma.com\/wp-content\/uploads\/2025\/05\/Logo-Passion-for-Palma-de-Mallorca.svg","width":377,"height":377,"caption":"Fundaci\u00f3n Turismo Palma de Mallorca 365"},"image":{"@id":"https:\/\/visitpalma.com\/es\/#\/schema\/logo\/image\/"},"sameAs":["https:\/\/www.facebook.com\/passionforpalma","https:\/\/x.com\/passionforpalma","https:\/\/www.instagram.com\/passionforpalma_\/","https:\/\/www.youtube.com\/channel\/UCALF2N1FRnmAZYBttkQjedA"]}]}},"_links":{"self":[{"href":"https:\/\/visitpalma.com\/es\/wp-json\/wp\/v2\/pages\/5060","targetHints":{"allow":["GET"]}}],"collection":[{"href":"https:\/\/visitpalma.com\/es\/wp-json\/wp\/v2\/pages"}],"about":[{"href":"https:\/\/visitpalma.com\/es\/wp-json\/wp\/v2\/types\/page"}],"author":[{"embeddable":true,"href":"https:\/\/visitpalma.com\/es\/wp-json\/wp\/v2\/users\/4"}],"replies":[{"embeddable":true,"href":"https:\/\/visitpalma.com\/es\/wp-json\/wp\/v2\/comments?post=5060"}],"version-history":[{"count":11,"href":"https:\/\/visitpalma.com\/es\/wp-json\/wp\/v2\/pages\/5060\/revisions"}],"predecessor-version":[{"id":7901,"href":"https:\/\/visitpalma.com\/es\/wp-json\/wp\/v2\/pages\/5060\/revisions\/7901"}],"wp:attachment":[{"href":"https:\/\/visitpalma.com\/es\/wp-json\/wp\/v2\/media?parent=5060"}],"curies":[{"name":"wp","href":"https:\/\/api.w.org\/{rel}","templated":true}]}}