{"id":5026,"date":"2025-06-17T19:50:14","date_gmt":"2025-06-17T17:50:14","guid":{"rendered":"https:\/\/visitpalma.com\/?page_id=5026"},"modified":"2025-07-08T19:54:08","modified_gmt":"2025-07-08T17:54:08","slug":"aviso-legal","status":"publish","type":"page","link":"https:\/\/visitpalma.com\/es\/aviso-legal\/","title":{"rendered":"Aviso Legal"},"content":{"rendered":"\t\t<div data-elementor-type=\"wp-page\" data-elementor-id=\"5026\" class=\"elementor elementor-5026\" data-elementor-post-type=\"page\">\n\t\t\t\t<div class=\"elementor-element elementor-element-0a02ff4 e-flex e-con-boxed e-con e-parent\" data-id=\"0a02ff4\" data-element_type=\"container\" data-e-type=\"container\" id=\"paginaestatica\">\n\t\t\t\t\t<div class=\"e-con-inner\">\n\t\t\t\t<div class=\"elementor-element elementor-element-6d90b138 elementor-widget elementor-widget-text-editor\" data-id=\"6d90b138\" data-element_type=\"widget\" data-e-type=\"widget\" data-settings=\"{&quot;wdt_animation_effect&quot;:&quot;none&quot;}\" data-widget_type=\"text-editor.default\">\n\t\t\t\t<div class=\"elementor-widget-container\">\n\t\t\t\t\t\t\t\t\t<p>FUNDACI\u00d3 TURISME PALMA 365, con CIF G57744344 es una entidad jur\u00eddica p\u00fablica sin \u00e1nimo de lucro y gesti\u00f3n p\u00fablico-privada, inscrita en el Registro \u00danico de Fundaciones de la comunidad aut\u00f3noma de las Islas Baleares, n\u00fam. \u00a0100000000312, mediante resoluci\u00f3n de la directora general de Relaciones Institucionales y Acci\u00f3n Exterior de la Consejer\u00eda de la Presidencia del Gobierno de las Islas Baleares, de 9 de noviembre de 2012. Esta Fundaci\u00f3n es titular del nombre de dominio visitpalma.com.<\/p><h2>Condiciones generales de uso<\/h2><ul><li>El usuario accede voluntariamente a este sitio web, lo que implica que lo utilizar\u00e1 conforme al presente aviso legal, la ley, la moral, la buena fe y\/o las buenas costumbres.<\/li><li>La utilizaci\u00f3n de este sitio web supone la aceptaci\u00f3n de este aviso legal.<\/li><li>Las p\u00e1ginas web de este sitio web pueden ser visitadas libremente por los usuarios.<\/li><li>Fundaci\u00f3 Turisme Palma 365 se reserva el derecho a modificar sin previo aviso el contenido de este aviso legal, por tanto, y para una correcta utilizaci\u00f3n del sitio web, le recomendamos que visite peri\u00f3dicamente esta secci\u00f3n.<\/li><\/ul><h2>Propiedad intelectual e industrial<\/h2><p>\u00a9 2025, Fundaci\u00f3 Turisme Palma 365, www.visitpalma.com. Todos los derechos reservados.<\/p><ul><li>Este sitio web y los contenidos incluidos en el mismo: art\u00edculos, textos, im\u00e1genes, logotipos, marcas comerciales, botones, software, etc. est\u00e1n protegidos por la legislaci\u00f3n vigente en propiedad industrial e intelectual. Por ello, se proh\u00edbe expresamente su reproducci\u00f3n, copia, modificaci\u00f3n, distribuci\u00f3n o transformaci\u00f3n sin la expresa autorizaci\u00f3n por escrito de Fundaci\u00f3 Turisme Palma 365.<\/li><li>El acceso a este sitio web no supone, en ning\u00fan caso, adquisici\u00f3n por parte de los usuarios de ning\u00fan derecho de propiedad sobre los contenidos que figuran en el mismo.<\/li><li>Fundaci\u00f3 Turisme Palma 365 se reserva el derecho a modificar, actualizar o suprimir cualquiera de los contenidos de este sitio web, en cualquier momento y sin previo aviso.<\/li><\/ul><h2>Limitaci\u00f3n de la responsabilidad<\/h2><ul><li>La informaci\u00f3n contenida en este sitio web puede no ser correcta, pese a los esfuerzos realizados para llevar a cabo su exactitud y actualizaci\u00f3n. En consecuencia, Fundaci\u00f3 Turisme Palma 365 no se responsabiliza de los errores contenidos, ni de los da\u00f1os o perjuicios derivados de su utilizaci\u00f3n.<\/li><li>Este sitio web puede contener enlaces a otros sitios webs de cuyo contenido, utilidad o exactitud no se puede responsabilizar Fundaci\u00f3 Turisme Palma 365. La incorporaci\u00f3n de un enlace en este sitio web no puede considerarse una recomendaci\u00f3n a los usuarios para que procedan a su utilizaci\u00f3n, la decisi\u00f3n de utilizarlos es responsabilidad de estos \u00faltimos.<\/li><li>Fundaci\u00f3 Turisme Palma 365 no se hace responsable de los da\u00f1os y perjuicios derivados del uso de este sitio web o de sus contenidos, no garantizando la ausencia de virus o la imposibilidad de causar da\u00f1os en los sistemas inform\u00e1ticos del usuario.<\/li><li>Fundaci\u00f3 Turisme Palma 365 no se responsabiliza del mal uso que se pueda hacer de este sitio web.<\/li><\/ul><h2>Legislaci\u00f3n aplicable y tribunales competentes<\/h2><p>Las condiciones de este sitio web y las relaciones entre el usuario y Fundaci\u00f3 Turisme Palma 365 se regir\u00e1n por la legislaci\u00f3n y jurisdicci\u00f3n espa\u00f1ola.<\/p>\t\t\t\t\t\t\t\t<\/div>\n\t\t\t\t<\/div>\n\t\t\t\t\t<\/div>\n\t\t\t\t<\/div>\n\t\t\t\t<\/div>\n\t\t","protected":false},"excerpt":{"rendered":"<p>FUNDACI\u00d3 TURISME PALMA 365, con CIF G57744344 es una entidad jur\u00eddica p\u00fablica sin \u00e1nimo de lucro y gesti\u00f3n p\u00fablico-privada, inscrita en el Registro \u00danico de Fundaciones de la comunidad aut\u00f3noma [&hellip;]<\/p>\n","protected":false},"author":4,"featured_media":0,"parent":0,"menu_order":0,"comment_status":"closed","ping_status":"closed","template":"","meta":{"_monsterinsights_skip_tracking":false,"_monsterinsights_sitenote_active":false,"_monsterinsights_sitenote_note":"","_monsterinsights_sitenote_category":0,"footnotes":""},"class_list":["post-5026","page","type-page","status-publish","hentry"],"yoast_head":"<!-- This site is optimized with the Yoast SEO plugin v27.3 - https:\/\/yoast.com\/product\/yoast-seo-wordpress\/ -->\n<title>Aviso Legal - Visit Palma<\/title>\n<meta name=\"description\" content=\"Accede al aviso legal de Visit\u202fPalma con detalles sobre protecci\u00f3n de datos, condiciones de navegaci\u00f3n, derechos y obligaciones de usuarios.\" \/>\n<meta name=\"robots\" content=\"index, follow, max-snippet:-1, max-image-preview:large, max-video-preview:-1\" \/>\n<link rel=\"canonical\" href=\"https:\/\/visitpalma.com\/es\/aviso-legal\/\" \/>\n<meta property=\"og:locale\" content=\"es_ES\" \/>\n<meta property=\"og:type\" content=\"article\" \/>\n<meta property=\"og:title\" content=\"Aviso Legal - Visit Palma\" \/>\n<meta property=\"og:description\" content=\"Accede al aviso legal de Visit\u202fPalma con detalles sobre protecci\u00f3n de datos, condiciones de navegaci\u00f3n, derechos y obligaciones de usuarios.\" \/>\n<meta property=\"og:url\" content=\"https:\/\/visitpalma.com\/es\/aviso-legal\/\" \/>\n<meta property=\"og:site_name\" content=\"Visit Palma\" \/>\n<meta property=\"article:publisher\" content=\"https:\/\/www.facebook.com\/passionforpalma\" \/>\n<meta property=\"article:modified_time\" content=\"2025-07-08T17:54:08+00:00\" \/>\n<meta name=\"twitter:card\" content=\"summary_large_image\" \/>\n<meta name=\"twitter:site\" content=\"@passionforpalma\" \/>\n<meta name=\"twitter:label1\" content=\"Tiempo de lectura\" \/>\n\t<meta name=\"twitter:data1\" content=\"3 minutos\" \/>\n<script type=\"application\/ld+json\" class=\"yoast-schema-graph\">{\"@context\":\"https:\\\/\\\/schema.org\",\"@graph\":[{\"@type\":\"WebPage\",\"@id\":\"https:\\\/\\\/visitpalma.com\\\/es\\\/aviso-legal\\\/\",\"url\":\"https:\\\/\\\/visitpalma.com\\\/es\\\/aviso-legal\\\/\",\"name\":\"Aviso Legal - Visit Palma\",\"isPartOf\":{\"@id\":\"https:\\\/\\\/visitpalma.com\\\/es\\\/#website\"},\"datePublished\":\"2025-06-17T17:50:14+00:00\",\"dateModified\":\"2025-07-08T17:54:08+00:00\",\"description\":\"Accede al aviso legal de Visit\u202fPalma con detalles sobre protecci\u00f3n de datos, condiciones de navegaci\u00f3n, derechos y obligaciones de usuarios.\",\"breadcrumb\":{\"@id\":\"https:\\\/\\\/visitpalma.com\\\/es\\\/aviso-legal\\\/#breadcrumb\"},\"inLanguage\":\"es\",\"potentialAction\":[{\"@type\":\"ReadAction\",\"target\":[\"https:\\\/\\\/visitpalma.com\\\/es\\\/aviso-legal\\\/\"]}]},{\"@type\":\"BreadcrumbList\",\"@id\":\"https:\\\/\\\/visitpalma.com\\\/es\\\/aviso-legal\\\/#breadcrumb\",\"itemListElement\":[{\"@type\":\"ListItem\",\"position\":1,\"name\":\"Inicio\",\"item\":\"https:\\\/\\\/visitpalma.com\\\/es\\\/\"},{\"@type\":\"ListItem\",\"position\":2,\"name\":\"Aviso Legal\"}]},{\"@type\":\"WebSite\",\"@id\":\"https:\\\/\\\/visitpalma.com\\\/es\\\/#website\",\"url\":\"https:\\\/\\\/visitpalma.com\\\/es\\\/\",\"name\":\"Visit Palma\",\"description\":\"\",\"publisher\":{\"@id\":\"https:\\\/\\\/visitpalma.com\\\/es\\\/#organization\"},\"potentialAction\":[{\"@type\":\"SearchAction\",\"target\":{\"@type\":\"EntryPoint\",\"urlTemplate\":\"https:\\\/\\\/visitpalma.com\\\/es\\\/?s={search_term_string}\"},\"query-input\":{\"@type\":\"PropertyValueSpecification\",\"valueRequired\":true,\"valueName\":\"search_term_string\"}}],\"inLanguage\":\"es\"},{\"@type\":\"Organization\",\"@id\":\"https:\\\/\\\/visitpalma.com\\\/es\\\/#organization\",\"name\":\"Fundaci\u00f3n Turismo Palma de Mallorca 365\",\"url\":\"https:\\\/\\\/visitpalma.com\\\/es\\\/\",\"logo\":{\"@type\":\"ImageObject\",\"inLanguage\":\"es\",\"@id\":\"https:\\\/\\\/visitpalma.com\\\/es\\\/#\\\/schema\\\/logo\\\/image\\\/\",\"url\":\"https:\\\/\\\/visitpalma.com\\\/wp-content\\\/uploads\\\/2025\\\/05\\\/Logo-Passion-for-Palma-de-Mallorca.svg\",\"contentUrl\":\"https:\\\/\\\/visitpalma.com\\\/wp-content\\\/uploads\\\/2025\\\/05\\\/Logo-Passion-for-Palma-de-Mallorca.svg\",\"width\":377,\"height\":377,\"caption\":\"Fundaci\u00f3n Turismo Palma de Mallorca 365\"},\"image\":{\"@id\":\"https:\\\/\\\/visitpalma.com\\\/es\\\/#\\\/schema\\\/logo\\\/image\\\/\"},\"sameAs\":[\"https:\\\/\\\/www.facebook.com\\\/passionforpalma\",\"https:\\\/\\\/x.com\\\/passionforpalma\",\"https:\\\/\\\/www.instagram.com\\\/passionforpalma_\\\/\",\"https:\\\/\\\/www.youtube.com\\\/channel\\\/UCALF2N1FRnmAZYBttkQjedA\"]}]}<\/script>\n<!-- \/ Yoast SEO plugin. -->","yoast_head_json":{"title":"Aviso Legal - Visit Palma","description":"Accede al aviso legal de Visit\u202fPalma con detalles sobre protecci\u00f3n de datos, condiciones de navegaci\u00f3n, derechos y obligaciones de usuarios.","robots":{"index":"index","follow":"follow","max-snippet":"max-snippet:-1","max-image-preview":"max-image-preview:large","max-video-preview":"max-video-preview:-1"},"canonical":"https:\/\/visitpalma.com\/es\/aviso-legal\/","og_locale":"es_ES","og_type":"article","og_title":"Aviso Legal - Visit Palma","og_description":"Accede al aviso legal de Visit\u202fPalma con detalles sobre protecci\u00f3n de datos, condiciones de navegaci\u00f3n, derechos y obligaciones de usuarios.","og_url":"https:\/\/visitpalma.com\/es\/aviso-legal\/","og_site_name":"Visit Palma","article_publisher":"https:\/\/www.facebook.com\/passionforpalma","article_modified_time":"2025-07-08T17:54:08+00:00","twitter_card":"summary_large_image","twitter_site":"@passionforpalma","twitter_misc":{"Tiempo de lectura":"3 minutos"},"schema":{"@context":"https:\/\/schema.org","@graph":[{"@type":"WebPage","@id":"https:\/\/visitpalma.com\/es\/aviso-legal\/","url":"https:\/\/visitpalma.com\/es\/aviso-legal\/","name":"Aviso Legal - Visit Palma","isPartOf":{"@id":"https:\/\/visitpalma.com\/es\/#website"},"datePublished":"2025-06-17T17:50:14+00:00","dateModified":"2025-07-08T17:54:08+00:00","description":"Accede al aviso legal de Visit\u202fPalma con detalles sobre protecci\u00f3n de datos, condiciones de navegaci\u00f3n, derechos y obligaciones de usuarios.","breadcrumb":{"@id":"https:\/\/visitpalma.com\/es\/aviso-legal\/#breadcrumb"},"inLanguage":"es","potentialAction":[{"@type":"ReadAction","target":["https:\/\/visitpalma.com\/es\/aviso-legal\/"]}]},{"@type":"BreadcrumbList","@id":"https:\/\/visitpalma.com\/es\/aviso-legal\/#breadcrumb","itemListElement":[{"@type":"ListItem","position":1,"name":"Inicio","item":"https:\/\/visitpalma.com\/es\/"},{"@type":"ListItem","position":2,"name":"Aviso Legal"}]},{"@type":"WebSite","@id":"https:\/\/visitpalma.com\/es\/#website","url":"https:\/\/visitpalma.com\/es\/","name":"Visit Palma","description":"","publisher":{"@id":"https:\/\/visitpalma.com\/es\/#organization"},"potentialAction":[{"@type":"SearchAction","target":{"@type":"EntryPoint","urlTemplate":"https:\/\/visitpalma.com\/es\/?s={search_term_string}"},"query-input":{"@type":"PropertyValueSpecification","valueRequired":true,"valueName":"search_term_string"}}],"inLanguage":"es"},{"@type":"Organization","@id":"https:\/\/visitpalma.com\/es\/#organization","name":"Fundaci\u00f3n Turismo Palma de Mallorca 365","url":"https:\/\/visitpalma.com\/es\/","logo":{"@type":"ImageObject","inLanguage":"es","@id":"https:\/\/visitpalma.com\/es\/#\/schema\/logo\/image\/","url":"https:\/\/visitpalma.com\/wp-content\/uploads\/2025\/05\/Logo-Passion-for-Palma-de-Mallorca.svg","contentUrl":"https:\/\/visitpalma.com\/wp-content\/uploads\/2025\/05\/Logo-Passion-for-Palma-de-Mallorca.svg","width":377,"height":377,"caption":"Fundaci\u00f3n Turismo Palma de Mallorca 365"},"image":{"@id":"https:\/\/visitpalma.com\/es\/#\/schema\/logo\/image\/"},"sameAs":["https:\/\/www.facebook.com\/passionforpalma","https:\/\/x.com\/passionforpalma","https:\/\/www.instagram.com\/passionforpalma_\/","https:\/\/www.youtube.com\/channel\/UCALF2N1FRnmAZYBttkQjedA"]}]}},"_links":{"self":[{"href":"https:\/\/visitpalma.com\/es\/wp-json\/wp\/v2\/pages\/5026","targetHints":{"allow":["GET"]}}],"collection":[{"href":"https:\/\/visitpalma.com\/es\/wp-json\/wp\/v2\/pages"}],"about":[{"href":"https:\/\/visitpalma.com\/es\/wp-json\/wp\/v2\/types\/page"}],"author":[{"embeddable":true,"href":"https:\/\/visitpalma.com\/es\/wp-json\/wp\/v2\/users\/4"}],"replies":[{"embeddable":true,"href":"https:\/\/visitpalma.com\/es\/wp-json\/wp\/v2\/comments?post=5026"}],"version-history":[{"count":7,"href":"https:\/\/visitpalma.com\/es\/wp-json\/wp\/v2\/pages\/5026\/revisions"}],"predecessor-version":[{"id":5033,"href":"https:\/\/visitpalma.com\/es\/wp-json\/wp\/v2\/pages\/5026\/revisions\/5033"}],"wp:attachment":[{"href":"https:\/\/visitpalma.com\/es\/wp-json\/wp\/v2\/media?parent=5026"}],"curies":[{"name":"wp","href":"https:\/\/api.w.org\/{rel}","templated":true}]}}