{"id":17225,"date":"2025-10-20T00:02:22","date_gmt":"2025-10-19T22:02:22","guid":{"rendered":"https:\/\/visitpalma.com\/?page_id=17225"},"modified":"2025-10-26T12:51:42","modified_gmt":"2025-10-26T11:51:42","slug":"mercados","status":"publish","type":"page","link":"https:\/\/visitpalma.com\/es\/mercados\/","title":{"rendered":"Mercados de Palma"},"content":{"rendered":"\t\t<div data-elementor-type=\"wp-page\" data-elementor-id=\"17225\" class=\"elementor elementor-17225\" data-elementor-post-type=\"page\">\n\t\t\t\t<div class=\"elementor-element elementor-element-0393662 e-flex e-con-boxed e-con e-parent\" data-id=\"0393662\" data-element_type=\"container\" data-e-type=\"container\" data-settings=\"{&quot;background_background&quot;:&quot;classic&quot;}\">\n\t\t\t\t\t<div class=\"e-con-inner\">\n\t\t\t\t\t<\/div>\n\t\t\t\t<\/div>\n\t\t<div class=\"elementor-element elementor-element-b948efb e-flex e-con-boxed e-con e-parent\" data-id=\"b948efb\" data-element_type=\"container\" data-e-type=\"container\">\n\t\t\t\t\t<div class=\"e-con-inner\">\n\t\t<div class=\"elementor-element elementor-element-059fa52 e-con-full e-flex e-con e-child\" data-id=\"059fa52\" data-element_type=\"container\" data-e-type=\"container\">\n\t\t\t\t<div class=\"elementor-element elementor-element-932a614 elementor-widget elementor-widget-text-editor\" data-id=\"932a614\" data-element_type=\"widget\" data-e-type=\"widget\" data-settings=\"{&quot;wdt_animation_effect&quot;:&quot;none&quot;}\" data-widget_type=\"text-editor.default\">\n\t\t\t\t<div class=\"elementor-widget-container\">\n\t\t\t\t\t\t\t\t\t<p>Los mercados de Palma son mucho m\u00e1s que lugares para comprar: son espacios donde late la vida local, se mezclan aromas, colores y sabores, y se mantiene viva la tradici\u00f3n mediterr\u00e1nea. En cada barrio encontrar\u00e1s propuestas \u00fanicas:<strong> desde los mercados ecol\u00f3gicos con productos de kil\u00f3metro cero hasta los artesanales junto al mar, pasando por los mercados municipales repletos de fruta fresca, pan, queso y flore<\/strong>s.<\/p><p>Recorrerlos es descubrir la verdadera esencia de <strong>Palma: cercana, sostenible y llena de historia<\/strong>. Tanto si buscas productos locales como si quieres disfrutar del ambiente y charlar con los vendedores, los mercados de Palma te ofrecen una experiencia aut\u00e9ntica y diferente, abierta todo el a\u00f1o y adaptada a cada estaci\u00f3n.<\/p>\t\t\t\t\t\t\t\t<\/div>\n\t\t\t\t<\/div>\n\t\t\t\t<\/div>\n\t\t\t\t\t<\/div>\n\t\t\t\t<\/div>\n\t\t\t\t<section class=\"elementor-section elementor-top-section elementor-element elementor-element-0403fbe elementor-section-boxed elementor-section-height-default elementor-section-height-default\" data-id=\"0403fbe\" data-element_type=\"section\" data-e-type=\"section\" data-settings=\"{&quot;wdt_bg_image&quot;:{&quot;url&quot;:&quot;&quot;,&quot;id&quot;:&quot;&quot;,&quot;size&quot;:&quot;&quot;},&quot;wdt_bg_image_widescreen&quot;:{&quot;url&quot;:&quot;&quot;,&quot;id&quot;:&quot;&quot;,&quot;size&quot;:&quot;&quot;},&quot;wdt_bg_image_laptop&quot;:{&quot;url&quot;:&quot;&quot;,&quot;id&quot;:&quot;&quot;,&quot;size&quot;:&quot;&quot;},&quot;wdt_bg_image_tablet_extra&quot;:{&quot;url&quot;:&quot;&quot;,&quot;id&quot;:&quot;&quot;,&quot;size&quot;:&quot;&quot;},&quot;wdt_bg_image_tablet&quot;:{&quot;url&quot;:&quot;&quot;,&quot;id&quot;:&quot;&quot;,&quot;size&quot;:&quot;&quot;},&quot;wdt_bg_image_mobile_extra&quot;:{&quot;url&quot;:&quot;&quot;,&quot;id&quot;:&quot;&quot;,&quot;size&quot;:&quot;&quot;},&quot;wdt_bg_image_mobile&quot;:{&quot;url&quot;:&quot;&quot;,&quot;id&quot;:&quot;&quot;,&quot;size&quot;:&quot;&quot;},&quot;wdt_bg_position&quot;:&quot;center center&quot;,&quot;wdt_animation_effect&quot;:&quot;none&quot;}\">\n\t\t\t\t\t\t<div class=\"elementor-container elementor-column-gap-no\">\n\t\t\t\t\t<div class=\"elementor-column elementor-col-100 elementor-top-column elementor-element elementor-element-24958f0\" data-id=\"24958f0\" data-element_type=\"column\" data-e-type=\"column\">\n\t\t\t<div class=\"elementor-widget-wrap elementor-element-populated\">\n\t\t\t\t\t\t<div class=\"elementor-element elementor-element-e7c6950 elementor-widget__width-inherit start elementor-widget elementor-widget-wdt-heading\" data-id=\"e7c6950\" data-element_type=\"widget\" data-e-type=\"widget\" data-settings=\"{&quot;wdt_animation_effect&quot;:&quot;none&quot;}\" data-widget_type=\"wdt-heading.default\">\n\t\t\t\t<div class=\"elementor-widget-container\">\n\t\t\t\t\t<div class=\"wdt-heading-holder \" id=\"wdt-heading-e7c6950\"><h2 class=\"wdt-heading-title-wrapper wdt-heading-align-center wdt-heading-deco-wrapper\"><span class=\"wdt-heading-title\">Mercados en Palma<\/span><\/h2><\/div>\t\t\t\t<\/div>\n\t\t\t\t<\/div>\n\t\t\t\t<section class=\"elementor-section elementor-inner-section elementor-element elementor-element-4e2dbd4 elementor-section-boxed elementor-section-height-default elementor-section-height-default elementor-invisible\" data-id=\"4e2dbd4\" data-element_type=\"section\" data-e-type=\"section\" data-settings=\"{&quot;animation&quot;:&quot;fadeInUp&quot;,&quot;wdt_bg_image&quot;:{&quot;url&quot;:&quot;&quot;,&quot;id&quot;:&quot;&quot;,&quot;size&quot;:&quot;&quot;},&quot;wdt_bg_image_widescreen&quot;:{&quot;url&quot;:&quot;&quot;,&quot;id&quot;:&quot;&quot;,&quot;size&quot;:&quot;&quot;},&quot;wdt_bg_image_laptop&quot;:{&quot;url&quot;:&quot;&quot;,&quot;id&quot;:&quot;&quot;,&quot;size&quot;:&quot;&quot;},&quot;wdt_bg_image_tablet_extra&quot;:{&quot;url&quot;:&quot;&quot;,&quot;id&quot;:&quot;&quot;,&quot;size&quot;:&quot;&quot;},&quot;wdt_bg_image_tablet&quot;:{&quot;url&quot;:&quot;&quot;,&quot;id&quot;:&quot;&quot;,&quot;size&quot;:&quot;&quot;},&quot;wdt_bg_image_mobile_extra&quot;:{&quot;url&quot;:&quot;&quot;,&quot;id&quot;:&quot;&quot;,&quot;size&quot;:&quot;&quot;},&quot;wdt_bg_image_mobile&quot;:{&quot;url&quot;:&quot;&quot;,&quot;id&quot;:&quot;&quot;,&quot;size&quot;:&quot;&quot;},&quot;wdt_bg_position&quot;:&quot;center center&quot;,&quot;wdt_animation_effect&quot;:&quot;none&quot;}\">\n\t\t\t\t\t\t<div class=\"elementor-container elementor-column-gap-no\">\n\t\t\t\t\t<div class=\"elementor-column elementor-col-100 elementor-inner-column elementor-element elementor-element-e319960\" data-id=\"e319960\" data-element_type=\"column\" data-e-type=\"column\">\n\t\t\t<div class=\"elementor-widget-wrap elementor-element-populated\">\n\t\t\t\t\t\t<div class=\"elementor-element elementor-element-2afa7b8 elementor-widget elementor-widget-dtdr-widget-df-listings-listing\" data-id=\"2afa7b8\" data-element_type=\"widget\" data-e-type=\"widget\" data-settings=\"{&quot;wdt_animation_effect&quot;:&quot;none&quot;}\" data-widget_type=\"dtdr-widget-df-listings-listing.default\">\n\t\t\t\t<div class=\"elementor-widget-container\">\n\t\t\t\t\t<div class=\"dtdr-listing-output-data-container dtdr-direct-list-items dtdr-listing-no-map \"  ><div class=\"dtdr-listing-output-data-holder\" data-type=\"type4\" data-enableshowresults=\"\" data-applynowbuttonlink=\"\" data-gallery=\"featured_image\" data-postperpage=\"20\" data-columns=\"3\" data-showfavourite=\"true\" data-showbusinesshoursstatus=\"\" data-applyisotope=\"true\" data-isotopefilter=\"\" data-applychildof=\"false\" data-featureditems=\"false\" data-featuresimageoricon=\"image\" data-featuresinclude=\"\" data-noofcattodisplay=\"1\" data-excerptlength=\"20\" data-applyequalheight=\"false\" data-moduleid=\"2afa7b8\" data-enableratings=\"\" data-customoptions=\"{&quot;ad_items&quot;:&quot;&quot;,&quot;ad_location&quot;:&quot;listing&quot;}\" data-listitemids=\"\" data-categoryids=\"192\" data-citiesids=\"\" data-neighborhoodsids=\"\" data-countiesstatesids=\"\" data-contracttypesids=\"\" data-tagids=\"\" data-countryid=\"\" data-sellerids=\"\" data-inchargeids=\"\"><\/div><div class=\"dtdr-ajax-load-image \" style=\"display:none;\">\r\n\t\t\t\t\t\t<div class=\"dtdr-loader-inner\">\r\n\t\t\t\t\t\t<\/div>\r\n\t\t\t\t\t<\/div><\/div>\t\t\t\t<\/div>\n\t\t\t\t<\/div>\n\t\t\t\t\t<\/div>\n\t\t<\/div>\n\t\t\t\t\t<\/div>\n\t\t<\/section>\n\t\t\t\t\t<\/div>\n\t\t<\/div>\n\t\t\t\t\t<\/div>\n\t\t<\/section>\n\t\t\t\t<section class=\"elementor-section elementor-top-section elementor-element elementor-element-9b7f765 elementor-section-boxed elementor-section-height-default elementor-section-height-default\" data-id=\"9b7f765\" data-element_type=\"section\" data-e-type=\"section\" data-settings=\"{&quot;background_background&quot;:&quot;classic&quot;,&quot;wdt_bg_image&quot;:{&quot;url&quot;:&quot;&quot;,&quot;id&quot;:&quot;&quot;,&quot;size&quot;:&quot;&quot;},&quot;wdt_bg_image_widescreen&quot;:{&quot;url&quot;:&quot;&quot;,&quot;id&quot;:&quot;&quot;,&quot;size&quot;:&quot;&quot;},&quot;wdt_bg_image_laptop&quot;:{&quot;url&quot;:&quot;&quot;,&quot;id&quot;:&quot;&quot;,&quot;size&quot;:&quot;&quot;},&quot;wdt_bg_image_tablet_extra&quot;:{&quot;url&quot;:&quot;&quot;,&quot;id&quot;:&quot;&quot;,&quot;size&quot;:&quot;&quot;},&quot;wdt_bg_image_tablet&quot;:{&quot;url&quot;:&quot;&quot;,&quot;id&quot;:&quot;&quot;,&quot;size&quot;:&quot;&quot;},&quot;wdt_bg_image_mobile_extra&quot;:{&quot;url&quot;:&quot;&quot;,&quot;id&quot;:&quot;&quot;,&quot;size&quot;:&quot;&quot;},&quot;wdt_bg_image_mobile&quot;:{&quot;url&quot;:&quot;&quot;,&quot;id&quot;:&quot;&quot;,&quot;size&quot;:&quot;&quot;},&quot;wdt_bg_position&quot;:&quot;center center&quot;,&quot;wdt_animation_effect&quot;:&quot;none&quot;}\">\n\t\t\t\t\t\t<div class=\"elementor-container elementor-column-gap-no\">\n\t\t\t\t\t<div class=\"elementor-column elementor-col-100 elementor-top-column elementor-element elementor-element-0be8a53\" data-id=\"0be8a53\" data-element_type=\"column\" data-e-type=\"column\">\n\t\t\t<div class=\"elementor-widget-wrap elementor-element-populated\">\n\t\t\t\t\t\t<section class=\"elementor-section elementor-inner-section elementor-element elementor-element-303a550 elementor-section-boxed elementor-section-height-default elementor-section-height-default elementor-invisible\" data-id=\"303a550\" data-element_type=\"section\" data-e-type=\"section\" data-settings=\"{&quot;animation&quot;:&quot;fadeInUp&quot;,&quot;wdt_bg_image&quot;:{&quot;url&quot;:&quot;&quot;,&quot;id&quot;:&quot;&quot;,&quot;size&quot;:&quot;&quot;},&quot;wdt_bg_image_widescreen&quot;:{&quot;url&quot;:&quot;&quot;,&quot;id&quot;:&quot;&quot;,&quot;size&quot;:&quot;&quot;},&quot;wdt_bg_image_laptop&quot;:{&quot;url&quot;:&quot;&quot;,&quot;id&quot;:&quot;&quot;,&quot;size&quot;:&quot;&quot;},&quot;wdt_bg_image_tablet_extra&quot;:{&quot;url&quot;:&quot;&quot;,&quot;id&quot;:&quot;&quot;,&quot;size&quot;:&quot;&quot;},&quot;wdt_bg_image_tablet&quot;:{&quot;url&quot;:&quot;&quot;,&quot;id&quot;:&quot;&quot;,&quot;size&quot;:&quot;&quot;},&quot;wdt_bg_image_mobile_extra&quot;:{&quot;url&quot;:&quot;&quot;,&quot;id&quot;:&quot;&quot;,&quot;size&quot;:&quot;&quot;},&quot;wdt_bg_image_mobile&quot;:{&quot;url&quot;:&quot;&quot;,&quot;id&quot;:&quot;&quot;,&quot;size&quot;:&quot;&quot;},&quot;wdt_bg_position&quot;:&quot;center center&quot;,&quot;wdt_animation_effect&quot;:&quot;none&quot;}\">\n\t\t\t\t\t\t<div class=\"elementor-container elementor-column-gap-no\">\n\t\t\t\t\t<div class=\"elementor-column elementor-col-100 elementor-inner-column elementor-element elementor-element-8ef1d1e\" data-id=\"8ef1d1e\" data-element_type=\"column\" data-e-type=\"column\">\n\t\t\t<div class=\"elementor-widget-wrap elementor-element-populated\">\n\t\t\t\t\t\t<div class=\"elementor-element elementor-element-5cf8904 elementor-widget__width-inherit start elementor-widget elementor-widget-wdt-heading\" data-id=\"5cf8904\" data-element_type=\"widget\" data-e-type=\"widget\" data-settings=\"{&quot;wdt_animation_effect&quot;:&quot;none&quot;}\" data-widget_type=\"wdt-heading.default\">\n\t\t\t\t<div class=\"elementor-widget-container\">\n\t\t\t\t\t<div class=\"wdt-heading-holder \" id=\"wdt-heading-5cf8904\"><h2 class=\"wdt-heading-title-wrapper wdt-heading-align-center wdt-heading-deco-wrapper\"><span class=\"wdt-heading-title\">Mercados nocturnos<\/span><\/h2><\/div>\t\t\t\t<\/div>\n\t\t\t\t<\/div>\n\t\t\t\t<div class=\"elementor-element elementor-element-c7255c9 elementor-widget elementor-widget-dtdr-widget-df-listings-listing\" data-id=\"c7255c9\" data-element_type=\"widget\" data-e-type=\"widget\" data-settings=\"{&quot;wdt_animation_effect&quot;:&quot;none&quot;}\" data-widget_type=\"dtdr-widget-df-listings-listing.default\">\n\t\t\t\t<div class=\"elementor-widget-container\">\n\t\t\t\t\t<div class=\"dtdr-listing-output-data-container dtdr-direct-list-items dtdr-listing-no-map \"  ><div class=\"dtdr-listing-output-data-holder\" data-type=\"type4\" data-enableshowresults=\"\" data-applynowbuttonlink=\"\" data-gallery=\"featured_image\" data-postperpage=\"20\" data-columns=\"3\" data-showfavourite=\"true\" data-showbusinesshoursstatus=\"\" data-applyisotope=\"true\" data-isotopefilter=\"\" data-applychildof=\"false\" data-featureditems=\"false\" data-featuresimageoricon=\"image\" data-featuresinclude=\"\" data-noofcattodisplay=\"1\" data-excerptlength=\"20\" data-applyequalheight=\"false\" data-moduleid=\"c7255c9\" data-enableratings=\"\" data-customoptions=\"{&quot;ad_items&quot;:&quot;&quot;,&quot;ad_location&quot;:&quot;listing&quot;}\" data-listitemids=\"\" data-categoryids=\"191\" data-citiesids=\"\" data-neighborhoodsids=\"\" data-countiesstatesids=\"\" data-contracttypesids=\"\" data-tagids=\"\" data-countryid=\"\" data-sellerids=\"\" data-inchargeids=\"\"><\/div><div class=\"dtdr-ajax-load-image \" style=\"display:none;\">\r\n\t\t\t\t\t\t<div class=\"dtdr-loader-inner\">\r\n\t\t\t\t\t\t<\/div>\r\n\t\t\t\t\t<\/div><\/div>\t\t\t\t<\/div>\n\t\t\t\t<\/div>\n\t\t\t\t\t<\/div>\n\t\t<\/div>\n\t\t\t\t\t<\/div>\n\t\t<\/section>\n\t\t\t\t\t<\/div>\n\t\t<\/div>\n\t\t\t\t\t<\/div>\n\t\t<\/section>\n\t\t\t\t<\/div>\n\t\t","protected":false},"excerpt":{"rendered":"<p>Los mercados de Palma son mucho m\u00e1s que lugares para comprar: son espacios donde late la vida local, se mezclan aromas, colores y sabores, y se mantiene viva la tradici\u00f3n [&hellip;]<\/p>\n","protected":false},"author":1,"featured_media":17240,"parent":0,"menu_order":0,"comment_status":"closed","ping_status":"closed","template":"elementor_header_footer","meta":{"_monsterinsights_skip_tracking":false,"_monsterinsights_sitenote_active":false,"_monsterinsights_sitenote_note":"","_monsterinsights_sitenote_category":0,"footnotes":""},"class_list":["post-17225","page","type-page","status-publish","has-post-thumbnail","hentry"],"yoast_head":"<!-- This site is optimized with the Yoast SEO plugin v27.4 - https:\/\/yoast.com\/product\/yoast-seo-wordpress\/ -->\n<title>Mercados de Palma: tradici\u00f3n, sabor y vida local | Visit Palma<\/title>\n<meta name=\"description\" content=\"Recorre los mercados de Palma: ecol\u00f3gicos, artesanales y de barrio. Productos locales, ambiente aut\u00e9ntico y esencia mediterr\u00e1nea.\" \/>\n<meta name=\"robots\" content=\"index, follow, max-snippet:-1, max-image-preview:large, max-video-preview:-1\" \/>\n<link rel=\"canonical\" href=\"https:\/\/visitpalma.com\/es\/mercados\/\" \/>\n<meta property=\"og:locale\" content=\"es_ES\" \/>\n<meta property=\"og:type\" content=\"article\" \/>\n<meta property=\"og:title\" content=\"Mercados de Palma: tradici\u00f3n, sabor y vida local | Visit Palma\" \/>\n<meta property=\"og:description\" content=\"Recorre los mercados de Palma: ecol\u00f3gicos, artesanales y de barrio. Productos locales, ambiente aut\u00e9ntico y esencia mediterr\u00e1nea.\" \/>\n<meta property=\"og:url\" content=\"https:\/\/visitpalma.com\/es\/mercados\/\" \/>\n<meta property=\"og:site_name\" content=\"Visit Palma\" \/>\n<meta property=\"article:publisher\" content=\"https:\/\/www.facebook.com\/passionforpalma\" \/>\n<meta property=\"article:modified_time\" content=\"2025-10-26T11:51:42+00:00\" \/>\n<meta property=\"og:image\" content=\"https:\/\/visitpalma.com\/wp-content\/uploads\/2025\/10\/Mercados-Palma.jpg\" \/>\n\t<meta property=\"og:image:width\" content=\"1920\" \/>\n\t<meta property=\"og:image:height\" content=\"650\" \/>\n\t<meta property=\"og:image:type\" content=\"image\/jpeg\" \/>\n<meta name=\"twitter:card\" content=\"summary_large_image\" \/>\n<meta name=\"twitter:site\" content=\"@passionforpalma\" \/>\n<meta name=\"twitter:label1\" content=\"Tiempo de lectura\" \/>\n\t<meta name=\"twitter:data1\" content=\"1 minuto\" \/>\n<script type=\"application\/ld+json\" class=\"yoast-schema-graph\">{\"@context\":\"https:\\\/\\\/schema.org\",\"@graph\":[{\"@type\":\"WebPage\",\"@id\":\"https:\\\/\\\/visitpalma.com\\\/es\\\/mercados\\\/\",\"url\":\"https:\\\/\\\/visitpalma.com\\\/es\\\/mercados\\\/\",\"name\":\"Mercados de Palma: tradici\u00f3n, sabor y vida local | Visit Palma\",\"isPartOf\":{\"@id\":\"https:\\\/\\\/visitpalma.com\\\/es\\\/#website\"},\"primaryImageOfPage\":{\"@id\":\"https:\\\/\\\/visitpalma.com\\\/es\\\/mercados\\\/#primaryimage\"},\"image\":{\"@id\":\"https:\\\/\\\/visitpalma.com\\\/es\\\/mercados\\\/#primaryimage\"},\"thumbnailUrl\":\"https:\\\/\\\/visitpalma.com\\\/wp-content\\\/uploads\\\/2025\\\/10\\\/Mercados-Palma.jpg\",\"datePublished\":\"2025-10-19T22:02:22+00:00\",\"dateModified\":\"2025-10-26T11:51:42+00:00\",\"description\":\"Recorre los mercados de Palma: ecol\u00f3gicos, artesanales y de barrio. Productos locales, ambiente aut\u00e9ntico y esencia mediterr\u00e1nea.\",\"breadcrumb\":{\"@id\":\"https:\\\/\\\/visitpalma.com\\\/es\\\/mercados\\\/#breadcrumb\"},\"inLanguage\":\"es\",\"potentialAction\":[{\"@type\":\"ReadAction\",\"target\":[\"https:\\\/\\\/visitpalma.com\\\/es\\\/mercados\\\/\"]}]},{\"@type\":\"ImageObject\",\"inLanguage\":\"es\",\"@id\":\"https:\\\/\\\/visitpalma.com\\\/es\\\/mercados\\\/#primaryimage\",\"url\":\"https:\\\/\\\/visitpalma.com\\\/wp-content\\\/uploads\\\/2025\\\/10\\\/Mercados-Palma.jpg\",\"contentUrl\":\"https:\\\/\\\/visitpalma.com\\\/wp-content\\\/uploads\\\/2025\\\/10\\\/Mercados-Palma.jpg\",\"width\":1920,\"height\":650,\"caption\":\"Mercados Palma\"},{\"@type\":\"BreadcrumbList\",\"@id\":\"https:\\\/\\\/visitpalma.com\\\/es\\\/mercados\\\/#breadcrumb\",\"itemListElement\":[{\"@type\":\"ListItem\",\"position\":1,\"name\":\"Inicio\",\"item\":\"https:\\\/\\\/visitpalma.com\\\/es\\\/\"},{\"@type\":\"ListItem\",\"position\":2,\"name\":\"Mercados de Palma\"}]},{\"@type\":\"WebSite\",\"@id\":\"https:\\\/\\\/visitpalma.com\\\/es\\\/#website\",\"url\":\"https:\\\/\\\/visitpalma.com\\\/es\\\/\",\"name\":\"Visit Palma\",\"description\":\"\",\"publisher\":{\"@id\":\"https:\\\/\\\/visitpalma.com\\\/es\\\/#organization\"},\"potentialAction\":[{\"@type\":\"SearchAction\",\"target\":{\"@type\":\"EntryPoint\",\"urlTemplate\":\"https:\\\/\\\/visitpalma.com\\\/es\\\/?s={search_term_string}\"},\"query-input\":{\"@type\":\"PropertyValueSpecification\",\"valueRequired\":true,\"valueName\":\"search_term_string\"}}],\"inLanguage\":\"es\"},{\"@type\":\"Organization\",\"@id\":\"https:\\\/\\\/visitpalma.com\\\/es\\\/#organization\",\"name\":\"Fundaci\u00f3n Turismo Palma de Mallorca 365\",\"url\":\"https:\\\/\\\/visitpalma.com\\\/es\\\/\",\"logo\":{\"@type\":\"ImageObject\",\"inLanguage\":\"es\",\"@id\":\"https:\\\/\\\/visitpalma.com\\\/es\\\/#\\\/schema\\\/logo\\\/image\\\/\",\"url\":\"https:\\\/\\\/visitpalma.com\\\/wp-content\\\/uploads\\\/2025\\\/05\\\/Logo-Passion-for-Palma-de-Mallorca.svg\",\"contentUrl\":\"https:\\\/\\\/visitpalma.com\\\/wp-content\\\/uploads\\\/2025\\\/05\\\/Logo-Passion-for-Palma-de-Mallorca.svg\",\"width\":377,\"height\":377,\"caption\":\"Fundaci\u00f3n Turismo Palma de Mallorca 365\"},\"image\":{\"@id\":\"https:\\\/\\\/visitpalma.com\\\/es\\\/#\\\/schema\\\/logo\\\/image\\\/\"},\"sameAs\":[\"https:\\\/\\\/www.facebook.com\\\/passionforpalma\",\"https:\\\/\\\/x.com\\\/passionforpalma\",\"https:\\\/\\\/www.instagram.com\\\/passionforpalma_\\\/\",\"https:\\\/\\\/www.youtube.com\\\/channel\\\/UCALF2N1FRnmAZYBttkQjedA\"]}]}<\/script>\n<!-- \/ Yoast SEO plugin. -->","yoast_head_json":{"title":"Mercados de Palma: tradici\u00f3n, sabor y vida local | Visit Palma","description":"Recorre los mercados de Palma: ecol\u00f3gicos, artesanales y de barrio. Productos locales, ambiente aut\u00e9ntico y esencia mediterr\u00e1nea.","robots":{"index":"index","follow":"follow","max-snippet":"max-snippet:-1","max-image-preview":"max-image-preview:large","max-video-preview":"max-video-preview:-1"},"canonical":"https:\/\/visitpalma.com\/es\/mercados\/","og_locale":"es_ES","og_type":"article","og_title":"Mercados de Palma: tradici\u00f3n, sabor y vida local | Visit Palma","og_description":"Recorre los mercados de Palma: ecol\u00f3gicos, artesanales y de barrio. Productos locales, ambiente aut\u00e9ntico y esencia mediterr\u00e1nea.","og_url":"https:\/\/visitpalma.com\/es\/mercados\/","og_site_name":"Visit Palma","article_publisher":"https:\/\/www.facebook.com\/passionforpalma","article_modified_time":"2025-10-26T11:51:42+00:00","og_image":[{"width":1920,"height":650,"url":"https:\/\/visitpalma.com\/wp-content\/uploads\/2025\/10\/Mercados-Palma.jpg","type":"image\/jpeg"}],"twitter_card":"summary_large_image","twitter_site":"@passionforpalma","twitter_misc":{"Tiempo de lectura":"1 minuto"},"schema":{"@context":"https:\/\/schema.org","@graph":[{"@type":"WebPage","@id":"https:\/\/visitpalma.com\/es\/mercados\/","url":"https:\/\/visitpalma.com\/es\/mercados\/","name":"Mercados de Palma: tradici\u00f3n, sabor y vida local | Visit Palma","isPartOf":{"@id":"https:\/\/visitpalma.com\/es\/#website"},"primaryImageOfPage":{"@id":"https:\/\/visitpalma.com\/es\/mercados\/#primaryimage"},"image":{"@id":"https:\/\/visitpalma.com\/es\/mercados\/#primaryimage"},"thumbnailUrl":"https:\/\/visitpalma.com\/wp-content\/uploads\/2025\/10\/Mercados-Palma.jpg","datePublished":"2025-10-19T22:02:22+00:00","dateModified":"2025-10-26T11:51:42+00:00","description":"Recorre los mercados de Palma: ecol\u00f3gicos, artesanales y de barrio. Productos locales, ambiente aut\u00e9ntico y esencia mediterr\u00e1nea.","breadcrumb":{"@id":"https:\/\/visitpalma.com\/es\/mercados\/#breadcrumb"},"inLanguage":"es","potentialAction":[{"@type":"ReadAction","target":["https:\/\/visitpalma.com\/es\/mercados\/"]}]},{"@type":"ImageObject","inLanguage":"es","@id":"https:\/\/visitpalma.com\/es\/mercados\/#primaryimage","url":"https:\/\/visitpalma.com\/wp-content\/uploads\/2025\/10\/Mercados-Palma.jpg","contentUrl":"https:\/\/visitpalma.com\/wp-content\/uploads\/2025\/10\/Mercados-Palma.jpg","width":1920,"height":650,"caption":"Mercados Palma"},{"@type":"BreadcrumbList","@id":"https:\/\/visitpalma.com\/es\/mercados\/#breadcrumb","itemListElement":[{"@type":"ListItem","position":1,"name":"Inicio","item":"https:\/\/visitpalma.com\/es\/"},{"@type":"ListItem","position":2,"name":"Mercados de Palma"}]},{"@type":"WebSite","@id":"https:\/\/visitpalma.com\/es\/#website","url":"https:\/\/visitpalma.com\/es\/","name":"Visit Palma","description":"","publisher":{"@id":"https:\/\/visitpalma.com\/es\/#organization"},"potentialAction":[{"@type":"SearchAction","target":{"@type":"EntryPoint","urlTemplate":"https:\/\/visitpalma.com\/es\/?s={search_term_string}"},"query-input":{"@type":"PropertyValueSpecification","valueRequired":true,"valueName":"search_term_string"}}],"inLanguage":"es"},{"@type":"Organization","@id":"https:\/\/visitpalma.com\/es\/#organization","name":"Fundaci\u00f3n Turismo Palma de Mallorca 365","url":"https:\/\/visitpalma.com\/es\/","logo":{"@type":"ImageObject","inLanguage":"es","@id":"https:\/\/visitpalma.com\/es\/#\/schema\/logo\/image\/","url":"https:\/\/visitpalma.com\/wp-content\/uploads\/2025\/05\/Logo-Passion-for-Palma-de-Mallorca.svg","contentUrl":"https:\/\/visitpalma.com\/wp-content\/uploads\/2025\/05\/Logo-Passion-for-Palma-de-Mallorca.svg","width":377,"height":377,"caption":"Fundaci\u00f3n Turismo Palma de Mallorca 365"},"image":{"@id":"https:\/\/visitpalma.com\/es\/#\/schema\/logo\/image\/"},"sameAs":["https:\/\/www.facebook.com\/passionforpalma","https:\/\/x.com\/passionforpalma","https:\/\/www.instagram.com\/passionforpalma_\/","https:\/\/www.youtube.com\/channel\/UCALF2N1FRnmAZYBttkQjedA"]}]}},"_links":{"self":[{"href":"https:\/\/visitpalma.com\/es\/wp-json\/wp\/v2\/pages\/17225","targetHints":{"allow":["GET"]}}],"collection":[{"href":"https:\/\/visitpalma.com\/es\/wp-json\/wp\/v2\/pages"}],"about":[{"href":"https:\/\/visitpalma.com\/es\/wp-json\/wp\/v2\/types\/page"}],"author":[{"embeddable":true,"href":"https:\/\/visitpalma.com\/es\/wp-json\/wp\/v2\/users\/1"}],"replies":[{"embeddable":true,"href":"https:\/\/visitpalma.com\/es\/wp-json\/wp\/v2\/comments?post=17225"}],"version-history":[{"count":17,"href":"https:\/\/visitpalma.com\/es\/wp-json\/wp\/v2\/pages\/17225\/revisions"}],"predecessor-version":[{"id":17522,"href":"https:\/\/visitpalma.com\/es\/wp-json\/wp\/v2\/pages\/17225\/revisions\/17522"}],"wp:featuredmedia":[{"embeddable":true,"href":"https:\/\/visitpalma.com\/es\/wp-json\/wp\/v2\/media\/17240"}],"wp:attachment":[{"href":"https:\/\/visitpalma.com\/es\/wp-json\/wp\/v2\/media?parent=17225"}],"curies":[{"name":"wp","href":"https:\/\/api.w.org\/{rel}","templated":true}]}}