{"id":8424,"date":"2025-06-18T18:42:57","date_gmt":"2025-06-18T16:42:57","guid":{"rendered":"https:\/\/visitpalma.com\/touristische-informationsbueros\/"},"modified":"2025-07-08T20:40:28","modified_gmt":"2025-07-08T18:40:28","slug":"touristische-informationsbueros","status":"publish","type":"page","link":"https:\/\/visitpalma.com\/de\/touristische-informationsbueros\/","title":{"rendered":"Touristische Informationsb\u00fcros"},"content":{"rendered":"\t\t<div data-elementor-type=\"wp-page\" data-elementor-id=\"8424\" class=\"elementor elementor-8424 elementor-5924\" data-elementor-post-type=\"page\">\n\t\t\t\t<div class=\"elementor-element elementor-element-a1d04e5 e-flex e-con-boxed e-con e-parent\" data-id=\"a1d04e5\" data-element_type=\"container\" data-e-type=\"container\">\n\t\t\t\t\t<div class=\"e-con-inner\">\n\t\t<div class=\"elementor-element elementor-element-5318b68 e-con-full e-flex e-con e-child\" data-id=\"5318b68\" data-element_type=\"container\" data-e-type=\"container\">\n\t\t<div class=\"elementor-element elementor-element-57e1c0d e-con-full recuadroredondeadoborde e-flex e-con e-child\" data-id=\"57e1c0d\" data-element_type=\"container\" data-e-type=\"container\">\n\t\t\t\t<div class=\"elementor-element elementor-element-4d9c6da elementor-widget elementor-widget-image\" data-id=\"4d9c6da\" data-element_type=\"widget\" data-e-type=\"widget\" data-settings=\"{&quot;wdt_animation_effect&quot;:&quot;none&quot;}\" data-widget_type=\"image.default\">\n\t\t\t\t<div class=\"elementor-widget-container\">\n\t\t\t\t\t\t\t\t\t\t\t\t\t\t\t<img fetchpriority=\"high\" decoding=\"async\" width=\"480\" height=\"480\" src=\"https:\/\/visitpalma.com\/wp-content\/uploads\/2025\/06\/OIT-Estacio-Maritima.jpg\" class=\"attachment-full size-full wp-image-5954\" alt=\"OIT Estaci\u00f3 Mar\u00edtima\" srcset=\"https:\/\/visitpalma.com\/wp-content\/uploads\/2025\/06\/OIT-Estacio-Maritima.jpg 480w, https:\/\/visitpalma.com\/wp-content\/uploads\/2025\/06\/OIT-Estacio-Maritima-100x100.jpg 100w\" sizes=\"(max-width: 480px) 100vw, 480px\" \/>\t\t\t\t\t\t\t\t\t\t\t\t\t\t\t<\/div>\n\t\t\t\t<\/div>\n\t\t\t\t<div class=\"elementor-element elementor-element-63ad944 elementor-widget elementor-widget-text-editor\" data-id=\"63ad944\" data-element_type=\"widget\" data-e-type=\"widget\" data-settings=\"{&quot;wdt_animation_effect&quot;:&quot;none&quot;}\" data-widget_type=\"text-editor.default\">\n\t\t\t\t<div class=\"elementor-widget-container\">\n\t\t\t\t\t\t\t\t\t<h2>OIT Estaci\u00f3 Mar\u00edtima<\/h2><p>Moll Pelaires, delante Estaci\u00f3 Mar\u00edtima, 2<\/p><p>07015 Palma<\/p><p>Tel: <a href=\"tel:0034902102365\">902102365<\/a><\/p><p><a href=\"mailto:palmainfo@palma.cat\">palmainfo@palma.cat<\/a><\/p><p>9h a 17h <strong>(Nur and kreuzfahrttagen)<\/strong><\/p>\t\t\t\t\t\t\t\t<\/div>\n\t\t\t\t<\/div>\n\t\t\t\t<\/div>\n\t\t<div class=\"elementor-element elementor-element-0238c1c e-con-full recuadroredondeadoborde e-flex e-con e-child\" data-id=\"0238c1c\" data-element_type=\"container\" data-e-type=\"container\">\n\t\t\t\t<div class=\"elementor-element elementor-element-3c81a5f elementor-widget elementor-widget-image\" data-id=\"3c81a5f\" data-element_type=\"widget\" data-e-type=\"widget\" data-settings=\"{&quot;wdt_animation_effect&quot;:&quot;none&quot;}\" data-widget_type=\"image.default\">\n\t\t\t\t<div class=\"elementor-widget-container\">\n\t\t\t\t\t\t\t\t\t\t\t\t\t\t\t<img decoding=\"async\" width=\"480\" height=\"480\" src=\"https:\/\/visitpalma.com\/wp-content\/uploads\/2025\/06\/OIT-Estacions.jpg\" class=\"attachment-full size-full wp-image-5970\" alt=\"OIT Estacions\" srcset=\"https:\/\/visitpalma.com\/wp-content\/uploads\/2025\/06\/OIT-Estacions.jpg 480w, https:\/\/visitpalma.com\/wp-content\/uploads\/2025\/06\/OIT-Estacions-100x100.jpg 100w\" sizes=\"(max-width: 480px) 100vw, 480px\" \/>\t\t\t\t\t\t\t\t\t\t\t\t\t\t\t<\/div>\n\t\t\t\t<\/div>\n\t\t\t\t<div class=\"elementor-element elementor-element-efe1d43 elementor-widget elementor-widget-text-editor\" data-id=\"efe1d43\" data-element_type=\"widget\" data-e-type=\"widget\" data-settings=\"{&quot;wdt_animation_effect&quot;:&quot;none&quot;}\" data-widget_type=\"text-editor.default\">\n\t\t\t\t<div class=\"elementor-widget-container\">\n\t\t\t\t\t\t\t\t\t<h2 class=\"titol-llista\">OIT Estacions<\/h2><p>Parc de les Estacions, s\/n<\/p><p>07002 Palma<\/p><p>Tel: <a href=\"tel:0034902102365\">902102365<\/a><\/p><p><a href=\"mailto:palmainfo@palma.cat\">palmainfo@palma.cat<\/a><\/p><p>Montag bis Sonntag von 9 bis 17 Uhr<\/p>\t\t\t\t\t\t\t\t<\/div>\n\t\t\t\t<\/div>\n\t\t\t\t<\/div>\n\t\t<div class=\"elementor-element elementor-element-57acfd1 e-con-full recuadroredondeadoborde e-flex e-con e-child\" data-id=\"57acfd1\" data-element_type=\"container\" data-e-type=\"container\">\n\t\t\t\t<div class=\"elementor-element elementor-element-b45aa24 elementor-widget elementor-widget-image\" data-id=\"b45aa24\" data-element_type=\"widget\" data-e-type=\"widget\" data-settings=\"{&quot;wdt_animation_effect&quot;:&quot;none&quot;}\" data-widget_type=\"image.default\">\n\t\t\t\t<div class=\"elementor-widget-container\">\n\t\t\t\t\t\t\t\t\t\t\t\t\t\t\t<img decoding=\"async\" width=\"480\" height=\"480\" src=\"https:\/\/visitpalma.com\/wp-content\/uploads\/2025\/06\/OIT-Parc-de-la-Mar.jpg\" class=\"attachment-full size-full wp-image-5962\" alt=\"OIT Parc de la Mar\" srcset=\"https:\/\/visitpalma.com\/wp-content\/uploads\/2025\/06\/OIT-Parc-de-la-Mar.jpg 480w, https:\/\/visitpalma.com\/wp-content\/uploads\/2025\/06\/OIT-Parc-de-la-Mar-100x100.jpg 100w\" sizes=\"(max-width: 480px) 100vw, 480px\" \/>\t\t\t\t\t\t\t\t\t\t\t\t\t\t\t<\/div>\n\t\t\t\t<\/div>\n\t\t\t\t<div class=\"elementor-element elementor-element-c8085c0 elementor-widget elementor-widget-text-editor\" data-id=\"c8085c0\" data-element_type=\"widget\" data-e-type=\"widget\" data-settings=\"{&quot;wdt_animation_effect&quot;:&quot;none&quot;}\" data-widget_type=\"text-editor.default\">\n\t\t\t\t<div class=\"elementor-widget-container\">\n\t\t\t\t\t\t\t\t\t<h2 class=\"titol-llista\">OIT Parc de la Mar<\/h2><p>Av. Antoni Maura &#8211; Parc de la Mar, s\/n<\/p><p>07012 Palma<\/p><p>Tel: <a href=\"tel:0034902102365\">902102365<\/a><\/p><p><a href=\"mailto:palmainfo@palma.cat\">palmainfo@palma.cat<\/a><\/p><p>Montag bis Sonntag von 9 bis 17 Uhr<\/p>\t\t\t\t\t\t\t\t<\/div>\n\t\t\t\t<\/div>\n\t\t\t\t<\/div>\n\t\t\t\t<\/div>\n\t\t\t\t\t<\/div>\n\t\t\t\t<\/div>\n\t\t<div class=\"elementor-element elementor-element-b677f3a e-flex e-con-boxed e-con e-parent\" data-id=\"b677f3a\" data-element_type=\"container\" data-e-type=\"container\">\n\t\t\t\t\t<div class=\"e-con-inner\">\n\t\t<div class=\"elementor-element elementor-element-7ac18a8 e-con-full e-flex e-con e-child\" data-id=\"7ac18a8\" data-element_type=\"container\" data-e-type=\"container\">\n\t\t<div class=\"elementor-element elementor-element-d6bf5be e-con-full recuadroredondeadoborde e-flex e-con e-child\" data-id=\"d6bf5be\" data-element_type=\"container\" data-e-type=\"container\">\n\t\t\t\t<div class=\"elementor-element elementor-element-c23c874 elementor-widget elementor-widget-image\" data-id=\"c23c874\" data-element_type=\"widget\" data-e-type=\"widget\" data-settings=\"{&quot;wdt_animation_effect&quot;:&quot;none&quot;}\" data-widget_type=\"image.default\">\n\t\t\t\t<div class=\"elementor-widget-container\">\n\t\t\t\t\t\t\t\t\t\t\t\t\t\t\t<img loading=\"lazy\" decoding=\"async\" width=\"480\" height=\"480\" src=\"https:\/\/visitpalma.com\/wp-content\/uploads\/2025\/06\/OIT-Platja-de-Palma.jpg\" class=\"attachment-full size-full wp-image-5966\" alt=\"OIT Platja de Palma\" srcset=\"https:\/\/visitpalma.com\/wp-content\/uploads\/2025\/06\/OIT-Platja-de-Palma.jpg 480w, https:\/\/visitpalma.com\/wp-content\/uploads\/2025\/06\/OIT-Platja-de-Palma-100x100.jpg 100w\" sizes=\"(max-width: 480px) 100vw, 480px\" \/>\t\t\t\t\t\t\t\t\t\t\t\t\t\t\t<\/div>\n\t\t\t\t<\/div>\n\t\t\t\t<div class=\"elementor-element elementor-element-7723ea5 elementor-widget elementor-widget-text-editor\" data-id=\"7723ea5\" data-element_type=\"widget\" data-e-type=\"widget\" data-settings=\"{&quot;wdt_animation_effect&quot;:&quot;none&quot;}\" data-widget_type=\"text-editor.default\">\n\t\t\t\t<div class=\"elementor-widget-container\">\n\t\t\t\t\t\t\t\t\t<h2>OIT Platja de Palma<\/h2><p>Pl. de les Meravelles, s\/n<\/p><p>07610 Palma<\/p><p>Tel: <a href=\"tel:0034902102365\">902102365<\/a><\/p><p><a href=\"mailto:palmainfo@palma.cat\">palmainfo@palma.cat<\/a><\/p><p>Montag bis Sonntag von 9 bis 17 Uhr<\/p>\t\t\t\t\t\t\t\t<\/div>\n\t\t\t\t<\/div>\n\t\t\t\t<\/div>\n\t\t\t\t<\/div>\n\t\t\t\t\t<\/div>\n\t\t\t\t<\/div>\n\t\t\t\t<\/div>\n\t\t","protected":false},"excerpt":{"rendered":"<p>OIT Estaci\u00f3 Mar\u00edtima Moll Pelaires, delante Estaci\u00f3 Mar\u00edtima, 2 07015 Palma Tel: 902102365 palmainfo@palma.cat 9h a 17h (Nur and kreuzfahrttagen) OIT Estacions Parc de les Estacions, s\/n 07002 Palma Tel: [&hellip;]<\/p>\n","protected":false},"author":4,"featured_media":5962,"parent":0,"menu_order":0,"comment_status":"closed","ping_status":"closed","template":"elementor_header_footer","meta":{"_monsterinsights_skip_tracking":false,"_monsterinsights_sitenote_active":false,"_monsterinsights_sitenote_note":"","_monsterinsights_sitenote_category":0,"footnotes":""},"class_list":["post-8424","page","type-page","status-publish","has-post-thumbnail","hentry"],"yoast_head":"<!-- This site is optimized with the Yoast SEO plugin v27.4 - https:\/\/yoast.com\/product\/yoast-seo-wordpress\/ -->\n<title>Tourist\u2011Information Palma \u2013 zentrale B\u00fcros<\/title>\n<meta name=\"description\" content=\"Besuche die Tourist\u2010B\u00fcros in Palma: Standorte, \u00d6ffnungszeiten, Kontakt und Karten f\u00fcr deine optimale Stadtplanung.\" \/>\n<meta name=\"robots\" content=\"index, follow, max-snippet:-1, max-image-preview:large, max-video-preview:-1\" \/>\n<link rel=\"canonical\" href=\"https:\/\/visitpalma.com\/de\/touristische-informationsbueros\/\" \/>\n<meta property=\"og:locale\" content=\"de_DE\" \/>\n<meta property=\"og:type\" content=\"article\" \/>\n<meta property=\"og:title\" content=\"Tourist\u2011Information Palma \u2013 zentrale B\u00fcros\" \/>\n<meta property=\"og:description\" content=\"Besuche die Tourist\u2010B\u00fcros in Palma: Standorte, \u00d6ffnungszeiten, Kontakt und Karten f\u00fcr deine optimale Stadtplanung.\" \/>\n<meta property=\"og:url\" content=\"https:\/\/visitpalma.com\/de\/touristische-informationsbueros\/\" \/>\n<meta property=\"og:site_name\" content=\"Visit Palma\" \/>\n<meta property=\"article:publisher\" content=\"https:\/\/www.facebook.com\/passionforpalma\" \/>\n<meta property=\"article:modified_time\" content=\"2025-07-08T18:40:28+00:00\" \/>\n<meta property=\"og:image\" content=\"https:\/\/visitpalma.com\/wp-content\/uploads\/2025\/06\/OIT-Parc-de-la-Mar.jpg\" \/>\n\t<meta property=\"og:image:width\" content=\"480\" \/>\n\t<meta property=\"og:image:height\" content=\"480\" \/>\n\t<meta property=\"og:image:type\" content=\"image\/jpeg\" \/>\n<meta name=\"twitter:card\" content=\"summary_large_image\" \/>\n<meta name=\"twitter:site\" content=\"@passionforpalma\" \/>\n<meta name=\"twitter:label1\" content=\"Gesch\u00e4tzte Lesezeit\" \/>\n\t<meta name=\"twitter:data1\" content=\"2\u00a0Minuten\" \/>\n<script type=\"application\/ld+json\" class=\"yoast-schema-graph\">{\"@context\":\"https:\\\/\\\/schema.org\",\"@graph\":[{\"@type\":\"WebPage\",\"@id\":\"https:\\\/\\\/visitpalma.com\\\/de\\\/touristische-informationsbueros\\\/\",\"url\":\"https:\\\/\\\/visitpalma.com\\\/de\\\/touristische-informationsbueros\\\/\",\"name\":\"Tourist\u2011Information Palma \u2013 zentrale B\u00fcros\",\"isPartOf\":{\"@id\":\"https:\\\/\\\/visitpalma.com\\\/de\\\/#website\"},\"primaryImageOfPage\":{\"@id\":\"https:\\\/\\\/visitpalma.com\\\/de\\\/touristische-informationsbueros\\\/#primaryimage\"},\"image\":{\"@id\":\"https:\\\/\\\/visitpalma.com\\\/de\\\/touristische-informationsbueros\\\/#primaryimage\"},\"thumbnailUrl\":\"https:\\\/\\\/visitpalma.com\\\/wp-content\\\/uploads\\\/2025\\\/06\\\/OIT-Parc-de-la-Mar.jpg\",\"datePublished\":\"2025-06-18T16:42:57+00:00\",\"dateModified\":\"2025-07-08T18:40:28+00:00\",\"description\":\"Besuche die Tourist\u2010B\u00fcros in Palma: Standorte, \u00d6ffnungszeiten, Kontakt und Karten f\u00fcr deine optimale Stadtplanung.\",\"breadcrumb\":{\"@id\":\"https:\\\/\\\/visitpalma.com\\\/de\\\/touristische-informationsbueros\\\/#breadcrumb\"},\"inLanguage\":\"de\",\"potentialAction\":[{\"@type\":\"ReadAction\",\"target\":[\"https:\\\/\\\/visitpalma.com\\\/de\\\/touristische-informationsbueros\\\/\"]}]},{\"@type\":\"ImageObject\",\"inLanguage\":\"de\",\"@id\":\"https:\\\/\\\/visitpalma.com\\\/de\\\/touristische-informationsbueros\\\/#primaryimage\",\"url\":\"https:\\\/\\\/visitpalma.com\\\/wp-content\\\/uploads\\\/2025\\\/06\\\/OIT-Parc-de-la-Mar.jpg\",\"contentUrl\":\"https:\\\/\\\/visitpalma.com\\\/wp-content\\\/uploads\\\/2025\\\/06\\\/OIT-Parc-de-la-Mar.jpg\",\"width\":480,\"height\":480,\"caption\":\"OIT Parc de la Mar\"},{\"@type\":\"BreadcrumbList\",\"@id\":\"https:\\\/\\\/visitpalma.com\\\/de\\\/touristische-informationsbueros\\\/#breadcrumb\",\"itemListElement\":[{\"@type\":\"ListItem\",\"position\":1,\"name\":\"Inicio\",\"item\":\"https:\\\/\\\/visitpalma.com\\\/de\\\/\"},{\"@type\":\"ListItem\",\"position\":2,\"name\":\"Touristische Informationsb\u00fcros\"}]},{\"@type\":\"WebSite\",\"@id\":\"https:\\\/\\\/visitpalma.com\\\/de\\\/#website\",\"url\":\"https:\\\/\\\/visitpalma.com\\\/de\\\/\",\"name\":\"Visit Palma\",\"description\":\"\",\"publisher\":{\"@id\":\"https:\\\/\\\/visitpalma.com\\\/de\\\/#organization\"},\"potentialAction\":[{\"@type\":\"SearchAction\",\"target\":{\"@type\":\"EntryPoint\",\"urlTemplate\":\"https:\\\/\\\/visitpalma.com\\\/de\\\/?s={search_term_string}\"},\"query-input\":{\"@type\":\"PropertyValueSpecification\",\"valueRequired\":true,\"valueName\":\"search_term_string\"}}],\"inLanguage\":\"de\"},{\"@type\":\"Organization\",\"@id\":\"https:\\\/\\\/visitpalma.com\\\/de\\\/#organization\",\"name\":\"Fundaci\u00f3n Turismo Palma de Mallorca 365\",\"url\":\"https:\\\/\\\/visitpalma.com\\\/de\\\/\",\"logo\":{\"@type\":\"ImageObject\",\"inLanguage\":\"de\",\"@id\":\"https:\\\/\\\/visitpalma.com\\\/de\\\/#\\\/schema\\\/logo\\\/image\\\/\",\"url\":\"https:\\\/\\\/visitpalma.com\\\/wp-content\\\/uploads\\\/2025\\\/05\\\/Logo-Passion-for-Palma-de-Mallorca.svg\",\"contentUrl\":\"https:\\\/\\\/visitpalma.com\\\/wp-content\\\/uploads\\\/2025\\\/05\\\/Logo-Passion-for-Palma-de-Mallorca.svg\",\"width\":377,\"height\":377,\"caption\":\"Fundaci\u00f3n Turismo Palma de Mallorca 365\"},\"image\":{\"@id\":\"https:\\\/\\\/visitpalma.com\\\/de\\\/#\\\/schema\\\/logo\\\/image\\\/\"},\"sameAs\":[\"https:\\\/\\\/www.facebook.com\\\/passionforpalma\",\"https:\\\/\\\/x.com\\\/passionforpalma\",\"https:\\\/\\\/www.instagram.com\\\/passionforpalma_\\\/\",\"https:\\\/\\\/www.youtube.com\\\/channel\\\/UCALF2N1FRnmAZYBttkQjedA\"]}]}<\/script>\n<!-- \/ Yoast SEO plugin. -->","yoast_head_json":{"title":"Tourist\u2011Information Palma \u2013 zentrale B\u00fcros","description":"Besuche die Tourist\u2010B\u00fcros in Palma: Standorte, \u00d6ffnungszeiten, Kontakt und Karten f\u00fcr deine optimale Stadtplanung.","robots":{"index":"index","follow":"follow","max-snippet":"max-snippet:-1","max-image-preview":"max-image-preview:large","max-video-preview":"max-video-preview:-1"},"canonical":"https:\/\/visitpalma.com\/de\/touristische-informationsbueros\/","og_locale":"de_DE","og_type":"article","og_title":"Tourist\u2011Information Palma \u2013 zentrale B\u00fcros","og_description":"Besuche die Tourist\u2010B\u00fcros in Palma: Standorte, \u00d6ffnungszeiten, Kontakt und Karten f\u00fcr deine optimale Stadtplanung.","og_url":"https:\/\/visitpalma.com\/de\/touristische-informationsbueros\/","og_site_name":"Visit Palma","article_publisher":"https:\/\/www.facebook.com\/passionforpalma","article_modified_time":"2025-07-08T18:40:28+00:00","og_image":[{"width":480,"height":480,"url":"https:\/\/visitpalma.com\/wp-content\/uploads\/2025\/06\/OIT-Parc-de-la-Mar.jpg","type":"image\/jpeg"}],"twitter_card":"summary_large_image","twitter_site":"@passionforpalma","twitter_misc":{"Gesch\u00e4tzte Lesezeit":"2\u00a0Minuten"},"schema":{"@context":"https:\/\/schema.org","@graph":[{"@type":"WebPage","@id":"https:\/\/visitpalma.com\/de\/touristische-informationsbueros\/","url":"https:\/\/visitpalma.com\/de\/touristische-informationsbueros\/","name":"Tourist\u2011Information Palma \u2013 zentrale B\u00fcros","isPartOf":{"@id":"https:\/\/visitpalma.com\/de\/#website"},"primaryImageOfPage":{"@id":"https:\/\/visitpalma.com\/de\/touristische-informationsbueros\/#primaryimage"},"image":{"@id":"https:\/\/visitpalma.com\/de\/touristische-informationsbueros\/#primaryimage"},"thumbnailUrl":"https:\/\/visitpalma.com\/wp-content\/uploads\/2025\/06\/OIT-Parc-de-la-Mar.jpg","datePublished":"2025-06-18T16:42:57+00:00","dateModified":"2025-07-08T18:40:28+00:00","description":"Besuche die Tourist\u2010B\u00fcros in Palma: Standorte, \u00d6ffnungszeiten, Kontakt und Karten f\u00fcr deine optimale Stadtplanung.","breadcrumb":{"@id":"https:\/\/visitpalma.com\/de\/touristische-informationsbueros\/#breadcrumb"},"inLanguage":"de","potentialAction":[{"@type":"ReadAction","target":["https:\/\/visitpalma.com\/de\/touristische-informationsbueros\/"]}]},{"@type":"ImageObject","inLanguage":"de","@id":"https:\/\/visitpalma.com\/de\/touristische-informationsbueros\/#primaryimage","url":"https:\/\/visitpalma.com\/wp-content\/uploads\/2025\/06\/OIT-Parc-de-la-Mar.jpg","contentUrl":"https:\/\/visitpalma.com\/wp-content\/uploads\/2025\/06\/OIT-Parc-de-la-Mar.jpg","width":480,"height":480,"caption":"OIT Parc de la Mar"},{"@type":"BreadcrumbList","@id":"https:\/\/visitpalma.com\/de\/touristische-informationsbueros\/#breadcrumb","itemListElement":[{"@type":"ListItem","position":1,"name":"Inicio","item":"https:\/\/visitpalma.com\/de\/"},{"@type":"ListItem","position":2,"name":"Touristische Informationsb\u00fcros"}]},{"@type":"WebSite","@id":"https:\/\/visitpalma.com\/de\/#website","url":"https:\/\/visitpalma.com\/de\/","name":"Visit Palma","description":"","publisher":{"@id":"https:\/\/visitpalma.com\/de\/#organization"},"potentialAction":[{"@type":"SearchAction","target":{"@type":"EntryPoint","urlTemplate":"https:\/\/visitpalma.com\/de\/?s={search_term_string}"},"query-input":{"@type":"PropertyValueSpecification","valueRequired":true,"valueName":"search_term_string"}}],"inLanguage":"de"},{"@type":"Organization","@id":"https:\/\/visitpalma.com\/de\/#organization","name":"Fundaci\u00f3n Turismo Palma de Mallorca 365","url":"https:\/\/visitpalma.com\/de\/","logo":{"@type":"ImageObject","inLanguage":"de","@id":"https:\/\/visitpalma.com\/de\/#\/schema\/logo\/image\/","url":"https:\/\/visitpalma.com\/wp-content\/uploads\/2025\/05\/Logo-Passion-for-Palma-de-Mallorca.svg","contentUrl":"https:\/\/visitpalma.com\/wp-content\/uploads\/2025\/05\/Logo-Passion-for-Palma-de-Mallorca.svg","width":377,"height":377,"caption":"Fundaci\u00f3n Turismo Palma de Mallorca 365"},"image":{"@id":"https:\/\/visitpalma.com\/de\/#\/schema\/logo\/image\/"},"sameAs":["https:\/\/www.facebook.com\/passionforpalma","https:\/\/x.com\/passionforpalma","https:\/\/www.instagram.com\/passionforpalma_\/","https:\/\/www.youtube.com\/channel\/UCALF2N1FRnmAZYBttkQjedA"]}]}},"_links":{"self":[{"href":"https:\/\/visitpalma.com\/de\/wp-json\/wp\/v2\/pages\/8424","targetHints":{"allow":["GET"]}}],"collection":[{"href":"https:\/\/visitpalma.com\/de\/wp-json\/wp\/v2\/pages"}],"about":[{"href":"https:\/\/visitpalma.com\/de\/wp-json\/wp\/v2\/types\/page"}],"author":[{"embeddable":true,"href":"https:\/\/visitpalma.com\/de\/wp-json\/wp\/v2\/users\/4"}],"replies":[{"embeddable":true,"href":"https:\/\/visitpalma.com\/de\/wp-json\/wp\/v2\/comments?post=8424"}],"version-history":[{"count":13,"href":"https:\/\/visitpalma.com\/de\/wp-json\/wp\/v2\/pages\/8424\/revisions"}],"predecessor-version":[{"id":13476,"href":"https:\/\/visitpalma.com\/de\/wp-json\/wp\/v2\/pages\/8424\/revisions\/13476"}],"wp:featuredmedia":[{"embeddable":true,"href":"https:\/\/visitpalma.com\/de\/wp-json\/wp\/v2\/media\/5962"}],"wp:attachment":[{"href":"https:\/\/visitpalma.com\/de\/wp-json\/wp\/v2\/media?parent=8424"}],"curies":[{"name":"wp","href":"https:\/\/api.w.org\/{rel}","templated":true}]}}