{"id":7916,"date":"2025-06-17T21:27:16","date_gmt":"2025-06-17T19:27:16","guid":{"rendered":"https:\/\/visitpalma.com\/pressemitteilungen-und-erklaerungen\/"},"modified":"2025-06-22T19:05:27","modified_gmt":"2025-06-22T17:05:27","slug":"pressemitteilungen","status":"publish","type":"page","link":"https:\/\/visitpalma.com\/de\/pressemitteilungen\/","title":{"rendered":"Pressemitteilungen und erkl\u00e4rungen"},"content":{"rendered":"\t\t<div data-elementor-type=\"wp-page\" data-elementor-id=\"7916\" class=\"elementor elementor-7916 elementor-5139\" data-elementor-post-type=\"page\">\n\t\t\t\t<div class=\"elementor-element elementor-element-0a02ff4 e-flex e-con-boxed e-con e-parent\" data-id=\"0a02ff4\" data-element_type=\"container\" data-e-type=\"container\" id=\"paginaestatica\">\n\t\t\t\t\t<div class=\"e-con-inner\">\n\t\t\t\t<div class=\"elementor-element elementor-element-6d90b138 elementor-widget elementor-widget-text-editor\" data-id=\"6d90b138\" data-element_type=\"widget\" data-e-type=\"widget\" data-settings=\"{&quot;wdt_animation_effect&quot;:&quot;none&quot;}\" data-widget_type=\"text-editor.default\">\n\t\t\t\t<div class=\"elementor-widget-container\">\n\t\t\t\t\t\t\t\t\t<ul>\n \t<li><a  href=\"https:\/\/visitpalma.com\/wp-content\/uploads\/2025\/06\/ndp-expresiones-viajar-palma-2020-pmt.docx\">Eindr\u00fccke Reise Palma 2020<\/a><\/li>\n \t<li><a  href=\"https:\/\/visitpalma.com\/wp-content\/uploads\/2025\/06\/ndp-otono-deportivo-en-palma.docx\">Oktober Sport in Palma<\/a><\/li>\n \t<li><a href=\"https:\/\/visitpalma.com\/wp-content\/uploads\/2025\/06\/ndp-santa-catalina-barrio-de-moda-en-palma.docx\">anta Catalina \u2013 Stadtviertel der Mode in Palma<\/a><\/li>\n \t<li><a  href=\"https:\/\/visitpalma.com\/wp-content\/uploads\/2025\/06\/ndp-doce-planes-en-palma-para-hacer-en-2022.docx\">Zw\u00f6lf Freizeitaktivit\u00e4ten in Palma f\u00fcr das Jahr 2022<\/a><\/li>\n<\/ul>\n<strong>Zum Anzeigen internationaler Pressemitteilungen wechseln Sie die Sprache<\/strong>\t\t\t\t\t\t\t\t<\/div>\n\t\t\t\t<\/div>\n\t\t\t\t<div class=\"elementor-element elementor-element-2594f82 elementor-align-left elementor-widget elementor-widget-button\" data-id=\"2594f82\" data-element_type=\"widget\" data-e-type=\"widget\" data-settings=\"{&quot;wdt_animation_effect&quot;:&quot;none&quot;}\" data-widget_type=\"button.default\">\n\t\t\t\t<div class=\"elementor-widget-container\">\n\t\t\t\t\t\t\t\t\t<div class=\"elementor-button-wrapper\">\n\t\t\t\t\t<a class=\"elementor-button elementor-button-link elementor-size-sm\" href=\"https:\/\/visitpalma.com\/de\/medienagenturen\/\">\n\t\t\t\t\t\t<span class=\"elementor-button-content-wrapper\">\n\t\t\t\t\t\t\t\t\t<span class=\"elementor-button-text\">Weitere Informationen, Bilder und Interviewmanagement<\/span>\n\t\t\t\t\t<\/span>\n\t\t\t\t\t<\/a>\n\t\t\t\t<\/div>\n\t\t\t\t\t\t\t\t<\/div>\n\t\t\t\t<\/div>\n\t\t\t\t\t<\/div>\n\t\t\t\t<\/div>\n\t\t\t\t<\/div>\n\t\t","protected":false},"excerpt":{"rendered":"<p>Eindr\u00fccke Reise Palma 2020 Oktober Sport in Palma anta Catalina \u2013 Stadtviertel der Mode in Palma Zw\u00f6lf Freizeitaktivit\u00e4ten in Palma f\u00fcr das Jahr 2022 Zum Anzeigen internationaler Pressemitteilungen wechseln Sie [&hellip;]<\/p>\n","protected":false},"author":4,"featured_media":0,"parent":0,"menu_order":0,"comment_status":"closed","ping_status":"closed","template":"","meta":{"_monsterinsights_skip_tracking":false,"_monsterinsights_sitenote_active":false,"_monsterinsights_sitenote_note":"","_monsterinsights_sitenote_category":0,"footnotes":""},"class_list":["post-7916","page","type-page","status-publish","hentry"],"yoast_head":"<!-- This site is optimized with the Yoast SEO plugin v27.4 - https:\/\/yoast.com\/product\/yoast-seo-wordpress\/ -->\n<title>Pressemitteilungen und erkl\u00e4rungen - Visit Palma<\/title>\n<meta name=\"robots\" content=\"index, follow, max-snippet:-1, max-image-preview:large, max-video-preview:-1\" \/>\n<link rel=\"canonical\" href=\"https:\/\/visitpalma.com\/de\/pressemitteilungen\/\" \/>\n<meta property=\"og:locale\" content=\"de_DE\" \/>\n<meta property=\"og:type\" content=\"article\" \/>\n<meta property=\"og:title\" content=\"Pressemitteilungen und erkl\u00e4rungen - Visit Palma\" \/>\n<meta property=\"og:description\" content=\"Eindr\u00fccke Reise Palma 2020 Oktober Sport in Palma anta Catalina \u2013 Stadtviertel der Mode in Palma Zw\u00f6lf Freizeitaktivit\u00e4ten in Palma f\u00fcr das Jahr 2022 Zum Anzeigen internationaler Pressemitteilungen wechseln Sie [&hellip;]\" \/>\n<meta property=\"og:url\" content=\"https:\/\/visitpalma.com\/de\/pressemitteilungen\/\" \/>\n<meta property=\"og:site_name\" content=\"Visit Palma\" \/>\n<meta property=\"article:publisher\" content=\"https:\/\/www.facebook.com\/passionforpalma\" \/>\n<meta property=\"article:modified_time\" content=\"2025-06-22T17:05:27+00:00\" \/>\n<meta name=\"twitter:card\" content=\"summary_large_image\" \/>\n<meta name=\"twitter:site\" content=\"@passionforpalma\" \/>\n<meta name=\"twitter:label1\" content=\"Gesch\u00e4tzte Lesezeit\" \/>\n\t<meta name=\"twitter:data1\" content=\"1\u00a0Minute\" \/>\n<script type=\"application\/ld+json\" class=\"yoast-schema-graph\">{\"@context\":\"https:\\\/\\\/schema.org\",\"@graph\":[{\"@type\":\"WebPage\",\"@id\":\"https:\\\/\\\/visitpalma.com\\\/de\\\/pressemitteilungen\\\/\",\"url\":\"https:\\\/\\\/visitpalma.com\\\/de\\\/pressemitteilungen\\\/\",\"name\":\"Pressemitteilungen und erkl\u00e4rungen - Visit Palma\",\"isPartOf\":{\"@id\":\"https:\\\/\\\/visitpalma.com\\\/de\\\/#website\"},\"datePublished\":\"2025-06-17T19:27:16+00:00\",\"dateModified\":\"2025-06-22T17:05:27+00:00\",\"breadcrumb\":{\"@id\":\"https:\\\/\\\/visitpalma.com\\\/de\\\/pressemitteilungen\\\/#breadcrumb\"},\"inLanguage\":\"de\",\"potentialAction\":[{\"@type\":\"ReadAction\",\"target\":[\"https:\\\/\\\/visitpalma.com\\\/de\\\/pressemitteilungen\\\/\"]}]},{\"@type\":\"BreadcrumbList\",\"@id\":\"https:\\\/\\\/visitpalma.com\\\/de\\\/pressemitteilungen\\\/#breadcrumb\",\"itemListElement\":[{\"@type\":\"ListItem\",\"position\":1,\"name\":\"Inicio\",\"item\":\"https:\\\/\\\/visitpalma.com\\\/de\\\/\"},{\"@type\":\"ListItem\",\"position\":2,\"name\":\"Pressemitteilungen und erkl\u00e4rungen\"}]},{\"@type\":\"WebSite\",\"@id\":\"https:\\\/\\\/visitpalma.com\\\/de\\\/#website\",\"url\":\"https:\\\/\\\/visitpalma.com\\\/de\\\/\",\"name\":\"Visit Palma\",\"description\":\"\",\"publisher\":{\"@id\":\"https:\\\/\\\/visitpalma.com\\\/de\\\/#organization\"},\"potentialAction\":[{\"@type\":\"SearchAction\",\"target\":{\"@type\":\"EntryPoint\",\"urlTemplate\":\"https:\\\/\\\/visitpalma.com\\\/de\\\/?s={search_term_string}\"},\"query-input\":{\"@type\":\"PropertyValueSpecification\",\"valueRequired\":true,\"valueName\":\"search_term_string\"}}],\"inLanguage\":\"de\"},{\"@type\":\"Organization\",\"@id\":\"https:\\\/\\\/visitpalma.com\\\/de\\\/#organization\",\"name\":\"Fundaci\u00f3n Turismo Palma de Mallorca 365\",\"url\":\"https:\\\/\\\/visitpalma.com\\\/de\\\/\",\"logo\":{\"@type\":\"ImageObject\",\"inLanguage\":\"de\",\"@id\":\"https:\\\/\\\/visitpalma.com\\\/de\\\/#\\\/schema\\\/logo\\\/image\\\/\",\"url\":\"https:\\\/\\\/visitpalma.com\\\/wp-content\\\/uploads\\\/2025\\\/05\\\/Logo-Passion-for-Palma-de-Mallorca.svg\",\"contentUrl\":\"https:\\\/\\\/visitpalma.com\\\/wp-content\\\/uploads\\\/2025\\\/05\\\/Logo-Passion-for-Palma-de-Mallorca.svg\",\"width\":377,\"height\":377,\"caption\":\"Fundaci\u00f3n Turismo Palma de Mallorca 365\"},\"image\":{\"@id\":\"https:\\\/\\\/visitpalma.com\\\/de\\\/#\\\/schema\\\/logo\\\/image\\\/\"},\"sameAs\":[\"https:\\\/\\\/www.facebook.com\\\/passionforpalma\",\"https:\\\/\\\/x.com\\\/passionforpalma\",\"https:\\\/\\\/www.instagram.com\\\/passionforpalma_\\\/\",\"https:\\\/\\\/www.youtube.com\\\/channel\\\/UCALF2N1FRnmAZYBttkQjedA\"]}]}<\/script>\n<!-- \/ Yoast SEO plugin. -->","yoast_head_json":{"title":"Pressemitteilungen und erkl\u00e4rungen - Visit Palma","robots":{"index":"index","follow":"follow","max-snippet":"max-snippet:-1","max-image-preview":"max-image-preview:large","max-video-preview":"max-video-preview:-1"},"canonical":"https:\/\/visitpalma.com\/de\/pressemitteilungen\/","og_locale":"de_DE","og_type":"article","og_title":"Pressemitteilungen und erkl\u00e4rungen - Visit Palma","og_description":"Eindr\u00fccke Reise Palma 2020 Oktober Sport in Palma anta Catalina \u2013 Stadtviertel der Mode in Palma Zw\u00f6lf Freizeitaktivit\u00e4ten in Palma f\u00fcr das Jahr 2022 Zum Anzeigen internationaler Pressemitteilungen wechseln Sie [&hellip;]","og_url":"https:\/\/visitpalma.com\/de\/pressemitteilungen\/","og_site_name":"Visit Palma","article_publisher":"https:\/\/www.facebook.com\/passionforpalma","article_modified_time":"2025-06-22T17:05:27+00:00","twitter_card":"summary_large_image","twitter_site":"@passionforpalma","twitter_misc":{"Gesch\u00e4tzte Lesezeit":"1\u00a0Minute"},"schema":{"@context":"https:\/\/schema.org","@graph":[{"@type":"WebPage","@id":"https:\/\/visitpalma.com\/de\/pressemitteilungen\/","url":"https:\/\/visitpalma.com\/de\/pressemitteilungen\/","name":"Pressemitteilungen und erkl\u00e4rungen - Visit Palma","isPartOf":{"@id":"https:\/\/visitpalma.com\/de\/#website"},"datePublished":"2025-06-17T19:27:16+00:00","dateModified":"2025-06-22T17:05:27+00:00","breadcrumb":{"@id":"https:\/\/visitpalma.com\/de\/pressemitteilungen\/#breadcrumb"},"inLanguage":"de","potentialAction":[{"@type":"ReadAction","target":["https:\/\/visitpalma.com\/de\/pressemitteilungen\/"]}]},{"@type":"BreadcrumbList","@id":"https:\/\/visitpalma.com\/de\/pressemitteilungen\/#breadcrumb","itemListElement":[{"@type":"ListItem","position":1,"name":"Inicio","item":"https:\/\/visitpalma.com\/de\/"},{"@type":"ListItem","position":2,"name":"Pressemitteilungen und erkl\u00e4rungen"}]},{"@type":"WebSite","@id":"https:\/\/visitpalma.com\/de\/#website","url":"https:\/\/visitpalma.com\/de\/","name":"Visit Palma","description":"","publisher":{"@id":"https:\/\/visitpalma.com\/de\/#organization"},"potentialAction":[{"@type":"SearchAction","target":{"@type":"EntryPoint","urlTemplate":"https:\/\/visitpalma.com\/de\/?s={search_term_string}"},"query-input":{"@type":"PropertyValueSpecification","valueRequired":true,"valueName":"search_term_string"}}],"inLanguage":"de"},{"@type":"Organization","@id":"https:\/\/visitpalma.com\/de\/#organization","name":"Fundaci\u00f3n Turismo Palma de Mallorca 365","url":"https:\/\/visitpalma.com\/de\/","logo":{"@type":"ImageObject","inLanguage":"de","@id":"https:\/\/visitpalma.com\/de\/#\/schema\/logo\/image\/","url":"https:\/\/visitpalma.com\/wp-content\/uploads\/2025\/05\/Logo-Passion-for-Palma-de-Mallorca.svg","contentUrl":"https:\/\/visitpalma.com\/wp-content\/uploads\/2025\/05\/Logo-Passion-for-Palma-de-Mallorca.svg","width":377,"height":377,"caption":"Fundaci\u00f3n Turismo Palma de Mallorca 365"},"image":{"@id":"https:\/\/visitpalma.com\/de\/#\/schema\/logo\/image\/"},"sameAs":["https:\/\/www.facebook.com\/passionforpalma","https:\/\/x.com\/passionforpalma","https:\/\/www.instagram.com\/passionforpalma_\/","https:\/\/www.youtube.com\/channel\/UCALF2N1FRnmAZYBttkQjedA"]}]}},"_links":{"self":[{"href":"https:\/\/visitpalma.com\/de\/wp-json\/wp\/v2\/pages\/7916","targetHints":{"allow":["GET"]}}],"collection":[{"href":"https:\/\/visitpalma.com\/de\/wp-json\/wp\/v2\/pages"}],"about":[{"href":"https:\/\/visitpalma.com\/de\/wp-json\/wp\/v2\/types\/page"}],"author":[{"embeddable":true,"href":"https:\/\/visitpalma.com\/de\/wp-json\/wp\/v2\/users\/4"}],"replies":[{"embeddable":true,"href":"https:\/\/visitpalma.com\/de\/wp-json\/wp\/v2\/comments?post=7916"}],"version-history":[{"count":9,"href":"https:\/\/visitpalma.com\/de\/wp-json\/wp\/v2\/pages\/7916\/revisions"}],"predecessor-version":[{"id":9078,"href":"https:\/\/visitpalma.com\/de\/wp-json\/wp\/v2\/pages\/7916\/revisions\/9078"}],"wp:attachment":[{"href":"https:\/\/visitpalma.com\/de\/wp-json\/wp\/v2\/media?parent=7916"}],"curies":[{"name":"wp","href":"https:\/\/api.w.org\/{rel}","templated":true}]}}