{"id":7823,"date":"2025-06-17T19:59:19","date_gmt":"2025-06-17T17:59:19","guid":{"rendered":"https:\/\/visitpalma.com\/datenschutzrichtlinie\/"},"modified":"2025-06-22T19:05:34","modified_gmt":"2025-06-22T17:05:34","slug":"privatsphaere","status":"publish","type":"page","link":"https:\/\/visitpalma.com\/de\/privatsphaere\/","title":{"rendered":"Privatsph\u00e4re"},"content":{"rendered":"\t\t<div data-elementor-type=\"wp-page\" data-elementor-id=\"7823\" class=\"elementor elementor-7823 elementor-5034\" data-elementor-post-type=\"page\">\n\t\t\t\t<div class=\"elementor-element elementor-element-0a02ff4 e-flex e-con-boxed e-con e-parent\" data-id=\"0a02ff4\" data-element_type=\"container\" data-e-type=\"container\" id=\"paginaestatica\">\n\t\t\t\t\t<div class=\"e-con-inner\">\n\t\t\t\t<div class=\"elementor-element elementor-element-6d90b138 elementor-widget elementor-widget-text-editor\" data-id=\"6d90b138\" data-element_type=\"widget\" data-e-type=\"widget\" data-settings=\"{&quot;wdt_animation_effect&quot;:&quot;none&quot;}\" data-widget_type=\"text-editor.default\">\n\t\t\t\t<div class=\"elementor-widget-container\">\n\t\t\t\t\t\t\t\t\t<p><strong>Datenverantwortlicher: <\/strong>FUNDACI\u00d3 TURISME PALMA 365<\/p><p><strong>CIF<\/strong> G57744344<\/p><p><strong>Steuersitz:<\/strong><\/p><p>C\/ Plaza Cort, 1<\/p><p>07001 Palma<\/p><p>Illes Balears<\/p><p><strong>Zugangsadresse:<\/strong><\/p><p>C\/ Socors, 22\u00aa<\/p><p>07002 Palma<\/p><p>Illes Balears<\/p><p>Tel. +34 971225986<\/p><p><a href=\"mailto:admin.ftp365@palma.cat\">admin.ftp365@palma.cat<\/a><\/p><p><strong>Zu welchem Zweck verarbeiten wir Ihre Daten?<\/strong><\/p><p>Die auf dieser Website erfassten Daten werden verarbeitet, um auf Ihre Anfragen und\/oder W\u00fcnsche reagieren zu k\u00f6nnen.<\/p><p><strong>Auf welcher Legitimationsgrundlage verarbeiten wir Ihre personenbezogenen Daten?<\/strong><\/p><p>Die Legitimationsgrundlage f\u00fcr die Verarbeitung Ihrer personenbezogenen Daten ist Ihre Einwilligung nach Aufkl\u00e4rung, die Sie jederzeit zur\u00fcckziehen k\u00f6nnen. Die R\u00fccknahme Ihrer Zustimmung hat jedoch keinen Einfluss auf die bereits durchgef\u00fchrte Verarbeitung.<\/p><p><strong>Wer sind die Empf\u00e4nger Ihrer Daten?<\/strong><\/p><p>Ihre personenbezogenen Daten werden nicht an Dritte weitergegeben, es sei denn, wir sind gesetzlich dazu verpflichtet.<\/p><p><strong>Wie lange behalten wir Ihre personenbezogenen Daten?<\/strong><\/p><p>Wir behalten hre personenbezogenen Daten f\u00fcr einen Zeitraum von zwei Jahren.<\/p><p><strong>Welche Rechte haben Sie?<\/strong><\/p><p>Als Inhaber Ihrer Daten k\u00f6nnen Sie jederzeit folgende Rechte aus\u00fcben:<\/p><p>(1)\u00a0Auskunftsrecht.\u00a0Sie haben das Recht, zu pr\u00fcfen, ob wir Ihre personenbezogenen Daten verarbeiten. Falls dies der Fall ist, steht Ihnen auch zu, eine Kopie dieser Daten und vollst\u00e4ndige Informationen \u00fcber die Verarbeitung zu erhalten.<\/p><p>(2)\u00a0Recht auf Berichtigung.\u00a0Sie haben das Recht, Fehler zu berichtigen, unzutreffende oder unvollst\u00e4ndige Daten zu \u00e4ndern und die Sicherheit der verarbeiteten Daten sicherzustellen.<\/p><p>(3)\u00a0Recht auf L\u00f6schung.\u00a0Sie haben das Recht, die unverz\u00fcgliche L\u00f6schung Ihrer Daten anzufordern, wenn die Verarbeitung illegal ist oder der Zweck der Verarbeitung oder Erfassung nicht mehr existiert.<\/p><p>(4)\u00a0Recht auf Einschr\u00e4nkung der Verarbeitung.\u00a0Sie haben das Recht, die Aussetzung der Verarbeitung anzufordern, wenn diese illegal ist oder die Richtigkeit der Daten beanstandet wird.<\/p><p>(5)\u00a0Recht auf Widerspruch.\u00a0Sie haben das Recht, der Verarbeitung Ihrer Daten zu widersprechen, wenn ihr Zweck das Direktmarketing ist oder wenn die Verarbeitung aus pers\u00f6nlichen Gr\u00fcnden ihrerseits beendet werden soll, au\u00dfer ein berechtigtes Interesse wird geltend gemacht oder die Verarbeitung f\u00fcr die Bearbeitung und Verteidigung in Bezug auf Beschwerden erforderlich ist.<\/p><p>(6)\u00a0Recht auf Einzelentscheidungen.\u00a0Sie haben das Recht, nicht Gegenstand einer Entscheidung zu werden, die lediglich auf einer automatisierten Verarbeitung basiert. Dazu geh\u00f6ren das Erstellen von Profilen, die Rechtswirkungen haben oder Sie betreffen. Ausnahme ist eine Verarbeitung, die f\u00fcr die Ausf\u00fchrung von Vertr\u00e4gen erforderlich ist, gesetzlich erlaubt ist oder der Sie explizit zugestimmt haben.<\/p><p>(7) Recht auf \u00dcbertragbarkeit der Daten. Sie haben das Recht, uns zur Verf\u00fcgung gestellte personenbezogene Daten in strukturierter, g\u00e4ngiger und maschinenlesbarer Form zu erhalten und sie an einen anderen Datenverantwortlichen zu \u00fcbertragen.<\/p><p>Bei Zweifeln oder Fragen und zur Aus\u00fcbung Ihrer Rechte wenden Sie sich bitte per Brief an die Fundaci\u00f3 Turisme Palma 365, c\/ Socors, 22\u00aa, 07002 Palma, Illes Balears, oder per E-Mail an <a href=\"mailto:admin.ftp365@palma.cat\">admin.ftp365@palma.cat<\/a>.<\/p><p><strong>Sicherheitsma\u00dfnahmen<\/strong><\/p><p>Die Fundaci\u00f3 Turisme Palma 365 behandelt Ihre Daten jederzeit absolut vertraulich und wahrt die obligatorische Verschwiegenheitspflicht bez\u00fcglich dieser Daten gem\u00e4\u00df den Vorgaben der Durchf\u00fchrungsbestimmungen. Dabei werden Vorkehrungen technischer und organisatorischer Art getroffen, die die Sicherheit Ihrer Daten garantieren und unbefugte \u00c4nderung, Verluste, Verarbeitung oder Zugriffe verhindern. Dennoch sollten Sie sich bewusst sein, dass die Sicherheitsma\u00dfnahmen im Internet nicht unfehlbar sind.<\/p>\t\t\t\t\t\t\t\t<\/div>\n\t\t\t\t<\/div>\n\t\t\t\t\t<\/div>\n\t\t\t\t<\/div>\n\t\t\t\t<\/div>\n\t\t","protected":false},"excerpt":{"rendered":"<p>Datenverantwortlicher: FUNDACI\u00d3 TURISME PALMA 365 CIF G57744344 Steuersitz: C\/ Plaza Cort, 1 07001 Palma Illes Balears Zugangsadresse: C\/ Socors, 22\u00aa 07002 Palma Illes Balears Tel. +34 971225986 admin.ftp365@palma.cat Zu welchem [&hellip;]<\/p>\n","protected":false},"author":4,"featured_media":0,"parent":0,"menu_order":0,"comment_status":"closed","ping_status":"closed","template":"","meta":{"_monsterinsights_skip_tracking":false,"_monsterinsights_sitenote_active":false,"_monsterinsights_sitenote_note":"","_monsterinsights_sitenote_category":0,"footnotes":""},"class_list":["post-7823","page","type-page","status-publish","hentry"],"yoast_head":"<!-- This site is optimized with the Yoast SEO plugin v27.3 - https:\/\/yoast.com\/product\/yoast-seo-wordpress\/ -->\n<title>Privatsph\u00e4re - Visit Palma<\/title>\n<meta name=\"robots\" content=\"index, follow, max-snippet:-1, max-image-preview:large, max-video-preview:-1\" \/>\n<link rel=\"canonical\" href=\"https:\/\/visitpalma.com\/de\/privatsphaere\/\" \/>\n<meta property=\"og:locale\" content=\"de_DE\" \/>\n<meta property=\"og:type\" content=\"article\" \/>\n<meta property=\"og:title\" content=\"Privatsph\u00e4re - Visit Palma\" \/>\n<meta property=\"og:description\" content=\"Datenverantwortlicher: FUNDACI\u00d3 TURISME PALMA 365 CIF G57744344 Steuersitz: C\/ Plaza Cort, 1 07001 Palma Illes Balears Zugangsadresse: C\/ Socors, 22\u00aa 07002 Palma Illes Balears Tel. +34 971225986 admin.ftp365@palma.cat Zu welchem [&hellip;]\" \/>\n<meta property=\"og:url\" content=\"https:\/\/visitpalma.com\/de\/privatsphaere\/\" \/>\n<meta property=\"og:site_name\" content=\"Visit Palma\" \/>\n<meta property=\"article:publisher\" content=\"https:\/\/www.facebook.com\/passionforpalma\" \/>\n<meta property=\"article:modified_time\" content=\"2025-06-22T17:05:34+00:00\" \/>\n<meta name=\"twitter:card\" content=\"summary_large_image\" \/>\n<meta name=\"twitter:site\" content=\"@passionforpalma\" \/>\n<meta name=\"twitter:label1\" content=\"Gesch\u00e4tzte Lesezeit\" \/>\n\t<meta name=\"twitter:data1\" content=\"3\u00a0Minuten\" \/>\n<script type=\"application\/ld+json\" class=\"yoast-schema-graph\">{\"@context\":\"https:\\\/\\\/schema.org\",\"@graph\":[{\"@type\":\"WebPage\",\"@id\":\"https:\\\/\\\/visitpalma.com\\\/de\\\/privatsphaere\\\/\",\"url\":\"https:\\\/\\\/visitpalma.com\\\/de\\\/privatsphaere\\\/\",\"name\":\"Privatsph\u00e4re - Visit Palma\",\"isPartOf\":{\"@id\":\"https:\\\/\\\/visitpalma.com\\\/de\\\/#website\"},\"datePublished\":\"2025-06-17T17:59:19+00:00\",\"dateModified\":\"2025-06-22T17:05:34+00:00\",\"breadcrumb\":{\"@id\":\"https:\\\/\\\/visitpalma.com\\\/de\\\/privatsphaere\\\/#breadcrumb\"},\"inLanguage\":\"de\",\"potentialAction\":[{\"@type\":\"ReadAction\",\"target\":[\"https:\\\/\\\/visitpalma.com\\\/de\\\/privatsphaere\\\/\"]}]},{\"@type\":\"BreadcrumbList\",\"@id\":\"https:\\\/\\\/visitpalma.com\\\/de\\\/privatsphaere\\\/#breadcrumb\",\"itemListElement\":[{\"@type\":\"ListItem\",\"position\":1,\"name\":\"Inicio\",\"item\":\"https:\\\/\\\/visitpalma.com\\\/de\\\/\"},{\"@type\":\"ListItem\",\"position\":2,\"name\":\"Privatsph\u00e4re\"}]},{\"@type\":\"WebSite\",\"@id\":\"https:\\\/\\\/visitpalma.com\\\/de\\\/#website\",\"url\":\"https:\\\/\\\/visitpalma.com\\\/de\\\/\",\"name\":\"Visit Palma\",\"description\":\"\",\"publisher\":{\"@id\":\"https:\\\/\\\/visitpalma.com\\\/de\\\/#organization\"},\"potentialAction\":[{\"@type\":\"SearchAction\",\"target\":{\"@type\":\"EntryPoint\",\"urlTemplate\":\"https:\\\/\\\/visitpalma.com\\\/de\\\/?s={search_term_string}\"},\"query-input\":{\"@type\":\"PropertyValueSpecification\",\"valueRequired\":true,\"valueName\":\"search_term_string\"}}],\"inLanguage\":\"de\"},{\"@type\":\"Organization\",\"@id\":\"https:\\\/\\\/visitpalma.com\\\/de\\\/#organization\",\"name\":\"Fundaci\u00f3n Turismo Palma de Mallorca 365\",\"url\":\"https:\\\/\\\/visitpalma.com\\\/de\\\/\",\"logo\":{\"@type\":\"ImageObject\",\"inLanguage\":\"de\",\"@id\":\"https:\\\/\\\/visitpalma.com\\\/de\\\/#\\\/schema\\\/logo\\\/image\\\/\",\"url\":\"https:\\\/\\\/visitpalma.com\\\/wp-content\\\/uploads\\\/2025\\\/05\\\/Logo-Passion-for-Palma-de-Mallorca.svg\",\"contentUrl\":\"https:\\\/\\\/visitpalma.com\\\/wp-content\\\/uploads\\\/2025\\\/05\\\/Logo-Passion-for-Palma-de-Mallorca.svg\",\"width\":377,\"height\":377,\"caption\":\"Fundaci\u00f3n Turismo Palma de Mallorca 365\"},\"image\":{\"@id\":\"https:\\\/\\\/visitpalma.com\\\/de\\\/#\\\/schema\\\/logo\\\/image\\\/\"},\"sameAs\":[\"https:\\\/\\\/www.facebook.com\\\/passionforpalma\",\"https:\\\/\\\/x.com\\\/passionforpalma\",\"https:\\\/\\\/www.instagram.com\\\/passionforpalma_\\\/\",\"https:\\\/\\\/www.youtube.com\\\/channel\\\/UCALF2N1FRnmAZYBttkQjedA\"]}]}<\/script>\n<!-- \/ Yoast SEO plugin. -->","yoast_head_json":{"title":"Privatsph\u00e4re - Visit Palma","robots":{"index":"index","follow":"follow","max-snippet":"max-snippet:-1","max-image-preview":"max-image-preview:large","max-video-preview":"max-video-preview:-1"},"canonical":"https:\/\/visitpalma.com\/de\/privatsphaere\/","og_locale":"de_DE","og_type":"article","og_title":"Privatsph\u00e4re - Visit Palma","og_description":"Datenverantwortlicher: FUNDACI\u00d3 TURISME PALMA 365 CIF G57744344 Steuersitz: C\/ Plaza Cort, 1 07001 Palma Illes Balears Zugangsadresse: C\/ Socors, 22\u00aa 07002 Palma Illes Balears Tel. +34 971225986 admin.ftp365@palma.cat Zu welchem [&hellip;]","og_url":"https:\/\/visitpalma.com\/de\/privatsphaere\/","og_site_name":"Visit Palma","article_publisher":"https:\/\/www.facebook.com\/passionforpalma","article_modified_time":"2025-06-22T17:05:34+00:00","twitter_card":"summary_large_image","twitter_site":"@passionforpalma","twitter_misc":{"Gesch\u00e4tzte Lesezeit":"3\u00a0Minuten"},"schema":{"@context":"https:\/\/schema.org","@graph":[{"@type":"WebPage","@id":"https:\/\/visitpalma.com\/de\/privatsphaere\/","url":"https:\/\/visitpalma.com\/de\/privatsphaere\/","name":"Privatsph\u00e4re - Visit Palma","isPartOf":{"@id":"https:\/\/visitpalma.com\/de\/#website"},"datePublished":"2025-06-17T17:59:19+00:00","dateModified":"2025-06-22T17:05:34+00:00","breadcrumb":{"@id":"https:\/\/visitpalma.com\/de\/privatsphaere\/#breadcrumb"},"inLanguage":"de","potentialAction":[{"@type":"ReadAction","target":["https:\/\/visitpalma.com\/de\/privatsphaere\/"]}]},{"@type":"BreadcrumbList","@id":"https:\/\/visitpalma.com\/de\/privatsphaere\/#breadcrumb","itemListElement":[{"@type":"ListItem","position":1,"name":"Inicio","item":"https:\/\/visitpalma.com\/de\/"},{"@type":"ListItem","position":2,"name":"Privatsph\u00e4re"}]},{"@type":"WebSite","@id":"https:\/\/visitpalma.com\/de\/#website","url":"https:\/\/visitpalma.com\/de\/","name":"Visit Palma","description":"","publisher":{"@id":"https:\/\/visitpalma.com\/de\/#organization"},"potentialAction":[{"@type":"SearchAction","target":{"@type":"EntryPoint","urlTemplate":"https:\/\/visitpalma.com\/de\/?s={search_term_string}"},"query-input":{"@type":"PropertyValueSpecification","valueRequired":true,"valueName":"search_term_string"}}],"inLanguage":"de"},{"@type":"Organization","@id":"https:\/\/visitpalma.com\/de\/#organization","name":"Fundaci\u00f3n Turismo Palma de Mallorca 365","url":"https:\/\/visitpalma.com\/de\/","logo":{"@type":"ImageObject","inLanguage":"de","@id":"https:\/\/visitpalma.com\/de\/#\/schema\/logo\/image\/","url":"https:\/\/visitpalma.com\/wp-content\/uploads\/2025\/05\/Logo-Passion-for-Palma-de-Mallorca.svg","contentUrl":"https:\/\/visitpalma.com\/wp-content\/uploads\/2025\/05\/Logo-Passion-for-Palma-de-Mallorca.svg","width":377,"height":377,"caption":"Fundaci\u00f3n Turismo Palma de Mallorca 365"},"image":{"@id":"https:\/\/visitpalma.com\/de\/#\/schema\/logo\/image\/"},"sameAs":["https:\/\/www.facebook.com\/passionforpalma","https:\/\/x.com\/passionforpalma","https:\/\/www.instagram.com\/passionforpalma_\/","https:\/\/www.youtube.com\/channel\/UCALF2N1FRnmAZYBttkQjedA"]}]}},"_links":{"self":[{"href":"https:\/\/visitpalma.com\/de\/wp-json\/wp\/v2\/pages\/7823","targetHints":{"allow":["GET"]}}],"collection":[{"href":"https:\/\/visitpalma.com\/de\/wp-json\/wp\/v2\/pages"}],"about":[{"href":"https:\/\/visitpalma.com\/de\/wp-json\/wp\/v2\/types\/page"}],"author":[{"embeddable":true,"href":"https:\/\/visitpalma.com\/de\/wp-json\/wp\/v2\/users\/4"}],"replies":[{"embeddable":true,"href":"https:\/\/visitpalma.com\/de\/wp-json\/wp\/v2\/comments?post=7823"}],"version-history":[{"count":5,"href":"https:\/\/visitpalma.com\/de\/wp-json\/wp\/v2\/pages\/7823\/revisions"}],"predecessor-version":[{"id":9045,"href":"https:\/\/visitpalma.com\/de\/wp-json\/wp\/v2\/pages\/7823\/revisions\/9045"}],"wp:attachment":[{"href":"https:\/\/visitpalma.com\/de\/wp-json\/wp\/v2\/media?parent=7823"}],"curies":[{"name":"wp","href":"https:\/\/api.w.org\/{rel}","templated":true}]}}