{"id":7780,"date":"2025-06-17T19:50:14","date_gmt":"2025-06-17T17:50:14","guid":{"rendered":"https:\/\/visitpalma.com\/impressum\/"},"modified":"2025-07-08T19:54:46","modified_gmt":"2025-07-08T17:54:46","slug":"impressum","status":"publish","type":"page","link":"https:\/\/visitpalma.com\/de\/impressum\/","title":{"rendered":"Impressum"},"content":{"rendered":"\t\t<div data-elementor-type=\"wp-page\" data-elementor-id=\"7780\" class=\"elementor elementor-7780 elementor-5026\" data-elementor-post-type=\"page\">\n\t\t\t\t<div class=\"elementor-element elementor-element-0a02ff4 e-flex e-con-boxed e-con e-parent\" data-id=\"0a02ff4\" data-element_type=\"container\" data-e-type=\"container\" id=\"paginaestatica\">\n\t\t\t\t\t<div class=\"e-con-inner\">\n\t\t\t\t<div class=\"elementor-element elementor-element-6d90b138 elementor-widget elementor-widget-text-editor\" data-id=\"6d90b138\" data-element_type=\"widget\" data-e-type=\"widget\" data-settings=\"{&quot;wdt_animation_effect&quot;:&quot;none&quot;}\" data-widget_type=\"text-editor.default\">\n\t\t\t\t<div class=\"elementor-widget-container\">\n\t\t\t\t\t\t\t\t\t<p>Die FUNDACI\u00d3 TURISME PALMA 365 mit Steuer-ID (CIF) G57744344 ist eine \u00f6ffentliche Rechtsperson ohne Erwerbszweck und wird \u00f6ffentlich-privat verwaltet. Sie ist eingetragen im einheitlichen Stiftungsverzeichnis (Registro \u00danico de Fundaciones) der autonomen Region der Balearischen Inseln unter der Nr. \u00a0100000000312 per Entscheidung der Generaldirektorin f\u00fcr institutionelle Beziehungen und Au\u00dfent\u00e4tigkeit des Regierungspr\u00e4sidiums der Balearischen Inseln vom 9.\u00a0November 2012. Diese Stiftung ist Inhaber des Domainnamen visitpalma.com.<\/p><p><strong>Anschrift:<\/strong><br \/>C\/ PLAZA CORT, 1<br \/>07001 PALMA<br \/>Tel. +34 971225986<br \/><a href=\"mailto:admin.ftp365@palma.cat\">admin.ftp365@palma.cat<\/a><\/p><h2>ALLGEMEINE NUTZUNGSBEDINGUNGEN<\/h2><ul><li>Der Nutzer greift freiwillig auf diese Website zu, wodurch er automatisch vorliegendes Impressum, das Gesetz, die Moral, den guten Glauben und\/oder gute Sitten akzeptiert.<\/li><li>Mit der Nutzung dieser Website stimmen Sie diesem Impressum zu.<\/li><li>Die einzelnen Seiten dieser Website k\u00f6nnen von den Nutzern frei besucht werden.<\/li><li>Die Fundaci\u00f3 Turisme Palma 365 beh\u00e4lt sich das Recht vor, den Inhalt dieses Impressums ohne Vorank\u00fcndigung zu \u00e4ndern. F\u00fcr eine korrekte Nutzung der Website empfehlen wir daher, dass Sie diesen Abschnitt regelm\u00e4\u00dfig einsehen.<\/li><\/ul><h2>GEISTIGES UND GEWERBLICHES EIGENTUM<\/h2><p>\u00a9 2020, Fundaci\u00f3 Turisme Palma 365, www.visitpalma.com. Alle Recht vorbehalten.<\/p><ul><li>Diese Website und alle darin enthaltenen Inhalte: Artikel, Texte, Bilder, Logos, Handelsmarken, Buttons, Software usw. unterliegen dem Schutz der geltenden Gesetzgebung zum geistigen und gewerblichen Eigentum. Daher ist die Vervielf\u00e4ltigung, Kopie, \u00c4nderung, Verteilung und Umwandlung ohne ausdr\u00fcckliche schriftliche Genehmigung von Fundaci\u00f3 Turisme Palma 365 untersagt.<\/li><li>Der Zugriff auf diese Website verleiht Nutzern unter keinen Umst\u00e4nden Eigentumsrechte an ihren Inhalten.<\/li><li>Die Fundaci\u00f3 Turisme Palma 365 beh\u00e4lt sich das Recht vor, jeglichen Inhalt dieser Website jederzeit und ohne Vorank\u00fcndigung zu \u00e4ndern, zu aktualisieren oder zu l\u00f6schen.<\/li><\/ul><h2>HAFTUNGSBESCHR\u00c4NKUNG<\/h2><ul><li>Die Informationen auf dieser Website sind ggf. nicht korrekt, auch wenn alle Bem\u00fchungen unternommen wurden, richtige und aktuelle Informationen darzustellen. Daher haftet Fundaci\u00f3 Turisme Palma 365 nicht f\u00fcr enthaltene Fehler oder aus deren Verwendung entstehende Verluste oder Sch\u00e4den.<\/li><li>Die Website enth\u00e4lt ggf. Links zu anderen Websites, f\u00fcr deren Inhalt, N\u00fctzlichkeit oder Richtigkeit Fundaci\u00f3 Turisme Palma 365 nicht haftet. Die Verlinkung einer Website kann nicht als Empfehlung f\u00fcr die Nutzer ausgelegt werden, sie zu nutzen. Die Entscheidung, die Website zu nutzen, liegt in der Verantwortung des Nutzers.<\/li><li>Die Fundaci\u00f3 Turisme Palma 365 haftet nicht f\u00fcr Verluste oder Sch\u00e4den, die aus der Nutzung dieser Website oder deren Inhalte entstehen. Dabei kann nicht garantiert werden, dass keine Viren vorhanden sind oder keine Sch\u00e4den am Computersystem des Nutzers entstehen k\u00f6nnen.<\/li><li>Die Fundaci\u00f3 Turisme Palma 365 haftet nicht f\u00fcr etwaigen Missbrauch dieser Website.<\/li><\/ul><h2>GELTENDES RECHT UND GERICHTSBARKEIT<\/h2><p>Die Bedingungen dieser Website und die Beziehung zwischen dem Nutzer und der Fundaci\u00f3 Turisme Palma 365 unterliegen spanischer Rechtsprechung und Gerichtsbarkeit.<\/p>\t\t\t\t\t\t\t\t<\/div>\n\t\t\t\t<\/div>\n\t\t\t\t\t<\/div>\n\t\t\t\t<\/div>\n\t\t\t\t<\/div>\n\t\t","protected":false},"excerpt":{"rendered":"<p>Die FUNDACI\u00d3 TURISME PALMA 365 mit Steuer-ID (CIF) G57744344 ist eine \u00f6ffentliche Rechtsperson ohne Erwerbszweck und wird \u00f6ffentlich-privat verwaltet. Sie ist eingetragen im einheitlichen Stiftungsverzeichnis (Registro \u00danico de Fundaciones) der [&hellip;]<\/p>\n","protected":false},"author":4,"featured_media":0,"parent":0,"menu_order":0,"comment_status":"closed","ping_status":"closed","template":"","meta":{"_monsterinsights_skip_tracking":false,"_monsterinsights_sitenote_active":false,"_monsterinsights_sitenote_note":"","_monsterinsights_sitenote_category":0,"footnotes":""},"class_list":["post-7780","page","type-page","status-publish","hentry"],"yoast_head":"<!-- This site is optimized with the Yoast SEO plugin v27.3 - https:\/\/yoast.com\/product\/yoast-seo-wordpress\/ -->\n<title>Impressum - Visit Palma<\/title>\n<meta name=\"description\" content=\"Entdecken Sie den rechtlichen Hinweis von Visit\u202fPalma: Informationen zu Datenschutz, Nutzungsregeln, Nutzerrechten und -verantwortung.\" \/>\n<meta name=\"robots\" content=\"index, follow, max-snippet:-1, max-image-preview:large, max-video-preview:-1\" \/>\n<link rel=\"canonical\" href=\"https:\/\/visitpalma.com\/de\/impressum\/\" \/>\n<meta property=\"og:locale\" content=\"de_DE\" \/>\n<meta property=\"og:type\" content=\"article\" \/>\n<meta property=\"og:title\" content=\"Impressum - Visit Palma\" \/>\n<meta property=\"og:description\" content=\"Entdecken Sie den rechtlichen Hinweis von Visit\u202fPalma: Informationen zu Datenschutz, Nutzungsregeln, Nutzerrechten und -verantwortung.\" \/>\n<meta property=\"og:url\" content=\"https:\/\/visitpalma.com\/de\/impressum\/\" \/>\n<meta property=\"og:site_name\" content=\"Visit Palma\" \/>\n<meta property=\"article:publisher\" content=\"https:\/\/www.facebook.com\/passionforpalma\" \/>\n<meta property=\"article:modified_time\" content=\"2025-07-08T17:54:46+00:00\" \/>\n<meta name=\"twitter:card\" content=\"summary_large_image\" \/>\n<meta name=\"twitter:site\" content=\"@passionforpalma\" \/>\n<meta name=\"twitter:label1\" content=\"Gesch\u00e4tzte Lesezeit\" \/>\n\t<meta name=\"twitter:data1\" content=\"2\u00a0Minuten\" \/>\n<script type=\"application\/ld+json\" class=\"yoast-schema-graph\">{\"@context\":\"https:\\\/\\\/schema.org\",\"@graph\":[{\"@type\":\"WebPage\",\"@id\":\"https:\\\/\\\/visitpalma.com\\\/de\\\/impressum\\\/\",\"url\":\"https:\\\/\\\/visitpalma.com\\\/de\\\/impressum\\\/\",\"name\":\"Impressum - Visit Palma\",\"isPartOf\":{\"@id\":\"https:\\\/\\\/visitpalma.com\\\/de\\\/#website\"},\"datePublished\":\"2025-06-17T17:50:14+00:00\",\"dateModified\":\"2025-07-08T17:54:46+00:00\",\"description\":\"Entdecken Sie den rechtlichen Hinweis von Visit\u202fPalma: Informationen zu Datenschutz, Nutzungsregeln, Nutzerrechten und -verantwortung.\",\"breadcrumb\":{\"@id\":\"https:\\\/\\\/visitpalma.com\\\/de\\\/impressum\\\/#breadcrumb\"},\"inLanguage\":\"de\",\"potentialAction\":[{\"@type\":\"ReadAction\",\"target\":[\"https:\\\/\\\/visitpalma.com\\\/de\\\/impressum\\\/\"]}]},{\"@type\":\"BreadcrumbList\",\"@id\":\"https:\\\/\\\/visitpalma.com\\\/de\\\/impressum\\\/#breadcrumb\",\"itemListElement\":[{\"@type\":\"ListItem\",\"position\":1,\"name\":\"Inicio\",\"item\":\"https:\\\/\\\/visitpalma.com\\\/de\\\/\"},{\"@type\":\"ListItem\",\"position\":2,\"name\":\"Impressum\"}]},{\"@type\":\"WebSite\",\"@id\":\"https:\\\/\\\/visitpalma.com\\\/de\\\/#website\",\"url\":\"https:\\\/\\\/visitpalma.com\\\/de\\\/\",\"name\":\"Visit Palma\",\"description\":\"\",\"publisher\":{\"@id\":\"https:\\\/\\\/visitpalma.com\\\/de\\\/#organization\"},\"potentialAction\":[{\"@type\":\"SearchAction\",\"target\":{\"@type\":\"EntryPoint\",\"urlTemplate\":\"https:\\\/\\\/visitpalma.com\\\/de\\\/?s={search_term_string}\"},\"query-input\":{\"@type\":\"PropertyValueSpecification\",\"valueRequired\":true,\"valueName\":\"search_term_string\"}}],\"inLanguage\":\"de\"},{\"@type\":\"Organization\",\"@id\":\"https:\\\/\\\/visitpalma.com\\\/de\\\/#organization\",\"name\":\"Fundaci\u00f3n Turismo Palma de Mallorca 365\",\"url\":\"https:\\\/\\\/visitpalma.com\\\/de\\\/\",\"logo\":{\"@type\":\"ImageObject\",\"inLanguage\":\"de\",\"@id\":\"https:\\\/\\\/visitpalma.com\\\/de\\\/#\\\/schema\\\/logo\\\/image\\\/\",\"url\":\"https:\\\/\\\/visitpalma.com\\\/wp-content\\\/uploads\\\/2025\\\/05\\\/Logo-Passion-for-Palma-de-Mallorca.svg\",\"contentUrl\":\"https:\\\/\\\/visitpalma.com\\\/wp-content\\\/uploads\\\/2025\\\/05\\\/Logo-Passion-for-Palma-de-Mallorca.svg\",\"width\":377,\"height\":377,\"caption\":\"Fundaci\u00f3n Turismo Palma de Mallorca 365\"},\"image\":{\"@id\":\"https:\\\/\\\/visitpalma.com\\\/de\\\/#\\\/schema\\\/logo\\\/image\\\/\"},\"sameAs\":[\"https:\\\/\\\/www.facebook.com\\\/passionforpalma\",\"https:\\\/\\\/x.com\\\/passionforpalma\",\"https:\\\/\\\/www.instagram.com\\\/passionforpalma_\\\/\",\"https:\\\/\\\/www.youtube.com\\\/channel\\\/UCALF2N1FRnmAZYBttkQjedA\"]}]}<\/script>\n<!-- \/ Yoast SEO plugin. -->","yoast_head_json":{"title":"Impressum - Visit Palma","description":"Entdecken Sie den rechtlichen Hinweis von Visit\u202fPalma: Informationen zu Datenschutz, Nutzungsregeln, Nutzerrechten und -verantwortung.","robots":{"index":"index","follow":"follow","max-snippet":"max-snippet:-1","max-image-preview":"max-image-preview:large","max-video-preview":"max-video-preview:-1"},"canonical":"https:\/\/visitpalma.com\/de\/impressum\/","og_locale":"de_DE","og_type":"article","og_title":"Impressum - Visit Palma","og_description":"Entdecken Sie den rechtlichen Hinweis von Visit\u202fPalma: Informationen zu Datenschutz, Nutzungsregeln, Nutzerrechten und -verantwortung.","og_url":"https:\/\/visitpalma.com\/de\/impressum\/","og_site_name":"Visit Palma","article_publisher":"https:\/\/www.facebook.com\/passionforpalma","article_modified_time":"2025-07-08T17:54:46+00:00","twitter_card":"summary_large_image","twitter_site":"@passionforpalma","twitter_misc":{"Gesch\u00e4tzte Lesezeit":"2\u00a0Minuten"},"schema":{"@context":"https:\/\/schema.org","@graph":[{"@type":"WebPage","@id":"https:\/\/visitpalma.com\/de\/impressum\/","url":"https:\/\/visitpalma.com\/de\/impressum\/","name":"Impressum - Visit Palma","isPartOf":{"@id":"https:\/\/visitpalma.com\/de\/#website"},"datePublished":"2025-06-17T17:50:14+00:00","dateModified":"2025-07-08T17:54:46+00:00","description":"Entdecken Sie den rechtlichen Hinweis von Visit\u202fPalma: Informationen zu Datenschutz, Nutzungsregeln, Nutzerrechten und -verantwortung.","breadcrumb":{"@id":"https:\/\/visitpalma.com\/de\/impressum\/#breadcrumb"},"inLanguage":"de","potentialAction":[{"@type":"ReadAction","target":["https:\/\/visitpalma.com\/de\/impressum\/"]}]},{"@type":"BreadcrumbList","@id":"https:\/\/visitpalma.com\/de\/impressum\/#breadcrumb","itemListElement":[{"@type":"ListItem","position":1,"name":"Inicio","item":"https:\/\/visitpalma.com\/de\/"},{"@type":"ListItem","position":2,"name":"Impressum"}]},{"@type":"WebSite","@id":"https:\/\/visitpalma.com\/de\/#website","url":"https:\/\/visitpalma.com\/de\/","name":"Visit Palma","description":"","publisher":{"@id":"https:\/\/visitpalma.com\/de\/#organization"},"potentialAction":[{"@type":"SearchAction","target":{"@type":"EntryPoint","urlTemplate":"https:\/\/visitpalma.com\/de\/?s={search_term_string}"},"query-input":{"@type":"PropertyValueSpecification","valueRequired":true,"valueName":"search_term_string"}}],"inLanguage":"de"},{"@type":"Organization","@id":"https:\/\/visitpalma.com\/de\/#organization","name":"Fundaci\u00f3n Turismo Palma de Mallorca 365","url":"https:\/\/visitpalma.com\/de\/","logo":{"@type":"ImageObject","inLanguage":"de","@id":"https:\/\/visitpalma.com\/de\/#\/schema\/logo\/image\/","url":"https:\/\/visitpalma.com\/wp-content\/uploads\/2025\/05\/Logo-Passion-for-Palma-de-Mallorca.svg","contentUrl":"https:\/\/visitpalma.com\/wp-content\/uploads\/2025\/05\/Logo-Passion-for-Palma-de-Mallorca.svg","width":377,"height":377,"caption":"Fundaci\u00f3n Turismo Palma de Mallorca 365"},"image":{"@id":"https:\/\/visitpalma.com\/de\/#\/schema\/logo\/image\/"},"sameAs":["https:\/\/www.facebook.com\/passionforpalma","https:\/\/x.com\/passionforpalma","https:\/\/www.instagram.com\/passionforpalma_\/","https:\/\/www.youtube.com\/channel\/UCALF2N1FRnmAZYBttkQjedA"]}]}},"_links":{"self":[{"href":"https:\/\/visitpalma.com\/de\/wp-json\/wp\/v2\/pages\/7780","targetHints":{"allow":["GET"]}}],"collection":[{"href":"https:\/\/visitpalma.com\/de\/wp-json\/wp\/v2\/pages"}],"about":[{"href":"https:\/\/visitpalma.com\/de\/wp-json\/wp\/v2\/types\/page"}],"author":[{"embeddable":true,"href":"https:\/\/visitpalma.com\/de\/wp-json\/wp\/v2\/users\/4"}],"replies":[{"embeddable":true,"href":"https:\/\/visitpalma.com\/de\/wp-json\/wp\/v2\/comments?post=7780"}],"version-history":[{"count":16,"href":"https:\/\/visitpalma.com\/de\/wp-json\/wp\/v2\/pages\/7780\/revisions"}],"predecessor-version":[{"id":7818,"href":"https:\/\/visitpalma.com\/de\/wp-json\/wp\/v2\/pages\/7780\/revisions\/7818"}],"wp:attachment":[{"href":"https:\/\/visitpalma.com\/de\/wp-json\/wp\/v2\/media?parent=7780"}],"curies":[{"name":"wp","href":"https:\/\/api.w.org\/{rel}","templated":true}]}}