{"id":7751,"date":"2025-06-12T19:14:01","date_gmt":"2025-06-12T17:14:01","guid":{"rendered":"https:\/\/visitpalma.com\/ueber-uns\/"},"modified":"2025-07-08T21:00:32","modified_gmt":"2025-07-08T19:00:32","slug":"ueber-uns","status":"publish","type":"page","link":"https:\/\/visitpalma.com\/de\/ueber-uns\/","title":{"rendered":"\u00dcber uns"},"content":{"rendered":"\t\t<div data-elementor-type=\"wp-page\" data-elementor-id=\"7751\" class=\"elementor elementor-7751 elementor-4711\" data-elementor-post-type=\"page\">\n\t\t\t\t<div class=\"elementor-element elementor-element-0a02ff4 e-flex e-con-boxed e-con e-parent\" data-id=\"0a02ff4\" data-element_type=\"container\" data-e-type=\"container\" id=\"paginaestatica\">\n\t\t\t\t\t<div class=\"e-con-inner\">\n\t\t\t\t<div class=\"elementor-element elementor-element-6d90b138 elementor-widget elementor-widget-text-editor\" data-id=\"6d90b138\" data-element_type=\"widget\" data-e-type=\"widget\" data-settings=\"{&quot;wdt_animation_effect&quot;:&quot;none&quot;}\" data-widget_type=\"text-editor.default\">\n\t\t\t\t<div class=\"elementor-widget-container\">\n\t\t\t\t\t\t\t\t\t<p><strong>Mit dem Namen &#8222;Fundaci\u00f3n Turismo Palma de Mallorca 365&#8220; wird eine Stiftung ohne Gewinnabsicht bezeichnet, die sich mit Tourismus und Werbung im Ausland besch\u00e4ftigt.<\/strong><\/p><p>Das Ziel der Stiftung ist die Vermarktung und F\u00f6rderung des Tourismus der Stadt Palma de Mallorca und ggf. der Insel Mallorca. Auf Grundlage dessen \u00fcbt sie u. a. folgende Aktivit\u00e4ten aus:<\/p><ul><li>Geltendmachen der \u00f6ffentlichen und privaten Ressourcen hinsichtlich Tourismus, Kultur und Kulturerbe der Stadt Palma de Mallorca sowie der \u00fcbrigen Gemeinden Mallorcas.<\/li><li>Bewerben der aktiven Pr\u00e4senz von Palma de Mallorca als Destination auf den touristischen M\u00e4rkten und ggf. der \u00fcbrigen Gemeinden Mallorcas zur Durchf\u00fchrung gemeinsamer Werbeaktionen.<\/li><li>Verbessern des touristischen Angebots der Destination durch die Erstellung, Entwicklung und F\u00f6rderung touristischer Produkte, die innovativ sind und sich abheben.<\/li><li>Organisieren von Informationsreisen und Werbekampagnen auf lokaler sowie nationaler und internationaler Ebene.<\/li><li>Erm\u00f6glichen der Teilnahme und Kooperation aller wirtschaftlichen Sektoren und \u00f6ffentlichen Dienstleistungen der Stadt Palma de Mallorca bei der Verwaltung des Tourismus und Werbung im Ausland.<\/li><li>Entwickeln, Produzieren, Bearbeiten, Verteilen und Nutzen von erforderlichem Informations-, Werbe<\/li><li>und Bildmaterial, um von der Destination angebotene touristische Ressourcen, G\u00fcter und Dienstleistungen bekannt zu machen, sowie F\u00f6rdern der Besuchergewinnung.<\/li><li>F\u00f6rdern von Ma\u00dfnahmen zur Erh\u00f6hung der touristischen und kommerziellen Nachfrage der Stadt.<\/li><li>Sicherstellen, dass das kulturelle, architektonische und nat\u00fcrliche Erbe sowie die Identit\u00e4t und typische Traditionen der Stadt ein Hauptelement zur Diversifizierung des touristischen Angebots darstellen. Dabei ist die kulturelle Einzigartigkeit ein weiteres Instrument, um die Destination saisonunabh\u00e4ngig zu gestalten und das ganze Jahr \u00fcber Touristen anzuziehen.<\/li><li>Planen, Steuern und F\u00f6rdern der touristischen Entwicklung sowie Verwalten \u00f6ffentlicher touristischer Ressourcen, wenn es erforderlich ist und im allgemeinen Interesse liegt.<\/li><li>Planen, Verwalten, F\u00f6rdern und Durchf\u00fchren aller Aktivit\u00e4ten, die einer Qualit\u00e4tserh\u00f6hung des touristischen Angebots der Destination zugutekommen.<\/li><li>Steuern und F\u00f6rdern von Innovation und kontinuierlicher Verbesserung der Qualit\u00e4t der \u00f6ffentlichen und privaten Dienstleistungen der Destination innerhalb und au\u00dferhalb des Tourismussektors sowie des nachhaltigen Tourismus.<\/li><li>Koordinieren und Abstimmen \u00f6ffentlicher Initiativen im Zusammenhang mit dem Tourismus, wenn sie den geltenden touristischen Richtlinien entsprechen.<\/li><li>Ggf. Agieren als Vermittler zwischen den unterschiedlichen \u00f6ffentlichen Verwaltungen und privaten Einrichtungen in Bezug auf touristische Themen und alle Sachverhalte, die sie implizit beeinflussen.<\/li><li>Vorstellen der Bed\u00fcrfnisse und Vorschl\u00e4ge, die einer Verbesserung der Tourismusplanung der Destination beitragen, gegen\u00fcber zust\u00e4ndigen Beh\u00f6rden und Einrichtungen.<\/li><li>Unterst\u00fctzen und Erstellen von Analysen und Studien, durch die die Situation des Tourismus in der Destination festgestellt werden k\u00f6nnen, und Bereitstellen erhaltener Informationen an alle Interessenten.<\/li><li>F\u00f6rdern und Vermitteln von Bildung zur Verbesserung der beruflichen Qualifikation der Mitarbeiter im Tourismussektor.<\/li><li>F\u00f6rdern von und ggf. Teilnahme an Vereinbarungen, \u00dcbereink\u00fcnften und Abkommen mit anderen Einrichtungen, um touristische Werbeaktionen f\u00fcr die Stadt Palma de Mallorca sowie die restlichen Gemeinden der Insel durchzuf\u00fchren.<\/li><li>Vereinheitlichen und B\u00fcndeln einer integrierten Kommunikationsstrategie f\u00fcr die Destination gegen\u00fcber Bewohnern und Besuchern im Rahmen derer alle Sektoren vertreten sind.<\/li><li>Unterst\u00fctzen der Entwicklung der touristischen Infrastruktur der Zusatzdienstleistungen.<\/li><li>Bewerben der Stadt Palma de Mallorca und ggf. der Insel Mallorca als spezialisierter Standort f\u00fcr die Veranstaltung von Kongressen, Messen, Versammlungen, Tagungen, Seminaren oder Incentive-Reisen sowie der bestehenden Infrastruktur f\u00fcr den Tagungstourismus.<\/li><li>Bewerben der Stadt Palma de Mallorca als Destination f\u00fcr den Kreuzfahrtmarkt und damit Entwicklung des Kreuzfahrtverkehrs sowie F\u00f6rdern und Entwickeln des Seetourismus.<\/li><li>Anbieten von Beratungsdienstleistungen f\u00fcr alle Veranstalter des Tourismussektors.<\/li><li>Erstellen, Gewinnen und Verwalten von Ressourcen f\u00fcr eine bessere Entwicklung der Stiftung.<\/li><\/ul>\t\t\t\t\t\t\t\t<\/div>\n\t\t\t\t<\/div>\n\t\t\t\t<div class=\"elementor-element elementor-element-164afcd elementor-widget elementor-widget-text-editor\" data-id=\"164afcd\" data-element_type=\"widget\" data-e-type=\"widget\" data-settings=\"{&quot;wdt_animation_effect&quot;:&quot;none&quot;}\" data-widget_type=\"text-editor.default\">\n\t\t\t\t<div class=\"elementor-widget-container\">\n\t\t\t\t\t\t\t\t\t<h2><strong>Unterlagen<\/strong><\/h2>\t\t\t\t\t\t\t\t<\/div>\n\t\t\t\t<\/div>\n\t\t\t\t\t<\/div>\n\t\t\t\t<\/div>\n\t\t<div class=\"elementor-element elementor-element-5a5c4f0 e-flex e-con-boxed e-con e-parent\" data-id=\"5a5c4f0\" data-element_type=\"container\" data-e-type=\"container\">\n\t\t\t\t\t<div class=\"e-con-inner\">\n\t\t<div class=\"elementor-element elementor-element-4363b19 e-con-full e-flex e-con e-child\" data-id=\"4363b19\" data-element_type=\"container\" data-e-type=\"container\">\n\t\t\t\t<div class=\"elementor-element elementor-element-2227b57 elementor-widget elementor-widget-image\" data-id=\"2227b57\" data-element_type=\"widget\" data-e-type=\"widget\" data-settings=\"{&quot;wdt_animation_effect&quot;:&quot;none&quot;}\" data-widget_type=\"image.default\">\n\t\t\t\t<div class=\"elementor-widget-container\">\n\t\t\t\t\t\t\t\t\t\t\t\t\t\t\t\t<a href=\"https:\/\/visitpalma.com\/wp-content\/uploads\/2025\/06\/planestrategico-palma-vok-compressed.pdf\">\n\t\t\t\t\t\t\t<img fetchpriority=\"high\" decoding=\"async\" width=\"400\" height=\"400\" src=\"https:\/\/visitpalma.com\/wp-content\/uploads\/2025\/06\/Plan-estrategico-Palma.jpg\" class=\"attachment-large size-large wp-image-5420\" alt=\"Plan estrat\u00e9gico Palma\" srcset=\"https:\/\/visitpalma.com\/wp-content\/uploads\/2025\/06\/Plan-estrategico-Palma.jpg 400w, https:\/\/visitpalma.com\/wp-content\/uploads\/2025\/06\/Plan-estrategico-Palma-100x100.jpg 100w\" sizes=\"(max-width: 400px) 100vw, 400px\" \/>\t\t\t\t\t\t\t\t<\/a>\n\t\t\t\t\t\t\t\t\t\t\t\t\t\t\t<\/div>\n\t\t\t\t<\/div>\n\t\t\t\t<div class=\"elementor-element elementor-element-a559b15 elementor-align-center elementor-widget elementor-widget-button\" data-id=\"a559b15\" data-element_type=\"widget\" data-e-type=\"widget\" data-settings=\"{&quot;wdt_animation_effect&quot;:&quot;none&quot;}\" data-widget_type=\"button.default\">\n\t\t\t\t<div class=\"elementor-widget-container\">\n\t\t\t\t\t\t\t\t\t<div class=\"elementor-button-wrapper\">\n\t\t\t\t\t<a class=\"elementor-button elementor-button-link elementor-size-sm\" href=\"https:\/\/visitpalma.com\/wp-content\/uploads\/2025\/06\/estrategia-palma-2023-27-presentacion-vdef-baja-ok-en.pdf\">\n\t\t\t\t\t\t<span class=\"elementor-button-content-wrapper\">\n\t\t\t\t\t\t\t\t\t<span class=\"elementor-button-text\">Palma Strategic Plan 2023\u20132027<\/span>\n\t\t\t\t\t<\/span>\n\t\t\t\t\t<\/a>\n\t\t\t\t<\/div>\n\t\t\t\t\t\t\t\t<\/div>\n\t\t\t\t<\/div>\n\t\t\t\t<\/div>\n\t\t\t\t\t<\/div>\n\t\t\t\t<\/div>\n\t\t<div class=\"elementor-element elementor-element-2b42bb7 e-flex e-con-boxed e-con e-parent\" data-id=\"2b42bb7\" data-element_type=\"container\" data-e-type=\"container\">\n\t\t\t\t\t<div class=\"e-con-inner\">\n\t\t\t\t<div class=\"elementor-element elementor-element-4afe07e elementor-widget elementor-widget-text-editor\" data-id=\"4afe07e\" data-element_type=\"widget\" data-e-type=\"widget\" data-settings=\"{&quot;wdt_animation_effect&quot;:&quot;none&quot;}\" data-widget_type=\"text-editor.default\">\n\t\t\t\t<div class=\"elementor-widget-container\">\n\t\t\t\t\t\t\t\t\t<h2>Fundaci\u00f3n Turismo Palma de Mallorca 365<\/h2>\nDie Fundaci\u00f3n Turismo Palma de  Mallorca 365 ist ein gemeinsam gef\u00fchrtes Organ und ihr \u00f6ffentlicher Bereich besteht aus dem Ajuntament de Palma (Stadtverwaltung) und der Ports de Balears (Hafenbeh\u00f6rde). Beide Beh\u00f6rden bilden 51 % der Stiftung.\n\nDie restlichen 49 % bestehen aus folgenden privaten Teilhabern:\n\nBaleares Consignatarios Tours, S.L.\n<a href=\"http:\/\/www.bcagency.net\/\">http:\/\/www.bcagency.net\/<\/a>\n\nArabella Hospitality Espa\u00f1a, SLU\n<a href=\"https:\/\/www.arabella.com\/\">https:\/\/www.arabella.com\/<\/a>\n\nBalearia Eurol\u00edneas Mar\u00edtimas, S.A.\n<a href=\"https:\/\/www.balearia.com\/\">https:\/\/www.balearia.com\/<\/a>\n\nPalma de Mallorca Aquarium, S.A.\n<a href=\"https:\/\/palmaaquarium.com\/\">https:\/\/palmaaquarium.com\/<\/a>\n\nAir Europa L\u00edneas A\u00e9reas, SAU.\n<a href=\"https:\/\/www.aireuropa.com\/\">https:\/\/www.aireuropa.com\/<\/a>\n\nViajes Soltour, S.A\n<a href=\"https:\/\/www.grupo-pinero.com\">https:\/\/www.grupo-pinero.com<\/a>\n\nCity Sightseeing Espa\u00f1a, S.L.\n<a href=\"https:\/\/city-sightseeing-spain.com\/\">https:\/\/city-sightseeing-spain.com\/<\/a>\n\nMalla, S.A.\n<a href=\"https:\/\/www.malla.es\/\">https:\/\/www.malla.es\/<\/a>\n\nIberostar, Hoteles y Apartamentos, S.L.\n<a href=\"https:\/\/www.iberostar.com\/\">https:\/\/www.iberostar.com\/<\/a>\n\nHotel Beds Group, S.L.\n<a href=\"https:\/\/corporate.hotelbeds.com\/\">https:\/\/corporate.hotelbeds.com\/<\/a>\n\nMeli\u00e1 Hotels International, S.A.\n<a href=\"https:\/\/www.melia.com\/\">https:\/\/www.melia.com\/<\/a>\n\nAubamar Hotels S.A.U.\n<a href=\"https:\/\/linkprotect.cudasvc.com\/url?a=https%3a%2f%2fwww.aubamar.com%2f&amp;c=E,1,zQ7T-BZhzDAVfYWWouyTaePZ0vbfDrH6170TPuiKJv0Hj3fx_aNGiIs3OJPJk1AxD6BjaY0YaxDJfgTeDkJ3hx3LPNyoHgqu6jn8ogfeMCRUHzeD-g,,&amp;typo=1&amp;ancr_add=1\">https:\/\/www.aubamar.com\/<\/a>\n\nViajes Sidetours, SA.\n<a href=\"https:\/\/www.sidetours.es\/\">https:\/\/www.sidetours.es\/<\/a>\n\nHM Hotels, S.L.\n<a href=\"https:\/\/www.hmhotels.net\/\">https:\/\/www.hmhotels.net\/<\/a>\n\nRIUSA II, S.A. (Riu Hotels)\n<a href=\"https:\/\/www.riu.com\/\">https:\/\/www.riu.com\/<\/a>\t\t\t\t\t\t\t\t<\/div>\n\t\t\t\t<\/div>\n\t\t\t\t\t<\/div>\n\t\t\t\t<\/div>\n\t\t\t\t<\/div>\n\t\t","protected":false},"excerpt":{"rendered":"<p>Mit dem Namen &#8222;Fundaci\u00f3n Turismo Palma de Mallorca 365&#8220; wird eine Stiftung ohne Gewinnabsicht bezeichnet, die sich mit Tourismus und Werbung im Ausland besch\u00e4ftigt. Das Ziel der Stiftung ist die [&hellip;]<\/p>\n","protected":false},"author":4,"featured_media":5420,"parent":0,"menu_order":0,"comment_status":"closed","ping_status":"closed","template":"","meta":{"_monsterinsights_skip_tracking":false,"_monsterinsights_sitenote_active":false,"_monsterinsights_sitenote_note":"","_monsterinsights_sitenote_category":0,"footnotes":""},"class_list":["post-7751","page","type-page","status-publish","has-post-thumbnail","hentry"],"yoast_head":"<!-- This site is optimized with the Yoast SEO plugin v27.4 - https:\/\/yoast.com\/product\/yoast-seo-wordpress\/ -->\n<title>Palma 365 Tourismusstiftung | Visit Palma<\/title>\n<meta name=\"description\" content=\"Lerne Visit\u202fPalma kennen: \u00f6ffen\u00adtliche Tourismusorganisation, nachhaltige Ziele, kulturelle und innovative Werte, N\u00e4he zur Palma\u2011Gemeinschaft.\" \/>\n<meta name=\"robots\" content=\"index, follow, max-snippet:-1, max-image-preview:large, max-video-preview:-1\" \/>\n<link rel=\"canonical\" href=\"https:\/\/visitpalma.com\/de\/ueber-uns\/\" \/>\n<meta property=\"og:locale\" content=\"de_DE\" \/>\n<meta property=\"og:type\" content=\"article\" \/>\n<meta property=\"og:title\" content=\"Palma 365 Tourismusstiftung | Visit Palma\" \/>\n<meta property=\"og:description\" content=\"Lerne Visit\u202fPalma kennen: \u00f6ffen\u00adtliche Tourismusorganisation, nachhaltige Ziele, kulturelle und innovative Werte, N\u00e4he zur Palma\u2011Gemeinschaft.\" \/>\n<meta property=\"og:url\" content=\"https:\/\/visitpalma.com\/de\/ueber-uns\/\" \/>\n<meta property=\"og:site_name\" content=\"Visit Palma\" \/>\n<meta property=\"article:publisher\" content=\"https:\/\/www.facebook.com\/passionforpalma\" \/>\n<meta property=\"article:modified_time\" content=\"2025-07-08T19:00:32+00:00\" \/>\n<meta property=\"og:image\" content=\"https:\/\/visitpalma.com\/wp-content\/uploads\/2025\/06\/Plan-estrategico-Palma.jpg\" \/>\n\t<meta property=\"og:image:width\" content=\"400\" \/>\n\t<meta property=\"og:image:height\" content=\"400\" \/>\n\t<meta property=\"og:image:type\" content=\"image\/jpeg\" \/>\n<meta name=\"twitter:card\" content=\"summary_large_image\" \/>\n<meta name=\"twitter:site\" content=\"@passionforpalma\" \/>\n<meta name=\"twitter:label1\" content=\"Gesch\u00e4tzte Lesezeit\" \/>\n\t<meta name=\"twitter:data1\" content=\"4\u00a0Minuten\" \/>\n<script type=\"application\/ld+json\" class=\"yoast-schema-graph\">{\"@context\":\"https:\\\/\\\/schema.org\",\"@graph\":[{\"@type\":\"WebPage\",\"@id\":\"https:\\\/\\\/visitpalma.com\\\/de\\\/ueber-uns\\\/\",\"url\":\"https:\\\/\\\/visitpalma.com\\\/de\\\/ueber-uns\\\/\",\"name\":\"Palma 365 Tourismusstiftung | Visit Palma\",\"isPartOf\":{\"@id\":\"https:\\\/\\\/visitpalma.com\\\/de\\\/#website\"},\"primaryImageOfPage\":{\"@id\":\"https:\\\/\\\/visitpalma.com\\\/de\\\/ueber-uns\\\/#primaryimage\"},\"image\":{\"@id\":\"https:\\\/\\\/visitpalma.com\\\/de\\\/ueber-uns\\\/#primaryimage\"},\"thumbnailUrl\":\"https:\\\/\\\/visitpalma.com\\\/wp-content\\\/uploads\\\/2025\\\/06\\\/Plan-estrategico-Palma.jpg\",\"datePublished\":\"2025-06-12T17:14:01+00:00\",\"dateModified\":\"2025-07-08T19:00:32+00:00\",\"description\":\"Lerne Visit\u202fPalma kennen: \u00f6ffen\u00adtliche Tourismusorganisation, nachhaltige Ziele, kulturelle und innovative Werte, N\u00e4he zur Palma\u2011Gemeinschaft.\",\"breadcrumb\":{\"@id\":\"https:\\\/\\\/visitpalma.com\\\/de\\\/ueber-uns\\\/#breadcrumb\"},\"inLanguage\":\"de\",\"potentialAction\":[{\"@type\":\"ReadAction\",\"target\":[\"https:\\\/\\\/visitpalma.com\\\/de\\\/ueber-uns\\\/\"]}]},{\"@type\":\"ImageObject\",\"inLanguage\":\"de\",\"@id\":\"https:\\\/\\\/visitpalma.com\\\/de\\\/ueber-uns\\\/#primaryimage\",\"url\":\"https:\\\/\\\/visitpalma.com\\\/wp-content\\\/uploads\\\/2025\\\/06\\\/Plan-estrategico-Palma.jpg\",\"contentUrl\":\"https:\\\/\\\/visitpalma.com\\\/wp-content\\\/uploads\\\/2025\\\/06\\\/Plan-estrategico-Palma.jpg\",\"width\":400,\"height\":400,\"caption\":\"Plan estrat\u00e9gico Palma\"},{\"@type\":\"BreadcrumbList\",\"@id\":\"https:\\\/\\\/visitpalma.com\\\/de\\\/ueber-uns\\\/#breadcrumb\",\"itemListElement\":[{\"@type\":\"ListItem\",\"position\":1,\"name\":\"Inicio\",\"item\":\"https:\\\/\\\/visitpalma.com\\\/de\\\/\"},{\"@type\":\"ListItem\",\"position\":2,\"name\":\"\u00dcber uns\"}]},{\"@type\":\"WebSite\",\"@id\":\"https:\\\/\\\/visitpalma.com\\\/de\\\/#website\",\"url\":\"https:\\\/\\\/visitpalma.com\\\/de\\\/\",\"name\":\"Visit Palma\",\"description\":\"\",\"publisher\":{\"@id\":\"https:\\\/\\\/visitpalma.com\\\/de\\\/#organization\"},\"potentialAction\":[{\"@type\":\"SearchAction\",\"target\":{\"@type\":\"EntryPoint\",\"urlTemplate\":\"https:\\\/\\\/visitpalma.com\\\/de\\\/?s={search_term_string}\"},\"query-input\":{\"@type\":\"PropertyValueSpecification\",\"valueRequired\":true,\"valueName\":\"search_term_string\"}}],\"inLanguage\":\"de\"},{\"@type\":\"Organization\",\"@id\":\"https:\\\/\\\/visitpalma.com\\\/de\\\/#organization\",\"name\":\"Fundaci\u00f3n Turismo Palma de Mallorca 365\",\"url\":\"https:\\\/\\\/visitpalma.com\\\/de\\\/\",\"logo\":{\"@type\":\"ImageObject\",\"inLanguage\":\"de\",\"@id\":\"https:\\\/\\\/visitpalma.com\\\/de\\\/#\\\/schema\\\/logo\\\/image\\\/\",\"url\":\"https:\\\/\\\/visitpalma.com\\\/wp-content\\\/uploads\\\/2025\\\/05\\\/Logo-Passion-for-Palma-de-Mallorca.svg\",\"contentUrl\":\"https:\\\/\\\/visitpalma.com\\\/wp-content\\\/uploads\\\/2025\\\/05\\\/Logo-Passion-for-Palma-de-Mallorca.svg\",\"width\":377,\"height\":377,\"caption\":\"Fundaci\u00f3n Turismo Palma de Mallorca 365\"},\"image\":{\"@id\":\"https:\\\/\\\/visitpalma.com\\\/de\\\/#\\\/schema\\\/logo\\\/image\\\/\"},\"sameAs\":[\"https:\\\/\\\/www.facebook.com\\\/passionforpalma\",\"https:\\\/\\\/x.com\\\/passionforpalma\",\"https:\\\/\\\/www.instagram.com\\\/passionforpalma_\\\/\",\"https:\\\/\\\/www.youtube.com\\\/channel\\\/UCALF2N1FRnmAZYBttkQjedA\"]}]}<\/script>\n<!-- \/ Yoast SEO plugin. -->","yoast_head_json":{"title":"Palma 365 Tourismusstiftung | Visit Palma","description":"Lerne Visit\u202fPalma kennen: \u00f6ffen\u00adtliche Tourismusorganisation, nachhaltige Ziele, kulturelle und innovative Werte, N\u00e4he zur Palma\u2011Gemeinschaft.","robots":{"index":"index","follow":"follow","max-snippet":"max-snippet:-1","max-image-preview":"max-image-preview:large","max-video-preview":"max-video-preview:-1"},"canonical":"https:\/\/visitpalma.com\/de\/ueber-uns\/","og_locale":"de_DE","og_type":"article","og_title":"Palma 365 Tourismusstiftung | Visit Palma","og_description":"Lerne Visit\u202fPalma kennen: \u00f6ffen\u00adtliche Tourismusorganisation, nachhaltige Ziele, kulturelle und innovative Werte, N\u00e4he zur Palma\u2011Gemeinschaft.","og_url":"https:\/\/visitpalma.com\/de\/ueber-uns\/","og_site_name":"Visit Palma","article_publisher":"https:\/\/www.facebook.com\/passionforpalma","article_modified_time":"2025-07-08T19:00:32+00:00","og_image":[{"width":400,"height":400,"url":"https:\/\/visitpalma.com\/wp-content\/uploads\/2025\/06\/Plan-estrategico-Palma.jpg","type":"image\/jpeg"}],"twitter_card":"summary_large_image","twitter_site":"@passionforpalma","twitter_misc":{"Gesch\u00e4tzte Lesezeit":"4\u00a0Minuten"},"schema":{"@context":"https:\/\/schema.org","@graph":[{"@type":"WebPage","@id":"https:\/\/visitpalma.com\/de\/ueber-uns\/","url":"https:\/\/visitpalma.com\/de\/ueber-uns\/","name":"Palma 365 Tourismusstiftung | Visit Palma","isPartOf":{"@id":"https:\/\/visitpalma.com\/de\/#website"},"primaryImageOfPage":{"@id":"https:\/\/visitpalma.com\/de\/ueber-uns\/#primaryimage"},"image":{"@id":"https:\/\/visitpalma.com\/de\/ueber-uns\/#primaryimage"},"thumbnailUrl":"https:\/\/visitpalma.com\/wp-content\/uploads\/2025\/06\/Plan-estrategico-Palma.jpg","datePublished":"2025-06-12T17:14:01+00:00","dateModified":"2025-07-08T19:00:32+00:00","description":"Lerne Visit\u202fPalma kennen: \u00f6ffen\u00adtliche Tourismusorganisation, nachhaltige Ziele, kulturelle und innovative Werte, N\u00e4he zur Palma\u2011Gemeinschaft.","breadcrumb":{"@id":"https:\/\/visitpalma.com\/de\/ueber-uns\/#breadcrumb"},"inLanguage":"de","potentialAction":[{"@type":"ReadAction","target":["https:\/\/visitpalma.com\/de\/ueber-uns\/"]}]},{"@type":"ImageObject","inLanguage":"de","@id":"https:\/\/visitpalma.com\/de\/ueber-uns\/#primaryimage","url":"https:\/\/visitpalma.com\/wp-content\/uploads\/2025\/06\/Plan-estrategico-Palma.jpg","contentUrl":"https:\/\/visitpalma.com\/wp-content\/uploads\/2025\/06\/Plan-estrategico-Palma.jpg","width":400,"height":400,"caption":"Plan estrat\u00e9gico Palma"},{"@type":"BreadcrumbList","@id":"https:\/\/visitpalma.com\/de\/ueber-uns\/#breadcrumb","itemListElement":[{"@type":"ListItem","position":1,"name":"Inicio","item":"https:\/\/visitpalma.com\/de\/"},{"@type":"ListItem","position":2,"name":"\u00dcber uns"}]},{"@type":"WebSite","@id":"https:\/\/visitpalma.com\/de\/#website","url":"https:\/\/visitpalma.com\/de\/","name":"Visit Palma","description":"","publisher":{"@id":"https:\/\/visitpalma.com\/de\/#organization"},"potentialAction":[{"@type":"SearchAction","target":{"@type":"EntryPoint","urlTemplate":"https:\/\/visitpalma.com\/de\/?s={search_term_string}"},"query-input":{"@type":"PropertyValueSpecification","valueRequired":true,"valueName":"search_term_string"}}],"inLanguage":"de"},{"@type":"Organization","@id":"https:\/\/visitpalma.com\/de\/#organization","name":"Fundaci\u00f3n Turismo Palma de Mallorca 365","url":"https:\/\/visitpalma.com\/de\/","logo":{"@type":"ImageObject","inLanguage":"de","@id":"https:\/\/visitpalma.com\/de\/#\/schema\/logo\/image\/","url":"https:\/\/visitpalma.com\/wp-content\/uploads\/2025\/05\/Logo-Passion-for-Palma-de-Mallorca.svg","contentUrl":"https:\/\/visitpalma.com\/wp-content\/uploads\/2025\/05\/Logo-Passion-for-Palma-de-Mallorca.svg","width":377,"height":377,"caption":"Fundaci\u00f3n Turismo Palma de Mallorca 365"},"image":{"@id":"https:\/\/visitpalma.com\/de\/#\/schema\/logo\/image\/"},"sameAs":["https:\/\/www.facebook.com\/passionforpalma","https:\/\/x.com\/passionforpalma","https:\/\/www.instagram.com\/passionforpalma_\/","https:\/\/www.youtube.com\/channel\/UCALF2N1FRnmAZYBttkQjedA"]}]}},"_links":{"self":[{"href":"https:\/\/visitpalma.com\/de\/wp-json\/wp\/v2\/pages\/7751","targetHints":{"allow":["GET"]}}],"collection":[{"href":"https:\/\/visitpalma.com\/de\/wp-json\/wp\/v2\/pages"}],"about":[{"href":"https:\/\/visitpalma.com\/de\/wp-json\/wp\/v2\/types\/page"}],"author":[{"embeddable":true,"href":"https:\/\/visitpalma.com\/de\/wp-json\/wp\/v2\/users\/4"}],"replies":[{"embeddable":true,"href":"https:\/\/visitpalma.com\/de\/wp-json\/wp\/v2\/comments?post=7751"}],"version-history":[{"count":4,"href":"https:\/\/visitpalma.com\/de\/wp-json\/wp\/v2\/pages\/7751\/revisions"}],"predecessor-version":[{"id":7775,"href":"https:\/\/visitpalma.com\/de\/wp-json\/wp\/v2\/pages\/7751\/revisions\/7775"}],"wp:featuredmedia":[{"embeddable":true,"href":"https:\/\/visitpalma.com\/de\/wp-json\/wp\/v2\/media\/5420"}],"wp:attachment":[{"href":"https:\/\/visitpalma.com\/de\/wp-json\/wp\/v2\/media?parent=7751"}],"curies":[{"name":"wp","href":"https:\/\/api.w.org\/{rel}","templated":true}]}}