{"id":7726,"date":"2025-06-17T20:31:22","date_gmt":"2025-06-17T18:31:22","guid":{"rendered":"https:\/\/visitpalma.com\/press-media\/"},"modified":"2025-07-08T20:48:25","modified_gmt":"2025-07-08T18:48:25","slug":"press-media","status":"publish","type":"page","link":"https:\/\/visitpalma.com\/de\/press-media\/","title":{"rendered":"Press &amp; Media"},"content":{"rendered":"\t\t<div data-elementor-type=\"wp-page\" data-elementor-id=\"7726\" class=\"elementor elementor-7726 elementor-5093\" data-elementor-post-type=\"page\">\n\t\t\t\t<div class=\"elementor-element elementor-element-0a02ff4 e-flex e-con-boxed e-con e-parent\" data-id=\"0a02ff4\" data-element_type=\"container\" data-e-type=\"container\" id=\"paginaestatica\">\n\t\t\t\t\t<div class=\"e-con-inner\">\n\t\t\t\t<div class=\"elementor-element elementor-element-6d90b138 elementor-widget elementor-widget-text-editor\" data-id=\"6d90b138\" data-element_type=\"widget\" data-e-type=\"widget\" data-settings=\"{&quot;wdt_animation_effect&quot;:&quot;none&quot;}\" data-widget_type=\"text-editor.default\">\n\t\t\t\t<div class=\"elementor-widget-container\">\n\t\t\t\t\t\t\t\t\t<h2>Wir helfen Ihnen mit Ihren Bed\u00fcrfnissen<\/h2>\t\t\t\t\t\t\t\t<\/div>\n\t\t\t\t<\/div>\n\t\t\t\t\t<\/div>\n\t\t\t\t<\/div>\n\t\t<div class=\"elementor-element elementor-element-5a5c4f0 e-flex e-con-boxed e-con e-parent\" data-id=\"5a5c4f0\" data-element_type=\"container\" data-e-type=\"container\">\n\t\t\t\t\t<div class=\"e-con-inner\">\n\t\t<div class=\"elementor-element elementor-element-df345b4 e-con-full recuadroredondeadoborde e-flex e-con e-child\" data-id=\"df345b4\" data-element_type=\"container\" data-e-type=\"container\">\n\t\t\t\t<div class=\"elementor-element elementor-element-be39445 elementor-widget elementor-widget-image\" data-id=\"be39445\" data-element_type=\"widget\" data-e-type=\"widget\" data-settings=\"{&quot;wdt_animation_effect&quot;:&quot;none&quot;}\" data-widget_type=\"image.default\">\n\t\t\t\t<div class=\"elementor-widget-container\">\n\t\t\t\t\t\t\t\t\t\t\t\t\t\t\t\t<a href=\"https:\/\/web.palmaactiva.com\/palmafilmoffice\/\">\n\t\t\t\t\t\t\t<img fetchpriority=\"high\" decoding=\"async\" width=\"800\" height=\"533\" src=\"https:\/\/visitpalma.com\/wp-content\/uploads\/2025\/06\/Playa-Palma-Mallorca.jpg\" class=\"attachment-full size-full wp-image-5131\" alt=\"Playa Palma Mallorca\" srcset=\"https:\/\/visitpalma.com\/wp-content\/uploads\/2025\/06\/Playa-Palma-Mallorca.jpg 800w, https:\/\/visitpalma.com\/wp-content\/uploads\/2025\/06\/Playa-Palma-Mallorca-600x400.jpg 600w, https:\/\/visitpalma.com\/wp-content\/uploads\/2025\/06\/Playa-Palma-Mallorca-768x512.jpg 768w\" sizes=\"(max-width: 800px) 100vw, 800px\" \/>\t\t\t\t\t\t\t\t<\/a>\n\t\t\t\t\t\t\t\t\t\t\t\t\t\t\t<\/div>\n\t\t\t\t<\/div>\n\t\t\t\t<div class=\"elementor-element elementor-element-e14f24c elementor-widget elementor-widget-text-editor\" data-id=\"e14f24c\" data-element_type=\"widget\" data-e-type=\"widget\" data-settings=\"{&quot;wdt_animation_effect&quot;:&quot;none&quot;}\" data-widget_type=\"text-editor.default\">\n\t\t\t\t<div class=\"elementor-widget-container\">\n\t\t\t\t\t\t\t\t\t<h2>M\u00f6chten Sie in Palma etwas drehen?<\/h2>\nPalma ist ein Geschenk f\u00fcr die Sinne&#8230;und das sp\u00fcrt man \u00fcber Bildschirme hinaus. Ob es f\u00fcr den Dreh einer Reportage \u00fcber die Stadt ist oder Palma als Kulisse f\u00fcr Medienproduktionen dienen soll, Palma Film Office steht Ihnen f\u00fcr alle Bed\u00fcrfnisse zur Verf\u00fcgung.\n\n<h3>Palma Film Office<\/h3>\n\nPalmaActiva \u00b7 Ajuntament de Palma\nC\/ Socors, 22 \u00b7 07002 \u00b7 Palma\nTel. +34 900 139 138 \u2013\u202f +34 971 214 680\n<a href=\"mailto:palmafilmoffice@palmaactiva.com\"><span data-contrast=\"none\">palmafilmoffice@palmaactiva.com<\/span><\/a>\t\t\t\t\t\t\t\t<\/div>\n\t\t\t\t<\/div>\n\t\t\t\t<div class=\"elementor-element elementor-element-3fdc652 elementor-view-default elementor-widget elementor-widget-icon\" data-id=\"3fdc652\" data-element_type=\"widget\" data-e-type=\"widget\" data-settings=\"{&quot;wdt_animation_effect&quot;:&quot;none&quot;}\" data-widget_type=\"icon.default\">\n\t\t\t\t<div class=\"elementor-widget-container\">\n\t\t\t\t\t\t\t<div class=\"elementor-icon-wrapper\">\n\t\t\t<a class=\"elementor-icon elementor-animation-pulse\" href=\"https:\/\/web.palmaactiva.com\/palmafilmoffice\/\">\n\t\t\t<svg aria-hidden=\"true\" class=\"e-font-icon-svg e-far-arrow-alt-circle-right\" viewBox=\"0 0 512 512\" xmlns=\"http:\/\/www.w3.org\/2000\/svg\"><path d=\"M504 256C504 119 393 8 256 8S8 119 8 256s111 248 248 248 248-111 248-248zm-448 0c0-110.5 89.5-200 200-200s200 89.5 200 200-89.5 200-200 200S56 366.5 56 256zm72 20v-40c0-6.6 5.4-12 12-12h116v-67c0-10.7 12.9-16 20.5-8.5l99 99c4.7 4.7 4.7 12.3 0 17l-99 99c-7.6 7.6-20.5 2.2-20.5-8.5v-67H140c-6.6 0-12-5.4-12-12z\"><\/path><\/svg>\t\t\t<\/a>\n\t\t<\/div>\n\t\t\t\t\t\t<\/div>\n\t\t\t\t<\/div>\n\t\t\t\t<\/div>\n\t\t<div class=\"elementor-element elementor-element-2a4db88 e-con-full recuadroredondeadoborde e-flex e-con e-child\" data-id=\"2a4db88\" data-element_type=\"container\" data-e-type=\"container\">\n\t\t\t\t<div class=\"elementor-element elementor-element-07e2e81 elementor-widget elementor-widget-image\" data-id=\"07e2e81\" data-element_type=\"widget\" data-e-type=\"widget\" data-settings=\"{&quot;wdt_animation_effect&quot;:&quot;none&quot;}\" data-widget_type=\"image.default\">\n\t\t\t\t<div class=\"elementor-widget-container\">\n\t\t\t\t\t\t\t\t\t\t\t\t\t\t\t<img decoding=\"async\" width=\"800\" height=\"533\" src=\"https:\/\/visitpalma.com\/wp-content\/uploads\/2025\/06\/Sala-de-prensa.jpg\" class=\"attachment-full size-full wp-image-5127\" alt=\"Sala de prensa\" srcset=\"https:\/\/visitpalma.com\/wp-content\/uploads\/2025\/06\/Sala-de-prensa.jpg 800w, https:\/\/visitpalma.com\/wp-content\/uploads\/2025\/06\/Sala-de-prensa-600x400.jpg 600w, https:\/\/visitpalma.com\/wp-content\/uploads\/2025\/06\/Sala-de-prensa-768x512.jpg 768w\" sizes=\"(max-width: 800px) 100vw, 800px\" \/>\t\t\t\t\t\t\t\t\t\t\t\t\t\t\t<\/div>\n\t\t\t\t<\/div>\n\t\t\t\t<div class=\"elementor-element elementor-element-aa17a71 elementor-widget elementor-widget-text-editor\" data-id=\"aa17a71\" data-element_type=\"widget\" data-e-type=\"widget\" data-settings=\"{&quot;wdt_animation_effect&quot;:&quot;none&quot;}\" data-widget_type=\"text-editor.default\">\n\t\t\t\t<div class=\"elementor-widget-container\">\n\t\t\t\t\t\t\t\t\t<h2>Pressestelle<\/h2><p>Bei Interesse geben wir Ihnen Informationen \u00fcber Palma oder, wenn Sie \u00fcberlegen, eine Reportage \u00fcber die Hauptstadt von Mallorca als Reiseziel zu drehen, m\u00f6chten wir Ihnen seitens der Fundaci\u00f3n Turismo Palma 365 jede erforderliche Unterst\u00fctzung anbieten. Wir m\u00f6chten unsere Leidenschaft f\u00fcr unsere Stadt teilen, in die wir uns jeden Tag wieder neu verlieben.<\/p><p>Sie m\u00f6chten erfahren, was wir machen? Oder mehr \u00fcber unser Werbematerial und touristische Informationen in Erfahrung bringen?<\/p><ul class=\"listadopuntos\"><li><a class=\"link\" href=\"https:\/\/visitpalma.com\/de\/pressemitteilungen\/\">Pressemitteilungen und -erkl\u00e4rungen<\/a><\/li><li><a class=\"link\" href=\"https:\/\/visitpalma.com\/de\/presseanfragen\/\">Presseanfragen <\/a><\/li><li><a class=\"link\" href=\"https:\/\/visitpalma.com\/de\/publikationen-broschueren\/\">Publikationen und Brosch\u00fcren<\/a><\/li><li><a class=\"link\" href=\"https:\/\/visitpalma.com\/de\/ueber-uns\/\">\u00dcber uns<\/a><\/li><\/ul>\t\t\t\t\t\t\t\t<\/div>\n\t\t\t\t<\/div>\n\t\t\t\t<\/div>\n\t\t\t\t\t<\/div>\n\t\t\t\t<\/div>\n\t\t<div class=\"elementor-element elementor-element-d4ef281 e-flex e-con-boxed e-con e-parent\" data-id=\"d4ef281\" data-element_type=\"container\" data-e-type=\"container\">\n\t\t\t\t\t<div class=\"e-con-inner\">\n\t\t<div class=\"elementor-element elementor-element-b98ab0d e-con-full recuadroredondeadoborde e-flex e-con e-child\" data-id=\"b98ab0d\" data-element_type=\"container\" data-e-type=\"container\">\n\t\t\t\t<div class=\"elementor-element elementor-element-525815c elementor-widget elementor-widget-image\" data-id=\"525815c\" data-element_type=\"widget\" data-e-type=\"widget\" data-settings=\"{&quot;wdt_animation_effect&quot;:&quot;none&quot;}\" data-widget_type=\"image.default\">\n\t\t\t\t<div class=\"elementor-widget-container\">\n\t\t\t\t\t\t\t\t\t\t\t\t\t\t\t\t<a href=\"https:\/\/bancodeimagenes.palma365.es\/\">\n\t\t\t\t\t\t\t<img decoding=\"async\" width=\"800\" height=\"533\" src=\"https:\/\/visitpalma.com\/wp-content\/uploads\/2025\/06\/Catedral-Palma.jpg\" class=\"attachment-full size-full wp-image-5123\" alt=\"Catedral de Palma\" srcset=\"https:\/\/visitpalma.com\/wp-content\/uploads\/2025\/06\/Catedral-Palma.jpg 800w, https:\/\/visitpalma.com\/wp-content\/uploads\/2025\/06\/Catedral-Palma-600x400.jpg 600w, https:\/\/visitpalma.com\/wp-content\/uploads\/2025\/06\/Catedral-Palma-768x512.jpg 768w\" sizes=\"(max-width: 800px) 100vw, 800px\" \/>\t\t\t\t\t\t\t\t<\/a>\n\t\t\t\t\t\t\t\t\t\t\t\t\t\t\t<\/div>\n\t\t\t\t<\/div>\n\t\t\t\t<div class=\"elementor-element elementor-element-01d7faa elementor-widget elementor-widget-text-editor\" data-id=\"01d7faa\" data-element_type=\"widget\" data-e-type=\"widget\" data-settings=\"{&quot;wdt_animation_effect&quot;:&quot;none&quot;}\" data-widget_type=\"text-editor.default\">\n\t\t\t\t<div class=\"elementor-widget-container\">\n\t\t\t\t\t\t\t\t\t<h2>Bilddatenbank<\/h2><p>Die Fundaci\u00f3n Turismo Palma 365 stellt Fachleuten gern eine umfassende und vielf\u00e4ltige Bilddatenbank zur Verf\u00fcgung, um sie in ihre Arbeiten und Auftr\u00e4ge einzuarbeiten.<\/p>\t\t\t\t\t\t\t\t<\/div>\n\t\t\t\t<\/div>\n\t\t\t\t<div class=\"elementor-element elementor-element-327c656 elementor-view-default elementor-widget elementor-widget-icon\" data-id=\"327c656\" data-element_type=\"widget\" data-e-type=\"widget\" data-settings=\"{&quot;wdt_animation_effect&quot;:&quot;none&quot;}\" data-widget_type=\"icon.default\">\n\t\t\t\t<div class=\"elementor-widget-container\">\n\t\t\t\t\t\t\t<div class=\"elementor-icon-wrapper\">\n\t\t\t<a class=\"elementor-icon elementor-animation-pulse\" href=\"https:\/\/bancodeimagenes.palma365.es\/\">\n\t\t\t<svg aria-hidden=\"true\" class=\"e-font-icon-svg e-far-arrow-alt-circle-right\" viewBox=\"0 0 512 512\" xmlns=\"http:\/\/www.w3.org\/2000\/svg\"><path d=\"M504 256C504 119 393 8 256 8S8 119 8 256s111 248 248 248 248-111 248-248zm-448 0c0-110.5 89.5-200 200-200s200 89.5 200 200-89.5 200-200 200S56 366.5 56 256zm72 20v-40c0-6.6 5.4-12 12-12h116v-67c0-10.7 12.9-16 20.5-8.5l99 99c4.7 4.7 4.7 12.3 0 17l-99 99c-7.6 7.6-20.5 2.2-20.5-8.5v-67H140c-6.6 0-12-5.4-12-12z\"><\/path><\/svg>\t\t\t<\/a>\n\t\t<\/div>\n\t\t\t\t\t\t<\/div>\n\t\t\t\t<\/div>\n\t\t\t\t<\/div>\n\t\t<div class=\"elementor-element elementor-element-cc731fe e-con-full recuadroredondeadoborde e-flex e-con e-child\" data-id=\"cc731fe\" data-element_type=\"container\" data-e-type=\"container\">\n\t\t\t\t<div class=\"elementor-element elementor-element-649f1ee elementor-widget elementor-widget-image\" data-id=\"649f1ee\" data-element_type=\"widget\" data-e-type=\"widget\" data-settings=\"{&quot;wdt_animation_effect&quot;:&quot;none&quot;}\" data-widget_type=\"image.default\">\n\t\t\t\t<div class=\"elementor-widget-container\">\n\t\t\t\t\t\t\t\t\t\t\t\t\t\t\t\t<a href=\"https:\/\/visitpalma.com\/wp-content\/uploads\/2025\/06\/manual-ftpdm365.pdf\">\n\t\t\t\t\t\t\t<img loading=\"lazy\" decoding=\"async\" width=\"800\" height=\"533\" src=\"https:\/\/visitpalma.com\/wp-content\/uploads\/2025\/06\/Manual-marca.jpg\" class=\"attachment-full size-full wp-image-5135\" alt=\"Manual de marca\" srcset=\"https:\/\/visitpalma.com\/wp-content\/uploads\/2025\/06\/Manual-marca.jpg 800w, https:\/\/visitpalma.com\/wp-content\/uploads\/2025\/06\/Manual-marca-600x400.jpg 600w, https:\/\/visitpalma.com\/wp-content\/uploads\/2025\/06\/Manual-marca-768x512.jpg 768w\" sizes=\"(max-width: 800px) 100vw, 800px\" \/>\t\t\t\t\t\t\t\t<\/a>\n\t\t\t\t\t\t\t\t\t\t\t\t\t\t\t<\/div>\n\t\t\t\t<\/div>\n\t\t\t\t<div class=\"elementor-element elementor-element-a1841f0 elementor-widget elementor-widget-text-editor\" data-id=\"a1841f0\" data-element_type=\"widget\" data-e-type=\"widget\" data-settings=\"{&quot;wdt_animation_effect&quot;:&quot;none&quot;}\" data-widget_type=\"text-editor.default\">\n\t\t\t\t<div class=\"elementor-widget-container\">\n\t\t\t\t\t\t\t\t\t<h2>Bilddatenbank<\/h2><p>Die Fundaci\u00f3n Turismo Palma 365 stellt Fachleuten gern eine umfassende und vielf\u00e4ltige Bilddatenbank zur Verf\u00fcgung, um sie in ihre Arbeiten und Auftr\u00e4ge einzuarbeiten.<\/p>\t\t\t\t\t\t\t\t<\/div>\n\t\t\t\t<\/div>\n\t\t\t\t<div class=\"elementor-element elementor-element-a5aa2da elementor-view-default elementor-widget elementor-widget-icon\" data-id=\"a5aa2da\" data-element_type=\"widget\" data-e-type=\"widget\" data-settings=\"{&quot;wdt_animation_effect&quot;:&quot;none&quot;}\" data-widget_type=\"icon.default\">\n\t\t\t\t<div class=\"elementor-widget-container\">\n\t\t\t\t\t\t\t<div class=\"elementor-icon-wrapper\">\n\t\t\t<a class=\"elementor-icon elementor-animation-pulse\" href=\"https:\/\/visitpalma.com\/wp-content\/uploads\/2025\/06\/manual-ftpdm365.pdf\">\n\t\t\t<svg aria-hidden=\"true\" class=\"e-font-icon-svg e-far-arrow-alt-circle-right\" viewBox=\"0 0 512 512\" xmlns=\"http:\/\/www.w3.org\/2000\/svg\"><path d=\"M504 256C504 119 393 8 256 8S8 119 8 256s111 248 248 248 248-111 248-248zm-448 0c0-110.5 89.5-200 200-200s200 89.5 200 200-89.5 200-200 200S56 366.5 56 256zm72 20v-40c0-6.6 5.4-12 12-12h116v-67c0-10.7 12.9-16 20.5-8.5l99 99c4.7 4.7 4.7 12.3 0 17l-99 99c-7.6 7.6-20.5 2.2-20.5-8.5v-67H140c-6.6 0-12-5.4-12-12z\"><\/path><\/svg>\t\t\t<\/a>\n\t\t<\/div>\n\t\t\t\t\t\t<\/div>\n\t\t\t\t<\/div>\n\t\t\t\t<\/div>\n\t\t\t\t\t<\/div>\n\t\t\t\t<\/div>\n\t\t\t\t<\/div>\n\t\t","protected":false},"excerpt":{"rendered":"<p>Wir helfen Ihnen mit Ihren Bed\u00fcrfnissen M\u00f6chten Sie in Palma etwas drehen? Palma ist ein Geschenk f\u00fcr die Sinne&#8230;und das sp\u00fcrt man \u00fcber Bildschirme hinaus. Ob es f\u00fcr den Dreh [&hellip;]<\/p>\n","protected":false},"author":4,"featured_media":5135,"parent":0,"menu_order":0,"comment_status":"closed","ping_status":"closed","template":"","meta":{"_monsterinsights_skip_tracking":false,"_monsterinsights_sitenote_active":false,"_monsterinsights_sitenote_note":"","_monsterinsights_sitenote_category":0,"footnotes":""},"class_list":["post-7726","page","type-page","status-publish","has-post-thumbnail","hentry"],"yoast_head":"<!-- This site is optimized with the Yoast SEO plugin v27.4 - https:\/\/yoast.com\/product\/yoast-seo-wordpress\/ -->\n<title>Press\u2011Media Palma: Pressraum, Bilddatenbank | Visit Palma<\/title>\n<meta name=\"description\" content=\"Besuchen Sie Palma Press &amp; Media: Film Office\u2011Support, Presseraum, professionelle Bilddatenbank, Logos und Markenrichtlinien.\" \/>\n<meta name=\"robots\" content=\"index, follow, max-snippet:-1, max-image-preview:large, max-video-preview:-1\" \/>\n<link rel=\"canonical\" href=\"https:\/\/visitpalma.com\/de\/press-media\/\" \/>\n<meta property=\"og:locale\" content=\"de_DE\" \/>\n<meta property=\"og:type\" content=\"article\" \/>\n<meta property=\"og:title\" content=\"Press\u2011Media Palma: Pressraum, Bilddatenbank | Visit Palma\" \/>\n<meta property=\"og:description\" content=\"Besuchen Sie Palma Press &amp; Media: Film Office\u2011Support, Presseraum, professionelle Bilddatenbank, Logos und Markenrichtlinien.\" \/>\n<meta property=\"og:url\" content=\"https:\/\/visitpalma.com\/de\/press-media\/\" \/>\n<meta property=\"og:site_name\" content=\"Visit Palma\" \/>\n<meta property=\"article:publisher\" content=\"https:\/\/www.facebook.com\/passionforpalma\" \/>\n<meta property=\"article:modified_time\" content=\"2025-07-08T18:48:25+00:00\" \/>\n<meta property=\"og:image\" content=\"https:\/\/visitpalma.com\/wp-content\/uploads\/2025\/06\/Manual-marca.jpg\" \/>\n\t<meta property=\"og:image:width\" content=\"800\" \/>\n\t<meta property=\"og:image:height\" content=\"533\" \/>\n\t<meta property=\"og:image:type\" content=\"image\/jpeg\" \/>\n<meta name=\"twitter:card\" content=\"summary_large_image\" \/>\n<meta name=\"twitter:site\" content=\"@passionforpalma\" \/>\n<meta name=\"twitter:label1\" content=\"Gesch\u00e4tzte Lesezeit\" \/>\n\t<meta name=\"twitter:data1\" content=\"2\u00a0Minuten\" \/>\n<script type=\"application\/ld+json\" class=\"yoast-schema-graph\">{\"@context\":\"https:\\\/\\\/schema.org\",\"@graph\":[{\"@type\":\"WebPage\",\"@id\":\"https:\\\/\\\/visitpalma.com\\\/de\\\/press-media\\\/\",\"url\":\"https:\\\/\\\/visitpalma.com\\\/de\\\/press-media\\\/\",\"name\":\"Press\u2011Media Palma: Pressraum, Bilddatenbank | Visit Palma\",\"isPartOf\":{\"@id\":\"https:\\\/\\\/visitpalma.com\\\/de\\\/#website\"},\"primaryImageOfPage\":{\"@id\":\"https:\\\/\\\/visitpalma.com\\\/de\\\/press-media\\\/#primaryimage\"},\"image\":{\"@id\":\"https:\\\/\\\/visitpalma.com\\\/de\\\/press-media\\\/#primaryimage\"},\"thumbnailUrl\":\"https:\\\/\\\/visitpalma.com\\\/wp-content\\\/uploads\\\/2025\\\/06\\\/Manual-marca.jpg\",\"datePublished\":\"2025-06-17T18:31:22+00:00\",\"dateModified\":\"2025-07-08T18:48:25+00:00\",\"description\":\"Besuchen Sie Palma Press & Media: Film Office\u2011Support, Presseraum, professionelle Bilddatenbank, Logos und Markenrichtlinien.\",\"breadcrumb\":{\"@id\":\"https:\\\/\\\/visitpalma.com\\\/de\\\/press-media\\\/#breadcrumb\"},\"inLanguage\":\"de\",\"potentialAction\":[{\"@type\":\"ReadAction\",\"target\":[\"https:\\\/\\\/visitpalma.com\\\/de\\\/press-media\\\/\"]}]},{\"@type\":\"ImageObject\",\"inLanguage\":\"de\",\"@id\":\"https:\\\/\\\/visitpalma.com\\\/de\\\/press-media\\\/#primaryimage\",\"url\":\"https:\\\/\\\/visitpalma.com\\\/wp-content\\\/uploads\\\/2025\\\/06\\\/Manual-marca.jpg\",\"contentUrl\":\"https:\\\/\\\/visitpalma.com\\\/wp-content\\\/uploads\\\/2025\\\/06\\\/Manual-marca.jpg\",\"width\":800,\"height\":533,\"caption\":\"Manual de marca\"},{\"@type\":\"BreadcrumbList\",\"@id\":\"https:\\\/\\\/visitpalma.com\\\/de\\\/press-media\\\/#breadcrumb\",\"itemListElement\":[{\"@type\":\"ListItem\",\"position\":1,\"name\":\"Inicio\",\"item\":\"https:\\\/\\\/visitpalma.com\\\/de\\\/\"},{\"@type\":\"ListItem\",\"position\":2,\"name\":\"Press &amp; Media\"}]},{\"@type\":\"WebSite\",\"@id\":\"https:\\\/\\\/visitpalma.com\\\/de\\\/#website\",\"url\":\"https:\\\/\\\/visitpalma.com\\\/de\\\/\",\"name\":\"Visit Palma\",\"description\":\"\",\"publisher\":{\"@id\":\"https:\\\/\\\/visitpalma.com\\\/de\\\/#organization\"},\"potentialAction\":[{\"@type\":\"SearchAction\",\"target\":{\"@type\":\"EntryPoint\",\"urlTemplate\":\"https:\\\/\\\/visitpalma.com\\\/de\\\/?s={search_term_string}\"},\"query-input\":{\"@type\":\"PropertyValueSpecification\",\"valueRequired\":true,\"valueName\":\"search_term_string\"}}],\"inLanguage\":\"de\"},{\"@type\":\"Organization\",\"@id\":\"https:\\\/\\\/visitpalma.com\\\/de\\\/#organization\",\"name\":\"Fundaci\u00f3n Turismo Palma de Mallorca 365\",\"url\":\"https:\\\/\\\/visitpalma.com\\\/de\\\/\",\"logo\":{\"@type\":\"ImageObject\",\"inLanguage\":\"de\",\"@id\":\"https:\\\/\\\/visitpalma.com\\\/de\\\/#\\\/schema\\\/logo\\\/image\\\/\",\"url\":\"https:\\\/\\\/visitpalma.com\\\/wp-content\\\/uploads\\\/2025\\\/05\\\/Logo-Passion-for-Palma-de-Mallorca.svg\",\"contentUrl\":\"https:\\\/\\\/visitpalma.com\\\/wp-content\\\/uploads\\\/2025\\\/05\\\/Logo-Passion-for-Palma-de-Mallorca.svg\",\"width\":377,\"height\":377,\"caption\":\"Fundaci\u00f3n Turismo Palma de Mallorca 365\"},\"image\":{\"@id\":\"https:\\\/\\\/visitpalma.com\\\/de\\\/#\\\/schema\\\/logo\\\/image\\\/\"},\"sameAs\":[\"https:\\\/\\\/www.facebook.com\\\/passionforpalma\",\"https:\\\/\\\/x.com\\\/passionforpalma\",\"https:\\\/\\\/www.instagram.com\\\/passionforpalma_\\\/\",\"https:\\\/\\\/www.youtube.com\\\/channel\\\/UCALF2N1FRnmAZYBttkQjedA\"]}]}<\/script>\n<!-- \/ Yoast SEO plugin. -->","yoast_head_json":{"title":"Press\u2011Media Palma: Pressraum, Bilddatenbank | Visit Palma","description":"Besuchen Sie Palma Press & Media: Film Office\u2011Support, Presseraum, professionelle Bilddatenbank, Logos und Markenrichtlinien.","robots":{"index":"index","follow":"follow","max-snippet":"max-snippet:-1","max-image-preview":"max-image-preview:large","max-video-preview":"max-video-preview:-1"},"canonical":"https:\/\/visitpalma.com\/de\/press-media\/","og_locale":"de_DE","og_type":"article","og_title":"Press\u2011Media Palma: Pressraum, Bilddatenbank | Visit Palma","og_description":"Besuchen Sie Palma Press & Media: Film Office\u2011Support, Presseraum, professionelle Bilddatenbank, Logos und Markenrichtlinien.","og_url":"https:\/\/visitpalma.com\/de\/press-media\/","og_site_name":"Visit Palma","article_publisher":"https:\/\/www.facebook.com\/passionforpalma","article_modified_time":"2025-07-08T18:48:25+00:00","og_image":[{"width":800,"height":533,"url":"https:\/\/visitpalma.com\/wp-content\/uploads\/2025\/06\/Manual-marca.jpg","type":"image\/jpeg"}],"twitter_card":"summary_large_image","twitter_site":"@passionforpalma","twitter_misc":{"Gesch\u00e4tzte Lesezeit":"2\u00a0Minuten"},"schema":{"@context":"https:\/\/schema.org","@graph":[{"@type":"WebPage","@id":"https:\/\/visitpalma.com\/de\/press-media\/","url":"https:\/\/visitpalma.com\/de\/press-media\/","name":"Press\u2011Media Palma: Pressraum, Bilddatenbank | Visit Palma","isPartOf":{"@id":"https:\/\/visitpalma.com\/de\/#website"},"primaryImageOfPage":{"@id":"https:\/\/visitpalma.com\/de\/press-media\/#primaryimage"},"image":{"@id":"https:\/\/visitpalma.com\/de\/press-media\/#primaryimage"},"thumbnailUrl":"https:\/\/visitpalma.com\/wp-content\/uploads\/2025\/06\/Manual-marca.jpg","datePublished":"2025-06-17T18:31:22+00:00","dateModified":"2025-07-08T18:48:25+00:00","description":"Besuchen Sie Palma Press & Media: Film Office\u2011Support, Presseraum, professionelle Bilddatenbank, Logos und Markenrichtlinien.","breadcrumb":{"@id":"https:\/\/visitpalma.com\/de\/press-media\/#breadcrumb"},"inLanguage":"de","potentialAction":[{"@type":"ReadAction","target":["https:\/\/visitpalma.com\/de\/press-media\/"]}]},{"@type":"ImageObject","inLanguage":"de","@id":"https:\/\/visitpalma.com\/de\/press-media\/#primaryimage","url":"https:\/\/visitpalma.com\/wp-content\/uploads\/2025\/06\/Manual-marca.jpg","contentUrl":"https:\/\/visitpalma.com\/wp-content\/uploads\/2025\/06\/Manual-marca.jpg","width":800,"height":533,"caption":"Manual de marca"},{"@type":"BreadcrumbList","@id":"https:\/\/visitpalma.com\/de\/press-media\/#breadcrumb","itemListElement":[{"@type":"ListItem","position":1,"name":"Inicio","item":"https:\/\/visitpalma.com\/de\/"},{"@type":"ListItem","position":2,"name":"Press &amp; Media"}]},{"@type":"WebSite","@id":"https:\/\/visitpalma.com\/de\/#website","url":"https:\/\/visitpalma.com\/de\/","name":"Visit Palma","description":"","publisher":{"@id":"https:\/\/visitpalma.com\/de\/#organization"},"potentialAction":[{"@type":"SearchAction","target":{"@type":"EntryPoint","urlTemplate":"https:\/\/visitpalma.com\/de\/?s={search_term_string}"},"query-input":{"@type":"PropertyValueSpecification","valueRequired":true,"valueName":"search_term_string"}}],"inLanguage":"de"},{"@type":"Organization","@id":"https:\/\/visitpalma.com\/de\/#organization","name":"Fundaci\u00f3n Turismo Palma de Mallorca 365","url":"https:\/\/visitpalma.com\/de\/","logo":{"@type":"ImageObject","inLanguage":"de","@id":"https:\/\/visitpalma.com\/de\/#\/schema\/logo\/image\/","url":"https:\/\/visitpalma.com\/wp-content\/uploads\/2025\/05\/Logo-Passion-for-Palma-de-Mallorca.svg","contentUrl":"https:\/\/visitpalma.com\/wp-content\/uploads\/2025\/05\/Logo-Passion-for-Palma-de-Mallorca.svg","width":377,"height":377,"caption":"Fundaci\u00f3n Turismo Palma de Mallorca 365"},"image":{"@id":"https:\/\/visitpalma.com\/de\/#\/schema\/logo\/image\/"},"sameAs":["https:\/\/www.facebook.com\/passionforpalma","https:\/\/x.com\/passionforpalma","https:\/\/www.instagram.com\/passionforpalma_\/","https:\/\/www.youtube.com\/channel\/UCALF2N1FRnmAZYBttkQjedA"]}]}},"_links":{"self":[{"href":"https:\/\/visitpalma.com\/de\/wp-json\/wp\/v2\/pages\/7726","targetHints":{"allow":["GET"]}}],"collection":[{"href":"https:\/\/visitpalma.com\/de\/wp-json\/wp\/v2\/pages"}],"about":[{"href":"https:\/\/visitpalma.com\/de\/wp-json\/wp\/v2\/types\/page"}],"author":[{"embeddable":true,"href":"https:\/\/visitpalma.com\/de\/wp-json\/wp\/v2\/users\/4"}],"replies":[{"embeddable":true,"href":"https:\/\/visitpalma.com\/de\/wp-json\/wp\/v2\/comments?post=7726"}],"version-history":[{"count":11,"href":"https:\/\/visitpalma.com\/de\/wp-json\/wp\/v2\/pages\/7726\/revisions"}],"predecessor-version":[{"id":9077,"href":"https:\/\/visitpalma.com\/de\/wp-json\/wp\/v2\/pages\/7726\/revisions\/9077"}],"wp:featuredmedia":[{"embeddable":true,"href":"https:\/\/visitpalma.com\/de\/wp-json\/wp\/v2\/media\/5135"}],"wp:attachment":[{"href":"https:\/\/visitpalma.com\/de\/wp-json\/wp\/v2\/media?parent=7726"}],"curies":[{"name":"wp","href":"https:\/\/api.w.org\/{rel}","templated":true}]}}