{"id":17464,"date":"2025-10-20T00:02:22","date_gmt":"2025-10-19T22:02:22","guid":{"rendered":"https:\/\/visitpalma.com\/?page_id=17464"},"modified":"2025-10-21T18:04:28","modified_gmt":"2025-10-21T16:04:28","slug":"markte","status":"publish","type":"page","link":"https:\/\/visitpalma.com\/de\/markte\/","title":{"rendered":"M\u00e4rkte"},"content":{"rendered":"\t\t<div data-elementor-type=\"wp-page\" data-elementor-id=\"17464\" class=\"elementor elementor-17464 elementor-17225\" data-elementor-post-type=\"page\">\n\t\t\t\t<div class=\"elementor-element elementor-element-3c8a2ab e-flex e-con-boxed e-con e-parent\" data-id=\"3c8a2ab\" data-element_type=\"container\" data-e-type=\"container\" data-settings=\"{&quot;background_background&quot;:&quot;classic&quot;}\">\n\t\t\t\t\t<div class=\"e-con-inner\">\n\t\t\t\t\t<\/div>\n\t\t\t\t<\/div>\n\t\t<div class=\"elementor-element elementor-element-d087e74 e-flex e-con-boxed e-con e-parent\" data-id=\"d087e74\" data-element_type=\"container\" data-e-type=\"container\">\n\t\t\t\t\t<div class=\"e-con-inner\">\n\t\t<div class=\"elementor-element elementor-element-9d45281 e-con-full e-flex e-con e-child\" data-id=\"9d45281\" data-element_type=\"container\" data-e-type=\"container\">\n\t\t\t\t<div class=\"elementor-element elementor-element-66878c3 elementor-widget elementor-widget-text-editor\" data-id=\"66878c3\" data-element_type=\"widget\" data-e-type=\"widget\" data-settings=\"{&quot;wdt_animation_effect&quot;:&quot;none&quot;}\" data-widget_type=\"text-editor.default\">\n\t\t\t\t<div class=\"elementor-widget-container\">\n\t\t\t\t\t\t\t\t\t<p>Die M\u00e4rkte von Palma sind mehr als nur Orte zum Einkaufen \u2013 sie sind Treffpunkte voller Leben, D\u00fcfte und Farben, in denen die mediterrane Tradition lebendig bleibt. In jedem Viertel findest du etwas Einzigartiges: <strong>Bio-M\u00e4rkte mit regionalen Produkten, Kunsthandwerksst\u00e4nde am Meer oder st\u00e4dtische Markthallen mit frischem Obst, Brot, K\u00e4se und Blumen<\/strong>.<\/p><p>Ein Spaziergang durch sie bedeutet, das wahre <strong>Palma zu erleben \u2013 authentisch, nachhaltig und voller Geschichte<\/strong>. Ob zum Einkaufen, Probieren oder Schlendern \u2013 Palmas M\u00e4rkte bieten das ganze Jahr \u00fcber ein echtes Erlebnis.<\/p>\t\t\t\t\t\t\t\t<\/div>\n\t\t\t\t<\/div>\n\t\t\t\t<\/div>\n\t\t\t\t\t<\/div>\n\t\t\t\t<\/div>\n\t\t\t\t<section class=\"elementor-section elementor-top-section elementor-element elementor-element-70ab25b elementor-section-boxed elementor-section-height-default elementor-section-height-default\" data-id=\"70ab25b\" data-element_type=\"section\" data-e-type=\"section\" data-settings=\"{&quot;wdt_bg_image&quot;:{&quot;url&quot;:&quot;&quot;,&quot;id&quot;:&quot;&quot;,&quot;size&quot;:&quot;&quot;},&quot;wdt_bg_image_widescreen&quot;:{&quot;url&quot;:&quot;&quot;,&quot;id&quot;:&quot;&quot;,&quot;size&quot;:&quot;&quot;},&quot;wdt_bg_image_laptop&quot;:{&quot;url&quot;:&quot;&quot;,&quot;id&quot;:&quot;&quot;,&quot;size&quot;:&quot;&quot;},&quot;wdt_bg_image_tablet_extra&quot;:{&quot;url&quot;:&quot;&quot;,&quot;id&quot;:&quot;&quot;,&quot;size&quot;:&quot;&quot;},&quot;wdt_bg_image_tablet&quot;:{&quot;url&quot;:&quot;&quot;,&quot;id&quot;:&quot;&quot;,&quot;size&quot;:&quot;&quot;},&quot;wdt_bg_image_mobile_extra&quot;:{&quot;url&quot;:&quot;&quot;,&quot;id&quot;:&quot;&quot;,&quot;size&quot;:&quot;&quot;},&quot;wdt_bg_image_mobile&quot;:{&quot;url&quot;:&quot;&quot;,&quot;id&quot;:&quot;&quot;,&quot;size&quot;:&quot;&quot;},&quot;wdt_bg_position&quot;:&quot;center center&quot;,&quot;wdt_animation_effect&quot;:&quot;none&quot;}\">\n\t\t\t\t\t\t<div class=\"elementor-container elementor-column-gap-no\">\n\t\t\t\t\t<div class=\"elementor-column elementor-col-100 elementor-top-column elementor-element elementor-element-8125ad5\" data-id=\"8125ad5\" data-element_type=\"column\" data-e-type=\"column\">\n\t\t\t<div class=\"elementor-widget-wrap elementor-element-populated\">\n\t\t\t\t\t\t<div class=\"elementor-element elementor-element-2d8d96b elementor-widget__width-inherit start elementor-widget elementor-widget-wdt-heading\" data-id=\"2d8d96b\" data-element_type=\"widget\" data-e-type=\"widget\" data-settings=\"{&quot;wdt_animation_effect&quot;:&quot;none&quot;}\" data-widget_type=\"wdt-heading.default\">\n\t\t\t\t<div class=\"elementor-widget-container\">\n\t\t\t\t\t<div class=\"wdt-heading-holder \" id=\"wdt-heading-2d8d96b\"><h2 class=\"wdt-heading-title-wrapper wdt-heading-align-center wdt-heading-deco-wrapper\"><span class=\"wdt-heading-title\">Tempor\u00e4re M\u00e4rkte \/ Wochenm\u00e4rkte<\/span><\/h2><\/div>\t\t\t\t<\/div>\n\t\t\t\t<\/div>\n\t\t\t\t<section class=\"elementor-section elementor-inner-section elementor-element elementor-element-9b87644 elementor-section-boxed elementor-section-height-default elementor-section-height-default elementor-invisible\" data-id=\"9b87644\" data-element_type=\"section\" data-e-type=\"section\" data-settings=\"{&quot;animation&quot;:&quot;fadeInUp&quot;,&quot;wdt_bg_image&quot;:{&quot;url&quot;:&quot;&quot;,&quot;id&quot;:&quot;&quot;,&quot;size&quot;:&quot;&quot;},&quot;wdt_bg_image_widescreen&quot;:{&quot;url&quot;:&quot;&quot;,&quot;id&quot;:&quot;&quot;,&quot;size&quot;:&quot;&quot;},&quot;wdt_bg_image_laptop&quot;:{&quot;url&quot;:&quot;&quot;,&quot;id&quot;:&quot;&quot;,&quot;size&quot;:&quot;&quot;},&quot;wdt_bg_image_tablet_extra&quot;:{&quot;url&quot;:&quot;&quot;,&quot;id&quot;:&quot;&quot;,&quot;size&quot;:&quot;&quot;},&quot;wdt_bg_image_tablet&quot;:{&quot;url&quot;:&quot;&quot;,&quot;id&quot;:&quot;&quot;,&quot;size&quot;:&quot;&quot;},&quot;wdt_bg_image_mobile_extra&quot;:{&quot;url&quot;:&quot;&quot;,&quot;id&quot;:&quot;&quot;,&quot;size&quot;:&quot;&quot;},&quot;wdt_bg_image_mobile&quot;:{&quot;url&quot;:&quot;&quot;,&quot;id&quot;:&quot;&quot;,&quot;size&quot;:&quot;&quot;},&quot;wdt_bg_position&quot;:&quot;center center&quot;,&quot;wdt_animation_effect&quot;:&quot;none&quot;}\">\n\t\t\t\t\t\t<div class=\"elementor-container elementor-column-gap-no\">\n\t\t\t\t\t<div class=\"elementor-column elementor-col-100 elementor-inner-column elementor-element elementor-element-d9311a6\" data-id=\"d9311a6\" data-element_type=\"column\" data-e-type=\"column\">\n\t\t\t<div class=\"elementor-widget-wrap elementor-element-populated\">\n\t\t\t\t\t\t<div class=\"elementor-element elementor-element-9c21559 elementor-widget elementor-widget-dtdr-widget-df-listings-listing\" data-id=\"9c21559\" data-element_type=\"widget\" data-e-type=\"widget\" data-settings=\"{&quot;wdt_animation_effect&quot;:&quot;none&quot;}\" data-widget_type=\"dtdr-widget-df-listings-listing.default\">\n\t\t\t\t<div class=\"elementor-widget-container\">\n\t\t\t\t\t<div class=\"dtdr-listing-output-data-container dtdr-direct-list-items dtdr-listing-no-map \"  ><div class=\"dtdr-listing-output-data-holder\" data-type=\"type4\" data-enableshowresults=\"\" data-applynowbuttonlink=\"\" data-gallery=\"featured_image\" data-postperpage=\"20\" data-columns=\"3\" data-showfavourite=\"true\" data-showbusinesshoursstatus=\"\" data-applyisotope=\"true\" data-isotopefilter=\"\" data-applychildof=\"false\" data-featureditems=\"false\" data-featuresimageoricon=\"image\" data-featuresinclude=\"\" data-noofcattodisplay=\"1\" data-excerptlength=\"20\" data-applyequalheight=\"false\" data-moduleid=\"9c21559\" data-enableratings=\"\" data-customoptions=\"{&quot;ad_items&quot;:&quot;&quot;,&quot;ad_location&quot;:&quot;listing&quot;}\" data-listitemids=\"\" data-categoryids=\"192\" data-citiesids=\"\" data-neighborhoodsids=\"\" data-countiesstatesids=\"\" data-contracttypesids=\"\" data-tagids=\"\" data-countryid=\"\" data-sellerids=\"\" data-inchargeids=\"\"><\/div><div class=\"dtdr-ajax-load-image \" style=\"display:none;\">\r\n\t\t\t\t\t\t<div class=\"dtdr-loader-inner\">\r\n\t\t\t\t\t\t<\/div>\r\n\t\t\t\t\t<\/div><\/div>\t\t\t\t<\/div>\n\t\t\t\t<\/div>\n\t\t\t\t\t<\/div>\n\t\t<\/div>\n\t\t\t\t\t<\/div>\n\t\t<\/section>\n\t\t\t\t\t<\/div>\n\t\t<\/div>\n\t\t\t\t\t<\/div>\n\t\t<\/section>\n\t\t\t\t<section class=\"elementor-section elementor-top-section elementor-element elementor-element-68b937f elementor-section-boxed elementor-section-height-default elementor-section-height-default\" data-id=\"68b937f\" data-element_type=\"section\" data-e-type=\"section\" data-settings=\"{&quot;background_background&quot;:&quot;classic&quot;,&quot;wdt_bg_image&quot;:{&quot;url&quot;:&quot;&quot;,&quot;id&quot;:&quot;&quot;,&quot;size&quot;:&quot;&quot;},&quot;wdt_bg_image_widescreen&quot;:{&quot;url&quot;:&quot;&quot;,&quot;id&quot;:&quot;&quot;,&quot;size&quot;:&quot;&quot;},&quot;wdt_bg_image_laptop&quot;:{&quot;url&quot;:&quot;&quot;,&quot;id&quot;:&quot;&quot;,&quot;size&quot;:&quot;&quot;},&quot;wdt_bg_image_tablet_extra&quot;:{&quot;url&quot;:&quot;&quot;,&quot;id&quot;:&quot;&quot;,&quot;size&quot;:&quot;&quot;},&quot;wdt_bg_image_tablet&quot;:{&quot;url&quot;:&quot;&quot;,&quot;id&quot;:&quot;&quot;,&quot;size&quot;:&quot;&quot;},&quot;wdt_bg_image_mobile_extra&quot;:{&quot;url&quot;:&quot;&quot;,&quot;id&quot;:&quot;&quot;,&quot;size&quot;:&quot;&quot;},&quot;wdt_bg_image_mobile&quot;:{&quot;url&quot;:&quot;&quot;,&quot;id&quot;:&quot;&quot;,&quot;size&quot;:&quot;&quot;},&quot;wdt_bg_position&quot;:&quot;center center&quot;,&quot;wdt_animation_effect&quot;:&quot;none&quot;}\">\n\t\t\t\t\t\t<div class=\"elementor-container elementor-column-gap-no\">\n\t\t\t\t\t<div class=\"elementor-column elementor-col-100 elementor-top-column elementor-element elementor-element-b151575\" data-id=\"b151575\" data-element_type=\"column\" data-e-type=\"column\">\n\t\t\t<div class=\"elementor-widget-wrap elementor-element-populated\">\n\t\t\t\t\t\t<section class=\"elementor-section elementor-inner-section elementor-element elementor-element-afcb8fd elementor-section-boxed elementor-section-height-default elementor-section-height-default elementor-invisible\" data-id=\"afcb8fd\" data-element_type=\"section\" data-e-type=\"section\" data-settings=\"{&quot;animation&quot;:&quot;fadeInUp&quot;,&quot;wdt_bg_image&quot;:{&quot;url&quot;:&quot;&quot;,&quot;id&quot;:&quot;&quot;,&quot;size&quot;:&quot;&quot;},&quot;wdt_bg_image_widescreen&quot;:{&quot;url&quot;:&quot;&quot;,&quot;id&quot;:&quot;&quot;,&quot;size&quot;:&quot;&quot;},&quot;wdt_bg_image_laptop&quot;:{&quot;url&quot;:&quot;&quot;,&quot;id&quot;:&quot;&quot;,&quot;size&quot;:&quot;&quot;},&quot;wdt_bg_image_tablet_extra&quot;:{&quot;url&quot;:&quot;&quot;,&quot;id&quot;:&quot;&quot;,&quot;size&quot;:&quot;&quot;},&quot;wdt_bg_image_tablet&quot;:{&quot;url&quot;:&quot;&quot;,&quot;id&quot;:&quot;&quot;,&quot;size&quot;:&quot;&quot;},&quot;wdt_bg_image_mobile_extra&quot;:{&quot;url&quot;:&quot;&quot;,&quot;id&quot;:&quot;&quot;,&quot;size&quot;:&quot;&quot;},&quot;wdt_bg_image_mobile&quot;:{&quot;url&quot;:&quot;&quot;,&quot;id&quot;:&quot;&quot;,&quot;size&quot;:&quot;&quot;},&quot;wdt_bg_position&quot;:&quot;center center&quot;,&quot;wdt_animation_effect&quot;:&quot;none&quot;}\">\n\t\t\t\t\t\t<div class=\"elementor-container elementor-column-gap-no\">\n\t\t\t\t\t<div class=\"elementor-column elementor-col-100 elementor-inner-column elementor-element elementor-element-af1924d\" data-id=\"af1924d\" data-element_type=\"column\" data-e-type=\"column\">\n\t\t\t<div class=\"elementor-widget-wrap elementor-element-populated\">\n\t\t\t\t\t\t<div class=\"elementor-element elementor-element-7222e8c elementor-widget__width-inherit start elementor-widget elementor-widget-wdt-heading\" data-id=\"7222e8c\" data-element_type=\"widget\" data-e-type=\"widget\" data-settings=\"{&quot;wdt_animation_effect&quot;:&quot;none&quot;}\" data-widget_type=\"wdt-heading.default\">\n\t\t\t\t<div class=\"elementor-widget-container\">\n\t\t\t\t\t<div class=\"wdt-heading-holder \" id=\"wdt-heading-7222e8c\"><h2 class=\"wdt-heading-title-wrapper wdt-heading-align-center wdt-heading-deco-wrapper\"><span class=\"wdt-heading-title\">Abendliche M\u00e4rkte<\/span><\/h2><\/div>\t\t\t\t<\/div>\n\t\t\t\t<\/div>\n\t\t\t\t<div class=\"elementor-element elementor-element-30a4b0b elementor-widget elementor-widget-dtdr-widget-df-listings-listing\" data-id=\"30a4b0b\" data-element_type=\"widget\" data-e-type=\"widget\" data-settings=\"{&quot;wdt_animation_effect&quot;:&quot;none&quot;}\" data-widget_type=\"dtdr-widget-df-listings-listing.default\">\n\t\t\t\t<div class=\"elementor-widget-container\">\n\t\t\t\t\t<div class=\"dtdr-listing-output-data-container dtdr-direct-list-items dtdr-listing-no-map \"  ><div class=\"dtdr-listing-output-data-holder\" data-type=\"type4\" data-enableshowresults=\"\" data-applynowbuttonlink=\"\" data-gallery=\"featured_image\" data-postperpage=\"20\" data-columns=\"3\" data-showfavourite=\"true\" data-showbusinesshoursstatus=\"\" data-applyisotope=\"true\" data-isotopefilter=\"\" data-applychildof=\"false\" data-featureditems=\"false\" data-featuresimageoricon=\"image\" data-featuresinclude=\"\" data-noofcattodisplay=\"1\" data-excerptlength=\"20\" data-applyequalheight=\"false\" data-moduleid=\"30a4b0b\" data-enableratings=\"\" data-customoptions=\"{&quot;ad_items&quot;:&quot;&quot;,&quot;ad_location&quot;:&quot;listing&quot;}\" data-listitemids=\"\" data-categoryids=\"191\" data-citiesids=\"\" data-neighborhoodsids=\"\" data-countiesstatesids=\"\" data-contracttypesids=\"\" data-tagids=\"\" data-countryid=\"\" data-sellerids=\"\" data-inchargeids=\"\"><\/div><div class=\"dtdr-ajax-load-image \" style=\"display:none;\">\r\n\t\t\t\t\t\t<div class=\"dtdr-loader-inner\">\r\n\t\t\t\t\t\t<\/div>\r\n\t\t\t\t\t<\/div><\/div>\t\t\t\t<\/div>\n\t\t\t\t<\/div>\n\t\t\t\t\t<\/div>\n\t\t<\/div>\n\t\t\t\t\t<\/div>\n\t\t<\/section>\n\t\t\t\t\t<\/div>\n\t\t<\/div>\n\t\t\t\t\t<\/div>\n\t\t<\/section>\n\t\t\t\t<\/div>\n\t\t","protected":false},"excerpt":{"rendered":"<p>Die M\u00e4rkte von Palma sind mehr als nur Orte zum Einkaufen \u2013 sie sind Treffpunkte voller Leben, D\u00fcfte und Farben, in denen die mediterrane Tradition lebendig bleibt. In jedem Viertel [&hellip;]<\/p>\n","protected":false},"author":1,"featured_media":17243,"parent":0,"menu_order":0,"comment_status":"closed","ping_status":"closed","template":"elementor_header_footer","meta":{"_monsterinsights_skip_tracking":false,"_monsterinsights_sitenote_active":false,"_monsterinsights_sitenote_note":"","_monsterinsights_sitenote_category":0,"footnotes":""},"class_list":["post-17464","page","type-page","status-publish","has-post-thumbnail","hentry"],"yoast_head":"<!-- This site is optimized with the Yoast SEO plugin v27.4 - https:\/\/yoast.com\/product\/yoast-seo-wordpress\/ -->\n<title>M\u00e4rkte von Palma: Tradition, Geschmack und Leben<\/title>\n<meta name=\"description\" content=\"Entdecke Palmas M\u00e4rkte: bio, handwerklich und lokal. Frische Produkte, authentisches Flair und mediterraner Charme.\" \/>\n<meta name=\"robots\" content=\"index, follow, max-snippet:-1, max-image-preview:large, max-video-preview:-1\" \/>\n<link rel=\"canonical\" href=\"https:\/\/visitpalma.com\/de\/markte\/\" \/>\n<meta property=\"og:locale\" content=\"de_DE\" \/>\n<meta property=\"og:type\" content=\"article\" \/>\n<meta property=\"og:title\" content=\"M\u00e4rkte von Palma: Tradition, Geschmack und Leben\" \/>\n<meta property=\"og:description\" content=\"Entdecke Palmas M\u00e4rkte: bio, handwerklich und lokal. Frische Produkte, authentisches Flair und mediterraner Charme.\" \/>\n<meta property=\"og:url\" content=\"https:\/\/visitpalma.com\/de\/markte\/\" \/>\n<meta property=\"og:site_name\" content=\"Visit Palma\" \/>\n<meta property=\"article:publisher\" content=\"https:\/\/www.facebook.com\/passionforpalma\" \/>\n<meta property=\"article:modified_time\" content=\"2025-10-21T16:04:28+00:00\" \/>\n<meta property=\"og:image\" content=\"https:\/\/visitpalma.com\/wp-content\/uploads\/2025\/10\/Mercados-Palma.jpg\" \/>\n\t<meta property=\"og:image:width\" content=\"1920\" \/>\n\t<meta property=\"og:image:height\" content=\"650\" \/>\n\t<meta property=\"og:image:type\" content=\"image\/jpeg\" \/>\n<meta name=\"twitter:card\" content=\"summary_large_image\" \/>\n<meta name=\"twitter:site\" content=\"@passionforpalma\" \/>\n<meta name=\"twitter:label1\" content=\"Gesch\u00e4tzte Lesezeit\" \/>\n\t<meta name=\"twitter:data1\" content=\"5\u00a0Minuten\" \/>\n<script type=\"application\/ld+json\" class=\"yoast-schema-graph\">{\"@context\":\"https:\\\/\\\/schema.org\",\"@graph\":[{\"@type\":\"WebPage\",\"@id\":\"https:\\\/\\\/visitpalma.com\\\/de\\\/markte\\\/\",\"url\":\"https:\\\/\\\/visitpalma.com\\\/de\\\/markte\\\/\",\"name\":\"M\u00e4rkte von Palma: Tradition, Geschmack und Leben\",\"isPartOf\":{\"@id\":\"https:\\\/\\\/visitpalma.com\\\/de\\\/#website\"},\"primaryImageOfPage\":{\"@id\":\"https:\\\/\\\/visitpalma.com\\\/de\\\/markte\\\/#primaryimage\"},\"image\":{\"@id\":\"https:\\\/\\\/visitpalma.com\\\/de\\\/markte\\\/#primaryimage\"},\"thumbnailUrl\":\"https:\\\/\\\/visitpalma.com\\\/wp-content\\\/uploads\\\/2025\\\/10\\\/Mercados-Palma.jpg\",\"datePublished\":\"2025-10-19T22:02:22+00:00\",\"dateModified\":\"2025-10-21T16:04:28+00:00\",\"description\":\"Entdecke Palmas M\u00e4rkte: bio, handwerklich und lokal. Frische Produkte, authentisches Flair und mediterraner Charme.\",\"breadcrumb\":{\"@id\":\"https:\\\/\\\/visitpalma.com\\\/de\\\/markte\\\/#breadcrumb\"},\"inLanguage\":\"de\",\"potentialAction\":[{\"@type\":\"ReadAction\",\"target\":[\"https:\\\/\\\/visitpalma.com\\\/de\\\/markte\\\/\"]}]},{\"@type\":\"ImageObject\",\"inLanguage\":\"de\",\"@id\":\"https:\\\/\\\/visitpalma.com\\\/de\\\/markte\\\/#primaryimage\",\"url\":\"https:\\\/\\\/visitpalma.com\\\/wp-content\\\/uploads\\\/2025\\\/10\\\/Mercados-Palma.jpg\",\"contentUrl\":\"https:\\\/\\\/visitpalma.com\\\/wp-content\\\/uploads\\\/2025\\\/10\\\/Mercados-Palma.jpg\",\"width\":1920,\"height\":650,\"caption\":\"Mercados Palma\"},{\"@type\":\"BreadcrumbList\",\"@id\":\"https:\\\/\\\/visitpalma.com\\\/de\\\/markte\\\/#breadcrumb\",\"itemListElement\":[{\"@type\":\"ListItem\",\"position\":1,\"name\":\"Inicio\",\"item\":\"https:\\\/\\\/visitpalma.com\\\/de\\\/\"},{\"@type\":\"ListItem\",\"position\":2,\"name\":\"M\u00e4rkte\"}]},{\"@type\":\"WebSite\",\"@id\":\"https:\\\/\\\/visitpalma.com\\\/de\\\/#website\",\"url\":\"https:\\\/\\\/visitpalma.com\\\/de\\\/\",\"name\":\"Visit Palma\",\"description\":\"\",\"publisher\":{\"@id\":\"https:\\\/\\\/visitpalma.com\\\/de\\\/#organization\"},\"potentialAction\":[{\"@type\":\"SearchAction\",\"target\":{\"@type\":\"EntryPoint\",\"urlTemplate\":\"https:\\\/\\\/visitpalma.com\\\/de\\\/?s={search_term_string}\"},\"query-input\":{\"@type\":\"PropertyValueSpecification\",\"valueRequired\":true,\"valueName\":\"search_term_string\"}}],\"inLanguage\":\"de\"},{\"@type\":\"Organization\",\"@id\":\"https:\\\/\\\/visitpalma.com\\\/de\\\/#organization\",\"name\":\"Fundaci\u00f3n Turismo Palma de Mallorca 365\",\"url\":\"https:\\\/\\\/visitpalma.com\\\/de\\\/\",\"logo\":{\"@type\":\"ImageObject\",\"inLanguage\":\"de\",\"@id\":\"https:\\\/\\\/visitpalma.com\\\/de\\\/#\\\/schema\\\/logo\\\/image\\\/\",\"url\":\"https:\\\/\\\/visitpalma.com\\\/wp-content\\\/uploads\\\/2025\\\/05\\\/Logo-Passion-for-Palma-de-Mallorca.svg\",\"contentUrl\":\"https:\\\/\\\/visitpalma.com\\\/wp-content\\\/uploads\\\/2025\\\/05\\\/Logo-Passion-for-Palma-de-Mallorca.svg\",\"width\":377,\"height\":377,\"caption\":\"Fundaci\u00f3n Turismo Palma de Mallorca 365\"},\"image\":{\"@id\":\"https:\\\/\\\/visitpalma.com\\\/de\\\/#\\\/schema\\\/logo\\\/image\\\/\"},\"sameAs\":[\"https:\\\/\\\/www.facebook.com\\\/passionforpalma\",\"https:\\\/\\\/x.com\\\/passionforpalma\",\"https:\\\/\\\/www.instagram.com\\\/passionforpalma_\\\/\",\"https:\\\/\\\/www.youtube.com\\\/channel\\\/UCALF2N1FRnmAZYBttkQjedA\"]}]}<\/script>\n<!-- \/ Yoast SEO plugin. -->","yoast_head_json":{"title":"M\u00e4rkte von Palma: Tradition, Geschmack und Leben","description":"Entdecke Palmas M\u00e4rkte: bio, handwerklich und lokal. Frische Produkte, authentisches Flair und mediterraner Charme.","robots":{"index":"index","follow":"follow","max-snippet":"max-snippet:-1","max-image-preview":"max-image-preview:large","max-video-preview":"max-video-preview:-1"},"canonical":"https:\/\/visitpalma.com\/de\/markte\/","og_locale":"de_DE","og_type":"article","og_title":"M\u00e4rkte von Palma: Tradition, Geschmack und Leben","og_description":"Entdecke Palmas M\u00e4rkte: bio, handwerklich und lokal. Frische Produkte, authentisches Flair und mediterraner Charme.","og_url":"https:\/\/visitpalma.com\/de\/markte\/","og_site_name":"Visit Palma","article_publisher":"https:\/\/www.facebook.com\/passionforpalma","article_modified_time":"2025-10-21T16:04:28+00:00","og_image":[{"width":1920,"height":650,"url":"https:\/\/visitpalma.com\/wp-content\/uploads\/2025\/10\/Mercados-Palma.jpg","type":"image\/jpeg"}],"twitter_card":"summary_large_image","twitter_site":"@passionforpalma","twitter_misc":{"Gesch\u00e4tzte Lesezeit":"5\u00a0Minuten"},"schema":{"@context":"https:\/\/schema.org","@graph":[{"@type":"WebPage","@id":"https:\/\/visitpalma.com\/de\/markte\/","url":"https:\/\/visitpalma.com\/de\/markte\/","name":"M\u00e4rkte von Palma: Tradition, Geschmack und Leben","isPartOf":{"@id":"https:\/\/visitpalma.com\/de\/#website"},"primaryImageOfPage":{"@id":"https:\/\/visitpalma.com\/de\/markte\/#primaryimage"},"image":{"@id":"https:\/\/visitpalma.com\/de\/markte\/#primaryimage"},"thumbnailUrl":"https:\/\/visitpalma.com\/wp-content\/uploads\/2025\/10\/Mercados-Palma.jpg","datePublished":"2025-10-19T22:02:22+00:00","dateModified":"2025-10-21T16:04:28+00:00","description":"Entdecke Palmas M\u00e4rkte: bio, handwerklich und lokal. Frische Produkte, authentisches Flair und mediterraner Charme.","breadcrumb":{"@id":"https:\/\/visitpalma.com\/de\/markte\/#breadcrumb"},"inLanguage":"de","potentialAction":[{"@type":"ReadAction","target":["https:\/\/visitpalma.com\/de\/markte\/"]}]},{"@type":"ImageObject","inLanguage":"de","@id":"https:\/\/visitpalma.com\/de\/markte\/#primaryimage","url":"https:\/\/visitpalma.com\/wp-content\/uploads\/2025\/10\/Mercados-Palma.jpg","contentUrl":"https:\/\/visitpalma.com\/wp-content\/uploads\/2025\/10\/Mercados-Palma.jpg","width":1920,"height":650,"caption":"Mercados Palma"},{"@type":"BreadcrumbList","@id":"https:\/\/visitpalma.com\/de\/markte\/#breadcrumb","itemListElement":[{"@type":"ListItem","position":1,"name":"Inicio","item":"https:\/\/visitpalma.com\/de\/"},{"@type":"ListItem","position":2,"name":"M\u00e4rkte"}]},{"@type":"WebSite","@id":"https:\/\/visitpalma.com\/de\/#website","url":"https:\/\/visitpalma.com\/de\/","name":"Visit Palma","description":"","publisher":{"@id":"https:\/\/visitpalma.com\/de\/#organization"},"potentialAction":[{"@type":"SearchAction","target":{"@type":"EntryPoint","urlTemplate":"https:\/\/visitpalma.com\/de\/?s={search_term_string}"},"query-input":{"@type":"PropertyValueSpecification","valueRequired":true,"valueName":"search_term_string"}}],"inLanguage":"de"},{"@type":"Organization","@id":"https:\/\/visitpalma.com\/de\/#organization","name":"Fundaci\u00f3n Turismo Palma de Mallorca 365","url":"https:\/\/visitpalma.com\/de\/","logo":{"@type":"ImageObject","inLanguage":"de","@id":"https:\/\/visitpalma.com\/de\/#\/schema\/logo\/image\/","url":"https:\/\/visitpalma.com\/wp-content\/uploads\/2025\/05\/Logo-Passion-for-Palma-de-Mallorca.svg","contentUrl":"https:\/\/visitpalma.com\/wp-content\/uploads\/2025\/05\/Logo-Passion-for-Palma-de-Mallorca.svg","width":377,"height":377,"caption":"Fundaci\u00f3n Turismo Palma de Mallorca 365"},"image":{"@id":"https:\/\/visitpalma.com\/de\/#\/schema\/logo\/image\/"},"sameAs":["https:\/\/www.facebook.com\/passionforpalma","https:\/\/x.com\/passionforpalma","https:\/\/www.instagram.com\/passionforpalma_\/","https:\/\/www.youtube.com\/channel\/UCALF2N1FRnmAZYBttkQjedA"]}]}},"_links":{"self":[{"href":"https:\/\/visitpalma.com\/de\/wp-json\/wp\/v2\/pages\/17464","targetHints":{"allow":["GET"]}}],"collection":[{"href":"https:\/\/visitpalma.com\/de\/wp-json\/wp\/v2\/pages"}],"about":[{"href":"https:\/\/visitpalma.com\/de\/wp-json\/wp\/v2\/types\/page"}],"author":[{"embeddable":true,"href":"https:\/\/visitpalma.com\/de\/wp-json\/wp\/v2\/users\/1"}],"replies":[{"embeddable":true,"href":"https:\/\/visitpalma.com\/de\/wp-json\/wp\/v2\/comments?post=17464"}],"version-history":[{"count":9,"href":"https:\/\/visitpalma.com\/de\/wp-json\/wp\/v2\/pages\/17464\/revisions"}],"predecessor-version":[{"id":17481,"href":"https:\/\/visitpalma.com\/de\/wp-json\/wp\/v2\/pages\/17464\/revisions\/17481"}],"wp:featuredmedia":[{"embeddable":true,"href":"https:\/\/visitpalma.com\/de\/wp-json\/wp\/v2\/media\/17243"}],"wp:attachment":[{"href":"https:\/\/visitpalma.com\/de\/wp-json\/wp\/v2\/media?parent=17464"}],"curies":[{"name":"wp","href":"https:\/\/api.w.org\/{rel}","templated":true}]}}