{"id":16272,"date":"2025-09-10T18:41:13","date_gmt":"2025-09-10T16:41:13","guid":{"rendered":"https:\/\/visitpalma.com\/?page_id=16272"},"modified":"2025-09-28T18:36:33","modified_gmt":"2025-09-28T16:36:33","slug":"sonnenfinsternis-palma","status":"publish","type":"page","link":"https:\/\/visitpalma.com\/de\/sonnenfinsternis-palma\/","title":{"rendered":"Sonnenfinsternis 2026"},"content":{"rendered":"\t\t<div data-elementor-type=\"wp-page\" data-elementor-id=\"16272\" class=\"elementor elementor-16272 elementor-16270\" data-elementor-post-type=\"page\">\n\t\t\t\t<div class=\"elementor-element elementor-element-706b92e e-flex e-con-boxed e-con e-parent\" data-id=\"706b92e\" data-element_type=\"container\" data-e-type=\"container\">\n\t\t\t\t\t<div class=\"e-con-inner\">\n\t\t\t\t\t<\/div>\n\t\t\t\t<\/div>\n\t\t<div class=\"elementor-element elementor-element-d4e3df7 e-flex e-con-boxed e-con e-parent\" data-id=\"d4e3df7\" data-element_type=\"container\" data-e-type=\"container\">\n\t\t\t\t\t<div class=\"e-con-inner\">\n\t\t<div class=\"elementor-element elementor-element-de802d5 e-con-full e-flex e-con e-child\" data-id=\"de802d5\" data-element_type=\"container\" data-e-type=\"container\">\n\t\t\t\t<div class=\"elementor-element elementor-element-cb50788 elementor-widget elementor-widget-text-editor\" data-id=\"cb50788\" data-element_type=\"widget\" data-e-type=\"widget\" data-settings=\"{&quot;wdt_animation_effect&quot;:&quot;none&quot;}\" data-widget_type=\"text-editor.default\">\n\t\t\t\t<div class=\"elementor-widget-container\">\n\t\t\t\t\t\t\t\t\t<h2>Palma bereitet sich auf die spektakul\u00e4re totale Sonnenfinsternis am 12. August 2026 vor<\/h2><p>Am <strong>12. August 2026<\/strong> wird Palma Zeuge eines der gr\u00f6\u00dften Naturschauspiele: einer <strong>totalen Sonnenfinsternis<\/strong>. Der Mond schiebt sich vor die Sonne und verdunkelt die Stadt f\u00fcr etwa <strong>1 Minute und 36 Sekunden<\/strong>, beginnend um <strong>20:31 MESZ<\/strong>, wenn die Sonne bereits tief am Horizont steht.<br \/>Das Ereignis l\u00f6st bereits gro\u00dfe wissenschaftliche und touristische Erwartungen aus.<\/p><p>Laut <strong>\u00a0<a href=\"https:\/\/www.nationaleclipse.com\/\">NationalEclipse<\/a><\/strong>\u00a0verl\u00e4uft die Zone der Totalit\u00e4t s\u00fcdlich von Mallorca, wodurch Palma zu einem guten Ort Spaniens wird, um dieses Ereignis zu beobachten. Es ist die <strong>erste totale Sonnenfinsternis, die seit 1905 in Spanien sichtbar ist<\/strong>, und sie wird das Land von West nach Ost durchqueren, bevor sie \u00fcber dem Mittelmeer endet.<\/p><p>Experten betonen die Bedeutung des <strong>Augenschutzes<\/strong> mit zertifizierten Finsternisbrillen f\u00fcr die Beobachtung der partiellen Phasen, da es nur w\u00e4hrend der Totalit\u00e4t sicher ist, direkt in die Sonne zu schauen. <strong>Die Stiftung f\u00fcr Astronomie und Astronautik von Mallorca <\/strong>hat darauf hingewiesen, dass eine massive Verteilung von Schutzbrillen entscheidend sein wird, und empfiehlt mindestens 100.000 St\u00fcck, um die Nachfrage von Einwohnern und Touristen zu decken (Quelle: <a href=\"https:\/\/amp.ultimahora.es\/noticias\/local\/2025\/08\/10\/2446603\/fundacio-astronomia-astronautica-mallorca-recomienda-distribuir-minimo-100000-gafas.html\">\u00daltima Hora<\/a>). Au\u00dferdem wird daran erinnert, dass normale Sonnenbrillen, R\u00f6ntgenbilder oder improvisierte Filter nicht geeignet sind, da sie nicht vor der Sonnenstrahlung sch\u00fctzen und irreversible Augensch\u00e4den verursachen k\u00f6nnen.<\/p><p><strong>Dar\u00fcber hinaus wird die Finsternis nicht in allen Teilen Mallorcas gleich zu sehen sein<\/strong>. Laut einer von der Astronomiestiftung Mallorca erstellten Sichtbarkeitskarte (<a href=\"https:\/\/www.ultimahora.es\/noticias\/local\/2025\/08\/19\/2452383\/fundacio-astronomia-mallorca-elabora-mapa-visibilidad-del-eclipse.html\">Quelle<\/a>) gibt es deutliche Unterschiede zwischen der Nord- und der S\u00fcdk\u00fcste: Im Norden ist die Totalit\u00e4tszone k\u00fcrzer und n\u00e4her am Horizont, w\u00e4hrend im S\u00fcden und S\u00fcdosten der Insel eine vollst\u00e4ndigere und l\u00e4ngere Sicht m\u00f6glich ist. Damit geh\u00f6ren Palma und seine Bucht zu guten Orten f\u00fcr die Beobachtung. Besonders gut geeignet sind die h\u00f6her gelegenen Bereiche, wie Bellver, sowie die Zonen mit weiter Sicht, wie die Uferpromenade oder der Westdamm.<\/p><p>Mit einem sommerlichen Sonnenuntergang und dem Mittelmeer als Kulisse wird Palma 2026 einen historischen Moment erleben, der Wissenschaft, Natur und kollektive Emotion miteinander verbindet.<\/p>\t\t\t\t\t\t\t\t<\/div>\n\t\t\t\t<\/div>\n\t\t\t\t<\/div>\n\t\t\t\t\t<\/div>\n\t\t\t\t<\/div>\n\t\t<div class=\"elementor-element elementor-element-0c08c68 e-flex e-con-boxed e-con e-parent\" data-id=\"0c08c68\" data-element_type=\"container\" data-e-type=\"container\">\n\t\t\t\t\t<div class=\"e-con-inner\">\n\t\t<div class=\"elementor-element elementor-element-3940990 e-con-full e-flex e-con e-child\" data-id=\"3940990\" data-element_type=\"container\" data-e-type=\"container\">\n\t\t\t\t<div class=\"elementor-element elementor-element-6cc4e9b elementor-widget elementor-widget-text-editor\" data-id=\"6cc4e9b\" data-element_type=\"widget\" data-e-type=\"widget\" data-settings=\"{&quot;wdt_animation_effect&quot;:&quot;none&quot;}\" data-widget_type=\"text-editor.default\">\n\t\t\t\t<div class=\"elementor-widget-container\">\n\t\t\t\t\t\t\t\t\t<h2>Wie und wo kann man die Sonnenfinsternis in Palma beobachten?<\/h2>\t\t\t\t\t\t\t\t<\/div>\n\t\t\t\t<\/div>\n\t\t\t\t<div class=\"elementor-element elementor-element-bb1b6e4 elementor-widget elementor-widget-text-editor\" data-id=\"bb1b6e4\" data-element_type=\"widget\" data-e-type=\"widget\" data-settings=\"{&quot;wdt_animation_effect&quot;:&quot;none&quot;}\" data-widget_type=\"text-editor.default\">\n\t\t\t\t<div class=\"elementor-widget-container\">\n\t\t\t\t\t\t\t\t\t<p>Karte mit den Gebieten Mallorcas, von denen aus die Sonnenfinsternis am besten zu sehen sein wird. Karte erstellt von Amado Carbonell Santos. Astronom der <a href=\"https:\/\/www.fiaamallorca.com\/\"><strong>FIAAM<\/strong><\/a>.<\/p>\t\t\t\t\t\t\t\t<\/div>\n\t\t\t\t<\/div>\n\t\t\t\t<\/div>\n\t\t\t\t\t<\/div>\n\t\t\t\t<\/div>\n\t\t<div class=\"elementor-element elementor-element-2dd334b e-flex e-con-boxed e-con e-parent\" data-id=\"2dd334b\" data-element_type=\"container\" data-e-type=\"container\">\n\t\t\t\t\t<div class=\"e-con-inner\">\n\t\t\t\t<div class=\"elementor-element elementor-element-9ea5957 elementor-widget elementor-widget-image\" data-id=\"9ea5957\" data-element_type=\"widget\" data-e-type=\"widget\" data-settings=\"{&quot;wdt_animation_effect&quot;:&quot;none&quot;}\" data-widget_type=\"image.default\">\n\t\t\t\t<div class=\"elementor-widget-container\">\n\t\t\t\t\t\t\t\t\t\t\t\t\t\t\t<img fetchpriority=\"high\" decoding=\"async\" width=\"886\" height=\"668\" src=\"https:\/\/visitpalma.com\/wp-content\/uploads\/2025\/09\/Donde-ver-eclipse-2026-Palma-Mallorca.jpg\" class=\"attachment-large size-large wp-image-16361\" alt=\"Donde ver eclipse 2026 Palma Mallorca\" srcset=\"https:\/\/visitpalma.com\/wp-content\/uploads\/2025\/09\/Donde-ver-eclipse-2026-Palma-Mallorca.jpg 886w, https:\/\/visitpalma.com\/wp-content\/uploads\/2025\/09\/Donde-ver-eclipse-2026-Palma-Mallorca-600x452.jpg 600w, https:\/\/visitpalma.com\/wp-content\/uploads\/2025\/09\/Donde-ver-eclipse-2026-Palma-Mallorca-320x240.jpg 320w, https:\/\/visitpalma.com\/wp-content\/uploads\/2025\/09\/Donde-ver-eclipse-2026-Palma-Mallorca-768x579.jpg 768w\" sizes=\"(max-width: 886px) 100vw, 886px\" \/>\t\t\t\t\t\t\t\t\t\t\t\t\t\t\t<\/div>\n\t\t\t\t<\/div>\n\t\t\t\t<div class=\"elementor-element elementor-element-f5ddc10 elementor-widget elementor-widget-text-editor\" data-id=\"f5ddc10\" data-element_type=\"widget\" data-e-type=\"widget\" data-settings=\"{&quot;wdt_animation_effect&quot;:&quot;none&quot;}\" data-widget_type=\"text-editor.default\">\n\t\t\t\t<div class=\"elementor-widget-container\">\n\t\t\t\t\t\t\t\t\t<p><em>Die Finsternis wird in der Stadt Palma gr\u00f6\u00dftenteils w\u00e4hrend der 45 Minuten ihres Beginns und Verlaufs sichtbar sein.<\/em><\/p><p>Karten von: <a href=\"http:\/\/nationaleclipse.com\/\">http:\/\/nationaleclipse.com\/<\/a><\/p>\t\t\t\t\t\t\t\t<\/div>\n\t\t\t\t<\/div>\n\t\t\t\t\t<\/div>\n\t\t\t\t<\/div>\n\t\t<div class=\"elementor-element elementor-element-26cd39e e-flex e-con-boxed e-con e-parent\" data-id=\"26cd39e\" data-element_type=\"container\" data-e-type=\"container\">\n\t\t\t\t\t<div class=\"e-con-inner\">\n\t\t<div class=\"elementor-element elementor-element-05185c8 e-con-full e-flex e-con e-child\" data-id=\"05185c8\" data-element_type=\"container\" data-e-type=\"container\">\n\t\t\t\t<div class=\"elementor-element elementor-element-eaa80c1 elementor-widget elementor-widget-image\" data-id=\"eaa80c1\" data-element_type=\"widget\" data-e-type=\"widget\" data-settings=\"{&quot;wdt_animation_effect&quot;:&quot;none&quot;}\" data-widget_type=\"image.default\">\n\t\t\t\t<div class=\"elementor-widget-container\">\n\t\t\t\t\t\t\t\t\t\t\t\t\t\t\t\t<a href=\"https:\/\/visitpalma.com\/wp-content\/uploads\/2025\/09\/Trayectoria-eclipse-solar-2026.webp\" data-elementor-open-lightbox=\"yes\" data-elementor-lightbox-title=\"Trayectoria eclipse solar 2026\" data-e-action-hash=\"#elementor-action%3Aaction%3Dlightbox%26settings%3DeyJpZCI6MTYyOTQsInVybCI6Imh0dHBzOlwvXC92aXNpdHBhbG1hLmNvbVwvd3AtY29udGVudFwvdXBsb2Fkc1wvMjAyNVwvMDlcL1RyYXllY3RvcmlhLWVjbGlwc2Utc29sYXItMjAyNi53ZWJwIn0%3D\">\n\t\t\t\t\t\t\t<img decoding=\"async\" width=\"886\" height=\"558\" src=\"https:\/\/visitpalma.com\/wp-content\/uploads\/2025\/09\/Trayectoria-eclipse-solar-2026.webp\" class=\"attachment-large size-large wp-image-16294\" alt=\"Trayectoria eclipse solar 2026\" srcset=\"https:\/\/visitpalma.com\/wp-content\/uploads\/2025\/09\/Trayectoria-eclipse-solar-2026.webp 886w, https:\/\/visitpalma.com\/wp-content\/uploads\/2025\/09\/Trayectoria-eclipse-solar-2026-600x378.webp 600w, https:\/\/visitpalma.com\/wp-content\/uploads\/2025\/09\/Trayectoria-eclipse-solar-2026-768x484.webp 768w\" sizes=\"(max-width: 886px) 100vw, 886px\" \/>\t\t\t\t\t\t\t\t<\/a>\n\t\t\t\t\t\t\t\t\t\t\t\t\t\t\t<\/div>\n\t\t\t\t<\/div>\n\t\t\t\t<\/div>\n\t\t<div class=\"elementor-element elementor-element-2707c33 e-con-full e-flex e-con e-child\" data-id=\"2707c33\" data-element_type=\"container\" data-e-type=\"container\">\n\t\t\t\t<div class=\"elementor-element elementor-element-4af9ec5 elementor-widget elementor-widget-image\" data-id=\"4af9ec5\" data-element_type=\"widget\" data-e-type=\"widget\" data-settings=\"{&quot;wdt_animation_effect&quot;:&quot;none&quot;}\" data-widget_type=\"image.default\">\n\t\t\t\t<div class=\"elementor-widget-container\">\n\t\t\t\t\t\t\t\t\t\t\t\t\t\t\t\t<a href=\"https:\/\/visitpalma.com\/wp-content\/uploads\/2025\/09\/Trayectoria-eclipse-solar-2026-Palma.webp\" data-elementor-open-lightbox=\"yes\" data-elementor-lightbox-title=\"Trayectoria eclipse solar 2026 Palma\" data-e-action-hash=\"#elementor-action%3Aaction%3Dlightbox%26settings%3DeyJpZCI6MTYyOTAsInVybCI6Imh0dHBzOlwvXC92aXNpdHBhbG1hLmNvbVwvd3AtY29udGVudFwvdXBsb2Fkc1wvMjAyNVwvMDlcL1RyYXllY3RvcmlhLWVjbGlwc2Utc29sYXItMjAyNi1QYWxtYS53ZWJwIn0%3D\">\n\t\t\t\t\t\t\t<img decoding=\"async\" width=\"886\" height=\"558\" src=\"https:\/\/visitpalma.com\/wp-content\/uploads\/2025\/09\/Trayectoria-eclipse-solar-2026-Palma.webp\" class=\"attachment-large size-large wp-image-16290\" alt=\"Trayectoria eclipse solar 2026 Palma\" srcset=\"https:\/\/visitpalma.com\/wp-content\/uploads\/2025\/09\/Trayectoria-eclipse-solar-2026-Palma.webp 886w, https:\/\/visitpalma.com\/wp-content\/uploads\/2025\/09\/Trayectoria-eclipse-solar-2026-Palma-600x378.webp 600w, https:\/\/visitpalma.com\/wp-content\/uploads\/2025\/09\/Trayectoria-eclipse-solar-2026-Palma-768x484.webp 768w\" sizes=\"(max-width: 886px) 100vw, 886px\" \/>\t\t\t\t\t\t\t\t<\/a>\n\t\t\t\t\t\t\t\t\t\t\t\t\t\t\t<\/div>\n\t\t\t\t<\/div>\n\t\t\t\t<\/div>\n\t\t<div class=\"elementor-element elementor-element-fe9c631 e-con-full e-flex e-con e-child\" data-id=\"fe9c631\" data-element_type=\"container\" data-e-type=\"container\">\n\t\t\t\t<div class=\"elementor-element elementor-element-86c0647 elementor-widget elementor-widget-image\" data-id=\"86c0647\" data-element_type=\"widget\" data-e-type=\"widget\" data-settings=\"{&quot;wdt_animation_effect&quot;:&quot;none&quot;}\" data-widget_type=\"image.default\">\n\t\t\t\t<div class=\"elementor-widget-container\">\n\t\t\t\t\t\t\t\t\t\t\t\t\t\t\t\t<a href=\"https:\/\/visitpalma.com\/wp-content\/uploads\/2025\/09\/Trayectoria-eclipse-2026.jpg\" data-elementor-open-lightbox=\"yes\" data-elementor-lightbox-title=\"Trayectoria eclipse 2026\" data-e-action-hash=\"#elementor-action%3Aaction%3Dlightbox%26settings%3DeyJpZCI6MTYzNTcsInVybCI6Imh0dHBzOlwvXC92aXNpdHBhbG1hLmNvbVwvd3AtY29udGVudFwvdXBsb2Fkc1wvMjAyNVwvMDlcL1RyYXllY3RvcmlhLWVjbGlwc2UtMjAyNi5qcGcifQ%3D%3D\">\n\t\t\t\t\t\t\t<img loading=\"lazy\" decoding=\"async\" width=\"886\" height=\"558\" src=\"https:\/\/visitpalma.com\/wp-content\/uploads\/2025\/09\/Trayectoria-eclipse-2026.jpg\" class=\"attachment-large size-large wp-image-16357\" alt=\"Trayectoria eclipse 2026\" srcset=\"https:\/\/visitpalma.com\/wp-content\/uploads\/2025\/09\/Trayectoria-eclipse-2026.jpg 886w, https:\/\/visitpalma.com\/wp-content\/uploads\/2025\/09\/Trayectoria-eclipse-2026-600x378.jpg 600w, https:\/\/visitpalma.com\/wp-content\/uploads\/2025\/09\/Trayectoria-eclipse-2026-768x484.jpg 768w\" sizes=\"(max-width: 886px) 100vw, 886px\" \/>\t\t\t\t\t\t\t\t<\/a>\n\t\t\t\t\t\t\t\t\t\t\t\t\t\t\t<\/div>\n\t\t\t\t<\/div>\n\t\t\t\t<\/div>\n\t\t\t\t\t<\/div>\n\t\t\t\t<\/div>\n\t\t\t\t<\/div>\n\t\t","protected":false},"excerpt":{"rendered":"<p>Palma bereitet sich auf die spektakul\u00e4re totale Sonnenfinsternis am 12. August 2026 vor Am 12. August 2026 wird Palma Zeuge eines der gr\u00f6\u00dften Naturschauspiele: einer totalen Sonnenfinsternis. Der Mond schiebt [&hellip;]<\/p>\n","protected":false},"author":1,"featured_media":15966,"parent":0,"menu_order":0,"comment_status":"closed","ping_status":"closed","template":"elementor_header_footer","meta":{"_monsterinsights_skip_tracking":false,"_monsterinsights_sitenote_active":false,"_monsterinsights_sitenote_note":"","_monsterinsights_sitenote_category":0,"footnotes":""},"class_list":["post-16272","page","type-page","status-publish","has-post-thumbnail","hentry"],"yoast_head":"<!-- This site is optimized with the Yoast SEO plugin v27.4 - https:\/\/yoast.com\/product\/yoast-seo-wordpress\/ -->\n<title>Wo kann man die Sonnenfinsternis 2026 in Palma beobachten?<\/title>\n<meta name=\"description\" content=\"Palma wird Zeuge eines der gr\u00f6\u00dften Naturschauspiele sein: einer totalen Sonnenfinsternis. Die Bahn der Totalit\u00e4t wird den S\u00fcden Mallorcas \u00fcberqueren.\" \/>\n<meta name=\"robots\" content=\"index, follow, max-snippet:-1, max-image-preview:large, max-video-preview:-1\" \/>\n<link rel=\"canonical\" href=\"https:\/\/visitpalma.com\/de\/sonnenfinsternis-palma\/\" \/>\n<meta property=\"og:locale\" content=\"de_DE\" \/>\n<meta property=\"og:type\" content=\"article\" \/>\n<meta property=\"og:title\" content=\"Wo kann man die Sonnenfinsternis 2026 in Palma beobachten?\" \/>\n<meta property=\"og:description\" content=\"Palma wird Zeuge eines der gr\u00f6\u00dften Naturschauspiele sein: einer totalen Sonnenfinsternis. Die Bahn der Totalit\u00e4t wird den S\u00fcden Mallorcas \u00fcberqueren.\" \/>\n<meta property=\"og:url\" content=\"https:\/\/visitpalma.com\/de\/sonnenfinsternis-palma\/\" \/>\n<meta property=\"og:site_name\" content=\"Visit Palma\" \/>\n<meta property=\"article:publisher\" content=\"https:\/\/www.facebook.com\/passionforpalma\" \/>\n<meta property=\"article:modified_time\" content=\"2025-09-28T16:36:33+00:00\" \/>\n<meta property=\"og:image\" content=\"https:\/\/visitpalma.com\/wp-content\/uploads\/2025\/09\/sun-solar-circle-corona-font-flare-597908-pxhere.com_.jpg\" \/>\n\t<meta property=\"og:image:width\" content=\"1920\" \/>\n\t<meta property=\"og:image:height\" content=\"1080\" \/>\n\t<meta property=\"og:image:type\" content=\"image\/jpeg\" \/>\n<meta name=\"twitter:card\" content=\"summary_large_image\" \/>\n<meta name=\"twitter:site\" content=\"@passionforpalma\" \/>\n<meta name=\"twitter:label1\" content=\"Gesch\u00e4tzte Lesezeit\" \/>\n\t<meta name=\"twitter:data1\" content=\"3\u00a0Minuten\" \/>\n<script type=\"application\/ld+json\" class=\"yoast-schema-graph\">{\"@context\":\"https:\\\/\\\/schema.org\",\"@graph\":[{\"@type\":\"WebPage\",\"@id\":\"https:\\\/\\\/visitpalma.com\\\/de\\\/sonnenfinsternis-palma\\\/\",\"url\":\"https:\\\/\\\/visitpalma.com\\\/de\\\/sonnenfinsternis-palma\\\/\",\"name\":\"Wo kann man die Sonnenfinsternis 2026 in Palma beobachten?\",\"isPartOf\":{\"@id\":\"https:\\\/\\\/visitpalma.com\\\/de\\\/#website\"},\"primaryImageOfPage\":{\"@id\":\"https:\\\/\\\/visitpalma.com\\\/de\\\/sonnenfinsternis-palma\\\/#primaryimage\"},\"image\":{\"@id\":\"https:\\\/\\\/visitpalma.com\\\/de\\\/sonnenfinsternis-palma\\\/#primaryimage\"},\"thumbnailUrl\":\"https:\\\/\\\/visitpalma.com\\\/wp-content\\\/uploads\\\/2025\\\/09\\\/sun-solar-circle-corona-font-flare-597908-pxhere.com_.jpg\",\"datePublished\":\"2025-09-10T16:41:13+00:00\",\"dateModified\":\"2025-09-28T16:36:33+00:00\",\"description\":\"Palma wird Zeuge eines der gr\u00f6\u00dften Naturschauspiele sein: einer totalen Sonnenfinsternis. Die Bahn der Totalit\u00e4t wird den S\u00fcden Mallorcas \u00fcberqueren.\",\"breadcrumb\":{\"@id\":\"https:\\\/\\\/visitpalma.com\\\/de\\\/sonnenfinsternis-palma\\\/#breadcrumb\"},\"inLanguage\":\"de\",\"potentialAction\":[{\"@type\":\"ReadAction\",\"target\":[\"https:\\\/\\\/visitpalma.com\\\/de\\\/sonnenfinsternis-palma\\\/\"]}]},{\"@type\":\"ImageObject\",\"inLanguage\":\"de\",\"@id\":\"https:\\\/\\\/visitpalma.com\\\/de\\\/sonnenfinsternis-palma\\\/#primaryimage\",\"url\":\"https:\\\/\\\/visitpalma.com\\\/wp-content\\\/uploads\\\/2025\\\/09\\\/sun-solar-circle-corona-font-flare-597908-pxhere.com_.jpg\",\"contentUrl\":\"https:\\\/\\\/visitpalma.com\\\/wp-content\\\/uploads\\\/2025\\\/09\\\/sun-solar-circle-corona-font-flare-597908-pxhere.com_.jpg\",\"width\":1920,\"height\":1080,\"caption\":\"Eclipse solar Palma 2026\"},{\"@type\":\"BreadcrumbList\",\"@id\":\"https:\\\/\\\/visitpalma.com\\\/de\\\/sonnenfinsternis-palma\\\/#breadcrumb\",\"itemListElement\":[{\"@type\":\"ListItem\",\"position\":1,\"name\":\"Inicio\",\"item\":\"https:\\\/\\\/visitpalma.com\\\/de\\\/\"},{\"@type\":\"ListItem\",\"position\":2,\"name\":\"Sonnenfinsternis 2026\"}]},{\"@type\":\"WebSite\",\"@id\":\"https:\\\/\\\/visitpalma.com\\\/de\\\/#website\",\"url\":\"https:\\\/\\\/visitpalma.com\\\/de\\\/\",\"name\":\"Visit Palma\",\"description\":\"\",\"publisher\":{\"@id\":\"https:\\\/\\\/visitpalma.com\\\/de\\\/#organization\"},\"potentialAction\":[{\"@type\":\"SearchAction\",\"target\":{\"@type\":\"EntryPoint\",\"urlTemplate\":\"https:\\\/\\\/visitpalma.com\\\/de\\\/?s={search_term_string}\"},\"query-input\":{\"@type\":\"PropertyValueSpecification\",\"valueRequired\":true,\"valueName\":\"search_term_string\"}}],\"inLanguage\":\"de\"},{\"@type\":\"Organization\",\"@id\":\"https:\\\/\\\/visitpalma.com\\\/de\\\/#organization\",\"name\":\"Fundaci\u00f3n Turismo Palma de Mallorca 365\",\"url\":\"https:\\\/\\\/visitpalma.com\\\/de\\\/\",\"logo\":{\"@type\":\"ImageObject\",\"inLanguage\":\"de\",\"@id\":\"https:\\\/\\\/visitpalma.com\\\/de\\\/#\\\/schema\\\/logo\\\/image\\\/\",\"url\":\"https:\\\/\\\/visitpalma.com\\\/wp-content\\\/uploads\\\/2025\\\/05\\\/Logo-Passion-for-Palma-de-Mallorca.svg\",\"contentUrl\":\"https:\\\/\\\/visitpalma.com\\\/wp-content\\\/uploads\\\/2025\\\/05\\\/Logo-Passion-for-Palma-de-Mallorca.svg\",\"width\":377,\"height\":377,\"caption\":\"Fundaci\u00f3n Turismo Palma de Mallorca 365\"},\"image\":{\"@id\":\"https:\\\/\\\/visitpalma.com\\\/de\\\/#\\\/schema\\\/logo\\\/image\\\/\"},\"sameAs\":[\"https:\\\/\\\/www.facebook.com\\\/passionforpalma\",\"https:\\\/\\\/x.com\\\/passionforpalma\",\"https:\\\/\\\/www.instagram.com\\\/passionforpalma_\\\/\",\"https:\\\/\\\/www.youtube.com\\\/channel\\\/UCALF2N1FRnmAZYBttkQjedA\"]}]}<\/script>\n<!-- \/ Yoast SEO plugin. -->","yoast_head_json":{"title":"Wo kann man die Sonnenfinsternis 2026 in Palma beobachten?","description":"Palma wird Zeuge eines der gr\u00f6\u00dften Naturschauspiele sein: einer totalen Sonnenfinsternis. Die Bahn der Totalit\u00e4t wird den S\u00fcden Mallorcas \u00fcberqueren.","robots":{"index":"index","follow":"follow","max-snippet":"max-snippet:-1","max-image-preview":"max-image-preview:large","max-video-preview":"max-video-preview:-1"},"canonical":"https:\/\/visitpalma.com\/de\/sonnenfinsternis-palma\/","og_locale":"de_DE","og_type":"article","og_title":"Wo kann man die Sonnenfinsternis 2026 in Palma beobachten?","og_description":"Palma wird Zeuge eines der gr\u00f6\u00dften Naturschauspiele sein: einer totalen Sonnenfinsternis. Die Bahn der Totalit\u00e4t wird den S\u00fcden Mallorcas \u00fcberqueren.","og_url":"https:\/\/visitpalma.com\/de\/sonnenfinsternis-palma\/","og_site_name":"Visit Palma","article_publisher":"https:\/\/www.facebook.com\/passionforpalma","article_modified_time":"2025-09-28T16:36:33+00:00","og_image":[{"width":1920,"height":1080,"url":"https:\/\/visitpalma.com\/wp-content\/uploads\/2025\/09\/sun-solar-circle-corona-font-flare-597908-pxhere.com_.jpg","type":"image\/jpeg"}],"twitter_card":"summary_large_image","twitter_site":"@passionforpalma","twitter_misc":{"Gesch\u00e4tzte Lesezeit":"3\u00a0Minuten"},"schema":{"@context":"https:\/\/schema.org","@graph":[{"@type":"WebPage","@id":"https:\/\/visitpalma.com\/de\/sonnenfinsternis-palma\/","url":"https:\/\/visitpalma.com\/de\/sonnenfinsternis-palma\/","name":"Wo kann man die Sonnenfinsternis 2026 in Palma beobachten?","isPartOf":{"@id":"https:\/\/visitpalma.com\/de\/#website"},"primaryImageOfPage":{"@id":"https:\/\/visitpalma.com\/de\/sonnenfinsternis-palma\/#primaryimage"},"image":{"@id":"https:\/\/visitpalma.com\/de\/sonnenfinsternis-palma\/#primaryimage"},"thumbnailUrl":"https:\/\/visitpalma.com\/wp-content\/uploads\/2025\/09\/sun-solar-circle-corona-font-flare-597908-pxhere.com_.jpg","datePublished":"2025-09-10T16:41:13+00:00","dateModified":"2025-09-28T16:36:33+00:00","description":"Palma wird Zeuge eines der gr\u00f6\u00dften Naturschauspiele sein: einer totalen Sonnenfinsternis. Die Bahn der Totalit\u00e4t wird den S\u00fcden Mallorcas \u00fcberqueren.","breadcrumb":{"@id":"https:\/\/visitpalma.com\/de\/sonnenfinsternis-palma\/#breadcrumb"},"inLanguage":"de","potentialAction":[{"@type":"ReadAction","target":["https:\/\/visitpalma.com\/de\/sonnenfinsternis-palma\/"]}]},{"@type":"ImageObject","inLanguage":"de","@id":"https:\/\/visitpalma.com\/de\/sonnenfinsternis-palma\/#primaryimage","url":"https:\/\/visitpalma.com\/wp-content\/uploads\/2025\/09\/sun-solar-circle-corona-font-flare-597908-pxhere.com_.jpg","contentUrl":"https:\/\/visitpalma.com\/wp-content\/uploads\/2025\/09\/sun-solar-circle-corona-font-flare-597908-pxhere.com_.jpg","width":1920,"height":1080,"caption":"Eclipse solar Palma 2026"},{"@type":"BreadcrumbList","@id":"https:\/\/visitpalma.com\/de\/sonnenfinsternis-palma\/#breadcrumb","itemListElement":[{"@type":"ListItem","position":1,"name":"Inicio","item":"https:\/\/visitpalma.com\/de\/"},{"@type":"ListItem","position":2,"name":"Sonnenfinsternis 2026"}]},{"@type":"WebSite","@id":"https:\/\/visitpalma.com\/de\/#website","url":"https:\/\/visitpalma.com\/de\/","name":"Visit Palma","description":"","publisher":{"@id":"https:\/\/visitpalma.com\/de\/#organization"},"potentialAction":[{"@type":"SearchAction","target":{"@type":"EntryPoint","urlTemplate":"https:\/\/visitpalma.com\/de\/?s={search_term_string}"},"query-input":{"@type":"PropertyValueSpecification","valueRequired":true,"valueName":"search_term_string"}}],"inLanguage":"de"},{"@type":"Organization","@id":"https:\/\/visitpalma.com\/de\/#organization","name":"Fundaci\u00f3n Turismo Palma de Mallorca 365","url":"https:\/\/visitpalma.com\/de\/","logo":{"@type":"ImageObject","inLanguage":"de","@id":"https:\/\/visitpalma.com\/de\/#\/schema\/logo\/image\/","url":"https:\/\/visitpalma.com\/wp-content\/uploads\/2025\/05\/Logo-Passion-for-Palma-de-Mallorca.svg","contentUrl":"https:\/\/visitpalma.com\/wp-content\/uploads\/2025\/05\/Logo-Passion-for-Palma-de-Mallorca.svg","width":377,"height":377,"caption":"Fundaci\u00f3n Turismo Palma de Mallorca 365"},"image":{"@id":"https:\/\/visitpalma.com\/de\/#\/schema\/logo\/image\/"},"sameAs":["https:\/\/www.facebook.com\/passionforpalma","https:\/\/x.com\/passionforpalma","https:\/\/www.instagram.com\/passionforpalma_\/","https:\/\/www.youtube.com\/channel\/UCALF2N1FRnmAZYBttkQjedA"]}]}},"_links":{"self":[{"href":"https:\/\/visitpalma.com\/de\/wp-json\/wp\/v2\/pages\/16272","targetHints":{"allow":["GET"]}}],"collection":[{"href":"https:\/\/visitpalma.com\/de\/wp-json\/wp\/v2\/pages"}],"about":[{"href":"https:\/\/visitpalma.com\/de\/wp-json\/wp\/v2\/types\/page"}],"author":[{"embeddable":true,"href":"https:\/\/visitpalma.com\/de\/wp-json\/wp\/v2\/users\/1"}],"replies":[{"embeddable":true,"href":"https:\/\/visitpalma.com\/de\/wp-json\/wp\/v2\/comments?post=16272"}],"version-history":[{"count":17,"href":"https:\/\/visitpalma.com\/de\/wp-json\/wp\/v2\/pages\/16272\/revisions"}],"predecessor-version":[{"id":16652,"href":"https:\/\/visitpalma.com\/de\/wp-json\/wp\/v2\/pages\/16272\/revisions\/16652"}],"wp:featuredmedia":[{"embeddable":true,"href":"https:\/\/visitpalma.com\/de\/wp-json\/wp\/v2\/media\/15966"}],"wp:attachment":[{"href":"https:\/\/visitpalma.com\/de\/wp-json\/wp\/v2\/media?parent=16272"}],"curies":[{"name":"wp","href":"https:\/\/api.w.org\/{rel}","templated":true}]}}