{"id":8129,"date":"2025-06-19T11:20:40","date_gmt":"2025-06-19T09:20:40","guid":{"rendered":"https:\/\/visitpalma.com\/un-gran-abracada-de-sorra-i-mar\/"},"modified":"2025-10-26T13:25:02","modified_gmt":"2025-10-26T12:25:02","slug":"platges","status":"publish","type":"page","link":"https:\/\/visitpalma.com\/ca\/platges\/","title":{"rendered":"Platges de Palma"},"content":{"rendered":"\t\t<div data-elementor-type=\"wp-page\" data-elementor-id=\"8129\" class=\"elementor elementor-8129 elementor-6335\" data-elementor-post-type=\"page\">\n\t\t\t\t\t\t<section class=\"elementor-section elementor-top-section elementor-element elementor-element-f05957d elementor-section-full_width elementor-section-height-min-height elementor-section-height-default elementor-section-items-middle\" data-id=\"f05957d\" data-element_type=\"section\" data-e-type=\"section\" data-settings=\"{&quot;background_background&quot;:&quot;classic&quot;,&quot;wdt_bg_image&quot;:{&quot;url&quot;:&quot;&quot;,&quot;id&quot;:&quot;&quot;,&quot;size&quot;:&quot;&quot;},&quot;wdt_bg_image_widescreen&quot;:{&quot;url&quot;:&quot;&quot;,&quot;id&quot;:&quot;&quot;,&quot;size&quot;:&quot;&quot;},&quot;wdt_bg_image_laptop&quot;:{&quot;url&quot;:&quot;&quot;,&quot;id&quot;:&quot;&quot;,&quot;size&quot;:&quot;&quot;},&quot;wdt_bg_image_tablet_extra&quot;:{&quot;url&quot;:&quot;&quot;,&quot;id&quot;:&quot;&quot;,&quot;size&quot;:&quot;&quot;},&quot;wdt_bg_image_tablet&quot;:{&quot;url&quot;:&quot;&quot;,&quot;id&quot;:&quot;&quot;,&quot;size&quot;:&quot;&quot;},&quot;wdt_bg_image_mobile_extra&quot;:{&quot;url&quot;:&quot;&quot;,&quot;id&quot;:&quot;&quot;,&quot;size&quot;:&quot;&quot;},&quot;wdt_bg_image_mobile&quot;:{&quot;url&quot;:&quot;&quot;,&quot;id&quot;:&quot;&quot;,&quot;size&quot;:&quot;&quot;},&quot;wdt_bg_position&quot;:&quot;center center&quot;,&quot;wdt_animation_effect&quot;:&quot;none&quot;}\">\n\t\t\t\t\t\t\t<div class=\"elementor-background-overlay\"><\/div>\n\t\t\t\t\t\t\t<div class=\"elementor-container elementor-column-gap-default\">\n\t\t\t\t\t<div class=\"elementor-column elementor-col-100 elementor-top-column elementor-element elementor-element-b32d07b\" data-id=\"b32d07b\" data-element_type=\"column\" data-e-type=\"column\" data-settings=\"{&quot;background_background&quot;:&quot;classic&quot;}\">\n\t\t\t<div class=\"elementor-widget-wrap\">\n\t\t\t\t\t<div class=\"elementor-background-overlay\"><\/div>\n\t\t\t\t\t\t\t<\/div>\n\t\t<\/div>\n\t\t\t\t\t<\/div>\n\t\t<\/section>\n\t\t<div class=\"elementor-element elementor-element-b948efb e-flex e-con-boxed e-con e-parent\" data-id=\"b948efb\" data-element_type=\"container\" data-e-type=\"container\">\n\t\t\t\t\t<div class=\"e-con-inner\">\n\t\t<div class=\"elementor-element elementor-element-059fa52 e-con-full e-flex e-con e-child\" data-id=\"059fa52\" data-element_type=\"container\" data-e-type=\"container\">\n\t\t\t\t<div class=\"elementor-element elementor-element-932a614 elementor-widget elementor-widget-text-editor\" data-id=\"932a614\" data-element_type=\"widget\" data-e-type=\"widget\" data-settings=\"{&quot;wdt_animation_effect&quot;:&quot;none&quot;}\" data-widget_type=\"text-editor.default\">\n\t\t\t\t<div class=\"elementor-widget-container\">\n\t\t\t\t\t\t\t\t\t<h2>Un gran abra\u00e7ada de sorra i mar<\/h2><p>Palma t\u00e9 uns bra\u00e7os c\u00e0lids i blaus que conformen la <strong>segona badia m\u00e9s gran dEspanya<\/strong>. I en aquesta abra\u00e7ada de sorra i mar es localitzen <strong>cinc platges<\/strong> amb tots els equipaments i <strong>vuit zones de bany<\/strong> d&#8217;aigua cristal\u00b7lina. Pur mediterrani en aquest jard\u00ed daurat i turquesa de la ciutat, que es gaudeix no nom\u00e9s a l&#8217;estiu sin\u00f3 tot l&#8217;any.<\/p>\t\t\t\t\t\t\t\t<\/div>\n\t\t\t\t<\/div>\n\t\t\t\t<\/div>\n\t\t\t\t\t<\/div>\n\t\t\t\t<\/div>\n\t\t\t\t<section class=\"elementor-section elementor-top-section elementor-element elementor-element-d5a4054 elementor-section-boxed elementor-section-height-default elementor-section-height-default\" data-id=\"d5a4054\" data-element_type=\"section\" data-e-type=\"section\" data-settings=\"{&quot;wdt_bg_image&quot;:{&quot;url&quot;:&quot;&quot;,&quot;id&quot;:&quot;&quot;,&quot;size&quot;:&quot;&quot;},&quot;wdt_bg_image_widescreen&quot;:{&quot;url&quot;:&quot;&quot;,&quot;id&quot;:&quot;&quot;,&quot;size&quot;:&quot;&quot;},&quot;wdt_bg_image_laptop&quot;:{&quot;url&quot;:&quot;&quot;,&quot;id&quot;:&quot;&quot;,&quot;size&quot;:&quot;&quot;},&quot;wdt_bg_image_tablet_extra&quot;:{&quot;url&quot;:&quot;&quot;,&quot;id&quot;:&quot;&quot;,&quot;size&quot;:&quot;&quot;},&quot;wdt_bg_image_tablet&quot;:{&quot;url&quot;:&quot;&quot;,&quot;id&quot;:&quot;&quot;,&quot;size&quot;:&quot;&quot;},&quot;wdt_bg_image_mobile_extra&quot;:{&quot;url&quot;:&quot;&quot;,&quot;id&quot;:&quot;&quot;,&quot;size&quot;:&quot;&quot;},&quot;wdt_bg_image_mobile&quot;:{&quot;url&quot;:&quot;&quot;,&quot;id&quot;:&quot;&quot;,&quot;size&quot;:&quot;&quot;},&quot;wdt_bg_position&quot;:&quot;center center&quot;,&quot;wdt_animation_effect&quot;:&quot;none&quot;}\">\n\t\t\t\t\t\t<div class=\"elementor-container elementor-column-gap-no\">\n\t\t\t\t\t<div class=\"elementor-column elementor-col-100 elementor-top-column elementor-element elementor-element-85a32e8\" data-id=\"85a32e8\" data-element_type=\"column\" data-e-type=\"column\">\n\t\t\t<div class=\"elementor-widget-wrap elementor-element-populated\">\n\t\t\t\t\t\t<div class=\"elementor-element elementor-element-6d864b1 elementor-widget__width-inherit start elementor-widget elementor-widget-wdt-heading\" data-id=\"6d864b1\" data-element_type=\"widget\" data-e-type=\"widget\" data-settings=\"{&quot;wdt_animation_effect&quot;:&quot;none&quot;}\" data-widget_type=\"wdt-heading.default\">\n\t\t\t\t<div class=\"elementor-widget-container\">\n\t\t\t\t\t<div class=\"wdt-heading-holder \" id=\"wdt-heading-6d864b1\"><h2 class=\"wdt-heading-title-wrapper wdt-heading-align-center wdt-heading-deco-wrapper\"><span class=\"wdt-heading-title\">Platges<\/span><\/h2><\/div>\t\t\t\t<\/div>\n\t\t\t\t<\/div>\n\t\t\t\t<section class=\"elementor-section elementor-inner-section elementor-element elementor-element-87dd3d0 elementor-section-boxed elementor-section-height-default elementor-section-height-default elementor-invisible\" data-id=\"87dd3d0\" data-element_type=\"section\" data-e-type=\"section\" data-settings=\"{&quot;animation&quot;:&quot;fadeInUp&quot;,&quot;wdt_bg_image&quot;:{&quot;url&quot;:&quot;&quot;,&quot;id&quot;:&quot;&quot;,&quot;size&quot;:&quot;&quot;},&quot;wdt_bg_image_widescreen&quot;:{&quot;url&quot;:&quot;&quot;,&quot;id&quot;:&quot;&quot;,&quot;size&quot;:&quot;&quot;},&quot;wdt_bg_image_laptop&quot;:{&quot;url&quot;:&quot;&quot;,&quot;id&quot;:&quot;&quot;,&quot;size&quot;:&quot;&quot;},&quot;wdt_bg_image_tablet_extra&quot;:{&quot;url&quot;:&quot;&quot;,&quot;id&quot;:&quot;&quot;,&quot;size&quot;:&quot;&quot;},&quot;wdt_bg_image_tablet&quot;:{&quot;url&quot;:&quot;&quot;,&quot;id&quot;:&quot;&quot;,&quot;size&quot;:&quot;&quot;},&quot;wdt_bg_image_mobile_extra&quot;:{&quot;url&quot;:&quot;&quot;,&quot;id&quot;:&quot;&quot;,&quot;size&quot;:&quot;&quot;},&quot;wdt_bg_image_mobile&quot;:{&quot;url&quot;:&quot;&quot;,&quot;id&quot;:&quot;&quot;,&quot;size&quot;:&quot;&quot;},&quot;wdt_bg_position&quot;:&quot;center center&quot;,&quot;wdt_animation_effect&quot;:&quot;none&quot;}\">\n\t\t\t\t\t\t<div class=\"elementor-container elementor-column-gap-no\">\n\t\t\t\t\t<div class=\"elementor-column elementor-col-100 elementor-inner-column elementor-element elementor-element-807d876\" data-id=\"807d876\" data-element_type=\"column\" data-e-type=\"column\">\n\t\t\t<div class=\"elementor-widget-wrap elementor-element-populated\">\n\t\t\t\t\t\t<div class=\"elementor-element elementor-element-72bf9c2 elementor-widget elementor-widget-dtdr-widget-df-listings-listing\" data-id=\"72bf9c2\" data-element_type=\"widget\" data-e-type=\"widget\" data-settings=\"{&quot;wdt_animation_effect&quot;:&quot;none&quot;}\" data-widget_type=\"dtdr-widget-df-listings-listing.default\">\n\t\t\t\t<div class=\"elementor-widget-container\">\n\t\t\t\t\t<div class=\"dtdr-listing-output-data-container dtdr-direct-list-items dtdr-listing-no-map \"  ><div class=\"dtdr-listing-output-data-holder\" data-type=\"type4\" data-enableshowresults=\"\" data-applynowbuttonlink=\"\" data-gallery=\"featured_image\" data-postperpage=\"20\" data-columns=\"3\" data-showfavourite=\"true\" data-showbusinesshoursstatus=\"\" data-applyisotope=\"true\" data-isotopefilter=\"\" data-applychildof=\"false\" data-featureditems=\"false\" data-featuresimageoricon=\"image\" data-featuresinclude=\"\" data-noofcattodisplay=\"1\" data-excerptlength=\"20\" data-applyequalheight=\"false\" data-moduleid=\"72bf9c2\" data-enableratings=\"\" data-customoptions=\"{&quot;ad_items&quot;:&quot;&quot;,&quot;ad_location&quot;:&quot;listing&quot;}\" data-listitemids=\"\" data-categoryids=\"127\" data-citiesids=\"\" data-neighborhoodsids=\"\" data-countiesstatesids=\"\" data-contracttypesids=\"\" data-tagids=\"\" data-countryid=\"\" data-sellerids=\"\" data-inchargeids=\"\"><\/div><div class=\"dtdr-ajax-load-image \" style=\"display:none;\">\r\n\t\t\t\t\t\t<div class=\"dtdr-loader-inner\">\r\n\t\t\t\t\t\t<\/div>\r\n\t\t\t\t\t<\/div><\/div>\t\t\t\t<\/div>\n\t\t\t\t<\/div>\n\t\t\t\t\t<\/div>\n\t\t<\/div>\n\t\t\t\t\t<\/div>\n\t\t<\/section>\n\t\t\t\t\t<\/div>\n\t\t<\/div>\n\t\t\t\t\t<\/div>\n\t\t<\/section>\n\t\t<div class=\"elementor-element elementor-element-9e033fb e-flex e-con-boxed e-con e-parent\" data-id=\"9e033fb\" data-element_type=\"container\" data-e-type=\"container\">\n\t\t\t\t\t<div class=\"e-con-inner\">\n\t\t\t\t<div class=\"elementor-element elementor-element-3c17275 elementor-widget elementor-widget-image\" data-id=\"3c17275\" data-element_type=\"widget\" data-e-type=\"widget\" data-settings=\"{&quot;wdt_animation_effect&quot;:&quot;none&quot;}\" data-widget_type=\"image.default\">\n\t\t\t\t<div class=\"elementor-widget-container\">\n\t\t\t\t\t\t\t\t\t\t\t\t\t\t\t<img fetchpriority=\"high\" decoding=\"async\" width=\"300\" height=\"300\" src=\"https:\/\/visitpalma.com\/wp-content\/uploads\/2025\/06\/Safe-tourism-certified.jpg\" class=\"attachment-large size-large wp-image-7239\" alt=\"Safe tourism certified\" srcset=\"https:\/\/visitpalma.com\/wp-content\/uploads\/2025\/06\/Safe-tourism-certified.jpg 300w, https:\/\/visitpalma.com\/wp-content\/uploads\/2025\/06\/Safe-tourism-certified-100x100.jpg 100w\" sizes=\"(max-width: 300px) 100vw, 300px\" \/>\t\t\t\t\t\t\t\t\t\t\t\t\t\t\t<\/div>\n\t\t\t\t<\/div>\n\t\t\t\t\t<\/div>\n\t\t\t\t<\/div>\n\t\t\t\t<section class=\"elementor-section elementor-top-section elementor-element elementor-element-9b7f765 elementor-section-boxed elementor-section-height-default elementor-section-height-default\" data-id=\"9b7f765\" data-element_type=\"section\" data-e-type=\"section\" data-settings=\"{&quot;background_background&quot;:&quot;classic&quot;,&quot;wdt_bg_image&quot;:{&quot;url&quot;:&quot;&quot;,&quot;id&quot;:&quot;&quot;,&quot;size&quot;:&quot;&quot;},&quot;wdt_bg_image_widescreen&quot;:{&quot;url&quot;:&quot;&quot;,&quot;id&quot;:&quot;&quot;,&quot;size&quot;:&quot;&quot;},&quot;wdt_bg_image_laptop&quot;:{&quot;url&quot;:&quot;&quot;,&quot;id&quot;:&quot;&quot;,&quot;size&quot;:&quot;&quot;},&quot;wdt_bg_image_tablet_extra&quot;:{&quot;url&quot;:&quot;&quot;,&quot;id&quot;:&quot;&quot;,&quot;size&quot;:&quot;&quot;},&quot;wdt_bg_image_tablet&quot;:{&quot;url&quot;:&quot;&quot;,&quot;id&quot;:&quot;&quot;,&quot;size&quot;:&quot;&quot;},&quot;wdt_bg_image_mobile_extra&quot;:{&quot;url&quot;:&quot;&quot;,&quot;id&quot;:&quot;&quot;,&quot;size&quot;:&quot;&quot;},&quot;wdt_bg_image_mobile&quot;:{&quot;url&quot;:&quot;&quot;,&quot;id&quot;:&quot;&quot;,&quot;size&quot;:&quot;&quot;},&quot;wdt_bg_position&quot;:&quot;center center&quot;,&quot;wdt_animation_effect&quot;:&quot;none&quot;}\">\n\t\t\t\t\t\t<div class=\"elementor-container elementor-column-gap-no\">\n\t\t\t\t\t<div class=\"elementor-column elementor-col-100 elementor-top-column elementor-element elementor-element-0be8a53\" data-id=\"0be8a53\" data-element_type=\"column\" data-e-type=\"column\">\n\t\t\t<div class=\"elementor-widget-wrap elementor-element-populated\">\n\t\t\t\t\t\t<section class=\"elementor-section elementor-inner-section elementor-element elementor-element-303a550 elementor-section-boxed elementor-section-height-default elementor-section-height-default elementor-invisible\" data-id=\"303a550\" data-element_type=\"section\" data-e-type=\"section\" data-settings=\"{&quot;animation&quot;:&quot;fadeInUp&quot;,&quot;wdt_bg_image&quot;:{&quot;url&quot;:&quot;&quot;,&quot;id&quot;:&quot;&quot;,&quot;size&quot;:&quot;&quot;},&quot;wdt_bg_image_widescreen&quot;:{&quot;url&quot;:&quot;&quot;,&quot;id&quot;:&quot;&quot;,&quot;size&quot;:&quot;&quot;},&quot;wdt_bg_image_laptop&quot;:{&quot;url&quot;:&quot;&quot;,&quot;id&quot;:&quot;&quot;,&quot;size&quot;:&quot;&quot;},&quot;wdt_bg_image_tablet_extra&quot;:{&quot;url&quot;:&quot;&quot;,&quot;id&quot;:&quot;&quot;,&quot;size&quot;:&quot;&quot;},&quot;wdt_bg_image_tablet&quot;:{&quot;url&quot;:&quot;&quot;,&quot;id&quot;:&quot;&quot;,&quot;size&quot;:&quot;&quot;},&quot;wdt_bg_image_mobile_extra&quot;:{&quot;url&quot;:&quot;&quot;,&quot;id&quot;:&quot;&quot;,&quot;size&quot;:&quot;&quot;},&quot;wdt_bg_image_mobile&quot;:{&quot;url&quot;:&quot;&quot;,&quot;id&quot;:&quot;&quot;,&quot;size&quot;:&quot;&quot;},&quot;wdt_bg_position&quot;:&quot;center center&quot;,&quot;wdt_animation_effect&quot;:&quot;none&quot;}\">\n\t\t\t\t\t\t<div class=\"elementor-container elementor-column-gap-no\">\n\t\t\t\t\t<div class=\"elementor-column elementor-col-100 elementor-inner-column elementor-element elementor-element-8ef1d1e\" data-id=\"8ef1d1e\" data-element_type=\"column\" data-e-type=\"column\">\n\t\t\t<div class=\"elementor-widget-wrap elementor-element-populated\">\n\t\t\t\t\t\t<div class=\"elementor-element elementor-element-5cf8904 elementor-widget__width-inherit start elementor-widget elementor-widget-wdt-heading\" data-id=\"5cf8904\" data-element_type=\"widget\" data-e-type=\"widget\" data-settings=\"{&quot;wdt_animation_effect&quot;:&quot;none&quot;}\" data-widget_type=\"wdt-heading.default\">\n\t\t\t\t<div class=\"elementor-widget-container\">\n\t\t\t\t\t<div class=\"wdt-heading-holder \" id=\"wdt-heading-5cf8904\"><h2 class=\"wdt-heading-title-wrapper wdt-heading-align-center wdt-heading-deco-wrapper\"><span class=\"wdt-heading-title\">Zones de bany<\/span><\/h2><\/div>\t\t\t\t<\/div>\n\t\t\t\t<\/div>\n\t\t\t\t<div class=\"elementor-element elementor-element-f6a4082 elementor-widget elementor-widget-dtdr-widget-df-listings-listing\" data-id=\"f6a4082\" data-element_type=\"widget\" data-e-type=\"widget\" data-settings=\"{&quot;wdt_animation_effect&quot;:&quot;none&quot;}\" data-widget_type=\"dtdr-widget-df-listings-listing.default\">\n\t\t\t\t<div class=\"elementor-widget-container\">\n\t\t\t\t\t<div class=\"dtdr-listing-output-data-container dtdr-direct-list-items dtdr-listing-no-map \"  ><div class=\"dtdr-listing-output-data-holder\" data-type=\"type4\" data-enableshowresults=\"\" data-applynowbuttonlink=\"\" data-gallery=\"featured_image\" data-postperpage=\"20\" data-columns=\"3\" data-showfavourite=\"true\" data-showbusinesshoursstatus=\"\" data-applyisotope=\"true\" data-isotopefilter=\"\" data-applychildof=\"false\" data-featureditems=\"false\" data-featuresimageoricon=\"image\" data-featuresinclude=\"\" data-noofcattodisplay=\"1\" data-excerptlength=\"20\" data-applyequalheight=\"false\" data-moduleid=\"f6a4082\" data-enableratings=\"\" data-customoptions=\"{&quot;ad_items&quot;:&quot;&quot;,&quot;ad_location&quot;:&quot;listing&quot;}\" data-listitemids=\"\" data-categoryids=\"128\" data-citiesids=\"\" data-neighborhoodsids=\"\" data-countiesstatesids=\"\" data-contracttypesids=\"\" data-tagids=\"\" data-countryid=\"\" data-sellerids=\"\" data-inchargeids=\"\"><\/div><div class=\"dtdr-ajax-load-image \" style=\"display:none;\">\r\n\t\t\t\t\t\t<div class=\"dtdr-loader-inner\">\r\n\t\t\t\t\t\t<\/div>\r\n\t\t\t\t\t<\/div><\/div>\t\t\t\t<\/div>\n\t\t\t\t<\/div>\n\t\t\t\t\t<\/div>\n\t\t<\/div>\n\t\t\t\t\t<\/div>\n\t\t<\/section>\n\t\t\t\t\t<\/div>\n\t\t<\/div>\n\t\t\t\t\t<\/div>\n\t\t<\/section>\n\t\t\t\t<\/div>\n\t\t","protected":false},"excerpt":{"rendered":"<p>Un gran abra\u00e7ada de sorra i mar Palma t\u00e9 uns bra\u00e7os c\u00e0lids i blaus que conformen la segona badia m\u00e9s gran dEspanya. I en aquesta abra\u00e7ada de sorra i mar [&hellip;]<\/p>\n","protected":false},"author":4,"featured_media":6653,"parent":0,"menu_order":0,"comment_status":"closed","ping_status":"closed","template":"elementor_header_footer","meta":{"_monsterinsights_skip_tracking":false,"_monsterinsights_sitenote_active":false,"_monsterinsights_sitenote_note":"","_monsterinsights_sitenote_category":0,"footnotes":""},"class_list":["post-8129","page","type-page","status-publish","has-post-thumbnail","hentry"],"yoast_head":"<!-- This site is optimized with the Yoast SEO plugin v27.3 - https:\/\/yoast.com\/product\/yoast-seo-wordpress\/ -->\n<title>Platges de Palma \u2013 guia de cales familiars i urbans | Visit Palma<\/title>\n<meta name=\"description\" content=\"Descobreix platges i cales a Palma: des d\u2019urbanes i familiars fins a tranquil\u00b7les i esportives. Tot el que necessites per gaudir del sol.\" \/>\n<meta name=\"robots\" content=\"index, follow, max-snippet:-1, max-image-preview:large, max-video-preview:-1\" \/>\n<link rel=\"canonical\" href=\"https:\/\/visitpalma.com\/ca\/platges\/\" \/>\n<meta property=\"og:locale\" content=\"ca_ES\" \/>\n<meta property=\"og:type\" content=\"article\" \/>\n<meta property=\"og:title\" content=\"Platges de Palma \u2013 guia de cales familiars i urbans | Visit Palma\" \/>\n<meta property=\"og:description\" content=\"Descobreix platges i cales a Palma: des d\u2019urbanes i familiars fins a tranquil\u00b7les i esportives. Tot el que necessites per gaudir del sol.\" \/>\n<meta property=\"og:url\" content=\"https:\/\/visitpalma.com\/ca\/platges\/\" \/>\n<meta property=\"og:site_name\" content=\"Visit Palma\" \/>\n<meta property=\"article:publisher\" content=\"https:\/\/www.facebook.com\/passionforpalma\" \/>\n<meta property=\"article:modified_time\" content=\"2025-10-26T12:25:02+00:00\" \/>\n<meta property=\"og:image\" content=\"https:\/\/visitpalma.com\/wp-content\/uploads\/2025\/06\/Sombrillas-playa-Palma.jpg\" \/>\n\t<meta property=\"og:image:width\" content=\"820\" \/>\n\t<meta property=\"og:image:height\" content=\"546\" \/>\n\t<meta property=\"og:image:type\" content=\"image\/jpeg\" \/>\n<meta name=\"twitter:card\" content=\"summary_large_image\" \/>\n<meta name=\"twitter:site\" content=\"@passionforpalma\" \/>\n<meta name=\"twitter:label1\" content=\"Temps estimat de lectura\" \/>\n\t<meta name=\"twitter:data1\" content=\"6 minuts\" \/>\n<script type=\"application\/ld+json\" class=\"yoast-schema-graph\">{\"@context\":\"https:\\\/\\\/schema.org\",\"@graph\":[{\"@type\":\"WebPage\",\"@id\":\"https:\\\/\\\/visitpalma.com\\\/ca\\\/platges\\\/\",\"url\":\"https:\\\/\\\/visitpalma.com\\\/ca\\\/platges\\\/\",\"name\":\"Platges de Palma \u2013 guia de cales familiars i urbans | Visit Palma\",\"isPartOf\":{\"@id\":\"https:\\\/\\\/visitpalma.com\\\/ca\\\/#website\"},\"primaryImageOfPage\":{\"@id\":\"https:\\\/\\\/visitpalma.com\\\/ca\\\/platges\\\/#primaryimage\"},\"image\":{\"@id\":\"https:\\\/\\\/visitpalma.com\\\/ca\\\/platges\\\/#primaryimage\"},\"thumbnailUrl\":\"https:\\\/\\\/visitpalma.com\\\/wp-content\\\/uploads\\\/2025\\\/06\\\/Sombrillas-playa-Palma.jpg\",\"datePublished\":\"2025-06-19T09:20:40+00:00\",\"dateModified\":\"2025-10-26T12:25:02+00:00\",\"description\":\"Descobreix platges i cales a Palma: des d\u2019urbanes i familiars fins a tranquil\u00b7les i esportives. Tot el que necessites per gaudir del sol.\",\"breadcrumb\":{\"@id\":\"https:\\\/\\\/visitpalma.com\\\/ca\\\/platges\\\/#breadcrumb\"},\"inLanguage\":\"ca\",\"potentialAction\":[{\"@type\":\"ReadAction\",\"target\":[\"https:\\\/\\\/visitpalma.com\\\/ca\\\/platges\\\/\"]}]},{\"@type\":\"ImageObject\",\"inLanguage\":\"ca\",\"@id\":\"https:\\\/\\\/visitpalma.com\\\/ca\\\/platges\\\/#primaryimage\",\"url\":\"https:\\\/\\\/visitpalma.com\\\/wp-content\\\/uploads\\\/2025\\\/06\\\/Sombrillas-playa-Palma.jpg\",\"contentUrl\":\"https:\\\/\\\/visitpalma.com\\\/wp-content\\\/uploads\\\/2025\\\/06\\\/Sombrillas-playa-Palma.jpg\",\"width\":820,\"height\":546,\"caption\":\"Sombrillas playa Palma\"},{\"@type\":\"BreadcrumbList\",\"@id\":\"https:\\\/\\\/visitpalma.com\\\/ca\\\/platges\\\/#breadcrumb\",\"itemListElement\":[{\"@type\":\"ListItem\",\"position\":1,\"name\":\"Inicio\",\"item\":\"https:\\\/\\\/visitpalma.com\\\/ca\\\/\"},{\"@type\":\"ListItem\",\"position\":2,\"name\":\"Platges de Palma\"}]},{\"@type\":\"WebSite\",\"@id\":\"https:\\\/\\\/visitpalma.com\\\/ca\\\/#website\",\"url\":\"https:\\\/\\\/visitpalma.com\\\/ca\\\/\",\"name\":\"Visit Palma\",\"description\":\"\",\"publisher\":{\"@id\":\"https:\\\/\\\/visitpalma.com\\\/ca\\\/#organization\"},\"potentialAction\":[{\"@type\":\"SearchAction\",\"target\":{\"@type\":\"EntryPoint\",\"urlTemplate\":\"https:\\\/\\\/visitpalma.com\\\/ca\\\/?s={search_term_string}\"},\"query-input\":{\"@type\":\"PropertyValueSpecification\",\"valueRequired\":true,\"valueName\":\"search_term_string\"}}],\"inLanguage\":\"ca\"},{\"@type\":\"Organization\",\"@id\":\"https:\\\/\\\/visitpalma.com\\\/ca\\\/#organization\",\"name\":\"Fundaci\u00f3n Turismo Palma de Mallorca 365\",\"url\":\"https:\\\/\\\/visitpalma.com\\\/ca\\\/\",\"logo\":{\"@type\":\"ImageObject\",\"inLanguage\":\"ca\",\"@id\":\"https:\\\/\\\/visitpalma.com\\\/ca\\\/#\\\/schema\\\/logo\\\/image\\\/\",\"url\":\"https:\\\/\\\/visitpalma.com\\\/wp-content\\\/uploads\\\/2025\\\/05\\\/Logo-Passion-for-Palma-de-Mallorca.svg\",\"contentUrl\":\"https:\\\/\\\/visitpalma.com\\\/wp-content\\\/uploads\\\/2025\\\/05\\\/Logo-Passion-for-Palma-de-Mallorca.svg\",\"width\":377,\"height\":377,\"caption\":\"Fundaci\u00f3n Turismo Palma de Mallorca 365\"},\"image\":{\"@id\":\"https:\\\/\\\/visitpalma.com\\\/ca\\\/#\\\/schema\\\/logo\\\/image\\\/\"},\"sameAs\":[\"https:\\\/\\\/www.facebook.com\\\/passionforpalma\",\"https:\\\/\\\/x.com\\\/passionforpalma\",\"https:\\\/\\\/www.instagram.com\\\/passionforpalma_\\\/\",\"https:\\\/\\\/www.youtube.com\\\/channel\\\/UCALF2N1FRnmAZYBttkQjedA\"]}]}<\/script>\n<!-- \/ Yoast SEO plugin. -->","yoast_head_json":{"title":"Platges de Palma \u2013 guia de cales familiars i urbans | Visit Palma","description":"Descobreix platges i cales a Palma: des d\u2019urbanes i familiars fins a tranquil\u00b7les i esportives. Tot el que necessites per gaudir del sol.","robots":{"index":"index","follow":"follow","max-snippet":"max-snippet:-1","max-image-preview":"max-image-preview:large","max-video-preview":"max-video-preview:-1"},"canonical":"https:\/\/visitpalma.com\/ca\/platges\/","og_locale":"ca_ES","og_type":"article","og_title":"Platges de Palma \u2013 guia de cales familiars i urbans | Visit Palma","og_description":"Descobreix platges i cales a Palma: des d\u2019urbanes i familiars fins a tranquil\u00b7les i esportives. Tot el que necessites per gaudir del sol.","og_url":"https:\/\/visitpalma.com\/ca\/platges\/","og_site_name":"Visit Palma","article_publisher":"https:\/\/www.facebook.com\/passionforpalma","article_modified_time":"2025-10-26T12:25:02+00:00","og_image":[{"width":820,"height":546,"url":"https:\/\/visitpalma.com\/wp-content\/uploads\/2025\/06\/Sombrillas-playa-Palma.jpg","type":"image\/jpeg"}],"twitter_card":"summary_large_image","twitter_site":"@passionforpalma","twitter_misc":{"Temps estimat de lectura":"6 minuts"},"schema":{"@context":"https:\/\/schema.org","@graph":[{"@type":"WebPage","@id":"https:\/\/visitpalma.com\/ca\/platges\/","url":"https:\/\/visitpalma.com\/ca\/platges\/","name":"Platges de Palma \u2013 guia de cales familiars i urbans | Visit Palma","isPartOf":{"@id":"https:\/\/visitpalma.com\/ca\/#website"},"primaryImageOfPage":{"@id":"https:\/\/visitpalma.com\/ca\/platges\/#primaryimage"},"image":{"@id":"https:\/\/visitpalma.com\/ca\/platges\/#primaryimage"},"thumbnailUrl":"https:\/\/visitpalma.com\/wp-content\/uploads\/2025\/06\/Sombrillas-playa-Palma.jpg","datePublished":"2025-06-19T09:20:40+00:00","dateModified":"2025-10-26T12:25:02+00:00","description":"Descobreix platges i cales a Palma: des d\u2019urbanes i familiars fins a tranquil\u00b7les i esportives. Tot el que necessites per gaudir del sol.","breadcrumb":{"@id":"https:\/\/visitpalma.com\/ca\/platges\/#breadcrumb"},"inLanguage":"ca","potentialAction":[{"@type":"ReadAction","target":["https:\/\/visitpalma.com\/ca\/platges\/"]}]},{"@type":"ImageObject","inLanguage":"ca","@id":"https:\/\/visitpalma.com\/ca\/platges\/#primaryimage","url":"https:\/\/visitpalma.com\/wp-content\/uploads\/2025\/06\/Sombrillas-playa-Palma.jpg","contentUrl":"https:\/\/visitpalma.com\/wp-content\/uploads\/2025\/06\/Sombrillas-playa-Palma.jpg","width":820,"height":546,"caption":"Sombrillas playa Palma"},{"@type":"BreadcrumbList","@id":"https:\/\/visitpalma.com\/ca\/platges\/#breadcrumb","itemListElement":[{"@type":"ListItem","position":1,"name":"Inicio","item":"https:\/\/visitpalma.com\/ca\/"},{"@type":"ListItem","position":2,"name":"Platges de Palma"}]},{"@type":"WebSite","@id":"https:\/\/visitpalma.com\/ca\/#website","url":"https:\/\/visitpalma.com\/ca\/","name":"Visit Palma","description":"","publisher":{"@id":"https:\/\/visitpalma.com\/ca\/#organization"},"potentialAction":[{"@type":"SearchAction","target":{"@type":"EntryPoint","urlTemplate":"https:\/\/visitpalma.com\/ca\/?s={search_term_string}"},"query-input":{"@type":"PropertyValueSpecification","valueRequired":true,"valueName":"search_term_string"}}],"inLanguage":"ca"},{"@type":"Organization","@id":"https:\/\/visitpalma.com\/ca\/#organization","name":"Fundaci\u00f3n Turismo Palma de Mallorca 365","url":"https:\/\/visitpalma.com\/ca\/","logo":{"@type":"ImageObject","inLanguage":"ca","@id":"https:\/\/visitpalma.com\/ca\/#\/schema\/logo\/image\/","url":"https:\/\/visitpalma.com\/wp-content\/uploads\/2025\/05\/Logo-Passion-for-Palma-de-Mallorca.svg","contentUrl":"https:\/\/visitpalma.com\/wp-content\/uploads\/2025\/05\/Logo-Passion-for-Palma-de-Mallorca.svg","width":377,"height":377,"caption":"Fundaci\u00f3n Turismo Palma de Mallorca 365"},"image":{"@id":"https:\/\/visitpalma.com\/ca\/#\/schema\/logo\/image\/"},"sameAs":["https:\/\/www.facebook.com\/passionforpalma","https:\/\/x.com\/passionforpalma","https:\/\/www.instagram.com\/passionforpalma_\/","https:\/\/www.youtube.com\/channel\/UCALF2N1FRnmAZYBttkQjedA"]}]}},"_links":{"self":[{"href":"https:\/\/visitpalma.com\/ca\/wp-json\/wp\/v2\/pages\/8129","targetHints":{"allow":["GET"]}}],"collection":[{"href":"https:\/\/visitpalma.com\/ca\/wp-json\/wp\/v2\/pages"}],"about":[{"href":"https:\/\/visitpalma.com\/ca\/wp-json\/wp\/v2\/types\/page"}],"author":[{"embeddable":true,"href":"https:\/\/visitpalma.com\/ca\/wp-json\/wp\/v2\/users\/4"}],"replies":[{"embeddable":true,"href":"https:\/\/visitpalma.com\/ca\/wp-json\/wp\/v2\/comments?post=8129"}],"version-history":[{"count":8,"href":"https:\/\/visitpalma.com\/ca\/wp-json\/wp\/v2\/pages\/8129\/revisions"}],"predecessor-version":[{"id":17585,"href":"https:\/\/visitpalma.com\/ca\/wp-json\/wp\/v2\/pages\/8129\/revisions\/17585"}],"wp:featuredmedia":[{"embeddable":true,"href":"https:\/\/visitpalma.com\/ca\/wp-json\/wp\/v2\/media\/6653"}],"wp:attachment":[{"href":"https:\/\/visitpalma.com\/ca\/wp-json\/wp\/v2\/media?parent=8129"}],"curies":[{"name":"wp","href":"https:\/\/api.w.org\/{rel}","templated":true}]}}