{"id":7892,"date":"2025-06-17T20:16:07","date_gmt":"2025-06-17T18:16:07","guid":{"rendered":"https:\/\/visitpalma.com\/credits\/"},"modified":"2025-06-22T18:40:35","modified_gmt":"2025-06-22T16:40:35","slug":"credits","status":"publish","type":"page","link":"https:\/\/visitpalma.com\/ca\/credits\/","title":{"rendered":"Cr\u00e8dits"},"content":{"rendered":"\t\t<div data-elementor-type=\"wp-page\" data-elementor-id=\"7892\" class=\"elementor elementor-7892 elementor-5060\" data-elementor-post-type=\"page\">\n\t\t\t\t<div class=\"elementor-element elementor-element-0a02ff4 e-flex e-con-boxed e-con e-parent\" data-id=\"0a02ff4\" data-element_type=\"container\" data-e-type=\"container\" id=\"paginaestatica\">\n\t\t\t\t\t<div class=\"e-con-inner\">\n\t\t\t\t<div class=\"elementor-element elementor-element-6d90b138 elementor-widget elementor-widget-text-editor\" data-id=\"6d90b138\" data-element_type=\"widget\" data-e-type=\"widget\" data-settings=\"{&quot;wdt_animation_effect&quot;:&quot;none&quot;}\" data-widget_type=\"text-editor.default\">\n\t\t\t\t<div class=\"elementor-widget-container\">\n\t\t\t\t\t\t\t\t\t<h2>Continguts i text<\/h2><p>Fundaci\u00f3n Turismo Palma de Mallorca 365<br \/>Adre\u00e7a: C\/ Socors, 22A<br \/>Tel.\u00a0+34 971 225 986<br \/>Palma<\/p><h2>Disseny i programaci\u00f3<\/h2><p>IDISC Information Technologies<br \/>Pg. del Progr\u00e8s, 96<br \/>Tel. +34 937 787 300<br \/>08640 Olesa de Montserrat<br \/><a href=\"mailto:info@idisc.es\" target=\"_blank\" rel=\"noopener\">info@idisc.es<\/a><br \/><a class=\"link\" href=\"http:\/\/www.idisc.es\/\">www.idisc.es<\/a><\/p><h2>Atribuci\u00f3 de fotografies:<\/h2><p>Rafael Balaguer<br \/>j4um3<br \/>leonardo serrat<br \/>Pedro Rodriguez Garcias<br \/>Adri\u00e0 Goula<br \/>Jaume Gual<br \/>Paco Ancell<br \/>Bisbat Mallorca<br \/>Jose Taltavull<br \/>Elena Martinez Lersch<br \/>Rafael Galvez Sanchez<br \/>Irene Dauden<br \/>Vicente Sapi\u00f1a<br \/>Rafael Andr\u00e9s G\u00f3mez<br \/>Raquel Ojaos<br \/>Virginia Leal<br \/>Creative common<br \/>Joana Bibiloni<br \/>Alejandro Maestro Riera<br \/>Oscar Sanchez<br \/>Victor Gonza\u0301lez<br \/>Chispa24<br \/>Hostal Cuba<br \/>Pedro Serra Chumillas<br \/>Sebastian Aggero<br \/>H\u00e9ctor Garc\u00eda<br \/>Juan Saez<br \/>Almudena Mart\u00ednez<br \/>Txema Garc\u00eda<br \/>Andresnb77<br \/>Gloria Mar\u00eda Serna Zuluaga<br \/>Julia Kochina<\/p>\t\t\t\t\t\t\t\t<\/div>\n\t\t\t\t<\/div>\n\t\t\t\t\t<\/div>\n\t\t\t\t<\/div>\n\t\t\t\t<\/div>\n\t\t","protected":false},"excerpt":{"rendered":"<p>Continguts i text Fundaci\u00f3n Turismo Palma de Mallorca 365Adre\u00e7a: C\/ Socors, 22ATel.\u00a0+34 971 225 986Palma Disseny i programaci\u00f3 IDISC Information TechnologiesPg. del Progr\u00e8s, 96Tel. +34 937 787 30008640 Olesa de [&hellip;]<\/p>\n","protected":false},"author":4,"featured_media":0,"parent":0,"menu_order":0,"comment_status":"closed","ping_status":"closed","template":"","meta":{"_monsterinsights_skip_tracking":false,"_monsterinsights_sitenote_active":false,"_monsterinsights_sitenote_note":"","_monsterinsights_sitenote_category":0,"footnotes":""},"class_list":["post-7892","page","type-page","status-publish","hentry"],"yoast_head":"<!-- This site is optimized with the Yoast SEO plugin v27.3 - https:\/\/yoast.com\/product\/yoast-seo-wordpress\/ -->\n<title>Cr\u00e8dits - Visit Palma<\/title>\n<meta name=\"robots\" content=\"index, follow, max-snippet:-1, max-image-preview:large, max-video-preview:-1\" \/>\n<link rel=\"canonical\" href=\"https:\/\/visitpalma.com\/ca\/credits\/\" \/>\n<meta property=\"og:locale\" content=\"ca_ES\" \/>\n<meta property=\"og:type\" content=\"article\" \/>\n<meta property=\"og:title\" content=\"Cr\u00e8dits - Visit Palma\" \/>\n<meta property=\"og:description\" content=\"Continguts i text Fundaci\u00f3n Turismo Palma de Mallorca 365Adre\u00e7a: C\/ Socors, 22ATel.\u00a0+34 971 225 986Palma Disseny i programaci\u00f3 IDISC Information TechnologiesPg. del Progr\u00e8s, 96Tel. +34 937 787 30008640 Olesa de [&hellip;]\" \/>\n<meta property=\"og:url\" content=\"https:\/\/visitpalma.com\/ca\/credits\/\" \/>\n<meta property=\"og:site_name\" content=\"Visit Palma\" \/>\n<meta property=\"article:publisher\" content=\"https:\/\/www.facebook.com\/passionforpalma\" \/>\n<meta property=\"article:modified_time\" content=\"2025-06-22T16:40:35+00:00\" \/>\n<meta name=\"twitter:card\" content=\"summary_large_image\" \/>\n<meta name=\"twitter:site\" content=\"@passionforpalma\" \/>\n<meta name=\"twitter:label1\" content=\"Temps estimat de lectura\" \/>\n\t<meta name=\"twitter:data1\" content=\"1 minut\" \/>\n<script type=\"application\/ld+json\" class=\"yoast-schema-graph\">{\"@context\":\"https:\\\/\\\/schema.org\",\"@graph\":[{\"@type\":\"WebPage\",\"@id\":\"https:\\\/\\\/visitpalma.com\\\/ca\\\/credits\\\/\",\"url\":\"https:\\\/\\\/visitpalma.com\\\/ca\\\/credits\\\/\",\"name\":\"Cr\u00e8dits - Visit Palma\",\"isPartOf\":{\"@id\":\"https:\\\/\\\/visitpalma.com\\\/ca\\\/#website\"},\"datePublished\":\"2025-06-17T18:16:07+00:00\",\"dateModified\":\"2025-06-22T16:40:35+00:00\",\"breadcrumb\":{\"@id\":\"https:\\\/\\\/visitpalma.com\\\/ca\\\/credits\\\/#breadcrumb\"},\"inLanguage\":\"ca\",\"potentialAction\":[{\"@type\":\"ReadAction\",\"target\":[\"https:\\\/\\\/visitpalma.com\\\/ca\\\/credits\\\/\"]}]},{\"@type\":\"BreadcrumbList\",\"@id\":\"https:\\\/\\\/visitpalma.com\\\/ca\\\/credits\\\/#breadcrumb\",\"itemListElement\":[{\"@type\":\"ListItem\",\"position\":1,\"name\":\"Inicio\",\"item\":\"https:\\\/\\\/visitpalma.com\\\/ca\\\/\"},{\"@type\":\"ListItem\",\"position\":2,\"name\":\"Cr\u00e8dits\"}]},{\"@type\":\"WebSite\",\"@id\":\"https:\\\/\\\/visitpalma.com\\\/ca\\\/#website\",\"url\":\"https:\\\/\\\/visitpalma.com\\\/ca\\\/\",\"name\":\"Visit Palma\",\"description\":\"\",\"publisher\":{\"@id\":\"https:\\\/\\\/visitpalma.com\\\/ca\\\/#organization\"},\"potentialAction\":[{\"@type\":\"SearchAction\",\"target\":{\"@type\":\"EntryPoint\",\"urlTemplate\":\"https:\\\/\\\/visitpalma.com\\\/ca\\\/?s={search_term_string}\"},\"query-input\":{\"@type\":\"PropertyValueSpecification\",\"valueRequired\":true,\"valueName\":\"search_term_string\"}}],\"inLanguage\":\"ca\"},{\"@type\":\"Organization\",\"@id\":\"https:\\\/\\\/visitpalma.com\\\/ca\\\/#organization\",\"name\":\"Fundaci\u00f3n Turismo Palma de Mallorca 365\",\"url\":\"https:\\\/\\\/visitpalma.com\\\/ca\\\/\",\"logo\":{\"@type\":\"ImageObject\",\"inLanguage\":\"ca\",\"@id\":\"https:\\\/\\\/visitpalma.com\\\/ca\\\/#\\\/schema\\\/logo\\\/image\\\/\",\"url\":\"https:\\\/\\\/visitpalma.com\\\/wp-content\\\/uploads\\\/2025\\\/05\\\/Logo-Passion-for-Palma-de-Mallorca.svg\",\"contentUrl\":\"https:\\\/\\\/visitpalma.com\\\/wp-content\\\/uploads\\\/2025\\\/05\\\/Logo-Passion-for-Palma-de-Mallorca.svg\",\"width\":377,\"height\":377,\"caption\":\"Fundaci\u00f3n Turismo Palma de Mallorca 365\"},\"image\":{\"@id\":\"https:\\\/\\\/visitpalma.com\\\/ca\\\/#\\\/schema\\\/logo\\\/image\\\/\"},\"sameAs\":[\"https:\\\/\\\/www.facebook.com\\\/passionforpalma\",\"https:\\\/\\\/x.com\\\/passionforpalma\",\"https:\\\/\\\/www.instagram.com\\\/passionforpalma_\\\/\",\"https:\\\/\\\/www.youtube.com\\\/channel\\\/UCALF2N1FRnmAZYBttkQjedA\"]}]}<\/script>\n<!-- \/ Yoast SEO plugin. -->","yoast_head_json":{"title":"Cr\u00e8dits - Visit Palma","robots":{"index":"index","follow":"follow","max-snippet":"max-snippet:-1","max-image-preview":"max-image-preview:large","max-video-preview":"max-video-preview:-1"},"canonical":"https:\/\/visitpalma.com\/ca\/credits\/","og_locale":"ca_ES","og_type":"article","og_title":"Cr\u00e8dits - Visit Palma","og_description":"Continguts i text Fundaci\u00f3n Turismo Palma de Mallorca 365Adre\u00e7a: C\/ Socors, 22ATel.\u00a0+34 971 225 986Palma Disseny i programaci\u00f3 IDISC Information TechnologiesPg. del Progr\u00e8s, 96Tel. +34 937 787 30008640 Olesa de [&hellip;]","og_url":"https:\/\/visitpalma.com\/ca\/credits\/","og_site_name":"Visit Palma","article_publisher":"https:\/\/www.facebook.com\/passionforpalma","article_modified_time":"2025-06-22T16:40:35+00:00","twitter_card":"summary_large_image","twitter_site":"@passionforpalma","twitter_misc":{"Temps estimat de lectura":"1 minut"},"schema":{"@context":"https:\/\/schema.org","@graph":[{"@type":"WebPage","@id":"https:\/\/visitpalma.com\/ca\/credits\/","url":"https:\/\/visitpalma.com\/ca\/credits\/","name":"Cr\u00e8dits - Visit Palma","isPartOf":{"@id":"https:\/\/visitpalma.com\/ca\/#website"},"datePublished":"2025-06-17T18:16:07+00:00","dateModified":"2025-06-22T16:40:35+00:00","breadcrumb":{"@id":"https:\/\/visitpalma.com\/ca\/credits\/#breadcrumb"},"inLanguage":"ca","potentialAction":[{"@type":"ReadAction","target":["https:\/\/visitpalma.com\/ca\/credits\/"]}]},{"@type":"BreadcrumbList","@id":"https:\/\/visitpalma.com\/ca\/credits\/#breadcrumb","itemListElement":[{"@type":"ListItem","position":1,"name":"Inicio","item":"https:\/\/visitpalma.com\/ca\/"},{"@type":"ListItem","position":2,"name":"Cr\u00e8dits"}]},{"@type":"WebSite","@id":"https:\/\/visitpalma.com\/ca\/#website","url":"https:\/\/visitpalma.com\/ca\/","name":"Visit Palma","description":"","publisher":{"@id":"https:\/\/visitpalma.com\/ca\/#organization"},"potentialAction":[{"@type":"SearchAction","target":{"@type":"EntryPoint","urlTemplate":"https:\/\/visitpalma.com\/ca\/?s={search_term_string}"},"query-input":{"@type":"PropertyValueSpecification","valueRequired":true,"valueName":"search_term_string"}}],"inLanguage":"ca"},{"@type":"Organization","@id":"https:\/\/visitpalma.com\/ca\/#organization","name":"Fundaci\u00f3n Turismo Palma de Mallorca 365","url":"https:\/\/visitpalma.com\/ca\/","logo":{"@type":"ImageObject","inLanguage":"ca","@id":"https:\/\/visitpalma.com\/ca\/#\/schema\/logo\/image\/","url":"https:\/\/visitpalma.com\/wp-content\/uploads\/2025\/05\/Logo-Passion-for-Palma-de-Mallorca.svg","contentUrl":"https:\/\/visitpalma.com\/wp-content\/uploads\/2025\/05\/Logo-Passion-for-Palma-de-Mallorca.svg","width":377,"height":377,"caption":"Fundaci\u00f3n Turismo Palma de Mallorca 365"},"image":{"@id":"https:\/\/visitpalma.com\/ca\/#\/schema\/logo\/image\/"},"sameAs":["https:\/\/www.facebook.com\/passionforpalma","https:\/\/x.com\/passionforpalma","https:\/\/www.instagram.com\/passionforpalma_\/","https:\/\/www.youtube.com\/channel\/UCALF2N1FRnmAZYBttkQjedA"]}]}},"_links":{"self":[{"href":"https:\/\/visitpalma.com\/ca\/wp-json\/wp\/v2\/pages\/7892","targetHints":{"allow":["GET"]}}],"collection":[{"href":"https:\/\/visitpalma.com\/ca\/wp-json\/wp\/v2\/pages"}],"about":[{"href":"https:\/\/visitpalma.com\/ca\/wp-json\/wp\/v2\/types\/page"}],"author":[{"embeddable":true,"href":"https:\/\/visitpalma.com\/ca\/wp-json\/wp\/v2\/users\/4"}],"replies":[{"embeddable":true,"href":"https:\/\/visitpalma.com\/ca\/wp-json\/wp\/v2\/comments?post=7892"}],"version-history":[{"count":4,"href":"https:\/\/visitpalma.com\/ca\/wp-json\/wp\/v2\/pages\/7892\/revisions"}],"predecessor-version":[{"id":7904,"href":"https:\/\/visitpalma.com\/ca\/wp-json\/wp\/v2\/pages\/7892\/revisions\/7904"}],"wp:attachment":[{"href":"https:\/\/visitpalma.com\/ca\/wp-json\/wp\/v2\/media?parent=7892"}],"curies":[{"name":"wp","href":"https:\/\/api.w.org\/{rel}","templated":true}]}}