{"id":7819,"date":"2025-06-17T19:59:19","date_gmt":"2025-06-17T17:59:19","guid":{"rendered":"https:\/\/visitpalma.com\/politica-de-privacitat\/"},"modified":"2025-06-22T18:44:08","modified_gmt":"2025-06-22T16:44:08","slug":"politica-privacitat","status":"publish","type":"page","link":"https:\/\/visitpalma.com\/ca\/politica-privacitat\/","title":{"rendered":"Pol\u00edtica de privacitat"},"content":{"rendered":"\t\t<div data-elementor-type=\"wp-page\" data-elementor-id=\"7819\" class=\"elementor elementor-7819 elementor-5034\" data-elementor-post-type=\"page\">\n\t\t\t\t<div class=\"elementor-element elementor-element-0a02ff4 e-flex e-con-boxed e-con e-parent\" data-id=\"0a02ff4\" data-element_type=\"container\" data-e-type=\"container\" id=\"paginaestatica\">\n\t\t\t\t\t<div class=\"e-con-inner\">\n\t\t\t\t<div class=\"elementor-element elementor-element-6d90b138 elementor-widget elementor-widget-text-editor\" data-id=\"6d90b138\" data-element_type=\"widget\" data-e-type=\"widget\" data-settings=\"{&quot;wdt_animation_effect&quot;:&quot;none&quot;}\" data-widget_type=\"text-editor.default\">\n\t\t\t\t<div class=\"elementor-widget-container\">\n\t\t\t\t\t\t\t\t\t<p><strong>Responsable del tractament: <\/strong>FUNDACI\u00d3 TURISME PALMA 365<\/p><p><strong>CIF<\/strong> G57744344<\/p><p><strong>Domicili fiscal:<\/strong><\/p><p>C\/ Pla\u00e7a Cort, 1<\/p><p>07001 Palma<\/p><p>Illes Balears<\/p><p><strong>Domicili d&#8217;acc\u00e9s:<\/strong><\/p><p>C\/ Socors, 22a<\/p><p>07002 Palma<\/p><p>Illes Balears<\/p><p>Tel. 971225986<\/p><p><a href=\"mailto:admin.ftp365@palma.cat\">admin.ftp365@palma.cat<\/a><\/p><p><strong>Amb quina finalitat tractem les teves dades?<\/strong><\/p><p>Les dades recollides a trav\u00e9s d&#8217;aquesta p\u00e0gina web es tracten per tal de donar resposta a la teva petici\u00f3 i\/o consulta.<\/p><p><strong>Amb quines bases legitimadores tractem les teves dades personals?<\/strong><\/p><p>La base de legitimaci\u00f3 per al tractament de les teves dades personals \u00e9s el teu consentiment informat, que podr\u00e0s retirar en qualsevol moment. No obstant aix\u00f2, la retirada del teu consentiment no afectar\u00e0 la licitud dels tractaments que s&#8217;haguessin fet amb anterioritat.<\/p><p><strong>Qui s\u00f3n els destinataris de les teves dades?<\/strong><\/p><p>Les teves dades personals no es comunicaran a tercers, llevat que hi hagi una obligaci\u00f3 legal.<\/p><p><strong>Durant quant de temps conservarem les teves dades personals?<\/strong><\/p><p>Conservem les teves dades personals durant un termini de dos anys.<\/p><p><strong>Quins s\u00f3n els teus drets?<\/strong><\/p><p>Com a titular de les dades, i en qualsevol moment, pots exercir els drets seg\u00fcents:<\/p><p>(1)\u00a0Dret d&#8217;acc\u00e9s.\u00a0Tens dret a confirmar que estem tractant les teves dades personals i, en cas afirmatiu, a obtenir una c\u00f2pia de les dades i informaci\u00f3 completa sobre el tractament.<\/p><p>(2)\u00a0Dret de rectificaci\u00f3.\u00a0Tens dret a corregir errors, modificar les dades inexactes o incompletes i garantir la certesa de la informaci\u00f3 que \u00e9s objecte de tractament.<\/p><p>(3)\u00a0Dret de supressi\u00f3.\u00a0Tens dret a sol\u00b7licitar la supressi\u00f3 de les teves dades sense dilaci\u00f3 indeguda, en cas que el tractament sigui il\u00b7l\u00edcit o la finalitat que en va motivar el tractament o la recollida hagi desaparegut.<\/p><p>(4)\u00a0Dret a la limitaci\u00f3 del tractament.\u00a0Tens dret a sol\u00b7licitar la suspensi\u00f3 del tractament en cas que aquest sigui il\u00b7l\u00edcit o l&#8217;exactitud de les dades hagi estat impugnada.<\/p><p>(5)\u00a0Dret d&#8217;oposici\u00f3.\u00a0Tens dret a oposar-te al tractament de les teves dades quan tingui per objecte el m\u00e0rqueting directe o quan hagi de cessar el tractament per motius relacionats amb la teva situaci\u00f3 personal, llevat que s&#8217;acrediti un inter\u00e8s leg\u00edtim o sigui necessari per a l&#8217;exercici o la defensa de reclamacions.<\/p><p>(6)\u00a0Dret a no ser objecte de decisions individualitzades.\u00a0Tens dret a no ser objecte d&#8217;una decisi\u00f3 basada \u00fanicament en el tractament automatitzat, inclosa l&#8217;elaboraci\u00f3 de perfils, que produeixi efectes jur\u00eddics o t&#8217;afecti, llevat que sigui necessari per a l&#8217;execuci\u00f3 d&#8217;un contracte, estigui perm\u00e8s per la llei o hagis donat el teu consentiment expl\u00edcit.<\/p><p>(7) Dret de portabilitat de les dades. Tens dret a rebre les dades personals que ens hagis facilitat en un format estructurat, com\u00fa i de lectura mec\u00e0nica, i a poder transmetre-les a un altre responsable del tractament.<\/p><p>Per a qualsevol dubte o consulta i per exercir els teus drets, pots adre\u00e7ar un escrit a Fundaci\u00f3 Turisme Palma 365, c\/ Socors, 22a, 07002 Palma, Illes Balears, o b\u00e9 al correu electr\u00f2nic<\/p><p><a href=\"mailto:admin.ftp365@palma.cat\">admin.ftp365@palma.cat<\/a>.<\/p><p>\u00a0<\/p><p><strong>Mesures de seguretat<\/strong><\/p><p>Fundaci\u00f3 Turisme Palma 365 tractar\u00e0 sempre les teves dades de forma absolutament confidencial i complint el deure preceptiu del secret de les dades, de conformitat amb el que preveu la normativa d&#8217;aplicaci\u00f3, adoptant amb aquesta finalitat les mesures d&#8217;\u00edndole t\u00e8cnica i organitzatives necess\u00e0ries que garanteixin la seguretat de les teves dades i n&#8217;evitin l&#8217;alteraci\u00f3, la p\u00e8rdua, el tractament o l&#8217;acc\u00e9s no autoritzats. Tot i aix\u00f2, has de ser conscient que les mesures de seguretat a Internet no s\u00f3n inexpugnables.<\/p>\t\t\t\t\t\t\t\t<\/div>\n\t\t\t\t<\/div>\n\t\t\t\t\t<\/div>\n\t\t\t\t<\/div>\n\t\t\t\t<\/div>\n\t\t","protected":false},"excerpt":{"rendered":"<p>Responsable del tractament: FUNDACI\u00d3 TURISME PALMA 365 CIF G57744344 Domicili fiscal: C\/ Pla\u00e7a Cort, 1 07001 Palma Illes Balears Domicili d&#8217;acc\u00e9s: C\/ Socors, 22a 07002 Palma Illes Balears Tel. 971225986 [&hellip;]<\/p>\n","protected":false},"author":4,"featured_media":0,"parent":0,"menu_order":0,"comment_status":"closed","ping_status":"closed","template":"","meta":{"_monsterinsights_skip_tracking":false,"_monsterinsights_sitenote_active":false,"_monsterinsights_sitenote_note":"","_monsterinsights_sitenote_category":0,"footnotes":""},"class_list":["post-7819","page","type-page","status-publish","hentry"],"yoast_head":"<!-- This site is optimized with the Yoast SEO plugin v27.3 - https:\/\/yoast.com\/product\/yoast-seo-wordpress\/ -->\n<title>Pol\u00edtica de privacitat - Visit Palma<\/title>\n<meta name=\"robots\" content=\"index, follow, max-snippet:-1, max-image-preview:large, max-video-preview:-1\" \/>\n<link rel=\"canonical\" href=\"https:\/\/visitpalma.com\/ca\/politica-privacitat\/\" \/>\n<meta property=\"og:locale\" content=\"ca_ES\" \/>\n<meta property=\"og:type\" content=\"article\" \/>\n<meta property=\"og:title\" content=\"Pol\u00edtica de privacitat - Visit Palma\" \/>\n<meta property=\"og:description\" content=\"Responsable del tractament: FUNDACI\u00d3 TURISME PALMA 365 CIF G57744344 Domicili fiscal: C\/ Pla\u00e7a Cort, 1 07001 Palma Illes Balears Domicili d&#8217;acc\u00e9s: C\/ Socors, 22a 07002 Palma Illes Balears Tel. 971225986 [&hellip;]\" \/>\n<meta property=\"og:url\" content=\"https:\/\/visitpalma.com\/ca\/politica-privacitat\/\" \/>\n<meta property=\"og:site_name\" content=\"Visit Palma\" \/>\n<meta property=\"article:publisher\" content=\"https:\/\/www.facebook.com\/passionforpalma\" \/>\n<meta property=\"article:modified_time\" content=\"2025-06-22T16:44:08+00:00\" \/>\n<meta name=\"twitter:card\" content=\"summary_large_image\" \/>\n<meta name=\"twitter:site\" content=\"@passionforpalma\" \/>\n<meta name=\"twitter:label1\" content=\"Temps estimat de lectura\" \/>\n\t<meta name=\"twitter:data1\" content=\"3 minuts\" \/>\n<script type=\"application\/ld+json\" class=\"yoast-schema-graph\">{\"@context\":\"https:\\\/\\\/schema.org\",\"@graph\":[{\"@type\":\"WebPage\",\"@id\":\"https:\\\/\\\/visitpalma.com\\\/ca\\\/politica-privacitat\\\/\",\"url\":\"https:\\\/\\\/visitpalma.com\\\/ca\\\/politica-privacitat\\\/\",\"name\":\"Pol\u00edtica de privacitat - Visit Palma\",\"isPartOf\":{\"@id\":\"https:\\\/\\\/visitpalma.com\\\/ca\\\/#website\"},\"datePublished\":\"2025-06-17T17:59:19+00:00\",\"dateModified\":\"2025-06-22T16:44:08+00:00\",\"breadcrumb\":{\"@id\":\"https:\\\/\\\/visitpalma.com\\\/ca\\\/politica-privacitat\\\/#breadcrumb\"},\"inLanguage\":\"ca\",\"potentialAction\":[{\"@type\":\"ReadAction\",\"target\":[\"https:\\\/\\\/visitpalma.com\\\/ca\\\/politica-privacitat\\\/\"]}]},{\"@type\":\"BreadcrumbList\",\"@id\":\"https:\\\/\\\/visitpalma.com\\\/ca\\\/politica-privacitat\\\/#breadcrumb\",\"itemListElement\":[{\"@type\":\"ListItem\",\"position\":1,\"name\":\"Inicio\",\"item\":\"https:\\\/\\\/visitpalma.com\\\/ca\\\/\"},{\"@type\":\"ListItem\",\"position\":2,\"name\":\"Pol\u00edtica de privacitat\"}]},{\"@type\":\"WebSite\",\"@id\":\"https:\\\/\\\/visitpalma.com\\\/ca\\\/#website\",\"url\":\"https:\\\/\\\/visitpalma.com\\\/ca\\\/\",\"name\":\"Visit Palma\",\"description\":\"\",\"publisher\":{\"@id\":\"https:\\\/\\\/visitpalma.com\\\/ca\\\/#organization\"},\"potentialAction\":[{\"@type\":\"SearchAction\",\"target\":{\"@type\":\"EntryPoint\",\"urlTemplate\":\"https:\\\/\\\/visitpalma.com\\\/ca\\\/?s={search_term_string}\"},\"query-input\":{\"@type\":\"PropertyValueSpecification\",\"valueRequired\":true,\"valueName\":\"search_term_string\"}}],\"inLanguage\":\"ca\"},{\"@type\":\"Organization\",\"@id\":\"https:\\\/\\\/visitpalma.com\\\/ca\\\/#organization\",\"name\":\"Fundaci\u00f3n Turismo Palma de Mallorca 365\",\"url\":\"https:\\\/\\\/visitpalma.com\\\/ca\\\/\",\"logo\":{\"@type\":\"ImageObject\",\"inLanguage\":\"ca\",\"@id\":\"https:\\\/\\\/visitpalma.com\\\/ca\\\/#\\\/schema\\\/logo\\\/image\\\/\",\"url\":\"https:\\\/\\\/visitpalma.com\\\/wp-content\\\/uploads\\\/2025\\\/05\\\/Logo-Passion-for-Palma-de-Mallorca.svg\",\"contentUrl\":\"https:\\\/\\\/visitpalma.com\\\/wp-content\\\/uploads\\\/2025\\\/05\\\/Logo-Passion-for-Palma-de-Mallorca.svg\",\"width\":377,\"height\":377,\"caption\":\"Fundaci\u00f3n Turismo Palma de Mallorca 365\"},\"image\":{\"@id\":\"https:\\\/\\\/visitpalma.com\\\/ca\\\/#\\\/schema\\\/logo\\\/image\\\/\"},\"sameAs\":[\"https:\\\/\\\/www.facebook.com\\\/passionforpalma\",\"https:\\\/\\\/x.com\\\/passionforpalma\",\"https:\\\/\\\/www.instagram.com\\\/passionforpalma_\\\/\",\"https:\\\/\\\/www.youtube.com\\\/channel\\\/UCALF2N1FRnmAZYBttkQjedA\"]}]}<\/script>\n<!-- \/ Yoast SEO plugin. -->","yoast_head_json":{"title":"Pol\u00edtica de privacitat - Visit Palma","robots":{"index":"index","follow":"follow","max-snippet":"max-snippet:-1","max-image-preview":"max-image-preview:large","max-video-preview":"max-video-preview:-1"},"canonical":"https:\/\/visitpalma.com\/ca\/politica-privacitat\/","og_locale":"ca_ES","og_type":"article","og_title":"Pol\u00edtica de privacitat - Visit Palma","og_description":"Responsable del tractament: FUNDACI\u00d3 TURISME PALMA 365 CIF G57744344 Domicili fiscal: C\/ Pla\u00e7a Cort, 1 07001 Palma Illes Balears Domicili d&#8217;acc\u00e9s: C\/ Socors, 22a 07002 Palma Illes Balears Tel. 971225986 [&hellip;]","og_url":"https:\/\/visitpalma.com\/ca\/politica-privacitat\/","og_site_name":"Visit Palma","article_publisher":"https:\/\/www.facebook.com\/passionforpalma","article_modified_time":"2025-06-22T16:44:08+00:00","twitter_card":"summary_large_image","twitter_site":"@passionforpalma","twitter_misc":{"Temps estimat de lectura":"3 minuts"},"schema":{"@context":"https:\/\/schema.org","@graph":[{"@type":"WebPage","@id":"https:\/\/visitpalma.com\/ca\/politica-privacitat\/","url":"https:\/\/visitpalma.com\/ca\/politica-privacitat\/","name":"Pol\u00edtica de privacitat - Visit Palma","isPartOf":{"@id":"https:\/\/visitpalma.com\/ca\/#website"},"datePublished":"2025-06-17T17:59:19+00:00","dateModified":"2025-06-22T16:44:08+00:00","breadcrumb":{"@id":"https:\/\/visitpalma.com\/ca\/politica-privacitat\/#breadcrumb"},"inLanguage":"ca","potentialAction":[{"@type":"ReadAction","target":["https:\/\/visitpalma.com\/ca\/politica-privacitat\/"]}]},{"@type":"BreadcrumbList","@id":"https:\/\/visitpalma.com\/ca\/politica-privacitat\/#breadcrumb","itemListElement":[{"@type":"ListItem","position":1,"name":"Inicio","item":"https:\/\/visitpalma.com\/ca\/"},{"@type":"ListItem","position":2,"name":"Pol\u00edtica de privacitat"}]},{"@type":"WebSite","@id":"https:\/\/visitpalma.com\/ca\/#website","url":"https:\/\/visitpalma.com\/ca\/","name":"Visit Palma","description":"","publisher":{"@id":"https:\/\/visitpalma.com\/ca\/#organization"},"potentialAction":[{"@type":"SearchAction","target":{"@type":"EntryPoint","urlTemplate":"https:\/\/visitpalma.com\/ca\/?s={search_term_string}"},"query-input":{"@type":"PropertyValueSpecification","valueRequired":true,"valueName":"search_term_string"}}],"inLanguage":"ca"},{"@type":"Organization","@id":"https:\/\/visitpalma.com\/ca\/#organization","name":"Fundaci\u00f3n Turismo Palma de Mallorca 365","url":"https:\/\/visitpalma.com\/ca\/","logo":{"@type":"ImageObject","inLanguage":"ca","@id":"https:\/\/visitpalma.com\/ca\/#\/schema\/logo\/image\/","url":"https:\/\/visitpalma.com\/wp-content\/uploads\/2025\/05\/Logo-Passion-for-Palma-de-Mallorca.svg","contentUrl":"https:\/\/visitpalma.com\/wp-content\/uploads\/2025\/05\/Logo-Passion-for-Palma-de-Mallorca.svg","width":377,"height":377,"caption":"Fundaci\u00f3n Turismo Palma de Mallorca 365"},"image":{"@id":"https:\/\/visitpalma.com\/ca\/#\/schema\/logo\/image\/"},"sameAs":["https:\/\/www.facebook.com\/passionforpalma","https:\/\/x.com\/passionforpalma","https:\/\/www.instagram.com\/passionforpalma_\/","https:\/\/www.youtube.com\/channel\/UCALF2N1FRnmAZYBttkQjedA"]}]}},"_links":{"self":[{"href":"https:\/\/visitpalma.com\/ca\/wp-json\/wp\/v2\/pages\/7819","targetHints":{"allow":["GET"]}}],"collection":[{"href":"https:\/\/visitpalma.com\/ca\/wp-json\/wp\/v2\/pages"}],"about":[{"href":"https:\/\/visitpalma.com\/ca\/wp-json\/wp\/v2\/types\/page"}],"author":[{"embeddable":true,"href":"https:\/\/visitpalma.com\/ca\/wp-json\/wp\/v2\/users\/4"}],"replies":[{"embeddable":true,"href":"https:\/\/visitpalma.com\/ca\/wp-json\/wp\/v2\/comments?post=7819"}],"version-history":[{"count":7,"href":"https:\/\/visitpalma.com\/ca\/wp-json\/wp\/v2\/pages\/7819\/revisions"}],"predecessor-version":[{"id":7833,"href":"https:\/\/visitpalma.com\/ca\/wp-json\/wp\/v2\/pages\/7819\/revisions\/7833"}],"wp:attachment":[{"href":"https:\/\/visitpalma.com\/ca\/wp-json\/wp\/v2\/media?parent=7819"}],"curies":[{"name":"wp","href":"https:\/\/api.w.org\/{rel}","templated":true}]}}