{"id":7776,"date":"2025-06-17T19:50:14","date_gmt":"2025-06-17T17:50:14","guid":{"rendered":"https:\/\/visitpalma.com\/avis-legal\/"},"modified":"2025-07-08T19:54:27","modified_gmt":"2025-07-08T17:54:27","slug":"avis-legal","status":"publish","type":"page","link":"https:\/\/visitpalma.com\/ca\/avis-legal\/","title":{"rendered":"Av\u00eds legal"},"content":{"rendered":"\t\t<div data-elementor-type=\"wp-page\" data-elementor-id=\"7776\" class=\"elementor elementor-7776 elementor-5026\" data-elementor-post-type=\"page\">\n\t\t\t\t<div class=\"elementor-element elementor-element-0a02ff4 e-flex e-con-boxed e-con e-parent\" data-id=\"0a02ff4\" data-element_type=\"container\" data-e-type=\"container\" id=\"paginaestatica\">\n\t\t\t\t\t<div class=\"e-con-inner\">\n\t\t\t\t<div class=\"elementor-element elementor-element-6d90b138 elementor-widget elementor-widget-text-editor\" data-id=\"6d90b138\" data-element_type=\"widget\" data-e-type=\"widget\" data-settings=\"{&quot;wdt_animation_effect&quot;:&quot;none&quot;}\" data-widget_type=\"text-editor.default\">\n\t\t\t\t<div class=\"elementor-widget-container\">\n\t\t\t\t\t\t\t\t\t<p>FUNDACI\u00d3 TURISME PALMA 365, amb CIF G57744344, \u00e9s una entitat jur\u00eddica p\u00fablica sense \u00e0nim de lucre i gesti\u00f3 publicoprivada inscrita en el Registre \u00danic de Fundacions de la comunitat aut\u00f2noma de les Illes Balears, n\u00fam. \u00a0100000000312, mitjan\u00e7ant la resoluci\u00f3 de la directora general de Relacions Institucionals i Acci\u00f3 Exterior de la Conselleria de la Presid\u00e8ncia del Govern de les Illes Balears, del 9 de novembre de 2012. Aquesta Fundaci\u00f3 \u00e9s titular del nom de domini visitpalma.com.<\/p><p><strong>Domicili:<\/strong><br \/>C\/ PLA\u00c7A CORT, 1<br \/>07001 PALMA<br \/>Tel. 971225986\u00a0<br \/><a href=\"mailto:admin.ftp365@palma.cat\">admin.ftp365@palma.cat<\/a><\/p><h2>CONDICIONS GENERALS D&#8217;\u00daS<\/h2><ul><li>L&#8217;usuari accedeix volunt\u00e0riament a aquest lloc web, la qual cosa implica que l&#8217;utilitzar\u00e0 d&#8217;acord amb el present av\u00eds legal, la llei, la moral, la bona fe i els bons costums.<\/li><li>La utilitzaci\u00f3 d&#8217;aquest lloc web suposa l&#8217;acceptaci\u00f3 d&#8217;aquest av\u00eds legal.<\/li><li>Les p\u00e0gines web d&#8217;aquest lloc web poden ser visitades lliurement pels usuaris.<\/li><li>Fundaci\u00f3 Turisme Palma 365 es reserva el dret a modificar sense previ av\u00eds el contingut d&#8217;aquest av\u00eds legal, per tant, i per a una correcta utilitzaci\u00f3 del lloc web, us recomanem que visiteu peri\u00f2dicament aquesta secci\u00f3.<\/li><\/ul><h2>PROPIETAT INTEL\u00b7LECTUAL I INDUSTRIAL<\/h2><p>\u00a9 2020, Fundaci\u00f3 Turisme Palma 365, www.visitpalma.com. Tots els drets reservats.<\/p><ul><li>Aquest lloc web i els continguts inclosos: articles, textos, imatges, logotips, marques comercials, botons, programari, etc. estan protegits per la legislaci\u00f3 vigent de propietat industrial i intel\u00b7lectual. Per aix\u00f2, es prohibeix expressament la reproducci\u00f3, c\u00f2pia, modificaci\u00f3, distribuci\u00f3 o transformaci\u00f3 sense l&#8217;expressa autoritzaci\u00f3 per escrit de Fundaci\u00f3 Turisme Palma 365.<\/li><li>L&#8217;acc\u00e9s a aquest lloc web no suposa, en cap cas, l&#8217;adquisici\u00f3 per part dels usuaris de cap dret de propietat sobre els continguts que hi figuren.<\/li><li>La Fundaci\u00f3 Turisme Palma 365 es reserva el dret a modificar, actualitzar o suprimir qualsevol dels continguts d&#8217;aquest lloc web, en qualsevol moment i sense previ av\u00eds.<\/li><\/ul><h2>LIMITACI\u00d3 DE LA RESPONSABILITAT<\/h2><ul><li>La informaci\u00f3 d&#8217;aquest lloc web pot no ser correcta, malgrat els esfor\u00e7os esmer\u00e7ats a procurar que sigui exacta i estigui actualitzada. En conseq\u00fc\u00e8ncia, la Fundaci\u00f3 Turisme Palma 365 no es responsabilitza dels errors que hi hagi, ni dels danys o perjudicis derivats de la seva utilitzaci\u00f3.<\/li><\/ul><ul><li>Aquest lloc web pot contenir enlla\u00e7os a altres llocs webs el contingut, la utilitat o l&#8217;exactitud dels quals la Fundaci\u00f3 Turisme Palma 365 no es pot responsabilitzar. La incorporaci\u00f3 d&#8217;un enlla\u00e7 en aquest lloc web no pot considerar-se una recomanaci\u00f3 als usuaris perqu\u00e8 procedeixin a utilitzar-los; la decisi\u00f3 de fer-ho \u00e9s responsabilitat d&#8217;aquests \u00faltims.<\/li><\/ul><ul><li>La Fundaci\u00f3 Turisme Palma 365 no es fa responsable dels danys i perjudicis derivats de l&#8217;\u00fas d&#8217;aquest lloc web o del seu contingut, i no garanteix l&#8217;abs\u00e8ncia de virus o la impossibilitat de causar danys en els sistemes inform\u00e0tics de l&#8217;usuari.<\/li><\/ul><ul><li>La Fundaci\u00f3 Turisme Palma 365 no es responsabilitza del mal \u00fas que es pugui fer d&#8217;aquest lloc web.<\/li><\/ul><h2>LEGISLACI\u00d3 APLICABLE I TRIBUNALS COMPETENTS<\/h2><p>Les condicions d&#8217;aquest lloc web i les relacions entre l&#8217;usuari i la Fundaci\u00f3 Turisme Palma 365 es regiran per la legislaci\u00f3 i la jurisdicci\u00f3 espanyoles.<\/p>\t\t\t\t\t\t\t\t<\/div>\n\t\t\t\t<\/div>\n\t\t\t\t\t<\/div>\n\t\t\t\t<\/div>\n\t\t\t\t<\/div>\n\t\t","protected":false},"excerpt":{"rendered":"<p>FUNDACI\u00d3 TURISME PALMA 365, amb CIF G57744344, \u00e9s una entitat jur\u00eddica p\u00fablica sense \u00e0nim de lucre i gesti\u00f3 publicoprivada inscrita en el Registre \u00danic de Fundacions de la comunitat aut\u00f2noma [&hellip;]<\/p>\n","protected":false},"author":4,"featured_media":0,"parent":0,"menu_order":0,"comment_status":"closed","ping_status":"closed","template":"","meta":{"_monsterinsights_skip_tracking":false,"_monsterinsights_sitenote_active":false,"_monsterinsights_sitenote_note":"","_monsterinsights_sitenote_category":0,"footnotes":""},"class_list":["post-7776","page","type-page","status-publish","hentry"],"yoast_head":"<!-- This site is optimized with the Yoast SEO plugin v27.3 - https:\/\/yoast.com\/product\/yoast-seo-wordpress\/ -->\n<title>Av\u00eds legal - Visit Palma<\/title>\n<meta name=\"description\" content=\"Accedeix a l\u2019av\u00eds legal de Visit\u202fPalma amb detalls sobre protecci\u00f3 de dades, condicions de navegaci\u00f3 i obligacions dels usuaris.\" \/>\n<meta name=\"robots\" content=\"index, follow, max-snippet:-1, max-image-preview:large, max-video-preview:-1\" \/>\n<link rel=\"canonical\" href=\"https:\/\/visitpalma.com\/ca\/avis-legal\/\" \/>\n<meta property=\"og:locale\" content=\"ca_ES\" \/>\n<meta property=\"og:type\" content=\"article\" \/>\n<meta property=\"og:title\" content=\"Av\u00eds legal - Visit Palma\" \/>\n<meta property=\"og:description\" content=\"Accedeix a l\u2019av\u00eds legal de Visit\u202fPalma amb detalls sobre protecci\u00f3 de dades, condicions de navegaci\u00f3 i obligacions dels usuaris.\" \/>\n<meta property=\"og:url\" content=\"https:\/\/visitpalma.com\/ca\/avis-legal\/\" \/>\n<meta property=\"og:site_name\" content=\"Visit Palma\" \/>\n<meta property=\"article:publisher\" content=\"https:\/\/www.facebook.com\/passionforpalma\" \/>\n<meta property=\"article:modified_time\" content=\"2025-07-08T17:54:27+00:00\" \/>\n<meta name=\"twitter:card\" content=\"summary_large_image\" \/>\n<meta name=\"twitter:site\" content=\"@passionforpalma\" \/>\n<meta name=\"twitter:label1\" content=\"Temps estimat de lectura\" \/>\n\t<meta name=\"twitter:data1\" content=\"3 minuts\" \/>\n<script type=\"application\/ld+json\" class=\"yoast-schema-graph\">{\"@context\":\"https:\\\/\\\/schema.org\",\"@graph\":[{\"@type\":\"WebPage\",\"@id\":\"https:\\\/\\\/visitpalma.com\\\/ca\\\/avis-legal\\\/\",\"url\":\"https:\\\/\\\/visitpalma.com\\\/ca\\\/avis-legal\\\/\",\"name\":\"Av\u00eds legal - Visit Palma\",\"isPartOf\":{\"@id\":\"https:\\\/\\\/visitpalma.com\\\/ca\\\/#website\"},\"datePublished\":\"2025-06-17T17:50:14+00:00\",\"dateModified\":\"2025-07-08T17:54:27+00:00\",\"description\":\"Accedeix a l\u2019av\u00eds legal de Visit\u202fPalma amb detalls sobre protecci\u00f3 de dades, condicions de navegaci\u00f3 i obligacions dels usuaris.\",\"breadcrumb\":{\"@id\":\"https:\\\/\\\/visitpalma.com\\\/ca\\\/avis-legal\\\/#breadcrumb\"},\"inLanguage\":\"ca\",\"potentialAction\":[{\"@type\":\"ReadAction\",\"target\":[\"https:\\\/\\\/visitpalma.com\\\/ca\\\/avis-legal\\\/\"]}]},{\"@type\":\"BreadcrumbList\",\"@id\":\"https:\\\/\\\/visitpalma.com\\\/ca\\\/avis-legal\\\/#breadcrumb\",\"itemListElement\":[{\"@type\":\"ListItem\",\"position\":1,\"name\":\"Inicio\",\"item\":\"https:\\\/\\\/visitpalma.com\\\/ca\\\/\"},{\"@type\":\"ListItem\",\"position\":2,\"name\":\"Av\u00eds legal\"}]},{\"@type\":\"WebSite\",\"@id\":\"https:\\\/\\\/visitpalma.com\\\/ca\\\/#website\",\"url\":\"https:\\\/\\\/visitpalma.com\\\/ca\\\/\",\"name\":\"Visit Palma\",\"description\":\"\",\"publisher\":{\"@id\":\"https:\\\/\\\/visitpalma.com\\\/ca\\\/#organization\"},\"potentialAction\":[{\"@type\":\"SearchAction\",\"target\":{\"@type\":\"EntryPoint\",\"urlTemplate\":\"https:\\\/\\\/visitpalma.com\\\/ca\\\/?s={search_term_string}\"},\"query-input\":{\"@type\":\"PropertyValueSpecification\",\"valueRequired\":true,\"valueName\":\"search_term_string\"}}],\"inLanguage\":\"ca\"},{\"@type\":\"Organization\",\"@id\":\"https:\\\/\\\/visitpalma.com\\\/ca\\\/#organization\",\"name\":\"Fundaci\u00f3n Turismo Palma de Mallorca 365\",\"url\":\"https:\\\/\\\/visitpalma.com\\\/ca\\\/\",\"logo\":{\"@type\":\"ImageObject\",\"inLanguage\":\"ca\",\"@id\":\"https:\\\/\\\/visitpalma.com\\\/ca\\\/#\\\/schema\\\/logo\\\/image\\\/\",\"url\":\"https:\\\/\\\/visitpalma.com\\\/wp-content\\\/uploads\\\/2025\\\/05\\\/Logo-Passion-for-Palma-de-Mallorca.svg\",\"contentUrl\":\"https:\\\/\\\/visitpalma.com\\\/wp-content\\\/uploads\\\/2025\\\/05\\\/Logo-Passion-for-Palma-de-Mallorca.svg\",\"width\":377,\"height\":377,\"caption\":\"Fundaci\u00f3n Turismo Palma de Mallorca 365\"},\"image\":{\"@id\":\"https:\\\/\\\/visitpalma.com\\\/ca\\\/#\\\/schema\\\/logo\\\/image\\\/\"},\"sameAs\":[\"https:\\\/\\\/www.facebook.com\\\/passionforpalma\",\"https:\\\/\\\/x.com\\\/passionforpalma\",\"https:\\\/\\\/www.instagram.com\\\/passionforpalma_\\\/\",\"https:\\\/\\\/www.youtube.com\\\/channel\\\/UCALF2N1FRnmAZYBttkQjedA\"]}]}<\/script>\n<!-- \/ Yoast SEO plugin. -->","yoast_head_json":{"title":"Av\u00eds legal - Visit Palma","description":"Accedeix a l\u2019av\u00eds legal de Visit\u202fPalma amb detalls sobre protecci\u00f3 de dades, condicions de navegaci\u00f3 i obligacions dels usuaris.","robots":{"index":"index","follow":"follow","max-snippet":"max-snippet:-1","max-image-preview":"max-image-preview:large","max-video-preview":"max-video-preview:-1"},"canonical":"https:\/\/visitpalma.com\/ca\/avis-legal\/","og_locale":"ca_ES","og_type":"article","og_title":"Av\u00eds legal - Visit Palma","og_description":"Accedeix a l\u2019av\u00eds legal de Visit\u202fPalma amb detalls sobre protecci\u00f3 de dades, condicions de navegaci\u00f3 i obligacions dels usuaris.","og_url":"https:\/\/visitpalma.com\/ca\/avis-legal\/","og_site_name":"Visit Palma","article_publisher":"https:\/\/www.facebook.com\/passionforpalma","article_modified_time":"2025-07-08T17:54:27+00:00","twitter_card":"summary_large_image","twitter_site":"@passionforpalma","twitter_misc":{"Temps estimat de lectura":"3 minuts"},"schema":{"@context":"https:\/\/schema.org","@graph":[{"@type":"WebPage","@id":"https:\/\/visitpalma.com\/ca\/avis-legal\/","url":"https:\/\/visitpalma.com\/ca\/avis-legal\/","name":"Av\u00eds legal - Visit Palma","isPartOf":{"@id":"https:\/\/visitpalma.com\/ca\/#website"},"datePublished":"2025-06-17T17:50:14+00:00","dateModified":"2025-07-08T17:54:27+00:00","description":"Accedeix a l\u2019av\u00eds legal de Visit\u202fPalma amb detalls sobre protecci\u00f3 de dades, condicions de navegaci\u00f3 i obligacions dels usuaris.","breadcrumb":{"@id":"https:\/\/visitpalma.com\/ca\/avis-legal\/#breadcrumb"},"inLanguage":"ca","potentialAction":[{"@type":"ReadAction","target":["https:\/\/visitpalma.com\/ca\/avis-legal\/"]}]},{"@type":"BreadcrumbList","@id":"https:\/\/visitpalma.com\/ca\/avis-legal\/#breadcrumb","itemListElement":[{"@type":"ListItem","position":1,"name":"Inicio","item":"https:\/\/visitpalma.com\/ca\/"},{"@type":"ListItem","position":2,"name":"Av\u00eds legal"}]},{"@type":"WebSite","@id":"https:\/\/visitpalma.com\/ca\/#website","url":"https:\/\/visitpalma.com\/ca\/","name":"Visit Palma","description":"","publisher":{"@id":"https:\/\/visitpalma.com\/ca\/#organization"},"potentialAction":[{"@type":"SearchAction","target":{"@type":"EntryPoint","urlTemplate":"https:\/\/visitpalma.com\/ca\/?s={search_term_string}"},"query-input":{"@type":"PropertyValueSpecification","valueRequired":true,"valueName":"search_term_string"}}],"inLanguage":"ca"},{"@type":"Organization","@id":"https:\/\/visitpalma.com\/ca\/#organization","name":"Fundaci\u00f3n Turismo Palma de Mallorca 365","url":"https:\/\/visitpalma.com\/ca\/","logo":{"@type":"ImageObject","inLanguage":"ca","@id":"https:\/\/visitpalma.com\/ca\/#\/schema\/logo\/image\/","url":"https:\/\/visitpalma.com\/wp-content\/uploads\/2025\/05\/Logo-Passion-for-Palma-de-Mallorca.svg","contentUrl":"https:\/\/visitpalma.com\/wp-content\/uploads\/2025\/05\/Logo-Passion-for-Palma-de-Mallorca.svg","width":377,"height":377,"caption":"Fundaci\u00f3n Turismo Palma de Mallorca 365"},"image":{"@id":"https:\/\/visitpalma.com\/ca\/#\/schema\/logo\/image\/"},"sameAs":["https:\/\/www.facebook.com\/passionforpalma","https:\/\/x.com\/passionforpalma","https:\/\/www.instagram.com\/passionforpalma_\/","https:\/\/www.youtube.com\/channel\/UCALF2N1FRnmAZYBttkQjedA"]}]}},"_links":{"self":[{"href":"https:\/\/visitpalma.com\/ca\/wp-json\/wp\/v2\/pages\/7776","targetHints":{"allow":["GET"]}}],"collection":[{"href":"https:\/\/visitpalma.com\/ca\/wp-json\/wp\/v2\/pages"}],"about":[{"href":"https:\/\/visitpalma.com\/ca\/wp-json\/wp\/v2\/types\/page"}],"author":[{"embeddable":true,"href":"https:\/\/visitpalma.com\/ca\/wp-json\/wp\/v2\/users\/4"}],"replies":[{"embeddable":true,"href":"https:\/\/visitpalma.com\/ca\/wp-json\/wp\/v2\/comments?post=7776"}],"version-history":[{"count":10,"href":"https:\/\/visitpalma.com\/ca\/wp-json\/wp\/v2\/pages\/7776\/revisions"}],"predecessor-version":[{"id":7791,"href":"https:\/\/visitpalma.com\/ca\/wp-json\/wp\/v2\/pages\/7776\/revisions\/7791"}],"wp:attachment":[{"href":"https:\/\/visitpalma.com\/ca\/wp-json\/wp\/v2\/media?parent=7776"}],"curies":[{"name":"wp","href":"https:\/\/api.w.org\/{rel}","templated":true}]}}