{"id":7722,"date":"2025-06-17T20:31:22","date_gmt":"2025-06-17T18:31:22","guid":{"rendered":"https:\/\/visitpalma.com\/press-media\/"},"modified":"2025-07-08T20:47:39","modified_gmt":"2025-07-08T18:47:39","slug":"press-media","status":"publish","type":"page","link":"https:\/\/visitpalma.com\/ca\/press-media\/","title":{"rendered":"Press &amp; Media"},"content":{"rendered":"\t\t<div data-elementor-type=\"wp-page\" data-elementor-id=\"7722\" class=\"elementor elementor-7722 elementor-5093\" data-elementor-post-type=\"page\">\n\t\t\t\t<div class=\"elementor-element elementor-element-0a02ff4 e-flex e-con-boxed e-con e-parent\" data-id=\"0a02ff4\" data-element_type=\"container\" data-e-type=\"container\" id=\"paginaestatica\">\n\t\t\t\t\t<div class=\"e-con-inner\">\n\t\t\t\t<div class=\"elementor-element elementor-element-6d90b138 elementor-widget elementor-widget-text-editor\" data-id=\"6d90b138\" data-element_type=\"widget\" data-e-type=\"widget\" data-settings=\"{&quot;wdt_animation_effect&quot;:&quot;none&quot;}\" data-widget_type=\"text-editor.default\">\n\t\t\t\t<div class=\"elementor-widget-container\">\n\t\t\t\t\t\t\t\t\t<p>T&#8217;ajudem en el que necessitis<\/p>\t\t\t\t\t\t\t\t<\/div>\n\t\t\t\t<\/div>\n\t\t\t\t\t<\/div>\n\t\t\t\t<\/div>\n\t\t<div class=\"elementor-element elementor-element-5a5c4f0 e-flex e-con-boxed e-con e-parent\" data-id=\"5a5c4f0\" data-element_type=\"container\" data-e-type=\"container\">\n\t\t\t\t\t<div class=\"e-con-inner\">\n\t\t<div class=\"elementor-element elementor-element-df345b4 e-con-full recuadroredondeadoborde e-flex e-con e-child\" data-id=\"df345b4\" data-element_type=\"container\" data-e-type=\"container\">\n\t\t\t\t<div class=\"elementor-element elementor-element-be39445 elementor-widget elementor-widget-image\" data-id=\"be39445\" data-element_type=\"widget\" data-e-type=\"widget\" data-settings=\"{&quot;wdt_animation_effect&quot;:&quot;none&quot;}\" data-widget_type=\"image.default\">\n\t\t\t\t<div class=\"elementor-widget-container\">\n\t\t\t\t\t\t\t\t\t\t\t\t\t\t\t\t<a href=\"https:\/\/web.palmaactiva.com\/palmafilmoffice\/\">\n\t\t\t\t\t\t\t<img fetchpriority=\"high\" decoding=\"async\" width=\"800\" height=\"533\" src=\"https:\/\/visitpalma.com\/wp-content\/uploads\/2025\/06\/Playa-Palma-Mallorca.jpg\" class=\"attachment-full size-full wp-image-5129\" alt=\"Playa Palma Mallorca\" srcset=\"https:\/\/visitpalma.com\/wp-content\/uploads\/2025\/06\/Playa-Palma-Mallorca.jpg 800w, https:\/\/visitpalma.com\/wp-content\/uploads\/2025\/06\/Playa-Palma-Mallorca-600x400.jpg 600w, https:\/\/visitpalma.com\/wp-content\/uploads\/2025\/06\/Playa-Palma-Mallorca-768x512.jpg 768w\" sizes=\"(max-width: 800px) 100vw, 800px\" \/>\t\t\t\t\t\t\t\t<\/a>\n\t\t\t\t\t\t\t\t\t\t\t\t\t\t\t<\/div>\n\t\t\t\t<\/div>\n\t\t\t\t<div class=\"elementor-element elementor-element-e14f24c elementor-widget elementor-widget-text-editor\" data-id=\"e14f24c\" data-element_type=\"widget\" data-e-type=\"widget\" data-settings=\"{&quot;wdt_animation_effect&quot;:&quot;none&quot;}\" data-widget_type=\"text-editor.default\">\n\t\t\t\t<div class=\"elementor-widget-container\">\n\t\t\t\t\t\t\t\t\t<h2>Vols rodar a Palma?<\/h2><p>Palma \u00e9s un regal per als sentits&#8230;i aix\u00f2 traspassa pantalles. Ja sigui per rodar un reportatge sobre la ciutat o per utilitzar-la com a escenari de produccions audiovisuals, el Palma Film Office t&#8217;ajudar\u00e0 en tot el que necessitis.<\/p><h3><strong><span data-contrast=\"none\">Palma Film Office<\/span><\/strong><\/h3><p><span data-contrast=\"none\">PalmaActiva \u00b7 <\/span><span data-contrast=\"none\">Ajuntament<\/span><span data-contrast=\"none\"> de Palma<\/span><br \/><span data-contrast=\"none\">C\/ <\/span><span data-contrast=\"none\">Socors<\/span><span data-contrast=\"none\">, 22 \u00b7 07002 \u00b7 Palma<\/span><br \/><span data-contrast=\"none\">Tel. 900 139 138 \u2013\u202f971 214 680<\/span><br \/><a href=\"mailto:palmafilmoffice@palmaactiva.com\"><span data-contrast=\"none\">palmafilmoffice@palmaactiva.com<\/span><\/a><\/p>\t\t\t\t\t\t\t\t<\/div>\n\t\t\t\t<\/div>\n\t\t\t\t<div class=\"elementor-element elementor-element-3fdc652 elementor-view-default elementor-widget elementor-widget-icon\" data-id=\"3fdc652\" data-element_type=\"widget\" data-e-type=\"widget\" data-settings=\"{&quot;wdt_animation_effect&quot;:&quot;none&quot;}\" data-widget_type=\"icon.default\">\n\t\t\t\t<div class=\"elementor-widget-container\">\n\t\t\t\t\t\t\t<div class=\"elementor-icon-wrapper\">\n\t\t\t<a class=\"elementor-icon elementor-animation-pulse\" href=\"https:\/\/web.palmaactiva.com\/palmafilmoffice\/\">\n\t\t\t<svg aria-hidden=\"true\" class=\"e-font-icon-svg e-far-arrow-alt-circle-right\" viewBox=\"0 0 512 512\" xmlns=\"http:\/\/www.w3.org\/2000\/svg\"><path d=\"M504 256C504 119 393 8 256 8S8 119 8 256s111 248 248 248 248-111 248-248zm-448 0c0-110.5 89.5-200 200-200s200 89.5 200 200-89.5 200-200 200S56 366.5 56 256zm72 20v-40c0-6.6 5.4-12 12-12h116v-67c0-10.7 12.9-16 20.5-8.5l99 99c4.7 4.7 4.7 12.3 0 17l-99 99c-7.6 7.6-20.5 2.2-20.5-8.5v-67H140c-6.6 0-12-5.4-12-12z\"><\/path><\/svg>\t\t\t<\/a>\n\t\t<\/div>\n\t\t\t\t\t\t<\/div>\n\t\t\t\t<\/div>\n\t\t\t\t<\/div>\n\t\t<div class=\"elementor-element elementor-element-2a4db88 e-con-full recuadroredondeadoborde e-flex e-con e-child\" data-id=\"2a4db88\" data-element_type=\"container\" data-e-type=\"container\">\n\t\t\t\t<div class=\"elementor-element elementor-element-07e2e81 elementor-widget elementor-widget-image\" data-id=\"07e2e81\" data-element_type=\"widget\" data-e-type=\"widget\" data-settings=\"{&quot;wdt_animation_effect&quot;:&quot;none&quot;}\" data-widget_type=\"image.default\">\n\t\t\t\t<div class=\"elementor-widget-container\">\n\t\t\t\t\t\t\t\t\t\t\t\t\t\t\t<img decoding=\"async\" width=\"800\" height=\"533\" src=\"https:\/\/visitpalma.com\/wp-content\/uploads\/2025\/06\/Sala-de-prensa.jpg\" class=\"attachment-full size-full wp-image-5125\" alt=\"Sala de prensa\" srcset=\"https:\/\/visitpalma.com\/wp-content\/uploads\/2025\/06\/Sala-de-prensa.jpg 800w, https:\/\/visitpalma.com\/wp-content\/uploads\/2025\/06\/Sala-de-prensa-600x400.jpg 600w, https:\/\/visitpalma.com\/wp-content\/uploads\/2025\/06\/Sala-de-prensa-768x512.jpg 768w\" sizes=\"(max-width: 800px) 100vw, 800px\" \/>\t\t\t\t\t\t\t\t\t\t\t\t\t\t\t<\/div>\n\t\t\t\t<\/div>\n\t\t\t\t<div class=\"elementor-element elementor-element-aa17a71 elementor-widget elementor-widget-text-editor\" data-id=\"aa17a71\" data-element_type=\"widget\" data-e-type=\"widget\" data-settings=\"{&quot;wdt_animation_effect&quot;:&quot;none&quot;}\" data-widget_type=\"text-editor.default\">\n\t\t\t\t<div class=\"elementor-widget-container\">\n\t\t\t\t\t\t\t\t\t<h2>Sala de Premsa<\/h2><p>Si t&#8217;interessa el que expliquem sobre Palma o si est\u00e0s pensant en fer un reportatge sobre la capital de Mallorca com a destinaci\u00f3 tur\u00edstica,<\/p><p>des de la Fundaci\u00f3 Turisme Palma 365 volem oferir-te tot el suport que necessitis, compartint, com a premissa, la nostra passi\u00f3 per una ciutat que ens enamora di\u00e0riament.<\/p><p>Vols saber qu\u00e8 fem? O con\u00e8ixer les nostres publicacions de promoci\u00f3 i informaci\u00f3 tur\u00edstica?<\/p><ul class=\"listadopuntos\"><li><a class=\"link\" href=\"https:\/\/visitpalma.com\/ca\/notes-de-premsa-i-comunicats\/\">Notes de premsa i comunicats<\/a><\/li><li><a class=\"link\" href=\"https:\/\/visitpalma.com\/ca\/sollicituds-de-premsa\/\">Sol\u00b7licituds de premsa<\/a><\/li><li><a class=\"link\" href=\"https:\/\/visitpalma.com\/ca\/publicacions-fulletons\/\">Publicacions i fulletons<\/a><\/li><li><a class=\"link\" href=\"https:\/\/visitpalma.com\/ca\/sobre-nosaltres\/\">Sobre nosotros<\/a><\/li><\/ul>\t\t\t\t\t\t\t\t<\/div>\n\t\t\t\t<\/div>\n\t\t\t\t<\/div>\n\t\t\t\t\t<\/div>\n\t\t\t\t<\/div>\n\t\t<div class=\"elementor-element elementor-element-d4ef281 e-flex e-con-boxed e-con e-parent\" data-id=\"d4ef281\" data-element_type=\"container\" data-e-type=\"container\">\n\t\t\t\t\t<div class=\"e-con-inner\">\n\t\t<div class=\"elementor-element elementor-element-b98ab0d e-con-full recuadroredondeadoborde e-flex e-con e-child\" data-id=\"b98ab0d\" data-element_type=\"container\" data-e-type=\"container\">\n\t\t\t\t<div class=\"elementor-element elementor-element-525815c elementor-widget elementor-widget-image\" data-id=\"525815c\" data-element_type=\"widget\" data-e-type=\"widget\" data-settings=\"{&quot;wdt_animation_effect&quot;:&quot;none&quot;}\" data-widget_type=\"image.default\">\n\t\t\t\t<div class=\"elementor-widget-container\">\n\t\t\t\t\t\t\t\t\t\t\t\t\t\t\t\t<a href=\"https:\/\/bancodeimagenes.palma365.es\/\">\n\t\t\t\t\t\t\t<img decoding=\"async\" width=\"800\" height=\"533\" src=\"https:\/\/visitpalma.com\/wp-content\/uploads\/2025\/06\/Catedral-Palma.jpg\" class=\"attachment-full size-full wp-image-5121\" alt=\"Catedral de Palma\" srcset=\"https:\/\/visitpalma.com\/wp-content\/uploads\/2025\/06\/Catedral-Palma.jpg 800w, https:\/\/visitpalma.com\/wp-content\/uploads\/2025\/06\/Catedral-Palma-600x400.jpg 600w, https:\/\/visitpalma.com\/wp-content\/uploads\/2025\/06\/Catedral-Palma-768x512.jpg 768w\" sizes=\"(max-width: 800px) 100vw, 800px\" \/>\t\t\t\t\t\t\t\t<\/a>\n\t\t\t\t\t\t\t\t\t\t\t\t\t\t\t<\/div>\n\t\t\t\t<\/div>\n\t\t\t\t<div class=\"elementor-element elementor-element-01d7faa elementor-widget elementor-widget-text-editor\" data-id=\"01d7faa\" data-element_type=\"widget\" data-e-type=\"widget\" data-settings=\"{&quot;wdt_animation_effect&quot;:&quot;none&quot;}\" data-widget_type=\"text-editor.default\">\n\t\t\t\t<div class=\"elementor-widget-container\">\n\t\t\t\t\t\t\t\t\t<h2>Banc d&#8217;imatges<\/h2><p>La Fundaci\u00f3 Turisme Palma 365 posa a disposici\u00f3 dels professionals un ampli i variat banc d&#8217;imatges per utilitzar en els seus treballs i enc\u00e0rrecs.<\/p>\t\t\t\t\t\t\t\t<\/div>\n\t\t\t\t<\/div>\n\t\t\t\t<div class=\"elementor-element elementor-element-327c656 elementor-view-default elementor-widget elementor-widget-icon\" data-id=\"327c656\" data-element_type=\"widget\" data-e-type=\"widget\" data-settings=\"{&quot;wdt_animation_effect&quot;:&quot;none&quot;}\" data-widget_type=\"icon.default\">\n\t\t\t\t<div class=\"elementor-widget-container\">\n\t\t\t\t\t\t\t<div class=\"elementor-icon-wrapper\">\n\t\t\t<a class=\"elementor-icon elementor-animation-pulse\" href=\"https:\/\/bancodeimagenes.palma365.es\/\">\n\t\t\t<svg aria-hidden=\"true\" class=\"e-font-icon-svg e-far-arrow-alt-circle-right\" viewBox=\"0 0 512 512\" xmlns=\"http:\/\/www.w3.org\/2000\/svg\"><path d=\"M504 256C504 119 393 8 256 8S8 119 8 256s111 248 248 248 248-111 248-248zm-448 0c0-110.5 89.5-200 200-200s200 89.5 200 200-89.5 200-200 200S56 366.5 56 256zm72 20v-40c0-6.6 5.4-12 12-12h116v-67c0-10.7 12.9-16 20.5-8.5l99 99c4.7 4.7 4.7 12.3 0 17l-99 99c-7.6 7.6-20.5 2.2-20.5-8.5v-67H140c-6.6 0-12-5.4-12-12z\"><\/path><\/svg>\t\t\t<\/a>\n\t\t<\/div>\n\t\t\t\t\t\t<\/div>\n\t\t\t\t<\/div>\n\t\t\t\t<\/div>\n\t\t<div class=\"elementor-element elementor-element-cc731fe e-con-full recuadroredondeadoborde e-flex e-con e-child\" data-id=\"cc731fe\" data-element_type=\"container\" data-e-type=\"container\">\n\t\t\t\t<div class=\"elementor-element elementor-element-649f1ee elementor-widget elementor-widget-image\" data-id=\"649f1ee\" data-element_type=\"widget\" data-e-type=\"widget\" data-settings=\"{&quot;wdt_animation_effect&quot;:&quot;none&quot;}\" data-widget_type=\"image.default\">\n\t\t\t\t<div class=\"elementor-widget-container\">\n\t\t\t\t\t\t\t\t\t\t\t\t\t\t\t\t<a href=\"https:\/\/visitpalma.com\/wp-content\/uploads\/2025\/06\/manual-ftpdm365.pdf\">\n\t\t\t\t\t\t\t<img loading=\"lazy\" decoding=\"async\" width=\"800\" height=\"533\" src=\"https:\/\/visitpalma.com\/wp-content\/uploads\/2025\/06\/Manual-marca.jpg\" class=\"attachment-full size-full wp-image-5133\" alt=\"Manual de marca\" srcset=\"https:\/\/visitpalma.com\/wp-content\/uploads\/2025\/06\/Manual-marca.jpg 800w, https:\/\/visitpalma.com\/wp-content\/uploads\/2025\/06\/Manual-marca-600x400.jpg 600w, https:\/\/visitpalma.com\/wp-content\/uploads\/2025\/06\/Manual-marca-768x512.jpg 768w\" sizes=\"(max-width: 800px) 100vw, 800px\" \/>\t\t\t\t\t\t\t\t<\/a>\n\t\t\t\t\t\t\t\t\t\t\t\t\t\t\t<\/div>\n\t\t\t\t<\/div>\n\t\t\t\t<div class=\"elementor-element elementor-element-a1841f0 elementor-widget elementor-widget-text-editor\" data-id=\"a1841f0\" data-element_type=\"widget\" data-e-type=\"widget\" data-settings=\"{&quot;wdt_animation_effect&quot;:&quot;none&quot;}\" data-widget_type=\"text-editor.default\">\n\t\t\t\t<div class=\"elementor-widget-container\">\n\t\t\t\t\t\t\t\t\t<h2>Logotips, manuals de marca<\/h2><p>Descarrega&#8217;t des d&#8217;aqu\u00ed els diferents logotips oficials impulsats per la Fundaci\u00f3 Turisme Palma, aix\u00ed com els seus respectius manuals de marca.<\/p>\t\t\t\t\t\t\t\t<\/div>\n\t\t\t\t<\/div>\n\t\t\t\t<div class=\"elementor-element elementor-element-a5aa2da elementor-view-default elementor-widget elementor-widget-icon\" data-id=\"a5aa2da\" data-element_type=\"widget\" data-e-type=\"widget\" data-settings=\"{&quot;wdt_animation_effect&quot;:&quot;none&quot;}\" data-widget_type=\"icon.default\">\n\t\t\t\t<div class=\"elementor-widget-container\">\n\t\t\t\t\t\t\t<div class=\"elementor-icon-wrapper\">\n\t\t\t<a class=\"elementor-icon elementor-animation-pulse\" href=\"https:\/\/visitpalma.com\/wp-content\/uploads\/2025\/06\/manual-ftpdm365.pdf\">\n\t\t\t<svg aria-hidden=\"true\" class=\"e-font-icon-svg e-far-arrow-alt-circle-right\" viewBox=\"0 0 512 512\" xmlns=\"http:\/\/www.w3.org\/2000\/svg\"><path d=\"M504 256C504 119 393 8 256 8S8 119 8 256s111 248 248 248 248-111 248-248zm-448 0c0-110.5 89.5-200 200-200s200 89.5 200 200-89.5 200-200 200S56 366.5 56 256zm72 20v-40c0-6.6 5.4-12 12-12h116v-67c0-10.7 12.9-16 20.5-8.5l99 99c4.7 4.7 4.7 12.3 0 17l-99 99c-7.6 7.6-20.5 2.2-20.5-8.5v-67H140c-6.6 0-12-5.4-12-12z\"><\/path><\/svg>\t\t\t<\/a>\n\t\t<\/div>\n\t\t\t\t\t\t<\/div>\n\t\t\t\t<\/div>\n\t\t\t\t<\/div>\n\t\t\t\t\t<\/div>\n\t\t\t\t<\/div>\n\t\t\t\t<\/div>\n\t\t","protected":false},"excerpt":{"rendered":"<p>T&#8217;ajudem en el que necessitis Vols rodar a Palma? Palma \u00e9s un regal per als sentits&#8230;i aix\u00f2 traspassa pantalles. Ja sigui per rodar un reportatge sobre la ciutat o per [&hellip;]<\/p>\n","protected":false},"author":4,"featured_media":5133,"parent":0,"menu_order":0,"comment_status":"closed","ping_status":"closed","template":"","meta":{"_monsterinsights_skip_tracking":false,"_monsterinsights_sitenote_active":false,"_monsterinsights_sitenote_note":"","_monsterinsights_sitenote_category":0,"footnotes":""},"class_list":["post-7722","page","type-page","status-publish","has-post-thumbnail","hentry"],"yoast_head":"<!-- This site is optimized with the Yoast SEO plugin v27.4 - https:\/\/yoast.com\/product\/yoast-seo-wordpress\/ -->\n<title>Palma Press Media: sala premsa i banc imatges | Visit Palma<\/title>\n<meta name=\"description\" content=\"Consulta els recursos Press &amp; Media a Palma: suport per rodatges, notes de premsa, fotos professionals, logos i manuals de marca.\" \/>\n<meta name=\"robots\" content=\"index, follow, max-snippet:-1, max-image-preview:large, max-video-preview:-1\" \/>\n<link rel=\"canonical\" href=\"https:\/\/visitpalma.com\/ca\/press-media\/\" \/>\n<meta property=\"og:locale\" content=\"ca_ES\" \/>\n<meta property=\"og:type\" content=\"article\" \/>\n<meta property=\"og:title\" content=\"Palma Press Media: sala premsa i banc imatges | Visit Palma\" \/>\n<meta property=\"og:description\" content=\"Consulta els recursos Press &amp; Media a Palma: suport per rodatges, notes de premsa, fotos professionals, logos i manuals de marca.\" \/>\n<meta property=\"og:url\" content=\"https:\/\/visitpalma.com\/ca\/press-media\/\" \/>\n<meta property=\"og:site_name\" content=\"Visit Palma\" \/>\n<meta property=\"article:publisher\" content=\"https:\/\/www.facebook.com\/passionforpalma\" \/>\n<meta property=\"article:modified_time\" content=\"2025-07-08T18:47:39+00:00\" \/>\n<meta property=\"og:image\" content=\"https:\/\/visitpalma.com\/wp-content\/uploads\/2025\/06\/Manual-marca.jpg\" \/>\n\t<meta property=\"og:image:width\" content=\"800\" \/>\n\t<meta property=\"og:image:height\" content=\"533\" \/>\n\t<meta property=\"og:image:type\" content=\"image\/jpeg\" \/>\n<meta name=\"twitter:card\" content=\"summary_large_image\" \/>\n<meta name=\"twitter:site\" content=\"@passionforpalma\" \/>\n<meta name=\"twitter:label1\" content=\"Temps estimat de lectura\" \/>\n\t<meta name=\"twitter:data1\" content=\"2 minuts\" \/>\n<script type=\"application\/ld+json\" class=\"yoast-schema-graph\">{\"@context\":\"https:\\\/\\\/schema.org\",\"@graph\":[{\"@type\":\"WebPage\",\"@id\":\"https:\\\/\\\/visitpalma.com\\\/ca\\\/press-media\\\/\",\"url\":\"https:\\\/\\\/visitpalma.com\\\/ca\\\/press-media\\\/\",\"name\":\"Palma Press Media: sala premsa i banc imatges | Visit Palma\",\"isPartOf\":{\"@id\":\"https:\\\/\\\/visitpalma.com\\\/ca\\\/#website\"},\"primaryImageOfPage\":{\"@id\":\"https:\\\/\\\/visitpalma.com\\\/ca\\\/press-media\\\/#primaryimage\"},\"image\":{\"@id\":\"https:\\\/\\\/visitpalma.com\\\/ca\\\/press-media\\\/#primaryimage\"},\"thumbnailUrl\":\"https:\\\/\\\/visitpalma.com\\\/wp-content\\\/uploads\\\/2025\\\/06\\\/Manual-marca.jpg\",\"datePublished\":\"2025-06-17T18:31:22+00:00\",\"dateModified\":\"2025-07-08T18:47:39+00:00\",\"description\":\"Consulta els recursos Press & Media a Palma: suport per rodatges, notes de premsa, fotos professionals, logos i manuals de marca.\",\"breadcrumb\":{\"@id\":\"https:\\\/\\\/visitpalma.com\\\/ca\\\/press-media\\\/#breadcrumb\"},\"inLanguage\":\"ca\",\"potentialAction\":[{\"@type\":\"ReadAction\",\"target\":[\"https:\\\/\\\/visitpalma.com\\\/ca\\\/press-media\\\/\"]}]},{\"@type\":\"ImageObject\",\"inLanguage\":\"ca\",\"@id\":\"https:\\\/\\\/visitpalma.com\\\/ca\\\/press-media\\\/#primaryimage\",\"url\":\"https:\\\/\\\/visitpalma.com\\\/wp-content\\\/uploads\\\/2025\\\/06\\\/Manual-marca.jpg\",\"contentUrl\":\"https:\\\/\\\/visitpalma.com\\\/wp-content\\\/uploads\\\/2025\\\/06\\\/Manual-marca.jpg\",\"width\":800,\"height\":533,\"caption\":\"Manual de marca\"},{\"@type\":\"BreadcrumbList\",\"@id\":\"https:\\\/\\\/visitpalma.com\\\/ca\\\/press-media\\\/#breadcrumb\",\"itemListElement\":[{\"@type\":\"ListItem\",\"position\":1,\"name\":\"Inicio\",\"item\":\"https:\\\/\\\/visitpalma.com\\\/ca\\\/\"},{\"@type\":\"ListItem\",\"position\":2,\"name\":\"Press &amp; Media\"}]},{\"@type\":\"WebSite\",\"@id\":\"https:\\\/\\\/visitpalma.com\\\/ca\\\/#website\",\"url\":\"https:\\\/\\\/visitpalma.com\\\/ca\\\/\",\"name\":\"Visit Palma\",\"description\":\"\",\"publisher\":{\"@id\":\"https:\\\/\\\/visitpalma.com\\\/ca\\\/#organization\"},\"potentialAction\":[{\"@type\":\"SearchAction\",\"target\":{\"@type\":\"EntryPoint\",\"urlTemplate\":\"https:\\\/\\\/visitpalma.com\\\/ca\\\/?s={search_term_string}\"},\"query-input\":{\"@type\":\"PropertyValueSpecification\",\"valueRequired\":true,\"valueName\":\"search_term_string\"}}],\"inLanguage\":\"ca\"},{\"@type\":\"Organization\",\"@id\":\"https:\\\/\\\/visitpalma.com\\\/ca\\\/#organization\",\"name\":\"Fundaci\u00f3n Turismo Palma de Mallorca 365\",\"url\":\"https:\\\/\\\/visitpalma.com\\\/ca\\\/\",\"logo\":{\"@type\":\"ImageObject\",\"inLanguage\":\"ca\",\"@id\":\"https:\\\/\\\/visitpalma.com\\\/ca\\\/#\\\/schema\\\/logo\\\/image\\\/\",\"url\":\"https:\\\/\\\/visitpalma.com\\\/wp-content\\\/uploads\\\/2025\\\/05\\\/Logo-Passion-for-Palma-de-Mallorca.svg\",\"contentUrl\":\"https:\\\/\\\/visitpalma.com\\\/wp-content\\\/uploads\\\/2025\\\/05\\\/Logo-Passion-for-Palma-de-Mallorca.svg\",\"width\":377,\"height\":377,\"caption\":\"Fundaci\u00f3n Turismo Palma de Mallorca 365\"},\"image\":{\"@id\":\"https:\\\/\\\/visitpalma.com\\\/ca\\\/#\\\/schema\\\/logo\\\/image\\\/\"},\"sameAs\":[\"https:\\\/\\\/www.facebook.com\\\/passionforpalma\",\"https:\\\/\\\/x.com\\\/passionforpalma\",\"https:\\\/\\\/www.instagram.com\\\/passionforpalma_\\\/\",\"https:\\\/\\\/www.youtube.com\\\/channel\\\/UCALF2N1FRnmAZYBttkQjedA\"]}]}<\/script>\n<!-- \/ Yoast SEO plugin. -->","yoast_head_json":{"title":"Palma Press Media: sala premsa i banc imatges | Visit Palma","description":"Consulta els recursos Press & Media a Palma: suport per rodatges, notes de premsa, fotos professionals, logos i manuals de marca.","robots":{"index":"index","follow":"follow","max-snippet":"max-snippet:-1","max-image-preview":"max-image-preview:large","max-video-preview":"max-video-preview:-1"},"canonical":"https:\/\/visitpalma.com\/ca\/press-media\/","og_locale":"ca_ES","og_type":"article","og_title":"Palma Press Media: sala premsa i banc imatges | Visit Palma","og_description":"Consulta els recursos Press & Media a Palma: suport per rodatges, notes de premsa, fotos professionals, logos i manuals de marca.","og_url":"https:\/\/visitpalma.com\/ca\/press-media\/","og_site_name":"Visit Palma","article_publisher":"https:\/\/www.facebook.com\/passionforpalma","article_modified_time":"2025-07-08T18:47:39+00:00","og_image":[{"width":800,"height":533,"url":"https:\/\/visitpalma.com\/wp-content\/uploads\/2025\/06\/Manual-marca.jpg","type":"image\/jpeg"}],"twitter_card":"summary_large_image","twitter_site":"@passionforpalma","twitter_misc":{"Temps estimat de lectura":"2 minuts"},"schema":{"@context":"https:\/\/schema.org","@graph":[{"@type":"WebPage","@id":"https:\/\/visitpalma.com\/ca\/press-media\/","url":"https:\/\/visitpalma.com\/ca\/press-media\/","name":"Palma Press Media: sala premsa i banc imatges | Visit Palma","isPartOf":{"@id":"https:\/\/visitpalma.com\/ca\/#website"},"primaryImageOfPage":{"@id":"https:\/\/visitpalma.com\/ca\/press-media\/#primaryimage"},"image":{"@id":"https:\/\/visitpalma.com\/ca\/press-media\/#primaryimage"},"thumbnailUrl":"https:\/\/visitpalma.com\/wp-content\/uploads\/2025\/06\/Manual-marca.jpg","datePublished":"2025-06-17T18:31:22+00:00","dateModified":"2025-07-08T18:47:39+00:00","description":"Consulta els recursos Press & Media a Palma: suport per rodatges, notes de premsa, fotos professionals, logos i manuals de marca.","breadcrumb":{"@id":"https:\/\/visitpalma.com\/ca\/press-media\/#breadcrumb"},"inLanguage":"ca","potentialAction":[{"@type":"ReadAction","target":["https:\/\/visitpalma.com\/ca\/press-media\/"]}]},{"@type":"ImageObject","inLanguage":"ca","@id":"https:\/\/visitpalma.com\/ca\/press-media\/#primaryimage","url":"https:\/\/visitpalma.com\/wp-content\/uploads\/2025\/06\/Manual-marca.jpg","contentUrl":"https:\/\/visitpalma.com\/wp-content\/uploads\/2025\/06\/Manual-marca.jpg","width":800,"height":533,"caption":"Manual de marca"},{"@type":"BreadcrumbList","@id":"https:\/\/visitpalma.com\/ca\/press-media\/#breadcrumb","itemListElement":[{"@type":"ListItem","position":1,"name":"Inicio","item":"https:\/\/visitpalma.com\/ca\/"},{"@type":"ListItem","position":2,"name":"Press &amp; Media"}]},{"@type":"WebSite","@id":"https:\/\/visitpalma.com\/ca\/#website","url":"https:\/\/visitpalma.com\/ca\/","name":"Visit Palma","description":"","publisher":{"@id":"https:\/\/visitpalma.com\/ca\/#organization"},"potentialAction":[{"@type":"SearchAction","target":{"@type":"EntryPoint","urlTemplate":"https:\/\/visitpalma.com\/ca\/?s={search_term_string}"},"query-input":{"@type":"PropertyValueSpecification","valueRequired":true,"valueName":"search_term_string"}}],"inLanguage":"ca"},{"@type":"Organization","@id":"https:\/\/visitpalma.com\/ca\/#organization","name":"Fundaci\u00f3n Turismo Palma de Mallorca 365","url":"https:\/\/visitpalma.com\/ca\/","logo":{"@type":"ImageObject","inLanguage":"ca","@id":"https:\/\/visitpalma.com\/ca\/#\/schema\/logo\/image\/","url":"https:\/\/visitpalma.com\/wp-content\/uploads\/2025\/05\/Logo-Passion-for-Palma-de-Mallorca.svg","contentUrl":"https:\/\/visitpalma.com\/wp-content\/uploads\/2025\/05\/Logo-Passion-for-Palma-de-Mallorca.svg","width":377,"height":377,"caption":"Fundaci\u00f3n Turismo Palma de Mallorca 365"},"image":{"@id":"https:\/\/visitpalma.com\/ca\/#\/schema\/logo\/image\/"},"sameAs":["https:\/\/www.facebook.com\/passionforpalma","https:\/\/x.com\/passionforpalma","https:\/\/www.instagram.com\/passionforpalma_\/","https:\/\/www.youtube.com\/channel\/UCALF2N1FRnmAZYBttkQjedA"]}]}},"_links":{"self":[{"href":"https:\/\/visitpalma.com\/ca\/wp-json\/wp\/v2\/pages\/7722","targetHints":{"allow":["GET"]}}],"collection":[{"href":"https:\/\/visitpalma.com\/ca\/wp-json\/wp\/v2\/pages"}],"about":[{"href":"https:\/\/visitpalma.com\/ca\/wp-json\/wp\/v2\/types\/page"}],"author":[{"embeddable":true,"href":"https:\/\/visitpalma.com\/ca\/wp-json\/wp\/v2\/users\/4"}],"replies":[{"embeddable":true,"href":"https:\/\/visitpalma.com\/ca\/wp-json\/wp\/v2\/comments?post=7722"}],"version-history":[{"count":22,"href":"https:\/\/visitpalma.com\/ca\/wp-json\/wp\/v2\/pages\/7722\/revisions"}],"predecessor-version":[{"id":9052,"href":"https:\/\/visitpalma.com\/ca\/wp-json\/wp\/v2\/pages\/7722\/revisions\/9052"}],"wp:featuredmedia":[{"embeddable":true,"href":"https:\/\/visitpalma.com\/ca\/wp-json\/wp\/v2\/media\/5133"}],"wp:attachment":[{"href":"https:\/\/visitpalma.com\/ca\/wp-json\/wp\/v2\/media?parent=7722"}],"curies":[{"name":"wp","href":"https:\/\/api.w.org\/{rel}","templated":true}]}}