{"id":7704,"date":"2025-06-17T23:39:29","date_gmt":"2025-06-17T21:39:29","guid":{"rendered":"https:\/\/visitpalma.com\/formulari-contacte\/"},"modified":"2025-07-08T20:16:04","modified_gmt":"2025-07-08T18:16:04","slug":"contacte","status":"publish","type":"page","link":"https:\/\/visitpalma.com\/ca\/contacte\/","title":{"rendered":"Formulari Contacte"},"content":{"rendered":"\t\t<div data-elementor-type=\"wp-page\" data-elementor-id=\"7704\" class=\"elementor elementor-7704 elementor-5396\" data-elementor-post-type=\"page\">\n\t\t\t\t<div class=\"elementor-element elementor-element-0a02ff4 e-flex e-con-boxed e-con e-parent\" data-id=\"0a02ff4\" data-element_type=\"container\" data-e-type=\"container\" id=\"paginaestatica\">\n\t\t\t\t\t<div class=\"e-con-inner\">\n\t\t\t\t<div class=\"elementor-element elementor-element-6d90b138 elementor-widget elementor-widget-text-editor\" data-id=\"6d90b138\" data-element_type=\"widget\" data-e-type=\"widget\" data-settings=\"{&quot;wdt_animation_effect&quot;:&quot;none&quot;}\" data-widget_type=\"text-editor.default\">\n\t\t\t\t<div class=\"elementor-widget-container\">\n\t\t\t\t\t\t\t\t\t<p><strong>Benvingut a l&#8217;apartat de consultes de Visitpalma.com. Pots sol\u00b7licitar des d&#8217;aqu\u00ed la informaci\u00f3 que necessites. <\/strong><\/p>\t\t\t\t\t\t\t\t<\/div>\n\t\t\t\t<\/div>\n\t\t\t\t<div class=\"elementor-element elementor-element-5f92db7 elementor-widget elementor-widget-text-editor\" data-id=\"5f92db7\" data-element_type=\"widget\" data-e-type=\"widget\" id=\"formulario\" data-settings=\"{&quot;wdt_animation_effect&quot;:&quot;none&quot;}\" data-widget_type=\"text-editor.default\">\n\t\t\t\t<div class=\"elementor-widget-container\">\n\t\t\t\t\t\t\t\t\t<p><p class=\"wpcf7-contact-form-not-found\"><strong>Error:<\/strong> No s&#039;ha trobat el formulari de contacte.<\/p><\/p>\t\t\t\t\t\t\t\t<\/div>\n\t\t\t\t<\/div>\n\t\t\t\t\t<\/div>\n\t\t\t\t<\/div>\n\t\t\t\t<\/div>\n\t\t","protected":false},"excerpt":{"rendered":"<p>Benvingut a l&#8217;apartat de consultes de Visitpalma.com. Pots sol\u00b7licitar des d&#8217;aqu\u00ed la informaci\u00f3 que necessites.<\/p>\n","protected":false},"author":4,"featured_media":0,"parent":0,"menu_order":0,"comment_status":"closed","ping_status":"closed","template":"","meta":{"_monsterinsights_skip_tracking":false,"_monsterinsights_sitenote_active":false,"_monsterinsights_sitenote_note":"","_monsterinsights_sitenote_category":0,"footnotes":""},"class_list":["post-7704","page","type-page","status-publish","hentry"],"yoast_head":"<!-- This site is optimized with the Yoast SEO plugin v27.3 - https:\/\/yoast.com\/product\/yoast-seo-wordpress\/ -->\n<title>Contacte Visit\u202fPalma \u2013 dubtes i suggeriments<\/title>\n<meta name=\"description\" content=\"Contacta amb Visit\u202fPalma per obtenir informaci\u00f3 tur\u00edstica, resoldre dubtes o enviar suggeriments. Atenci\u00f3 r\u00e0pida des del nostre equip local.\" \/>\n<meta name=\"robots\" content=\"index, follow, max-snippet:-1, max-image-preview:large, max-video-preview:-1\" \/>\n<link rel=\"canonical\" href=\"https:\/\/visitpalma.com\/ca\/contacte\/\" \/>\n<meta property=\"og:locale\" content=\"ca_ES\" \/>\n<meta property=\"og:type\" content=\"article\" \/>\n<meta property=\"og:title\" content=\"Contacte Visit\u202fPalma \u2013 dubtes i suggeriments\" \/>\n<meta property=\"og:description\" content=\"Contacta amb Visit\u202fPalma per obtenir informaci\u00f3 tur\u00edstica, resoldre dubtes o enviar suggeriments. Atenci\u00f3 r\u00e0pida des del nostre equip local.\" \/>\n<meta property=\"og:url\" content=\"https:\/\/visitpalma.com\/ca\/contacte\/\" \/>\n<meta property=\"og:site_name\" content=\"Visit Palma\" \/>\n<meta property=\"article:publisher\" content=\"https:\/\/www.facebook.com\/passionforpalma\" \/>\n<meta property=\"article:modified_time\" content=\"2025-07-08T18:16:04+00:00\" \/>\n<meta name=\"twitter:card\" content=\"summary_large_image\" \/>\n<meta name=\"twitter:site\" content=\"@passionforpalma\" \/>\n<meta name=\"twitter:label1\" content=\"Temps estimat de lectura\" \/>\n\t<meta name=\"twitter:data1\" content=\"1 minut\" \/>\n<script type=\"application\/ld+json\" class=\"yoast-schema-graph\">{\"@context\":\"https:\\\/\\\/schema.org\",\"@graph\":[{\"@type\":\"WebPage\",\"@id\":\"https:\\\/\\\/visitpalma.com\\\/ca\\\/contacte\\\/\",\"url\":\"https:\\\/\\\/visitpalma.com\\\/ca\\\/contacte\\\/\",\"name\":\"Contacte Visit\u202fPalma \u2013 dubtes i suggeriments\",\"isPartOf\":{\"@id\":\"https:\\\/\\\/visitpalma.com\\\/ca\\\/#website\"},\"datePublished\":\"2025-06-17T21:39:29+00:00\",\"dateModified\":\"2025-07-08T18:16:04+00:00\",\"description\":\"Contacta amb Visit\u202fPalma per obtenir informaci\u00f3 tur\u00edstica, resoldre dubtes o enviar suggeriments. Atenci\u00f3 r\u00e0pida des del nostre equip local.\",\"breadcrumb\":{\"@id\":\"https:\\\/\\\/visitpalma.com\\\/ca\\\/contacte\\\/#breadcrumb\"},\"inLanguage\":\"ca\",\"potentialAction\":[{\"@type\":\"ReadAction\",\"target\":[\"https:\\\/\\\/visitpalma.com\\\/ca\\\/contacte\\\/\"]}]},{\"@type\":\"BreadcrumbList\",\"@id\":\"https:\\\/\\\/visitpalma.com\\\/ca\\\/contacte\\\/#breadcrumb\",\"itemListElement\":[{\"@type\":\"ListItem\",\"position\":1,\"name\":\"Inicio\",\"item\":\"https:\\\/\\\/visitpalma.com\\\/ca\\\/\"},{\"@type\":\"ListItem\",\"position\":2,\"name\":\"Formulari Contacte\"}]},{\"@type\":\"WebSite\",\"@id\":\"https:\\\/\\\/visitpalma.com\\\/ca\\\/#website\",\"url\":\"https:\\\/\\\/visitpalma.com\\\/ca\\\/\",\"name\":\"Visit Palma\",\"description\":\"\",\"publisher\":{\"@id\":\"https:\\\/\\\/visitpalma.com\\\/ca\\\/#organization\"},\"potentialAction\":[{\"@type\":\"SearchAction\",\"target\":{\"@type\":\"EntryPoint\",\"urlTemplate\":\"https:\\\/\\\/visitpalma.com\\\/ca\\\/?s={search_term_string}\"},\"query-input\":{\"@type\":\"PropertyValueSpecification\",\"valueRequired\":true,\"valueName\":\"search_term_string\"}}],\"inLanguage\":\"ca\"},{\"@type\":\"Organization\",\"@id\":\"https:\\\/\\\/visitpalma.com\\\/ca\\\/#organization\",\"name\":\"Fundaci\u00f3n Turismo Palma de Mallorca 365\",\"url\":\"https:\\\/\\\/visitpalma.com\\\/ca\\\/\",\"logo\":{\"@type\":\"ImageObject\",\"inLanguage\":\"ca\",\"@id\":\"https:\\\/\\\/visitpalma.com\\\/ca\\\/#\\\/schema\\\/logo\\\/image\\\/\",\"url\":\"https:\\\/\\\/visitpalma.com\\\/wp-content\\\/uploads\\\/2025\\\/05\\\/Logo-Passion-for-Palma-de-Mallorca.svg\",\"contentUrl\":\"https:\\\/\\\/visitpalma.com\\\/wp-content\\\/uploads\\\/2025\\\/05\\\/Logo-Passion-for-Palma-de-Mallorca.svg\",\"width\":377,\"height\":377,\"caption\":\"Fundaci\u00f3n Turismo Palma de Mallorca 365\"},\"image\":{\"@id\":\"https:\\\/\\\/visitpalma.com\\\/ca\\\/#\\\/schema\\\/logo\\\/image\\\/\"},\"sameAs\":[\"https:\\\/\\\/www.facebook.com\\\/passionforpalma\",\"https:\\\/\\\/x.com\\\/passionforpalma\",\"https:\\\/\\\/www.instagram.com\\\/passionforpalma_\\\/\",\"https:\\\/\\\/www.youtube.com\\\/channel\\\/UCALF2N1FRnmAZYBttkQjedA\"]}]}<\/script>\n<!-- \/ Yoast SEO plugin. -->","yoast_head_json":{"title":"Contacte Visit\u202fPalma \u2013 dubtes i suggeriments","description":"Contacta amb Visit\u202fPalma per obtenir informaci\u00f3 tur\u00edstica, resoldre dubtes o enviar suggeriments. Atenci\u00f3 r\u00e0pida des del nostre equip local.","robots":{"index":"index","follow":"follow","max-snippet":"max-snippet:-1","max-image-preview":"max-image-preview:large","max-video-preview":"max-video-preview:-1"},"canonical":"https:\/\/visitpalma.com\/ca\/contacte\/","og_locale":"ca_ES","og_type":"article","og_title":"Contacte Visit\u202fPalma \u2013 dubtes i suggeriments","og_description":"Contacta amb Visit\u202fPalma per obtenir informaci\u00f3 tur\u00edstica, resoldre dubtes o enviar suggeriments. Atenci\u00f3 r\u00e0pida des del nostre equip local.","og_url":"https:\/\/visitpalma.com\/ca\/contacte\/","og_site_name":"Visit Palma","article_publisher":"https:\/\/www.facebook.com\/passionforpalma","article_modified_time":"2025-07-08T18:16:04+00:00","twitter_card":"summary_large_image","twitter_site":"@passionforpalma","twitter_misc":{"Temps estimat de lectura":"1 minut"},"schema":{"@context":"https:\/\/schema.org","@graph":[{"@type":"WebPage","@id":"https:\/\/visitpalma.com\/ca\/contacte\/","url":"https:\/\/visitpalma.com\/ca\/contacte\/","name":"Contacte Visit\u202fPalma \u2013 dubtes i suggeriments","isPartOf":{"@id":"https:\/\/visitpalma.com\/ca\/#website"},"datePublished":"2025-06-17T21:39:29+00:00","dateModified":"2025-07-08T18:16:04+00:00","description":"Contacta amb Visit\u202fPalma per obtenir informaci\u00f3 tur\u00edstica, resoldre dubtes o enviar suggeriments. Atenci\u00f3 r\u00e0pida des del nostre equip local.","breadcrumb":{"@id":"https:\/\/visitpalma.com\/ca\/contacte\/#breadcrumb"},"inLanguage":"ca","potentialAction":[{"@type":"ReadAction","target":["https:\/\/visitpalma.com\/ca\/contacte\/"]}]},{"@type":"BreadcrumbList","@id":"https:\/\/visitpalma.com\/ca\/contacte\/#breadcrumb","itemListElement":[{"@type":"ListItem","position":1,"name":"Inicio","item":"https:\/\/visitpalma.com\/ca\/"},{"@type":"ListItem","position":2,"name":"Formulari Contacte"}]},{"@type":"WebSite","@id":"https:\/\/visitpalma.com\/ca\/#website","url":"https:\/\/visitpalma.com\/ca\/","name":"Visit Palma","description":"","publisher":{"@id":"https:\/\/visitpalma.com\/ca\/#organization"},"potentialAction":[{"@type":"SearchAction","target":{"@type":"EntryPoint","urlTemplate":"https:\/\/visitpalma.com\/ca\/?s={search_term_string}"},"query-input":{"@type":"PropertyValueSpecification","valueRequired":true,"valueName":"search_term_string"}}],"inLanguage":"ca"},{"@type":"Organization","@id":"https:\/\/visitpalma.com\/ca\/#organization","name":"Fundaci\u00f3n Turismo Palma de Mallorca 365","url":"https:\/\/visitpalma.com\/ca\/","logo":{"@type":"ImageObject","inLanguage":"ca","@id":"https:\/\/visitpalma.com\/ca\/#\/schema\/logo\/image\/","url":"https:\/\/visitpalma.com\/wp-content\/uploads\/2025\/05\/Logo-Passion-for-Palma-de-Mallorca.svg","contentUrl":"https:\/\/visitpalma.com\/wp-content\/uploads\/2025\/05\/Logo-Passion-for-Palma-de-Mallorca.svg","width":377,"height":377,"caption":"Fundaci\u00f3n Turismo Palma de Mallorca 365"},"image":{"@id":"https:\/\/visitpalma.com\/ca\/#\/schema\/logo\/image\/"},"sameAs":["https:\/\/www.facebook.com\/passionforpalma","https:\/\/x.com\/passionforpalma","https:\/\/www.instagram.com\/passionforpalma_\/","https:\/\/www.youtube.com\/channel\/UCALF2N1FRnmAZYBttkQjedA"]}]}},"_links":{"self":[{"href":"https:\/\/visitpalma.com\/ca\/wp-json\/wp\/v2\/pages\/7704","targetHints":{"allow":["GET"]}}],"collection":[{"href":"https:\/\/visitpalma.com\/ca\/wp-json\/wp\/v2\/pages"}],"about":[{"href":"https:\/\/visitpalma.com\/ca\/wp-json\/wp\/v2\/types\/page"}],"author":[{"embeddable":true,"href":"https:\/\/visitpalma.com\/ca\/wp-json\/wp\/v2\/users\/4"}],"replies":[{"embeddable":true,"href":"https:\/\/visitpalma.com\/ca\/wp-json\/wp\/v2\/comments?post=7704"}],"version-history":[{"count":7,"href":"https:\/\/visitpalma.com\/ca\/wp-json\/wp\/v2\/pages\/7704\/revisions"}],"predecessor-version":[{"id":13458,"href":"https:\/\/visitpalma.com\/ca\/wp-json\/wp\/v2\/pages\/7704\/revisions\/13458"}],"wp:attachment":[{"href":"https:\/\/visitpalma.com\/ca\/wp-json\/wp\/v2\/media?parent=7704"}],"curies":[{"name":"wp","href":"https:\/\/api.w.org\/{rel}","templated":true}]}}