{"id":16271,"date":"2025-09-10T18:41:13","date_gmt":"2025-09-10T16:41:13","guid":{"rendered":"https:\/\/visitpalma.com\/?page_id=16271"},"modified":"2025-09-28T18:34:04","modified_gmt":"2025-09-28T16:34:04","slug":"eclipsi-solar-palma","status":"publish","type":"page","link":"https:\/\/visitpalma.com\/ca\/eclipsi-solar-palma\/","title":{"rendered":"Eclipsi solar 2026"},"content":{"rendered":"\t\t<div data-elementor-type=\"wp-page\" data-elementor-id=\"16271\" class=\"elementor elementor-16271 elementor-16270\" data-elementor-post-type=\"page\">\n\t\t\t\t<div class=\"elementor-element elementor-element-9e62c2e e-flex e-con-boxed e-con e-parent\" data-id=\"9e62c2e\" data-element_type=\"container\" data-e-type=\"container\">\n\t\t\t\t\t<div class=\"e-con-inner\">\n\t\t\t\t\t<\/div>\n\t\t\t\t<\/div>\n\t\t<div class=\"elementor-element elementor-element-75aeabd e-flex e-con-boxed e-con e-parent\" data-id=\"75aeabd\" data-element_type=\"container\" data-e-type=\"container\">\n\t\t\t\t\t<div class=\"e-con-inner\">\n\t\t<div class=\"elementor-element elementor-element-654a0d1 e-con-full e-flex e-con e-child\" data-id=\"654a0d1\" data-element_type=\"container\" data-e-type=\"container\">\n\t\t\t\t<div class=\"elementor-element elementor-element-d84e4fd elementor-widget elementor-widget-text-editor\" data-id=\"d84e4fd\" data-element_type=\"widget\" data-e-type=\"widget\" data-settings=\"{&quot;wdt_animation_effect&quot;:&quot;none&quot;}\" data-widget_type=\"text-editor.default\">\n\t\t\t\t<div class=\"elementor-widget-container\">\n\t\t\t\t\t\t\t\t\t<h2>Palma es prepara per a l\u2019espectacular eclipsi solar total del 12 d\u2019agost de 2026<\/h2><p>El <strong>12 d\u2019agost de 2026<\/strong>, Palma ser\u00e0 testimoni d\u2019un dels grans espectacles naturals: un <strong>eclipsi solar total<\/strong>. La Lluna s\u2019alinear\u00e0 amb el Sol, enfosquint la ciutat durant aproximadament <strong>1 minut i 36 segons<\/strong>, a partir de les <strong>20.31 CEST<\/strong>, quan l\u2019astre ja ser\u00e0 baix a l\u2019horitz\u00f3.<br \/>L\u2019esdeveniment est\u00e0 generant gran expectaci\u00f3 cient\u00edfica i tur\u00edstica.<\/p><p>Segons <strong><a href=\"https:\/\/www.nationaleclipse.com\/\">NationalEclipse<\/a><\/strong>, la traject\u00f2ria de la totalitat creuar\u00e0 pel sud de Mallorca, cosa que situa la capital balear en una bona posici\u00f3 per gaudir d\u2019aquest fenomen. Ser\u00e0 el <strong>primer eclipsi total visible a Espanya des de 1905<\/strong>, i recorrer\u00e0 el pa\u00eds d\u2019oest a est abans de desapar\u00e8ixer al Mediterrani.<\/p><p>Els experts recorden la import\u00e0ncia de la <strong>protecci\u00f3 ocular<\/strong>, amb ulleres homologades per observar les fases parcials, ja que nom\u00e9s durant la totalitat \u00e9s segur mirar directament el Sol. La <strong>Fundaci\u00f3 d\u2019Astronomia i Astron\u00e0utica de Mallorca<\/strong> ha advertit que ser\u00e0 essencial comptar amb una distribuci\u00f3 massiva d\u2019ulleres solars, recomanant un m\u00ednim de 100.000 unitats per cobrir la demanda ciutadana i tur\u00edstica (font: <a href=\"https:\/\/amp.ultimahora.es\/noticias\/local\/2025\/08\/10\/2446603\/fundacio-astronomia-astronautica-mallorca-recomienda-distribuir-minimo-100000-gafas.html\">\u00daltima Hora<\/a>). Tamb\u00e9 es recorda que no serveixen les ulleres de sol convencionals, ni radiografies, ni filtres improvisats, ja que no protegeixen de la radiaci\u00f3 solar i poden provocar danys irreversibles a la vista.<\/p><p>A m\u00e9s, <strong>no totes les zones de Mallorca viuran l\u2019eclipsi de la mateixa manera<\/strong>. Segons un mapa de visibilitat elaborat per la Fundaci\u00f3 d\u2019Astronomia de Mallorca (<a href=\"https:\/\/www.ultimahora.es\/noticias\/local\/2025\/08\/19\/2452383\/fundacio-astronomia-mallorca-elabora-mapa-visibilidad-del-eclipse.html\">font<\/a>), hi haur\u00e0 difer\u00e8ncies notables entre la costa nord i la sud: al nord la franja de totalitat ser\u00e0 m\u00e9s curta i propera a l\u2019horitz\u00f3, mentre que al sud i sud-est de l\u2019illa es gaudir\u00e0 d\u2019una visi\u00f3 m\u00e9s completa i prolongada. Aquest detall converteix Palma i la seva badia en un bon enclavament per observar-la. Especialment bones seran les zones a m\u00e9s altitud, com Bellver, i les zones amb una \u00e0mplia visibilitat, com el passeig mar\u00edtim o el Dic de l\u2019Oest.<\/p><p>Amb un capvespre d\u2019estiu i la Mediterr\u00e0nia com a escenari, Palma viur\u00e0 el 2026 un moment hist\u00f2ric que unir\u00e0 ci\u00e8ncia, natura i emoci\u00f3 col\u00b7lectiva.<\/p>\t\t\t\t\t\t\t\t<\/div>\n\t\t\t\t<\/div>\n\t\t\t\t<\/div>\n\t\t\t\t\t<\/div>\n\t\t\t\t<\/div>\n\t\t<div class=\"elementor-element elementor-element-44fa232 e-flex e-con-boxed e-con e-parent\" data-id=\"44fa232\" data-element_type=\"container\" data-e-type=\"container\">\n\t\t\t\t\t<div class=\"e-con-inner\">\n\t\t<div class=\"elementor-element elementor-element-d1f2d38 e-con-full e-flex e-con e-child\" data-id=\"d1f2d38\" data-element_type=\"container\" data-e-type=\"container\">\n\t\t\t\t<div class=\"elementor-element elementor-element-1d4f36d elementor-widget elementor-widget-text-editor\" data-id=\"1d4f36d\" data-element_type=\"widget\" data-e-type=\"widget\" data-settings=\"{&quot;wdt_animation_effect&quot;:&quot;none&quot;}\" data-widget_type=\"text-editor.default\">\n\t\t\t\t<div class=\"elementor-widget-container\">\n\t\t\t\t\t\t\t\t\t<h2>Com i on veure l&#8217;eclipsi a Palma?<\/h2>\t\t\t\t\t\t\t\t<\/div>\n\t\t\t\t<\/div>\n\t\t\t\t<div class=\"elementor-element elementor-element-0c1913a elementor-widget elementor-widget-text-editor\" data-id=\"0c1913a\" data-element_type=\"widget\" data-e-type=\"widget\" data-settings=\"{&quot;wdt_animation_effect&quot;:&quot;none&quot;}\" data-widget_type=\"text-editor.default\">\n\t\t\t\t<div class=\"elementor-widget-container\">\n\t\t\t\t\t\t\t\t\t<p><span class=\"HwtZe\" lang=\"ca\"><span class=\"jCAhz ChMk0b\"><span class=\"ryNqvb\">Mapa amb les zones de Mallorca on es veur\u00e0 millor l&#8217;eclipsi.<\/span><\/span> <span class=\"jCAhz ChMk0b\"><span class=\"ryNqvb\">Mapa realitzat per Estimat Carbonell Santos.<\/span><\/span> <span class=\"jCAhz ChMk0b\"><span class=\"ryNqvb\">Astr\u00f2nom de la <a href=\"https:\/\/www.fiaamallorca.com\/\"><strong>FIAAM<\/strong><\/a>.<\/span><\/span><\/span><\/p>\t\t\t\t\t\t\t\t<\/div>\n\t\t\t\t<\/div>\n\t\t\t\t<\/div>\n\t\t\t\t\t<\/div>\n\t\t\t\t<\/div>\n\t\t<div class=\"elementor-element elementor-element-2ece567 e-flex e-con-boxed e-con e-parent\" data-id=\"2ece567\" data-element_type=\"container\" data-e-type=\"container\">\n\t\t\t\t\t<div class=\"e-con-inner\">\n\t\t\t\t<div class=\"elementor-element elementor-element-af69e8a elementor-widget elementor-widget-image\" data-id=\"af69e8a\" data-element_type=\"widget\" data-e-type=\"widget\" data-settings=\"{&quot;wdt_animation_effect&quot;:&quot;none&quot;}\" data-widget_type=\"image.default\">\n\t\t\t\t<div class=\"elementor-widget-container\">\n\t\t\t\t\t\t\t\t\t\t\t\t\t\t\t<img fetchpriority=\"high\" decoding=\"async\" width=\"886\" height=\"668\" src=\"https:\/\/visitpalma.com\/wp-content\/uploads\/2025\/09\/Donde-ver-eclipse-2026-Palma-Mallorca.jpg\" class=\"attachment-large size-large wp-image-16359\" alt=\"Donde ver eclipse 2026 Palma Mallorca\" srcset=\"https:\/\/visitpalma.com\/wp-content\/uploads\/2025\/09\/Donde-ver-eclipse-2026-Palma-Mallorca.jpg 886w, https:\/\/visitpalma.com\/wp-content\/uploads\/2025\/09\/Donde-ver-eclipse-2026-Palma-Mallorca-600x452.jpg 600w, https:\/\/visitpalma.com\/wp-content\/uploads\/2025\/09\/Donde-ver-eclipse-2026-Palma-Mallorca-320x240.jpg 320w, https:\/\/visitpalma.com\/wp-content\/uploads\/2025\/09\/Donde-ver-eclipse-2026-Palma-Mallorca-768x579.jpg 768w\" sizes=\"(max-width: 886px) 100vw, 886px\" \/>\t\t\t\t\t\t\t\t\t\t\t\t\t\t\t<\/div>\n\t\t\t\t<\/div>\n\t\t\t\t<div class=\"elementor-element elementor-element-5c549be elementor-widget elementor-widget-text-editor\" data-id=\"5c549be\" data-element_type=\"widget\" data-e-type=\"widget\" data-settings=\"{&quot;wdt_animation_effect&quot;:&quot;none&quot;}\" data-widget_type=\"text-editor.default\">\n\t\t\t\t<div class=\"elementor-widget-container\">\n\t\t\t\t\t\t\t\t\t<p><em>L\u2019eclipsi es podr\u00e0 veure a la ciutat de Palma en la seva major part, durant els 45 minuts del seu inici i evoluci\u00f3.<\/em><\/p>\n<p>Mapes de: <a href=\"http:\/\/nationaleclipse.com\/\">http:\/\/nationaleclipse.com\/<\/a><\/p>\t\t\t\t\t\t\t\t<\/div>\n\t\t\t\t<\/div>\n\t\t\t\t\t<\/div>\n\t\t\t\t<\/div>\n\t\t<div class=\"elementor-element elementor-element-bc93330 e-flex e-con-boxed e-con e-parent\" data-id=\"bc93330\" data-element_type=\"container\" data-e-type=\"container\">\n\t\t\t\t\t<div class=\"e-con-inner\">\n\t\t<div class=\"elementor-element elementor-element-aa48566 e-con-full e-flex e-con e-child\" data-id=\"aa48566\" data-element_type=\"container\" data-e-type=\"container\">\n\t\t\t\t<div class=\"elementor-element elementor-element-7335402 elementor-widget elementor-widget-image\" data-id=\"7335402\" data-element_type=\"widget\" data-e-type=\"widget\" data-settings=\"{&quot;wdt_animation_effect&quot;:&quot;none&quot;}\" data-widget_type=\"image.default\">\n\t\t\t\t<div class=\"elementor-widget-container\">\n\t\t\t\t\t\t\t\t\t\t\t\t\t\t\t\t<a href=\"https:\/\/visitpalma.com\/wp-content\/uploads\/2025\/09\/Trayectoria-eclipse-solar-2026.webp\" data-elementor-open-lightbox=\"yes\" data-elementor-lightbox-title=\"Trayectoria eclipse solar 2026\" data-e-action-hash=\"#elementor-action%3Aaction%3Dlightbox%26settings%3DeyJpZCI6MTYyOTIsInVybCI6Imh0dHBzOlwvXC92aXNpdHBhbG1hLmNvbVwvd3AtY29udGVudFwvdXBsb2Fkc1wvMjAyNVwvMDlcL1RyYXllY3RvcmlhLWVjbGlwc2Utc29sYXItMjAyNi53ZWJwIn0%3D\">\n\t\t\t\t\t\t\t<img decoding=\"async\" width=\"886\" height=\"558\" src=\"https:\/\/visitpalma.com\/wp-content\/uploads\/2025\/09\/Trayectoria-eclipse-solar-2026.webp\" class=\"attachment-large size-large wp-image-16292\" alt=\"Trayectoria eclipse solar 2026\" srcset=\"https:\/\/visitpalma.com\/wp-content\/uploads\/2025\/09\/Trayectoria-eclipse-solar-2026.webp 886w, https:\/\/visitpalma.com\/wp-content\/uploads\/2025\/09\/Trayectoria-eclipse-solar-2026-600x378.webp 600w, https:\/\/visitpalma.com\/wp-content\/uploads\/2025\/09\/Trayectoria-eclipse-solar-2026-768x484.webp 768w\" sizes=\"(max-width: 886px) 100vw, 886px\" \/>\t\t\t\t\t\t\t\t<\/a>\n\t\t\t\t\t\t\t\t\t\t\t\t\t\t\t<\/div>\n\t\t\t\t<\/div>\n\t\t\t\t<\/div>\n\t\t<div class=\"elementor-element elementor-element-0118e0c e-con-full e-flex e-con e-child\" data-id=\"0118e0c\" data-element_type=\"container\" data-e-type=\"container\">\n\t\t\t\t<div class=\"elementor-element elementor-element-8569b8a elementor-widget elementor-widget-image\" data-id=\"8569b8a\" data-element_type=\"widget\" data-e-type=\"widget\" data-settings=\"{&quot;wdt_animation_effect&quot;:&quot;none&quot;}\" data-widget_type=\"image.default\">\n\t\t\t\t<div class=\"elementor-widget-container\">\n\t\t\t\t\t\t\t\t\t\t\t\t\t\t\t\t<a href=\"https:\/\/visitpalma.com\/wp-content\/uploads\/2025\/09\/Trayectoria-eclipse-solar-2026-Palma.webp\" data-elementor-open-lightbox=\"yes\" data-elementor-lightbox-title=\"Trayectoria eclipse solar 2026 Palma\" data-e-action-hash=\"#elementor-action%3Aaction%3Dlightbox%26settings%3DeyJpZCI6MTYyODgsInVybCI6Imh0dHBzOlwvXC92aXNpdHBhbG1hLmNvbVwvd3AtY29udGVudFwvdXBsb2Fkc1wvMjAyNVwvMDlcL1RyYXllY3RvcmlhLWVjbGlwc2Utc29sYXItMjAyNi1QYWxtYS53ZWJwIn0%3D\">\n\t\t\t\t\t\t\t<img decoding=\"async\" width=\"886\" height=\"558\" src=\"https:\/\/visitpalma.com\/wp-content\/uploads\/2025\/09\/Trayectoria-eclipse-solar-2026-Palma.webp\" class=\"attachment-large size-large wp-image-16288\" alt=\"Trayectoria eclipse solar 2026 Palma\" srcset=\"https:\/\/visitpalma.com\/wp-content\/uploads\/2025\/09\/Trayectoria-eclipse-solar-2026-Palma.webp 886w, https:\/\/visitpalma.com\/wp-content\/uploads\/2025\/09\/Trayectoria-eclipse-solar-2026-Palma-600x378.webp 600w, https:\/\/visitpalma.com\/wp-content\/uploads\/2025\/09\/Trayectoria-eclipse-solar-2026-Palma-768x484.webp 768w\" sizes=\"(max-width: 886px) 100vw, 886px\" \/>\t\t\t\t\t\t\t\t<\/a>\n\t\t\t\t\t\t\t\t\t\t\t\t\t\t\t<\/div>\n\t\t\t\t<\/div>\n\t\t\t\t<\/div>\n\t\t<div class=\"elementor-element elementor-element-1d9c96e e-con-full e-flex e-con e-child\" data-id=\"1d9c96e\" data-element_type=\"container\" data-e-type=\"container\">\n\t\t\t\t<div class=\"elementor-element elementor-element-430786c elementor-widget elementor-widget-image\" data-id=\"430786c\" data-element_type=\"widget\" data-e-type=\"widget\" data-settings=\"{&quot;wdt_animation_effect&quot;:&quot;none&quot;}\" data-widget_type=\"image.default\">\n\t\t\t\t<div class=\"elementor-widget-container\">\n\t\t\t\t\t\t\t\t\t\t\t\t\t\t\t\t<a href=\"https:\/\/visitpalma.com\/wp-content\/uploads\/2025\/09\/Trayectoria-eclipse-2026.jpg\" data-elementor-open-lightbox=\"yes\" data-elementor-lightbox-title=\"Trayectoria eclipse 2026\" data-e-action-hash=\"#elementor-action%3Aaction%3Dlightbox%26settings%3DeyJpZCI6MTYzNTUsInVybCI6Imh0dHBzOlwvXC92aXNpdHBhbG1hLmNvbVwvd3AtY29udGVudFwvdXBsb2Fkc1wvMjAyNVwvMDlcL1RyYXllY3RvcmlhLWVjbGlwc2UtMjAyNi5qcGcifQ%3D%3D\">\n\t\t\t\t\t\t\t<img loading=\"lazy\" decoding=\"async\" width=\"886\" height=\"558\" src=\"https:\/\/visitpalma.com\/wp-content\/uploads\/2025\/09\/Trayectoria-eclipse-2026.jpg\" class=\"attachment-large size-large wp-image-16355\" alt=\"Trayectoria eclipse 2026\" srcset=\"https:\/\/visitpalma.com\/wp-content\/uploads\/2025\/09\/Trayectoria-eclipse-2026.jpg 886w, https:\/\/visitpalma.com\/wp-content\/uploads\/2025\/09\/Trayectoria-eclipse-2026-600x378.jpg 600w, https:\/\/visitpalma.com\/wp-content\/uploads\/2025\/09\/Trayectoria-eclipse-2026-768x484.jpg 768w\" sizes=\"(max-width: 886px) 100vw, 886px\" \/>\t\t\t\t\t\t\t\t<\/a>\n\t\t\t\t\t\t\t\t\t\t\t\t\t\t\t<\/div>\n\t\t\t\t<\/div>\n\t\t\t\t<\/div>\n\t\t\t\t\t<\/div>\n\t\t\t\t<\/div>\n\t\t\t\t<\/div>\n\t\t","protected":false},"excerpt":{"rendered":"<p>Palma es prepara per a l\u2019espectacular eclipsi solar total del 12 d\u2019agost de 2026 El 12 d\u2019agost de 2026, Palma ser\u00e0 testimoni d\u2019un dels grans espectacles naturals: un eclipsi solar [&hellip;]<\/p>\n","protected":false},"author":1,"featured_media":15964,"parent":0,"menu_order":0,"comment_status":"closed","ping_status":"closed","template":"elementor_header_footer","meta":{"_monsterinsights_skip_tracking":false,"_monsterinsights_sitenote_active":false,"_monsterinsights_sitenote_note":"","_monsterinsights_sitenote_category":0,"footnotes":""},"class_list":["post-16271","page","type-page","status-publish","has-post-thumbnail","hentry"],"yoast_head":"<!-- This site is optimized with the Yoast SEO plugin v27.3 - https:\/\/yoast.com\/product\/yoast-seo-wordpress\/ -->\n<title>On veure l&#039;Eclipse Solar a Palma el 12 d&#039;agost de 2026<\/title>\n<meta name=\"description\" content=\"Palma ser\u00e0 testimoni d&#039;un dels espectacles naturals m\u00e9s grans: un eclipsi solar total. La traject\u00f2ria de la totalitat creuar\u00e0 al sud de Mallorca\" \/>\n<meta name=\"robots\" content=\"index, follow, max-snippet:-1, max-image-preview:large, max-video-preview:-1\" \/>\n<link rel=\"canonical\" href=\"https:\/\/visitpalma.com\/ca\/eclipsi-solar-palma\/\" \/>\n<meta property=\"og:locale\" content=\"ca_ES\" \/>\n<meta property=\"og:type\" content=\"article\" \/>\n<meta property=\"og:title\" content=\"On veure l&#039;Eclipse Solar a Palma el 12 d&#039;agost de 2026\" \/>\n<meta property=\"og:description\" content=\"Palma ser\u00e0 testimoni d&#039;un dels espectacles naturals m\u00e9s grans: un eclipsi solar total. La traject\u00f2ria de la totalitat creuar\u00e0 al sud de Mallorca\" \/>\n<meta property=\"og:url\" content=\"https:\/\/visitpalma.com\/ca\/eclipsi-solar-palma\/\" \/>\n<meta property=\"og:site_name\" content=\"Visit Palma\" \/>\n<meta property=\"article:publisher\" content=\"https:\/\/www.facebook.com\/passionforpalma\" \/>\n<meta property=\"article:modified_time\" content=\"2025-09-28T16:34:04+00:00\" \/>\n<meta property=\"og:image\" content=\"https:\/\/visitpalma.com\/wp-content\/uploads\/2025\/09\/sun-solar-circle-corona-font-flare-597908-pxhere.com_.jpg\" \/>\n\t<meta property=\"og:image:width\" content=\"1920\" \/>\n\t<meta property=\"og:image:height\" content=\"1080\" \/>\n\t<meta property=\"og:image:type\" content=\"image\/jpeg\" \/>\n<meta name=\"twitter:card\" content=\"summary_large_image\" \/>\n<meta name=\"twitter:site\" content=\"@passionforpalma\" \/>\n<meta name=\"twitter:label1\" content=\"Temps estimat de lectura\" \/>\n\t<meta name=\"twitter:data1\" content=\"3 minuts\" \/>\n<script type=\"application\/ld+json\" class=\"yoast-schema-graph\">{\"@context\":\"https:\\\/\\\/schema.org\",\"@graph\":[{\"@type\":\"WebPage\",\"@id\":\"https:\\\/\\\/visitpalma.com\\\/ca\\\/eclipsi-solar-palma\\\/\",\"url\":\"https:\\\/\\\/visitpalma.com\\\/ca\\\/eclipsi-solar-palma\\\/\",\"name\":\"On veure l'Eclipse Solar a Palma el 12 d'agost de 2026\",\"isPartOf\":{\"@id\":\"https:\\\/\\\/visitpalma.com\\\/ca\\\/#website\"},\"primaryImageOfPage\":{\"@id\":\"https:\\\/\\\/visitpalma.com\\\/ca\\\/eclipsi-solar-palma\\\/#primaryimage\"},\"image\":{\"@id\":\"https:\\\/\\\/visitpalma.com\\\/ca\\\/eclipsi-solar-palma\\\/#primaryimage\"},\"thumbnailUrl\":\"https:\\\/\\\/visitpalma.com\\\/wp-content\\\/uploads\\\/2025\\\/09\\\/sun-solar-circle-corona-font-flare-597908-pxhere.com_.jpg\",\"datePublished\":\"2025-09-10T16:41:13+00:00\",\"dateModified\":\"2025-09-28T16:34:04+00:00\",\"description\":\"Palma ser\u00e0 testimoni d'un dels espectacles naturals m\u00e9s grans: un eclipsi solar total. La traject\u00f2ria de la totalitat creuar\u00e0 al sud de Mallorca\",\"breadcrumb\":{\"@id\":\"https:\\\/\\\/visitpalma.com\\\/ca\\\/eclipsi-solar-palma\\\/#breadcrumb\"},\"inLanguage\":\"ca\",\"potentialAction\":[{\"@type\":\"ReadAction\",\"target\":[\"https:\\\/\\\/visitpalma.com\\\/ca\\\/eclipsi-solar-palma\\\/\"]}]},{\"@type\":\"ImageObject\",\"inLanguage\":\"ca\",\"@id\":\"https:\\\/\\\/visitpalma.com\\\/ca\\\/eclipsi-solar-palma\\\/#primaryimage\",\"url\":\"https:\\\/\\\/visitpalma.com\\\/wp-content\\\/uploads\\\/2025\\\/09\\\/sun-solar-circle-corona-font-flare-597908-pxhere.com_.jpg\",\"contentUrl\":\"https:\\\/\\\/visitpalma.com\\\/wp-content\\\/uploads\\\/2025\\\/09\\\/sun-solar-circle-corona-font-flare-597908-pxhere.com_.jpg\",\"width\":1920,\"height\":1080,\"caption\":\"Eclipse solar Palma 2026\"},{\"@type\":\"BreadcrumbList\",\"@id\":\"https:\\\/\\\/visitpalma.com\\\/ca\\\/eclipsi-solar-palma\\\/#breadcrumb\",\"itemListElement\":[{\"@type\":\"ListItem\",\"position\":1,\"name\":\"Inicio\",\"item\":\"https:\\\/\\\/visitpalma.com\\\/ca\\\/\"},{\"@type\":\"ListItem\",\"position\":2,\"name\":\"Eclipsi solar 2026\"}]},{\"@type\":\"WebSite\",\"@id\":\"https:\\\/\\\/visitpalma.com\\\/ca\\\/#website\",\"url\":\"https:\\\/\\\/visitpalma.com\\\/ca\\\/\",\"name\":\"Visit Palma\",\"description\":\"\",\"publisher\":{\"@id\":\"https:\\\/\\\/visitpalma.com\\\/ca\\\/#organization\"},\"potentialAction\":[{\"@type\":\"SearchAction\",\"target\":{\"@type\":\"EntryPoint\",\"urlTemplate\":\"https:\\\/\\\/visitpalma.com\\\/ca\\\/?s={search_term_string}\"},\"query-input\":{\"@type\":\"PropertyValueSpecification\",\"valueRequired\":true,\"valueName\":\"search_term_string\"}}],\"inLanguage\":\"ca\"},{\"@type\":\"Organization\",\"@id\":\"https:\\\/\\\/visitpalma.com\\\/ca\\\/#organization\",\"name\":\"Fundaci\u00f3n Turismo Palma de Mallorca 365\",\"url\":\"https:\\\/\\\/visitpalma.com\\\/ca\\\/\",\"logo\":{\"@type\":\"ImageObject\",\"inLanguage\":\"ca\",\"@id\":\"https:\\\/\\\/visitpalma.com\\\/ca\\\/#\\\/schema\\\/logo\\\/image\\\/\",\"url\":\"https:\\\/\\\/visitpalma.com\\\/wp-content\\\/uploads\\\/2025\\\/05\\\/Logo-Passion-for-Palma-de-Mallorca.svg\",\"contentUrl\":\"https:\\\/\\\/visitpalma.com\\\/wp-content\\\/uploads\\\/2025\\\/05\\\/Logo-Passion-for-Palma-de-Mallorca.svg\",\"width\":377,\"height\":377,\"caption\":\"Fundaci\u00f3n Turismo Palma de Mallorca 365\"},\"image\":{\"@id\":\"https:\\\/\\\/visitpalma.com\\\/ca\\\/#\\\/schema\\\/logo\\\/image\\\/\"},\"sameAs\":[\"https:\\\/\\\/www.facebook.com\\\/passionforpalma\",\"https:\\\/\\\/x.com\\\/passionforpalma\",\"https:\\\/\\\/www.instagram.com\\\/passionforpalma_\\\/\",\"https:\\\/\\\/www.youtube.com\\\/channel\\\/UCALF2N1FRnmAZYBttkQjedA\"]}]}<\/script>\n<!-- \/ Yoast SEO plugin. -->","yoast_head_json":{"title":"On veure l'Eclipse Solar a Palma el 12 d'agost de 2026","description":"Palma ser\u00e0 testimoni d'un dels espectacles naturals m\u00e9s grans: un eclipsi solar total. La traject\u00f2ria de la totalitat creuar\u00e0 al sud de Mallorca","robots":{"index":"index","follow":"follow","max-snippet":"max-snippet:-1","max-image-preview":"max-image-preview:large","max-video-preview":"max-video-preview:-1"},"canonical":"https:\/\/visitpalma.com\/ca\/eclipsi-solar-palma\/","og_locale":"ca_ES","og_type":"article","og_title":"On veure l'Eclipse Solar a Palma el 12 d'agost de 2026","og_description":"Palma ser\u00e0 testimoni d'un dels espectacles naturals m\u00e9s grans: un eclipsi solar total. La traject\u00f2ria de la totalitat creuar\u00e0 al sud de Mallorca","og_url":"https:\/\/visitpalma.com\/ca\/eclipsi-solar-palma\/","og_site_name":"Visit Palma","article_publisher":"https:\/\/www.facebook.com\/passionforpalma","article_modified_time":"2025-09-28T16:34:04+00:00","og_image":[{"width":1920,"height":1080,"url":"https:\/\/visitpalma.com\/wp-content\/uploads\/2025\/09\/sun-solar-circle-corona-font-flare-597908-pxhere.com_.jpg","type":"image\/jpeg"}],"twitter_card":"summary_large_image","twitter_site":"@passionforpalma","twitter_misc":{"Temps estimat de lectura":"3 minuts"},"schema":{"@context":"https:\/\/schema.org","@graph":[{"@type":"WebPage","@id":"https:\/\/visitpalma.com\/ca\/eclipsi-solar-palma\/","url":"https:\/\/visitpalma.com\/ca\/eclipsi-solar-palma\/","name":"On veure l'Eclipse Solar a Palma el 12 d'agost de 2026","isPartOf":{"@id":"https:\/\/visitpalma.com\/ca\/#website"},"primaryImageOfPage":{"@id":"https:\/\/visitpalma.com\/ca\/eclipsi-solar-palma\/#primaryimage"},"image":{"@id":"https:\/\/visitpalma.com\/ca\/eclipsi-solar-palma\/#primaryimage"},"thumbnailUrl":"https:\/\/visitpalma.com\/wp-content\/uploads\/2025\/09\/sun-solar-circle-corona-font-flare-597908-pxhere.com_.jpg","datePublished":"2025-09-10T16:41:13+00:00","dateModified":"2025-09-28T16:34:04+00:00","description":"Palma ser\u00e0 testimoni d'un dels espectacles naturals m\u00e9s grans: un eclipsi solar total. La traject\u00f2ria de la totalitat creuar\u00e0 al sud de Mallorca","breadcrumb":{"@id":"https:\/\/visitpalma.com\/ca\/eclipsi-solar-palma\/#breadcrumb"},"inLanguage":"ca","potentialAction":[{"@type":"ReadAction","target":["https:\/\/visitpalma.com\/ca\/eclipsi-solar-palma\/"]}]},{"@type":"ImageObject","inLanguage":"ca","@id":"https:\/\/visitpalma.com\/ca\/eclipsi-solar-palma\/#primaryimage","url":"https:\/\/visitpalma.com\/wp-content\/uploads\/2025\/09\/sun-solar-circle-corona-font-flare-597908-pxhere.com_.jpg","contentUrl":"https:\/\/visitpalma.com\/wp-content\/uploads\/2025\/09\/sun-solar-circle-corona-font-flare-597908-pxhere.com_.jpg","width":1920,"height":1080,"caption":"Eclipse solar Palma 2026"},{"@type":"BreadcrumbList","@id":"https:\/\/visitpalma.com\/ca\/eclipsi-solar-palma\/#breadcrumb","itemListElement":[{"@type":"ListItem","position":1,"name":"Inicio","item":"https:\/\/visitpalma.com\/ca\/"},{"@type":"ListItem","position":2,"name":"Eclipsi solar 2026"}]},{"@type":"WebSite","@id":"https:\/\/visitpalma.com\/ca\/#website","url":"https:\/\/visitpalma.com\/ca\/","name":"Visit Palma","description":"","publisher":{"@id":"https:\/\/visitpalma.com\/ca\/#organization"},"potentialAction":[{"@type":"SearchAction","target":{"@type":"EntryPoint","urlTemplate":"https:\/\/visitpalma.com\/ca\/?s={search_term_string}"},"query-input":{"@type":"PropertyValueSpecification","valueRequired":true,"valueName":"search_term_string"}}],"inLanguage":"ca"},{"@type":"Organization","@id":"https:\/\/visitpalma.com\/ca\/#organization","name":"Fundaci\u00f3n Turismo Palma de Mallorca 365","url":"https:\/\/visitpalma.com\/ca\/","logo":{"@type":"ImageObject","inLanguage":"ca","@id":"https:\/\/visitpalma.com\/ca\/#\/schema\/logo\/image\/","url":"https:\/\/visitpalma.com\/wp-content\/uploads\/2025\/05\/Logo-Passion-for-Palma-de-Mallorca.svg","contentUrl":"https:\/\/visitpalma.com\/wp-content\/uploads\/2025\/05\/Logo-Passion-for-Palma-de-Mallorca.svg","width":377,"height":377,"caption":"Fundaci\u00f3n Turismo Palma de Mallorca 365"},"image":{"@id":"https:\/\/visitpalma.com\/ca\/#\/schema\/logo\/image\/"},"sameAs":["https:\/\/www.facebook.com\/passionforpalma","https:\/\/x.com\/passionforpalma","https:\/\/www.instagram.com\/passionforpalma_\/","https:\/\/www.youtube.com\/channel\/UCALF2N1FRnmAZYBttkQjedA"]}]}},"_links":{"self":[{"href":"https:\/\/visitpalma.com\/ca\/wp-json\/wp\/v2\/pages\/16271","targetHints":{"allow":["GET"]}}],"collection":[{"href":"https:\/\/visitpalma.com\/ca\/wp-json\/wp\/v2\/pages"}],"about":[{"href":"https:\/\/visitpalma.com\/ca\/wp-json\/wp\/v2\/types\/page"}],"author":[{"embeddable":true,"href":"https:\/\/visitpalma.com\/ca\/wp-json\/wp\/v2\/users\/1"}],"replies":[{"embeddable":true,"href":"https:\/\/visitpalma.com\/ca\/wp-json\/wp\/v2\/comments?post=16271"}],"version-history":[{"count":18,"href":"https:\/\/visitpalma.com\/ca\/wp-json\/wp\/v2\/pages\/16271\/revisions"}],"predecessor-version":[{"id":16646,"href":"https:\/\/visitpalma.com\/ca\/wp-json\/wp\/v2\/pages\/16271\/revisions\/16646"}],"wp:featuredmedia":[{"embeddable":true,"href":"https:\/\/visitpalma.com\/ca\/wp-json\/wp\/v2\/media\/15964"}],"wp:attachment":[{"href":"https:\/\/visitpalma.com\/ca\/wp-json\/wp\/v2\/media?parent=16271"}],"curies":[{"name":"wp","href":"https:\/\/api.w.org\/{rel}","templated":true}]}}